{"id":5430,"date":"2026-02-02T11:32:34","date_gmt":"2026-02-02T03:32:34","guid":{"rendered":"https:\/\/www.susoneyewear.com\/?post_type=product&#038;p=5430"},"modified":"2026-02-02T11:37:22","modified_gmt":"2026-02-02T03:37:22","slug":"unisex-round-acetate-sunglasses-sn2056","status":"publish","type":"product","link":"https:\/\/www.susoneyewear.com\/pt\/unisex-round-acetate-sunglasses-sn2056\/","title":{"rendered":"Unisex Round Acetate Sunglasses[UNK]SN2056"},"content":{"rendered":"<h2><span style=\"font-family: georgia, palatino, serif;\">Product Highlights \u266b<\/span><\/h2>\n<ul>\n<li><span style=\"font-family: arial, helvetica, sans-serif;\"><strong><b> Marco de acetato ecol\u00f3gico\u00a0<\/b><\/strong><\/span><\/li>\n<li><span style=\"font-family: arial, helvetica, sans-serif;\">Uma grande variedade de estilo <strong><b>quadros e cores das lentes <\/b><\/strong>est\u00e3o dispon\u00edveis.<\/span><\/li>\n<li><span style=\"font-family: arial, helvetica, sans-serif;\">Alta defini\u00e7\u00e3o <strong><b>lentes polirizadas de Nylon <\/b><\/strong>protegem seus olhos ao ar livre.<\/span><\/li>\n<li><span style=\"font-family: arial, helvetica, sans-serif;\"><strong><b> Imagens de alta resolu\u00e7\u00e3o<\/b><\/strong> est\u00e3o dispon\u00edveis para marketing<strong><b>.<\/b><\/strong><\/span><\/li>\n<li><span style=\"font-family: arial, helvetica, sans-serif;\"><strong><b> Pequeno lote <\/b><\/strong>prototipo e servi\u00e7os de personaliza\u00e7\u00e3o est\u00e3o dispon\u00edveis a pedido<strong><b>.<\/b><\/strong><\/span><\/li>\n<\/ul>\n<h2><\/h2>\n<h2>Tamanho padr\u00e3o<\/h2>\n<p><img fetchpriority=\"high\" decoding=\"async\" class=\"size-full wp-image-5431 alignnone\" src=\"https:\/\/www.susoneyewear.com\/wp-content\/uploads\/2026\/02\/2056size.png\" alt=\"\" width=\"800\" height=\"800\" srcset=\"https:\/\/www.susoneyewear.com\/wp-content\/uploads\/2026\/02\/2056size.png 800w, https:\/\/www.susoneyewear.com\/wp-content\/uploads\/2026\/02\/2056size-300x300.png 300w, https:\/\/www.susoneyewear.com\/wp-content\/uploads\/2026\/02\/2056size-150x150.png 150w, https:\/\/www.susoneyewear.com\/wp-content\/uploads\/2026\/02\/2056size-768x768.png 768w, https:\/\/www.susoneyewear.com\/wp-content\/uploads\/2026\/02\/2056size-600x600.png 600w, https:\/\/www.susoneyewear.com\/wp-content\/uploads\/2026\/02\/2056size-100x100.png 100w, https:\/\/www.susoneyewear.com\/wp-content\/uploads\/2026\/02\/2056size-50x50.png 50w\" sizes=\"(max-width: 800px) 100vw, 800px\" \/><\/p>\n<p>&nbsp;<\/p>\n<h2>Materiales<\/h2>\n<p>Material de quadro: Aceto<br \/>\nMaterial do Templo: Aceto<br \/>\nMaterial de lente: lentes polirizadas de Nylon<br \/>\nTipo de ponta: ponta met\u00e1lica<\/p>\n<h2>Ordem m\u00ednima<\/h2>\n<p>Stoque pronto: 2pcs \/ Modelo<br \/>\nPersonalizar o logotipo: 20pcs \/ Modelo<br \/>\nNovo design ou ordem de produ\u00e7\u00e3o: 300pcs \/ Modelo,1-3 cores<\/p>\n<h2>Servi\u00e7os<\/h2>\n<p>Controlo da qualidade: 100% QC<br \/>\nLogo: Customize your brand&amp; Logo<\/p>\n<p><img decoding=\"async\" class=\"alignnone wp-image-5383 size-large\" src=\"https:\/\/www.susoneyewear.com\/wp-content\/uploads\/2026\/01\/OEM-ODM-SERVICE-1-1024x512.jpg\" alt=\"Fabrica OEM e ODM de roupas oculares\" width=\"800\" height=\"400\" srcset=\"\" sizes=\"(max-width: 800px) 100vw, 800px\" data-srcset=\"\" \/><br \/>\nOEM: Voc\u00ea projeta, n\u00f3s fabricamos<\/p>\n<p>ODM: N\u00f3s projetamos e fabricamos sua marca<\/p>\n<p>Paquete: Op bag padr\u00e3o &amp; Paquete personalizado<\/p>\n<p><img decoding=\"async\" class=\"alignnone wp-image-5385 size-large\" src=\"https:\/\/www.susoneyewear.com\/wp-content\/uploads\/2026\/01\/OEM-ODM-SERVICE-2-1024x1024.jpg\" alt=\"Fabrica OEM e ODM de roupas oculares\" width=\"800\" height=\"800\" srcset=\"\" sizes=\"(max-width: 800px) 100vw, 800px\" data-srcset=\"\" \/><\/p>\n<p><img loading=\"lazy\" decoding=\"async\" class=\"size-full wp-image-5290 alignnone\" src=\"https:\/\/www.susoneyewear.com\/wp-content\/uploads\/2026\/01\/custom-package.png\" alt=\"pacote personalizado\" width=\"818\" height=\"694\" srcset=\"https:\/\/www.susoneyewear.com\/wp-content\/uploads\/2026\/01\/custom-package.png 818w, https:\/\/www.susoneyewear.com\/wp-content\/uploads\/2026\/01\/custom-package-300x255.png 300w, https:\/\/www.susoneyewear.com\/wp-content\/uploads\/2026\/01\/custom-package-768x652.png 768w, https:\/\/www.susoneyewear.com\/wp-content\/uploads\/2026\/01\/custom-package-600x509.png 600w\" sizes=\"(max-width: 818px) 100vw, 818px\" \/><br \/>\nEnv\u00edo: Entregar ao destino de acordo com o cliente os requisitos<\/p>\n<p><img loading=\"lazy\" decoding=\"async\" class=\"size-full wp-image-5248 alignnone\" src=\"https:\/\/www.susoneyewear.com\/wp-content\/uploads\/2026\/01\/shipping.png\" alt=\"enviando para sua seguran\u00e7a de destino\" width=\"904\" height=\"711\" srcset=\"https:\/\/www.susoneyewear.com\/wp-content\/uploads\/2026\/01\/shipping.png 904w, https:\/\/www.susoneyewear.com\/wp-content\/uploads\/2026\/01\/shipping-300x236.png 300w, https:\/\/www.susoneyewear.com\/wp-content\/uploads\/2026\/01\/shipping-768x604.png 768w, https:\/\/www.susoneyewear.com\/wp-content\/uploads\/2026\/01\/shipping-600x472.png 600w\" sizes=\"(max-width: 904px) 100vw, 904px\" \/><\/p>\n<h3><span style=\"font-family: arial, helvetica, sans-serif;\">For\u00e7a Fabrical:<\/span><\/h3>\n<p>1. Temos nossa pr\u00f3pria f\u00e1brica de molde, nos permitindo produzir eficientemente e rapidamente <strong>moldes de alta qualidade<\/strong> e amostras de pr\u00e9-produ\u00e7\u00e3o.<br \/>\n2. Nossas linhas de produ\u00e7\u00e3o incluem<strong> moldura de inje\u00e7\u00e3o, moldura de inje\u00e7\u00e3o dupla, acetato e tit\u00e2nio,<\/strong> apoiando a produ\u00e7\u00e3o de roupa ocular feita de v\u00e1rios materiais.<br \/>\n3. N\u00f3s fornecemos servi\u00e7os de design e fabrica\u00e7\u00e3o personalizados para numerosas marcas internacionais, garantindo <strong>qualidade e entrega oportuna<\/strong>.<br \/>\n4. Temos um sistema rigoroso de gest\u00e3o da qualidade e temos v\u00e1rias certifica\u00e7\u00f5es, incluindo <strong>CE, FDA, UKCA e BSCI<\/strong>.<br \/>\n5. Seja um cliente de pequeno ou m\u00e9dio tamanho ou um grande cliente com experi\u00eancia, temos os recursos para lhe proporcionar <strong>produtos e servi\u00e7os econ\u00f4micos<\/strong>.<\/p>\n<p>&nbsp;<\/p>\n<p>&nbsp;<\/p>\n<h1><span style=\"color: #333399;\">Contacte-nos para o novo cat\u00e1logo de produtos ou fa\u00e7a seu design<\/span><\/h1>\n<p>&nbsp;<\/p>","protected":false},"excerpt":{"rendered":"<p>MOQ: 1-300 pcs, dependendo de seu requisito<\/p>\n<p>Servi\u00e7os de personaliza\u00e7\u00e3o: logo, embalagem, cor e moldes.<\/p>\n<p>Tempo de execu\u00e7\u00e3o da amostra: Logo de adi\u00e7\u00e3o de a\u00e7\u00f5es prontas: Cerca de 7 dias; produ\u00e7\u00e3o: 35dias<\/p>\n<p>Material: Aceto \/ TR90 \/ Metal Adjust\u00e1vel de acordo com os requisitos.<\/p>\n<p>Certifica\u00e7\u00f5es: CE \/ FDA \/ UKCA \/\uf769BSCI<\/p>","protected":false},"featured_media":5438,"comment_status":"closed","ping_status":"closed","template":"","meta":[],"product_brand":[],"product_cat":[88,73,72,77,55,78,56,96,79,67,66,57,84,58],"product_tag":[],"class_list":{"0":"post-5430","1":"product","2":"type-product","3":"status-publish","4":"has-post-thumbnail","6":"product_cat-acetate-frame","7":"product_cat-adult","8":"product_cat-age","9":"product_cat-elderly","10":"product_cat-gender","11":"product_cat-lens","12":"product_cat-men","13":"product_cat-round","14":"product_cat-shape","15":"product_cat-sunglasses","16":"product_cat-types","17":"product_cat-unisex","18":"product_cat-uv400","19":"product_cat-women","21":"first","22":"instock","23":"shipping-taxable","24":"purchasable","25":"product-type-simple"},"_links":{"self":[{"href":"https:\/\/www.susoneyewear.com\/pt\/wp-json\/wp\/v2\/product\/5430","targetHints":{"allow":["GET"]}}],"collection":[{"href":"https:\/\/www.susoneyewear.com\/pt\/wp-json\/wp\/v2\/product"}],"about":[{"href":"https:\/\/www.susoneyewear.com\/pt\/wp-json\/wp\/v2\/types\/product"}],"replies":[{"embeddable":true,"href":"https:\/\/www.susoneyewear.com\/pt\/wp-json\/wp\/v2\/comments?post=5430"}],"wp:featuredmedia":[{"embeddable":true,"href":"https:\/\/www.susoneyewear.com\/pt\/wp-json\/wp\/v2\/media\/5438"}],"wp:attachment":[{"href":"https:\/\/www.susoneyewear.com\/pt\/wp-json\/wp\/v2\/media?parent=5430"}],"wp:term":[{"taxonomy":"product_brand","embeddable":true,"href":"https:\/\/www.susoneyewear.com\/pt\/wp-json\/wp\/v2\/product_brand?post=5430"},{"taxonomy":"product_cat","embeddable":true,"href":"https:\/\/www.susoneyewear.com\/pt\/wp-json\/wp\/v2\/product_cat?post=5430"},{"taxonomy":"product_tag","embeddable":true,"href":"https:\/\/www.susoneyewear.com\/pt\/wp-json\/wp\/v2\/product_tag?post=5430"}],"curies":[{"name":"wp","href":"https:\/\/api.w.org\/{rel}","templated":true}]}}