{"id":5342,"date":"2026-01-27T14:17:03","date_gmt":"2026-01-27T06:17:03","guid":{"rendered":"https:\/\/www.susoneyewear.com\/?post_type=product&#038;p=5342"},"modified":"2026-01-28T09:39:53","modified_gmt":"2026-01-28T01:39:53","slug":"k11-kids-anti-blue-light-glasses-kids-customized-optical-frame","status":"publish","type":"product","link":"https:\/\/www.susoneyewear.com\/pt\/k11-kids-anti-blue-light-glasses-kids-customized-optical-frame\/","title":{"rendered":"K11 Crian\u00e7as \u00f3culos de luz antiazul, Crian\u00e7as quadro \u00f3ptico personalizado"},"content":{"rendered":"<h3><span style=\"font-family: arial, helvetica, sans-serif;\"><strong><b>Product Highlights \u266b<\/b><\/strong><\/span><\/h3>\n<ul>\n<li><span style=\"font-family: arial, helvetica, sans-serif;\"><strong><b> Pads de nariz de silicone substitu\u00edveis <\/b><\/strong>para uma adapta\u00e7\u00e3o leve e confort\u00e1vel que n\u00e3o a premer na ponte do nariz.<\/span><\/li>\n<li><span style=\"font-family: arial, helvetica, sans-serif;\"><strong><b> Forma\u00e7\u00e3o de inje\u00e7\u00e3o de duas cores<\/b><\/strong>com uma superf\u00edcie interior n\u00e3o deslizante e suave para uso confort\u00e1vel<strong><b>.<\/b><\/strong><\/span><\/li>\n<li><span style=\"font-family: arial, helvetica, sans-serif;\"><strong><b> lentes anti-azuis de alta defini\u00e7\u00e3o <\/b><\/strong>protegem seus olhos quando usam telefones m\u00f3veis, comprimidos e televisores; as lentes de receita tamb\u00e9m podem ser montadas.<\/span><\/li>\n<li><span style=\"font-family: arial, helvetica, sans-serif;\"><strong><b> Imagens de alta resolu\u00e7\u00e3o<\/b><\/strong> est\u00e3o dispon\u00edveis para marketing<strong><b>.<\/b><\/strong><\/span><\/li>\n<li><span style=\"font-family: arial, helvetica, sans-serif;\"><strong><b> Pequeno lote <\/b><\/strong>prototipo e servi\u00e7os de personaliza\u00e7\u00e3o est\u00e3o dispon\u00edveis a pedido<strong><b>.<\/b><\/strong><\/span><\/li>\n<\/ul>\n<p>&nbsp;<\/p>\n<h3><span style=\"font-family: arial, helvetica, sans-serif;\"><strong><b>Produto <\/b><\/strong><\/span><span style=\"font-family: arial, helvetica, sans-serif;\">Especifica\u00e7\u00f5es<\/span><\/h3>\n<p><img fetchpriority=\"high\" decoding=\"async\" class=\"alignleft size-full wp-image-5344\" src=\"https:\/\/www.susoneyewear.com\/wp-content\/uploads\/2026\/01\/8211-SIZE.png\" alt=\"\u00f3culos para crian\u00e7as\" width=\"800\" height=\"800\" srcset=\"https:\/\/www.susoneyewear.com\/wp-content\/uploads\/2026\/01\/8211-SIZE.png 800w, https:\/\/www.susoneyewear.com\/wp-content\/uploads\/2026\/01\/8211-SIZE-300x300.png 300w, https:\/\/www.susoneyewear.com\/wp-content\/uploads\/2026\/01\/8211-SIZE-150x150.png 150w, https:\/\/www.susoneyewear.com\/wp-content\/uploads\/2026\/01\/8211-SIZE-768x768.png 768w, https:\/\/www.susoneyewear.com\/wp-content\/uploads\/2026\/01\/8211-SIZE-600x600.png 600w, https:\/\/www.susoneyewear.com\/wp-content\/uploads\/2026\/01\/8211-SIZE-100x100.png 100w, https:\/\/www.susoneyewear.com\/wp-content\/uploads\/2026\/01\/8211-SIZE-50x50.png 50w\" sizes=\"(max-width: 800px) 100vw, 800px\" \/><\/p>\n<table style=\"border-collapse: collapse; width: 59.9117%; height: 233px;\">\n<tbody>\n<tr style=\"height: 17px;\">\n<td style=\"width: 15.6556%; height: 17px;\">Modelo N\u00ba:<\/td>\n<td style=\"width: 52.8247%; height: 17px;\">K11<\/td>\n<\/tr>\n<tr style=\"height: 24px;\">\n<td style=\"width: 15.6556%; height: 24px;\">Material de quadro:<\/td>\n<td style=\"width: 52.8247%; height: 24px;\">TR90<\/td>\n<\/tr>\n<tr style=\"height: 24px;\">\n<td style=\"width: 15.6556%; height: 24px;\">Material do Templo:<\/td>\n<td style=\"width: 52.8247%; height: 24px;\">TR90<\/td>\n<\/tr>\n<tr style=\"height: 24px;\">\n<td style=\"width: 15.6556%; height: 24px;\">Material de lente:<\/td>\n<td style=\"width: 52.8247%; height: 24px;\">2,0 PC<\/td>\n<\/tr>\n<tr style=\"height: 24px;\">\n<td style=\"width: 15.6556%; height: 24px;\">Caracter\u00edsticas das lentes:<\/td>\n<td style=\"width: 52.8247%; height: 24px;\">Luz antiazul\/ proteger os olhos<\/td>\n<\/tr>\n<tr style=\"height: 24px;\">\n<td style=\"width: 15.6556%; height: 24px;\">Cor:<\/td>\n<td style=\"width: 52.8247%; height: 24px;\">4 cores prontas ou personalizadas<\/td>\n<\/tr>\n<tr style=\"height: 24px;\">\n<td style=\"width: 15.6556%; height: 24px;\">Logo:<\/td>\n<td style=\"width: 52.8247%; height: 24px;\">Produtos prontos Sem logo, suporte Personalizado<\/td>\n<\/tr>\n<tr style=\"height: 24px;\">\n<td style=\"width: 15.6556%; height: 24px;\">Paquete:<\/td>\n<td style=\"width: 52.8247%; height: 24px;\">Comum 1pcs\/polisaco, suporte personalizado<\/td>\n<\/tr>\n<tr style=\"height: 24px;\">\n<td style=\"width: 15.6556%; height: 24px;\">MOQ:<\/td>\n<td style=\"width: 52.8247%; height: 24px;\">2pcs para a\u00e7\u00f5es, logotipo personalizado de a\u00e7\u00f5es prontas: 50pcs; OEM\/ODM:500pcs<\/td>\n<\/tr>\n<tr style=\"height: 24px;\">\n<td style=\"width: 15.6556%; height: 24px;\">Certifica\u00e7\u00f5es<\/td>\n<td style=\"width: 52.8247%; height: 24px;\">CE \/ FDA \/ UKCA \/ ISO9001<\/td>\n<\/tr>\n<\/tbody>\n<\/table>\n<p><strong><b>\u00a0<\/b><\/strong><\/p>\n<h3><span style=\"font-family: arial, helvetica, sans-serif;\">OEM\/ODM &amp; Servi\u00e7os Aduaneiros:<\/span><\/h3>\n<p><img decoding=\"async\" class=\"alignnone wp-image-5247\" src=\"https:\/\/www.susoneyewear.com\/wp-content\/uploads\/2026\/01\/1-1024x314.png\" alt=\"\u00f3culos de design personalizados\" width=\"836\" height=\"256\" srcset=\"https:\/\/www.susoneyewear.com\/wp-content\/uploads\/2026\/01\/1-1024x314.png 1024w, https:\/\/www.susoneyewear.com\/wp-content\/uploads\/2026\/01\/1-300x92.png 300w, https:\/\/www.susoneyewear.com\/wp-content\/uploads\/2026\/01\/1-768x236.png 768w, https:\/\/www.susoneyewear.com\/wp-content\/uploads\/2026\/01\/1-1536x471.png 1536w, https:\/\/www.susoneyewear.com\/wp-content\/uploads\/2026\/01\/1-600x184.png 600w, https:\/\/www.susoneyewear.com\/wp-content\/uploads\/2026\/01\/1.png 1575w\" sizes=\"(max-width: 836px) 100vw, 836px\" \/><\/p>\n<p><strong>Controlo da qualidade<\/strong>: 100% QC<\/p>\n<p><strong>Logo:<\/strong> Personalize sua marca&amp; Logo (envie uma mensagem para aprender a adicionar seu logotipo)<\/p>\n<p><strong>Paquete:<\/strong> Customize the package based on the customer&#8217; o requisito<\/p>\n<p><img decoding=\"async\" class=\"size-full wp-image-5317 alignnone\" src=\"https:\/\/www.susoneyewear.com\/wp-content\/uploads\/2026\/01\/case.jpg\" alt=\"personalizar a caixa de \u00f3culos\" width=\"742\" height=\"743\" srcset=\"https:\/\/www.susoneyewear.com\/wp-content\/uploads\/2026\/01\/case.jpg 742w, https:\/\/www.susoneyewear.com\/wp-content\/uploads\/2026\/01\/case-300x300.jpg 300w, https:\/\/www.susoneyewear.com\/wp-content\/uploads\/2026\/01\/case-150x150.jpg 150w, https:\/\/www.susoneyewear.com\/wp-content\/uploads\/2026\/01\/case-600x601.jpg 600w, https:\/\/www.susoneyewear.com\/wp-content\/uploads\/2026\/01\/case-100x100.jpg 100w, https:\/\/www.susoneyewear.com\/wp-content\/uploads\/2026\/01\/case-50x50.jpg 50w\" sizes=\"(max-width: 742px) 100vw, 742px\" \/><br \/>\n<strong>Env\u00edo: <\/strong>Entregar ao destino de acordo com o cliente&#8217; os requisitos, incluindo o ar, o mar e as op\u00e7\u00f5es de comboio.<\/p>\n<p><img loading=\"lazy\" decoding=\"async\" class=\"wp-image-5248 alignnone\" src=\"https:\/\/www.susoneyewear.com\/wp-content\/uploads\/2026\/01\/shipping.png\" alt=\"enviando para sua seguran\u00e7a de destino\" width=\"800\" height=\"629\" srcset=\"https:\/\/www.susoneyewear.com\/wp-content\/uploads\/2026\/01\/shipping.png 904w, https:\/\/www.susoneyewear.com\/wp-content\/uploads\/2026\/01\/shipping-300x236.png 300w, https:\/\/www.susoneyewear.com\/wp-content\/uploads\/2026\/01\/shipping-768x604.png 768w, https:\/\/www.susoneyewear.com\/wp-content\/uploads\/2026\/01\/shipping-600x472.png 600w\" sizes=\"(max-width: 800px) 100vw, 800px\" \/><\/p>\n<h3><span style=\"font-family: arial, helvetica, sans-serif;\">For\u00e7a Fabrical:<\/span><\/h3>\n<p>1. Temos nossa pr\u00f3pria f\u00e1brica de molde, nos permitindo produzir eficientemente e rapidamente <strong>moldes de alta qualidade<\/strong> e amostras de pr\u00e9-produ\u00e7\u00e3o.<br \/>\n2. Nossas linhas de produ\u00e7\u00e3o incluem<strong> moldura de inje\u00e7\u00e3o, moldura de inje\u00e7\u00e3o dupla, acetato e tit\u00e2nio,<\/strong> apoiando a produ\u00e7\u00e3o de roupa ocular feita de v\u00e1rios materiais.<br \/>\n3. N\u00f3s fornecemos servi\u00e7os de design e fabrica\u00e7\u00e3o personalizados para numerosas marcas internacionais, garantindo <strong>qualidade e entrega oportuna<\/strong>.<br \/>\n4. Temos um sistema rigoroso de gest\u00e3o da qualidade e temos v\u00e1rias certifica\u00e7\u00f5es, incluindo <strong>CE, FDA, UKCA e ISO9001<\/strong>.<br \/>\n5. Seja um cliente de pequeno ou m\u00e9dio tamanho ou um grande cliente com experi\u00eancia, temos os recursos para lhe proporcionar <strong>produtos e servi\u00e7os econ\u00f4micos<\/strong>.<\/p>\n<p>&nbsp;<\/p>\n<p>&nbsp;<\/p>\n<h1><span style=\"color: #333399;\">Contacte-nos para o novo cat\u00e1logo completo de produtos<\/span><\/h1>","protected":false},"excerpt":{"rendered":"<p>&nbsp;<\/p>\n<ul>\n<li><span style=\"font-family: arial, helvetica, sans-serif;\">Servi\u00e7os de personaliza\u00e7\u00e3o incluem design de logotipo, embalagem, sele\u00e7\u00e3o de cores e cria\u00e7\u00e3o de moldes.<\/span><\/li>\n<li><span style=\"font-family: arial, helvetica, sans-serif;\">Tempo de execu\u00e7\u00e3o da amostra: Logo de adi\u00e7\u00e3o de a\u00e7\u00f5es prontas: Cerca de 7 dias; Nova produ\u00e7\u00e3o: cerca de 35 dias<\/span><\/li>\n<li><span style=\"font-family: arial, helvetica, sans-serif;\">Material: Aceto \/ TR90 \/ Metal Adjust\u00e1vel de acordo com os requisitos.<\/span><\/li>\n<li><span style=\"font-family: arial, helvetica, sans-serif;\">Certifica\u00e7\u00f5es: CE \/ FDA \/ UKCA \/ ISO9001<\/span><\/li>\n<\/ul>","protected":false},"featured_media":5348,"comment_status":"closed","ping_status":"closed","template":"","meta":[],"product_brand":[],"product_cat":[72,86,80,87,20,55,89,74,78,56,70,96,79,66,57,58],"product_tag":[115],"class_list":{"0":"post-5342","1":"product","2":"type-product","3":"status-publish","4":"has-post-thumbnail","6":"product_cat-age","7":"product_cat-anti-blue-light","8":"product_cat-blue-light-blocking","9":"product_cat-demo","10":"product_cat-frame","11":"product_cat-gender","12":"product_cat-injection-frame","13":"product_cat-kids","14":"product_cat-lens","15":"product_cat-men","16":"product_cat-optical-frames","17":"product_cat-round","18":"product_cat-shape","19":"product_cat-types","20":"product_cat-unisex","21":"product_cat-women","22":"product_tag-115","24":"first","25":"instock","26":"shipping-taxable","27":"purchasable","28":"product-type-simple"},"_links":{"self":[{"href":"https:\/\/www.susoneyewear.com\/pt\/wp-json\/wp\/v2\/product\/5342","targetHints":{"allow":["GET"]}}],"collection":[{"href":"https:\/\/www.susoneyewear.com\/pt\/wp-json\/wp\/v2\/product"}],"about":[{"href":"https:\/\/www.susoneyewear.com\/pt\/wp-json\/wp\/v2\/types\/product"}],"replies":[{"embeddable":true,"href":"https:\/\/www.susoneyewear.com\/pt\/wp-json\/wp\/v2\/comments?post=5342"}],"wp:featuredmedia":[{"embeddable":true,"href":"https:\/\/www.susoneyewear.com\/pt\/wp-json\/wp\/v2\/media\/5348"}],"wp:attachment":[{"href":"https:\/\/www.susoneyewear.com\/pt\/wp-json\/wp\/v2\/media?parent=5342"}],"wp:term":[{"taxonomy":"product_brand","embeddable":true,"href":"https:\/\/www.susoneyewear.com\/pt\/wp-json\/wp\/v2\/product_brand?post=5342"},{"taxonomy":"product_cat","embeddable":true,"href":"https:\/\/www.susoneyewear.com\/pt\/wp-json\/wp\/v2\/product_cat?post=5342"},{"taxonomy":"product_tag","embeddable":true,"href":"https:\/\/www.susoneyewear.com\/pt\/wp-json\/wp\/v2\/product_tag?post=5342"}],"curies":[{"name":"wp","href":"https:\/\/api.w.org\/{rel}","templated":true}]}}