{"id":5233,"date":"2026-01-16T17:20:57","date_gmt":"2026-01-16T09:20:57","guid":{"rendered":"https:\/\/www.susoneyewear.com\/?post_type=product&#038;p=5233"},"modified":"2026-01-20T11:32:23","modified_gmt":"2026-01-20T03:32:23","slug":"rectangle-unisex-acetate-sunglasses-support-customize-5013","status":"publish","type":"product","link":"https:\/\/www.susoneyewear.com\/pt\/rectangle-unisex-acetate-sunglasses-support-customize-5013\/","title":{"rendered":"Acetar \u00f3culos de sol suportam personalizar o ret\u00e2ngulo unisexo 5013"},"content":{"rendered":"<p><img fetchpriority=\"high\" decoding=\"async\" class=\"alignleft size-full wp-image-5241\" src=\"https:\/\/www.susoneyewear.com\/wp-content\/uploads\/2026\/01\/VG5003-\u5c3a\u5bf8\u56fe.png\" alt=\"\u00f3culos de sol de acetato negro\" width=\"800\" height=\"800\" srcset=\"https:\/\/www.susoneyewear.com\/wp-content\/uploads\/2026\/01\/VG5003-\u5c3a\u5bf8\u56fe.png 800w, https:\/\/www.susoneyewear.com\/wp-content\/uploads\/2026\/01\/VG5003-\u5c3a\u5bf8\u56fe-300x300.png 300w, https:\/\/www.susoneyewear.com\/wp-content\/uploads\/2026\/01\/VG5003-\u5c3a\u5bf8\u56fe-150x150.png 150w, https:\/\/www.susoneyewear.com\/wp-content\/uploads\/2026\/01\/VG5003-\u5c3a\u5bf8\u56fe-768x768.png 768w, https:\/\/www.susoneyewear.com\/wp-content\/uploads\/2026\/01\/VG5003-\u5c3a\u5bf8\u56fe-600x600.png 600w, https:\/\/www.susoneyewear.com\/wp-content\/uploads\/2026\/01\/VG5003-\u5c3a\u5bf8\u56fe-100x100.png 100w, https:\/\/www.susoneyewear.com\/wp-content\/uploads\/2026\/01\/VG5003-\u5c3a\u5bf8\u56fe-50x50.png 50w\" sizes=\"(max-width: 800px) 100vw, 800px\" \/><\/p>\n<p>&nbsp;<\/p>\n<table style=\"width: 58.6562%; height: 240px;\">\n<tbody>\n<tr style=\"height: 24px;\">\n<td style=\"width: 23.2189%; height: 24px;\" width=\"426\">Produto:<\/td>\n<td style=\"width: 68.7713%; height: 24px;\" width=\"426\">Acetar \u00f3culos solares<\/td>\n<\/tr>\n<tr style=\"height: 24px;\">\n<td style=\"width: 23.2189%; height: 24px;\" width=\"426\">Material de quadro:<\/td>\n<td style=\"width: 68.7713%; height: 24px;\" width=\"426\">acetato<\/td>\n<\/tr>\n<tr style=\"height: 24px;\">\n<td style=\"width: 23.2189%; height: 24px;\" width=\"426\">Material do Templo:<\/td>\n<td style=\"width: 68.7713%; height: 24px;\" width=\"426\">acetato<\/td>\n<\/tr>\n<tr style=\"height: 24px;\">\n<td style=\"width: 23.2189%; height: 24px;\" width=\"426\">Material de lente:<\/td>\n<td style=\"width: 68.7713%; height: 24px;\" width=\"426\">TAC Polarizado<\/td>\n<\/tr>\n<tr style=\"height: 24px;\">\n<td style=\"width: 23.2189%; height: 24px;\" width=\"426\">Largura do quadro:<\/td>\n<td style=\"width: 68.7713%; height: 24px;\" width=\"426\">55mm<\/td>\n<\/tr>\n<tr style=\"height: 24px;\">\n<td style=\"width: 23.2189%; height: 24px;\" width=\"426\">Largura da ponte:<\/td>\n<td style=\"width: 68.7713%; height: 24px;\" width=\"426\">20mm<\/td>\n<\/tr>\n<tr style=\"height: 24px;\">\n<td style=\"width: 23.2189%; height: 24px;\" width=\"426\">Longitude do Templo:<\/td>\n<td style=\"width: 68.7713%; height: 24px;\" width=\"426\">148 mm<\/td>\n<\/tr>\n<tr style=\"height: 24px;\">\n<td style=\"width: 23.2189%; height: 24px;\" width=\"426\">Paquete:<\/td>\n<td style=\"width: 68.7713%; height: 24px;\" width=\"426\">10 pcs comuns em uma caixa (MOQ)<\/td>\n<\/tr>\n<tr style=\"height: 24px;\">\n<td style=\"width: 23.2189%; height: 24px;\" width=\"426\">G\u00eanero aplic\u00e1vel:<\/td>\n<td style=\"width: 68.7713%; height: 24px;\" width=\"426\">Unisex<\/td>\n<\/tr>\n<tr style=\"height: 24px;\">\n<td style=\"width: 23.2189%; height: 24px;\" width=\"426\">Op\u00e7\u00f5es de Cor:<\/td>\n<td style=\"width: 68.7713%; height: 24px;\" width=\"426\">6 cores dispon\u00edveis, suporte personaliza\u00e7\u00e3o<\/td>\n<\/tr>\n<\/tbody>\n<\/table>\n<p>1. Material de acetato de alta qualidade: confort\u00e1vel para usar e n\u00e3o f\u00e1cil de deformar.<\/p>\n<p>2.TAC Lentes Polarizadas: Reduzir eficazmente o brilho e aumentar o contraste visual.<\/p>\n<p>Prote\u00e7\u00e3o completa UV400: Bloquear 100% dos raios ultravioletos para proteger a sa\u00fade ocular.<\/p>\n<p>3. Quatro Op\u00e7\u00f5es de Cores: Encontrar diferentes necessidades de estilo e s\u00e3o adequadas tanto para homens quanto para mulheres<\/p>\n<p>5.Servi\u00e7o de personaliza\u00e7\u00e3o dispon\u00edvel: a impress\u00e3o logol\u00f3gica \u00e9 apoiada, e a coopera\u00e7\u00e3o OEM\/ODM est\u00e1 dispon\u00edvel.<\/p>\n<p>&nbsp;<\/p>\n<p><span style=\"font-size: 18pt;\"><strong>Op\u00e7\u00f5es de personaliza\u00e7\u00e3o<\/strong><\/span><\/p>\n<p>Impress\u00e3o logogr\u00e1fica: contacte-nos, verifique como adicionar seu logotipo a este modelo.<\/p>\n<p>Adapta\u00e7\u00e3o do Empaquetamento<\/p>\n<p>Coopera\u00e7\u00e3o OEM\/ODM (Quantidade m\u00ednima de ordem: 600 pares)<\/p>\n<p>Cor das lentes e personaliza\u00e7\u00e3o das fun\u00e7\u00f5es<\/p>\n<p><img decoding=\"async\" class=\"alignleft size-full wp-image-2567\" src=\"https:\/\/www.susoneyewear.com\/wp-content\/uploads\/2025\/09\/Service01.jpg\" alt=\"Servi\u00e7o 01\" width=\"500\" height=\"313\" srcset=\"https:\/\/www.susoneyewear.com\/wp-content\/uploads\/2025\/09\/Service01.jpg 500w, https:\/\/www.susoneyewear.com\/wp-content\/uploads\/2025\/09\/Service01-300x188.jpg 300w\" sizes=\"(max-width: 500px) 100vw, 500px\" \/><\/p>\n<p><img decoding=\"async\" class=\"alignleft wp-image-3637\" src=\"https:\/\/www.susoneyewear.com\/wp-content\/uploads\/2025\/10\/Customized04-1.jpg\" alt=\"Personalizado 04-1\" width=\"638\" height=\"319\" srcset=\"https:\/\/www.susoneyewear.com\/wp-content\/uploads\/2025\/10\/Customized04-1.jpg 800w, https:\/\/www.susoneyewear.com\/wp-content\/uploads\/2025\/10\/Customized04-1-300x150.jpg 300w, https:\/\/www.susoneyewear.com\/wp-content\/uploads\/2025\/10\/Customized04-1-768x384.jpg 768w, https:\/\/www.susoneyewear.com\/wp-content\/uploads\/2025\/10\/Customized04-1-600x300.jpg 600w\" sizes=\"(max-width: 638px) 100vw, 638px\" \/><\/p>\n<p>&nbsp;<\/p>\n<p>&nbsp;<\/p>\n<p>&nbsp;<\/p>\n<p>&nbsp;<\/p>\n<p>&nbsp;<\/p>\n<p>&nbsp;<\/p>\n<p>&nbsp;<\/p>\n<p>&nbsp;<\/p>\n<p>&nbsp;<\/p>\n<p>&nbsp;<\/p>\n<p>&nbsp;<\/p>\n<p><span style=\"font-size: 18pt;\"><strong>FAQ:<\/strong><\/span><\/p>\n<p>Q1: Este par de \u00f3culos \u00e9 adequado para pessoas que precisam de corre\u00e7\u00e3o da miopia?<\/p>\n<p>A: Ele suporta a correspond\u00eancia com um quadro interior. Para detalhes espec\u00edficos, consulte o servi\u00e7o de clientes para uma solu\u00e7\u00e3o personalizada.<\/p>\n<p>Q2: As lentes s\u00e3o resistentes ao arranho?<\/p>\n<p>A: As lentes TAC t\u00eam um certo n\u00edvel de resist\u00eancia ao arranho. Recomenda-se armazen\u00e1-los em uma caixa de \u00f3culos.<\/p>\n<p>Q3: A personaliza\u00e7\u00e3o da receita est\u00e1 dispon\u00edvel?<\/p>\n<p>A: Este modelo \u00e9 um par de \u00f3culos polarizados sem receita. Se voc\u00ea precisar de lentes de receita, por favor seleccione o servi\u00e7o de personaliza\u00e7\u00e3o.<\/p>\n<p>&nbsp;<\/p>\n<p><strong><span style=\"font-size: 18pt;\">Env\u00edo:<\/span><\/strong><\/p>\n<p>&nbsp;<\/p>\n<p>Entregar ao destino de acordo com o cliente&#8217; requisitos: FedEx, DHL, UPS, por ar, por mar, por ferrovia<\/p>","protected":false},"excerpt":{"rendered":"<p>MOQ: 2pcs; Logo personalizado de a\u00e7\u00f5es: 50pcs; OEM\/ODM:500pcs<\/p>\n<p>Servi\u00e7os de personaliza\u00e7\u00e3o: logo, embalagem, cor e moldes.<\/p>\n<p>Tempo de execu\u00e7\u00e3o da amostra: Logo de adi\u00e7\u00e3o de a\u00e7\u00f5es prontas:Cerca de 7 dias; produ\u00e7\u00e3o: 35dias<\/p>\n<p>Material: Aceto \/ TR90 \/ Metal Adjust\u00e1vel de acordo com os requisitos.<\/p>\n<p>Certifica\u00e7\u00f5es: CE \/ FDA \/ UKCA \/ ISO9001<\/p>\n<p>Apoia a personaliza\u00e7\u00e3o do cliente<\/p>","protected":false},"featured_media":5238,"comment_status":"closed","ping_status":"closed","template":"","meta":[],"product_brand":[],"product_cat":[88,73,72,77,20,55,78,56,97,79,67,66,57,84,58],"product_tag":[],"class_list":{"0":"post-5233","1":"product","2":"type-product","3":"status-publish","4":"has-post-thumbnail","6":"product_cat-acetate-frame","7":"product_cat-adult","8":"product_cat-age","9":"product_cat-elderly","10":"product_cat-frame","11":"product_cat-gender","12":"product_cat-lens","13":"product_cat-men","14":"product_cat-rectangle","15":"product_cat-shape","16":"product_cat-sunglasses","17":"product_cat-types","18":"product_cat-unisex","19":"product_cat-uv400","20":"product_cat-women","22":"first","23":"instock","24":"shipping-taxable","25":"purchasable","26":"product-type-simple"},"_links":{"self":[{"href":"https:\/\/www.susoneyewear.com\/pt\/wp-json\/wp\/v2\/product\/5233","targetHints":{"allow":["GET"]}}],"collection":[{"href":"https:\/\/www.susoneyewear.com\/pt\/wp-json\/wp\/v2\/product"}],"about":[{"href":"https:\/\/www.susoneyewear.com\/pt\/wp-json\/wp\/v2\/types\/product"}],"replies":[{"embeddable":true,"href":"https:\/\/www.susoneyewear.com\/pt\/wp-json\/wp\/v2\/comments?post=5233"}],"wp:featuredmedia":[{"embeddable":true,"href":"https:\/\/www.susoneyewear.com\/pt\/wp-json\/wp\/v2\/media\/5238"}],"wp:attachment":[{"href":"https:\/\/www.susoneyewear.com\/pt\/wp-json\/wp\/v2\/media?parent=5233"}],"wp:term":[{"taxonomy":"product_brand","embeddable":true,"href":"https:\/\/www.susoneyewear.com\/pt\/wp-json\/wp\/v2\/product_brand?post=5233"},{"taxonomy":"product_cat","embeddable":true,"href":"https:\/\/www.susoneyewear.com\/pt\/wp-json\/wp\/v2\/product_cat?post=5233"},{"taxonomy":"product_tag","embeddable":true,"href":"https:\/\/www.susoneyewear.com\/pt\/wp-json\/wp\/v2\/product_tag?post=5233"}],"curies":[{"name":"wp","href":"https:\/\/api.w.org\/{rel}","templated":true}]}}