{"id":5225,"date":"2026-01-25T13:26:53","date_gmt":"2026-01-25T05:26:53","guid":{"rendered":"https:\/\/www.susoneyewear.com\/?post_type=product&#038;p=5225"},"modified":"2026-01-29T14:35:07","modified_gmt":"2026-01-29T06:35:07","slug":"hot-selling-matched-with-myopia-double-frame-polarized-sports-glassecycling-sports-sun-protection-sunglasses-%e5%a4%8d%e5%88%b6","status":"publish","type":"product","link":"https:\/\/www.susoneyewear.com\/pt\/hot-selling-matched-with-myopia-double-frame-polarized-sports-glassecycling-sports-sun-protection-sunglasses-%e5%a4%8d%e5%88%b6\/","title":{"rendered":"\u00f3culos solares de acetato unisexo rectangular"},"content":{"rendered":"<p>1. Material de acetato de alta qualidade: confort\u00e1vel para usar e n\u00e3o f\u00e1cil de deformar.<\/p>\n<p>2.TAC Lentes Polarizadas: Reduzir eficazmente o brilho e aumentar o contraste visual.<\/p>\n<p>Prote\u00e7\u00e3o completa UV400: Bloquear 100% dos raios ultravioletos para proteger a sa\u00fade ocular.<\/p>\n<p>3. Quatro Op\u00e7\u00f5es de Cores: Encontrar diferentes necessidades de estilo e s\u00e3o adequadas tanto para homens quanto para mulheres<\/p>\n<p>5.Servi\u00e7o de personaliza\u00e7\u00e3o dispon\u00edvel: a impress\u00e3o logol\u00f3gica \u00e9 apoiada, e a coopera\u00e7\u00e3o OEM\/ODM est\u00e1 dispon\u00edvel.<\/p>\n<p><img fetchpriority=\"high\" decoding=\"async\" class=\"alignleft wp-image-5227\" src=\"https:\/\/www.susoneyewear.com\/wp-content\/uploads\/2026\/01\/14.jpg\" alt=\"\" width=\"661\" height=\"661\" srcset=\"https:\/\/www.susoneyewear.com\/wp-content\/uploads\/2026\/01\/14.jpg 800w, https:\/\/www.susoneyewear.com\/wp-content\/uploads\/2026\/01\/14-300x300.jpg 300w, https:\/\/www.susoneyewear.com\/wp-content\/uploads\/2026\/01\/14-150x150.jpg 150w, https:\/\/www.susoneyewear.com\/wp-content\/uploads\/2026\/01\/14-768x768.jpg 768w, https:\/\/www.susoneyewear.com\/wp-content\/uploads\/2026\/01\/14-600x600.jpg 600w, https:\/\/www.susoneyewear.com\/wp-content\/uploads\/2026\/01\/14-100x100.jpg 100w, https:\/\/www.susoneyewear.com\/wp-content\/uploads\/2026\/01\/14-50x50.jpg 50w\" sizes=\"(max-width: 661px) 100vw, 661px\" \/><\/p>\n<p>&nbsp;<\/p>\n<table style=\"width: 64.0346%; height: 240px;\">\n<tbody>\n<tr style=\"height: 24px;\">\n<td style=\"width: 49.5392%; height: 24px;\" width=\"426\">Produto:<\/td>\n<td style=\"width: 49.5392%; height: 24px;\" width=\"426\">Acetar \u00f3culos solares<\/td>\n<\/tr>\n<tr style=\"height: 24px;\">\n<td style=\"width: 49.5392%; height: 24px;\" width=\"426\">Material de quadro:<\/td>\n<td style=\"width: 49.5392%; height: 24px;\" width=\"426\">acetato<\/td>\n<\/tr>\n<tr style=\"height: 24px;\">\n<td style=\"width: 49.5392%; height: 24px;\" width=\"426\">Material do Templo:<\/td>\n<td style=\"width: 49.5392%; height: 24px;\" width=\"426\">acetato<\/td>\n<\/tr>\n<tr style=\"height: 24px;\">\n<td style=\"width: 49.5392%; height: 24px;\" width=\"426\">Material de lente:<\/td>\n<td style=\"width: 49.5392%; height: 24px;\" width=\"426\">TAC Polarizado<\/td>\n<\/tr>\n<tr style=\"height: 24px;\">\n<td style=\"width: 49.5392%; height: 24px;\" width=\"426\">Largura do quadro:<\/td>\n<td style=\"width: 49.5392%; height: 24px;\" width=\"426\">53mm<\/td>\n<\/tr>\n<tr style=\"height: 24px;\">\n<td style=\"width: 49.5392%; height: 24px;\" width=\"426\">Largura da ponte:<\/td>\n<td style=\"width: 49.5392%; height: 24px;\" width=\"426\">21mm<\/td>\n<\/tr>\n<tr style=\"height: 24px;\">\n<td style=\"width: 49.5392%; height: 24px;\" width=\"426\">Longitude do Templo:<\/td>\n<td style=\"width: 49.5392%; height: 24px;\" width=\"426\">147 mm<\/td>\n<\/tr>\n<tr style=\"height: 24px;\">\n<td style=\"width: 49.5392%; height: 24px;\" width=\"426\">Paquete:<\/td>\n<td style=\"width: 49.5392%; height: 24px;\" width=\"426\">10 pcs comuns em uma caixa, suporte personalizado<\/td>\n<\/tr>\n<tr style=\"height: 24px;\">\n<td style=\"width: 49.5392%; height: 24px;\" width=\"426\">G\u00eanero aplic\u00e1vel:<\/td>\n<td style=\"width: 49.5392%; height: 24px;\" width=\"426\">Unisex<\/td>\n<\/tr>\n<tr style=\"height: 24px;\">\n<td style=\"width: 49.5392%; height: 24px;\" width=\"426\">Op\u00e7\u00f5es de Cor:<\/td>\n<td style=\"width: 49.5392%; height: 24px;\" width=\"426\">4 cores dispon\u00edveis, suporte personaliza\u00e7\u00e3o<\/td>\n<\/tr>\n<\/tbody>\n<\/table>\n<p>&nbsp;<\/p>\n<p><span style=\"font-size: 18pt;\"><strong>Op\u00e7\u00f5es de personaliza\u00e7\u00e3o<\/strong><\/span><\/p>\n<p>Impress\u00e3o logol\u00f3gica (Quantidade m\u00ednima de ordem: 20 pares)<\/p>\n<p>Adapta\u00e7\u00e3o do Empaquetamento<\/p>\n<p>Coopera\u00e7\u00e3o OEM\/ODM (Quantidade m\u00ednima de ordem: 600 pares)<\/p>\n<p>Cor das lentes e personaliza\u00e7\u00e3o das fun\u00e7\u00f5es<\/p>\n<p><img decoding=\"async\" class=\"alignnone wp-image-5384\" src=\"https:\/\/www.susoneyewear.com\/wp-content\/uploads\/2026\/01\/OEM-ODM-SERVICE-.jpg\" alt=\"Fabrica OEM e ODM de roupas oculares\" width=\"800\" height=\"1200\" srcset=\"https:\/\/www.susoneyewear.com\/wp-content\/uploads\/2026\/01\/OEM-ODM-SERVICE-.jpg 1200w, https:\/\/www.susoneyewear.com\/wp-content\/uploads\/2026\/01\/OEM-ODM-SERVICE--200x300.jpg 200w, https:\/\/www.susoneyewear.com\/wp-content\/uploads\/2026\/01\/OEM-ODM-SERVICE--683x1024.jpg 683w, https:\/\/www.susoneyewear.com\/wp-content\/uploads\/2026\/01\/OEM-ODM-SERVICE--768x1152.jpg 768w, https:\/\/www.susoneyewear.com\/wp-content\/uploads\/2026\/01\/OEM-ODM-SERVICE--1024x1536.jpg 1024w, https:\/\/www.susoneyewear.com\/wp-content\/uploads\/2026\/01\/OEM-ODM-SERVICE--600x900.jpg 600w\" sizes=\"(max-width: 800px) 100vw, 800px\" \/><\/p>\n<p><span style=\"font-size: 18pt;\"><strong>Escen\u00e1rios de aplica\u00e7\u00e3o:<\/strong><\/span><\/p>\n<p>Actividades de moda e exterior protegem os olhos.<\/p>\n<p>&nbsp;<\/p>\n<p><span style=\"font-size: 18pt;\"><strong>FAQ:<\/strong><\/span><\/p>\n<p>Q1: Este par de \u00f3culos \u00e9 adequado para pessoas que precisam de corre\u00e7\u00e3o da miopia?<\/p>\n<p>A: Ele suporta a correspond\u00eancia com um quadro interior. Para detalhes espec\u00edficos, consulte o servi\u00e7o de clientes para uma solu\u00e7\u00e3o personalizada.<\/p>\n<p>Q2: As lentes s\u00e3o resistentes ao arranho?<\/p>\n<p>A: As lentes TAC t\u00eam um certo n\u00edvel de resist\u00eancia ao arranho. Recomenda-se armazen\u00e1-los em uma caixa de \u00f3culos.<\/p>\n<p>Q3: A personaliza\u00e7\u00e3o da receita est\u00e1 dispon\u00edvel?<\/p>\n<p>A: Este modelo \u00e9 um par de \u00f3culos polarizados sem receita. Se voc\u00ea precisar de lentes de receita, por favor seleccione o servi\u00e7o de personaliza\u00e7\u00e3o.<\/p>\n<p>&nbsp;<\/p>\n<p><strong><span style=\"font-size: 18pt;\">Env\u00edo:<\/span><\/strong><\/p>\n<p>Entregar ao destino de acordo com o cliente&#8217; os requisitos<\/p>\n<p><img decoding=\"async\" class=\"alignleft size-full wp-image-5248\" src=\"https:\/\/www.susoneyewear.com\/wp-content\/uploads\/2026\/01\/shipping.png\" alt=\"enviando para sua seguran\u00e7a de destino\" width=\"904\" height=\"711\" srcset=\"https:\/\/www.susoneyewear.com\/wp-content\/uploads\/2026\/01\/shipping.png 904w, https:\/\/www.susoneyewear.com\/wp-content\/uploads\/2026\/01\/shipping-300x236.png 300w, https:\/\/www.susoneyewear.com\/wp-content\/uploads\/2026\/01\/shipping-768x604.png 768w, https:\/\/www.susoneyewear.com\/wp-content\/uploads\/2026\/01\/shipping-600x472.png 600w\" sizes=\"(max-width: 904px) 100vw, 904px\" \/><\/p>","protected":false},"excerpt":{"rendered":"<p>MOQ: 2pcs; Logo personalizado de a\u00e7\u00f5es: 50pcs; OEM\/ODM:500pcs<\/p>\n<p>Servi\u00e7os de personaliza\u00e7\u00e3o: logo, embalagem, cor e moldes.<\/p>\n<p>Tempo de execu\u00e7\u00e3o da amostra: Logo de adi\u00e7\u00e3o de a\u00e7\u00f5es prontas: Cerca de 7 dias; produ\u00e7\u00e3o: 35dias<\/p>\n<p>Material de quadro: Aceto \/ TR90 \/ Metal Adjust\u00e1vel de acordo com os requisitos.<\/p>\n<p>Certifica\u00e7\u00f5es: CE \/ FDA \/ UKCA \/ ISO9001<\/p>\n<p>Apoia a personaliza\u00e7\u00e3o do cliente<\/p>","protected":false},"featured_media":5231,"comment_status":"closed","ping_status":"closed","template":"","meta":[],"product_brand":[],"product_cat":[88,73,72,77,20,55,78,56,97,79,67,66,57,84,58],"product_tag":[],"class_list":{"0":"post-5225","1":"product","2":"type-product","3":"status-publish","4":"has-post-thumbnail","6":"product_cat-acetate-frame","7":"product_cat-adult","8":"product_cat-age","9":"product_cat-elderly","10":"product_cat-frame","11":"product_cat-gender","12":"product_cat-lens","13":"product_cat-men","14":"product_cat-rectangle","15":"product_cat-shape","16":"product_cat-sunglasses","17":"product_cat-types","18":"product_cat-unisex","19":"product_cat-uv400","20":"product_cat-women","22":"first","23":"instock","24":"shipping-taxable","25":"purchasable","26":"product-type-simple"},"_links":{"self":[{"href":"https:\/\/www.susoneyewear.com\/pt\/wp-json\/wp\/v2\/product\/5225","targetHints":{"allow":["GET"]}}],"collection":[{"href":"https:\/\/www.susoneyewear.com\/pt\/wp-json\/wp\/v2\/product"}],"about":[{"href":"https:\/\/www.susoneyewear.com\/pt\/wp-json\/wp\/v2\/types\/product"}],"replies":[{"embeddable":true,"href":"https:\/\/www.susoneyewear.com\/pt\/wp-json\/wp\/v2\/comments?post=5225"}],"wp:featuredmedia":[{"embeddable":true,"href":"https:\/\/www.susoneyewear.com\/pt\/wp-json\/wp\/v2\/media\/5231"}],"wp:attachment":[{"href":"https:\/\/www.susoneyewear.com\/pt\/wp-json\/wp\/v2\/media?parent=5225"}],"wp:term":[{"taxonomy":"product_brand","embeddable":true,"href":"https:\/\/www.susoneyewear.com\/pt\/wp-json\/wp\/v2\/product_brand?post=5225"},{"taxonomy":"product_cat","embeddable":true,"href":"https:\/\/www.susoneyewear.com\/pt\/wp-json\/wp\/v2\/product_cat?post=5225"},{"taxonomy":"product_tag","embeddable":true,"href":"https:\/\/www.susoneyewear.com\/pt\/wp-json\/wp\/v2\/product_tag?post=5225"}],"curies":[{"name":"wp","href":"https:\/\/api.w.org\/{rel}","templated":true}]}}