{"id":5199,"date":"2026-01-15T16:43:53","date_gmt":"2026-01-15T08:43:53","guid":{"rendered":"https:\/\/www.susoneyewear.com\/?post_type=product&#038;p=5199"},"modified":"2026-01-16T11:34:18","modified_gmt":"2026-01-16T03:34:18","slug":"oem-odm-photochromic-acetate-wayfarer-sunglasses","status":"publish","type":"product","link":"https:\/\/www.susoneyewear.com\/pt\/oem-odm-photochromic-acetate-wayfarer-sunglasses\/","title":{"rendered":"OEM acetato fotocr\u00f4mico OEM \u00f3culos de sol Wayfarer"},"content":{"rendered":"<p>&nbsp;<\/p>\n<p><img fetchpriority=\"high\" decoding=\"async\" class=\"alignleft wp-image-5200\" src=\"https:\/\/www.susoneyewear.com\/wp-content\/uploads\/2026\/01\/52613-\u53d8\u8272.jpg\" alt=\"\u00f3culos fotocr\u00f4micos fotocr\u00f4micos\" width=\"570\" height=\"570\" srcset=\"https:\/\/www.susoneyewear.com\/wp-content\/uploads\/2026\/01\/52613-\u53d8\u8272.jpg 800w, https:\/\/www.susoneyewear.com\/wp-content\/uploads\/2026\/01\/52613-\u53d8\u8272-300x300.jpg 300w, https:\/\/www.susoneyewear.com\/wp-content\/uploads\/2026\/01\/52613-\u53d8\u8272-150x150.jpg 150w, https:\/\/www.susoneyewear.com\/wp-content\/uploads\/2026\/01\/52613-\u53d8\u8272-768x768.jpg 768w, https:\/\/www.susoneyewear.com\/wp-content\/uploads\/2026\/01\/52613-\u53d8\u8272-600x600.jpg 600w, https:\/\/www.susoneyewear.com\/wp-content\/uploads\/2026\/01\/52613-\u53d8\u8272-100x100.jpg 100w, https:\/\/www.susoneyewear.com\/wp-content\/uploads\/2026\/01\/52613-\u53d8\u8272-50x50.jpg 50w\" sizes=\"(max-width: 570px) 100vw, 570px\" \/><\/p>\n<p><strong>Detalle<\/strong><br \/>\nMaterial de quadro: metal&amp; acetato<br \/>\nMaterial do Templo: metal&amp; acetato<br \/>\nApertura: 3 2 aperturas met\u00e1licas<br \/>\nMaterial de lente: Nylon&amp; lente fotocr\u00f4mica \/ lente de demonstra\u00e7\u00e3o<br \/>\nCor do quadro: claro\/gris\/verde\/rosa\/amarelo Fotocr\u00f3mico<\/p>\n<p><strong>Medi\u00e7\u00f5es<\/strong><br \/>\nLargura do quadro: 45mm<br \/>\nLargura da ponte: 19mm<br \/>\nLongitude do Templo: 145mm<\/p>\n<p><strong>Ordem m\u00ednima<\/strong><br \/>\n12pcs \/ Modelo<br \/>\n20pcs \/ Modelo para Imprimir Logo<br \/>\n600pcs \/ Modelo para ordem de produ\u00e7\u00e3o OEM ODM<\/p>\n<p>&nbsp;<\/p>\n<p><strong>Servi\u00e7os<\/strong><br \/>\nControlo da qualidade: 100% QC<br \/>\nLogo: Customize your brand&amp; Logo<br \/>\nOEM: Voc\u00ea projeta, n\u00f3s fabricamos<br \/>\nODM: N\u00f3s projetamos e fabricamos sua marca<br \/>\nEnv\u00edo: Entregar ao destino de acordo com o cliente&#8217; os requisitos<\/p>","protected":false},"excerpt":{"rendered":"<p>Material de quadro: metal&amp; acetato<br \/>\nMaterial do Templo: metal&amp; acetato<br \/>\nApertura: 3 2 aperturas met\u00e1licas<br \/>\nMaterial de lente: Nylon&amp; lente fotocr\u00f4mica \/ lente de demonstra\u00e7\u00e3o<br \/>\nCor do quadro: claro\/gris\/verde\/rosa\/amarelo Fotocr\u00f3mico<\/p>","protected":false},"featured_media":3822,"comment_status":"closed","ping_status":"closed","template":"","meta":[],"product_brand":[],"product_cat":[88,73,72,86,77,20,55,89,78,56,85,97,79,67,66,57,84,58],"product_tag":[],"class_list":{"0":"post-5199","1":"product","2":"type-product","3":"status-publish","4":"has-post-thumbnail","6":"product_cat-acetate-frame","7":"product_cat-adult","8":"product_cat-age","9":"product_cat-anti-blue-light","10":"product_cat-elderly","11":"product_cat-frame","12":"product_cat-gender","13":"product_cat-injection-frame","14":"product_cat-lens","15":"product_cat-men","16":"product_cat-photochrimic","17":"product_cat-rectangle","18":"product_cat-shape","19":"product_cat-sunglasses","20":"product_cat-types","21":"product_cat-unisex","22":"product_cat-uv400","23":"product_cat-women","25":"first","26":"instock","27":"shipping-taxable","28":"purchasable","29":"product-type-simple"},"_links":{"self":[{"href":"https:\/\/www.susoneyewear.com\/pt\/wp-json\/wp\/v2\/product\/5199","targetHints":{"allow":["GET"]}}],"collection":[{"href":"https:\/\/www.susoneyewear.com\/pt\/wp-json\/wp\/v2\/product"}],"about":[{"href":"https:\/\/www.susoneyewear.com\/pt\/wp-json\/wp\/v2\/types\/product"}],"replies":[{"embeddable":true,"href":"https:\/\/www.susoneyewear.com\/pt\/wp-json\/wp\/v2\/comments?post=5199"}],"wp:featuredmedia":[{"embeddable":true,"href":"https:\/\/www.susoneyewear.com\/pt\/wp-json\/wp\/v2\/media\/3822"}],"wp:attachment":[{"href":"https:\/\/www.susoneyewear.com\/pt\/wp-json\/wp\/v2\/media?parent=5199"}],"wp:term":[{"taxonomy":"product_brand","embeddable":true,"href":"https:\/\/www.susoneyewear.com\/pt\/wp-json\/wp\/v2\/product_brand?post=5199"},{"taxonomy":"product_cat","embeddable":true,"href":"https:\/\/www.susoneyewear.com\/pt\/wp-json\/wp\/v2\/product_cat?post=5199"},{"taxonomy":"product_tag","embeddable":true,"href":"https:\/\/www.susoneyewear.com\/pt\/wp-json\/wp\/v2\/product_tag?post=5199"}],"curies":[{"name":"wp","href":"https:\/\/api.w.org\/{rel}","templated":true}]}}