{"id":4753,"date":"2025-12-05T14:46:15","date_gmt":"2025-12-05T06:46:15","guid":{"rendered":"https:\/\/www.susoneyewear.com\/?post_type=product&#038;p=4753"},"modified":"2026-01-14T15:54:46","modified_gmt":"2026-01-14T07:54:46","slug":"sports-sunglasses","status":"publish","type":"product","link":"https:\/\/www.susoneyewear.com\/pt\/sports-sunglasses\/","title":{"rendered":"Venda quente combinada com \u00f3culos esportivos polarizados em duas quadras da miopia,\u00f3culos solares de bicicleta"},"content":{"rendered":"<p>1.Material TR90 ultra-luz: flex\u00edvel e duradouro, confort\u00e1vel para usar e n\u00e3o f\u00e1cil de deformar.<\/p>\n<p>2.TAC Lentes Polarizadas: Reduzir eficazmente o brilho e aumentar o contraste visual.<\/p>\n<p>Prote\u00e7\u00e3o completa UV400: Bloquear 100% dos raios ultravioletos para proteger a sa\u00fade ocular.<\/p>\n<p>3.Anti-slip Sports Design: Os pads do nariz e os bra\u00e7os do templo adotam uma estrutura anti-slip, adequada para esportes de alta intensidade.<\/p>\n<p>4.Seis Op\u00e7\u00f5es de Cores de Estilo: Encontrem diferentes necessidades de estilo e s\u00e3o adequadas tanto para homens quanto para mulheres.<\/p>\n<p>5.Servi\u00e7o de personaliza\u00e7\u00e3o dispon\u00edvel: a impress\u00e3o logol\u00f3gica \u00e9 apoiada, e a coopera\u00e7\u00e3o OEM\/ODM est\u00e1 dispon\u00edvel.<\/p>\n<p><img fetchpriority=\"high\" decoding=\"async\" class=\"size-full wp-image-5135 alignnone\" src=\"https:\/\/www.susoneyewear.com\/wp-content\/uploads\/2025\/12\/17101.jpg\" alt=\"correndo \u00f3culos esportivos \" width=\"800\" height=\"800\" srcset=\"https:\/\/www.susoneyewear.com\/wp-content\/uploads\/2025\/12\/17101.jpg 800w, https:\/\/www.susoneyewear.com\/wp-content\/uploads\/2025\/12\/17101-300x300.jpg 300w, https:\/\/www.susoneyewear.com\/wp-content\/uploads\/2025\/12\/17101-150x150.jpg 150w, https:\/\/www.susoneyewear.com\/wp-content\/uploads\/2025\/12\/17101-768x768.jpg 768w, https:\/\/www.susoneyewear.com\/wp-content\/uploads\/2025\/12\/17101-600x600.jpg 600w, https:\/\/www.susoneyewear.com\/wp-content\/uploads\/2025\/12\/17101-100x100.jpg 100w, https:\/\/www.susoneyewear.com\/wp-content\/uploads\/2025\/12\/17101-50x50.jpg 50w\" sizes=\"(max-width: 800px) 100vw, 800px\" \/><\/p>\n<p>&nbsp;<\/p>\n<table style=\"width: 64.0346%;\">\n<tbody>\n<tr>\n<td style=\"width: 49.5392%;\" width=\"426\">Produto:<\/td>\n<td style=\"width: 49.5392%;\" width=\"426\">Olhos de sol deportivos<\/td>\n<\/tr>\n<tr>\n<td style=\"width: 49.5392%;\" width=\"426\">Material de quadro:<\/td>\n<td style=\"width: 49.5392%;\" width=\"426\">TR90<\/td>\n<\/tr>\n<tr>\n<td style=\"width: 49.5392%;\" width=\"426\">Material do Templo:<\/td>\n<td style=\"width: 49.5392%;\" width=\"426\">TR90<\/td>\n<\/tr>\n<tr>\n<td style=\"width: 49.5392%;\" width=\"426\">Material de lente:<\/td>\n<td style=\"width: 49.5392%;\" width=\"426\">TAC Polarizado<\/td>\n<\/tr>\n<tr>\n<td style=\"width: 49.5392%;\" width=\"426\">Largura do quadro:<\/td>\n<td style=\"width: 49.5392%;\" width=\"426\">141mm<\/td>\n<\/tr>\n<tr>\n<td style=\"width: 49.5392%;\" width=\"426\">Largura da ponte:<\/td>\n<td style=\"width: 49.5392%;\" width=\"426\">22mm<\/td>\n<\/tr>\n<tr>\n<td style=\"width: 49.5392%;\" width=\"426\">Longitude do Templo:<\/td>\n<td style=\"width: 49.5392%;\" width=\"426\">130mm<\/td>\n<\/tr>\n<tr>\n<td style=\"width: 49.5392%;\" width=\"426\">Peso dos \u00f3culos:<\/td>\n<td style=\"width: 49.5392%;\" width=\"426\">33G<\/td>\n<\/tr>\n<tr>\n<td style=\"width: 49.5392%;\" width=\"426\">G\u00eanero aplic\u00e1vel:<\/td>\n<td style=\"width: 49.5392%;\" width=\"426\">Unisex<\/td>\n<\/tr>\n<tr>\n<td style=\"width: 49.5392%;\" width=\"426\">Op\u00e7\u00f5es de Cor:<\/td>\n<td style=\"width: 49.5392%;\" width=\"426\">6 cores dispon\u00edveis, suporte personaliza\u00e7\u00e3o<\/td>\n<\/tr>\n<\/tbody>\n<\/table>\n<p>&nbsp;<\/p>\n<p>&nbsp;<\/p>\n<p><span style=\"font-size: 18pt;\"><strong>Escen\u00e1rios de aplica\u00e7\u00e3o:<\/strong><\/span><\/p>\n<p>Os esportes externos incluem ciclismo, corrida, montanharia e pesca, entre outros.<\/p>\n<p><img decoding=\"async\" class=\"wp-image-4756 size-full alignnone\" src=\"https:\/\/www.susoneyewear.com\/wp-content\/uploads\/2025\/12\/img.jpg\" alt=\"Venda quente combinada com \u00f3culos esportivos polarizados em duas quadras de miopia, bicicletas de montanha modernas, bicicletas esportivas, \u00f3culos solares de prote\u00e7\u00e3o solar no ar livre, \u00f3culos solares de esportes ultravioletos\" width=\"800\" height=\"1091\" srcset=\"https:\/\/www.susoneyewear.com\/wp-content\/uploads\/2025\/12\/img.jpg 800w, https:\/\/www.susoneyewear.com\/wp-content\/uploads\/2025\/12\/img-220x300.jpg 220w, https:\/\/www.susoneyewear.com\/wp-content\/uploads\/2025\/12\/img-751x1024.jpg 751w, https:\/\/www.susoneyewear.com\/wp-content\/uploads\/2025\/12\/img-768x1047.jpg 768w, https:\/\/www.susoneyewear.com\/wp-content\/uploads\/2025\/12\/img-600x818.jpg 600w\" sizes=\"(max-width: 800px) 100vw, 800px\" \/><\/p>\n<p><span style=\"font-size: 18pt;\"><strong>FAQ:<\/strong><\/span><\/p>\n<p>Q1: Este par de \u00f3culos \u00e9 adequado para pessoas que precisam de corre\u00e7\u00e3o da miopia?<\/p>\n<p>A: Ele suporta a correspond\u00eancia com um quadro interior. Para detalhes espec\u00edficos, consulte o servi\u00e7o de clientes para uma solu\u00e7\u00e3o personalizada.<\/p>\n<p>Q2: As lentes s\u00e3o resistentes ao arranho?<\/p>\n<p>A: As lentes TAC t\u00eam um certo n\u00edvel de resist\u00eancia ao arranho. Recomenda-se armazen\u00e1-los em uma caixa de \u00f3culos.<\/p>\n<p>Q3: A personaliza\u00e7\u00e3o da receita est\u00e1 dispon\u00edvel?<\/p>\n<p>A: Este modelo \u00e9 um \u00f3culos polarizados sem receita. Se voc\u00ea precisar de lentes de receita, por favor seleccione o servi\u00e7o de personaliza\u00e7\u00e3o.<\/p>\n<p>&nbsp;<\/p>\n<p><span style=\"font-size: 18pt;\"><strong>For\u00e7as da Companhia<\/strong><\/span><\/p>\n<p>Temos mais de 27 anos de experi\u00eancia na fabrica\u00e7\u00e3o de roupa ocular, com nossas pr\u00f3prias linhas de produ\u00e7\u00e3o e uma equipe de design profissional. N\u00f3s apoiamos tanto a personaliza\u00e7\u00e3o em pequenos lotes como a produ\u00e7\u00e3o em massa, fornecendo um servi\u00e7o de um \u00fanico ponto de design para log\u00edstica.<\/p>\n<p><span style=\"font-size: 18pt;\"><strong>Op\u00e7\u00f5es de personaliza\u00e7\u00e3o<\/strong><\/span><\/p>\n<p>Impress\u00e3o logol\u00f3gica (Quantidade m\u00ednima de ordem: 20 pares)<\/p>\n<p>Adapta\u00e7\u00e3o do Empaquetamento<\/p>\n<p>Coopera\u00e7\u00e3o OEM\/ODM (Quantidade m\u00ednima de ordem: 600 pares)<\/p>\n<p>Cor das lentes e personaliza\u00e7\u00e3o das fun\u00e7\u00f5es<\/p>\n<p>&nbsp;<\/p>\n<p><span style=\"font-size: 18pt;\"><strong><u>Ordem m\u00ednima<\/u><\/strong><\/span><\/p>\n<p>10pcs \/ Modelo<br \/>\n20pcs \/ Modelo[UNK]toPrint Logo<\/p>\n<p>600pcs \/ Modelo de ordem de produ\u00e7\u00e3o<\/p>\n<p><span style=\"font-size: 18pt;\"><strong><u>Servi\u00e7os<\/u><\/strong><\/span><\/p>\n<p>Controlo da qualidade: 100% QC<\/p>\n<p>Logo: Customized your brand&amp; Logo<br \/>\nOEM: Voc\u00ea projeta, n\u00f3s fabricamos<br \/>\nODM: N\u00f3s projetamos e fabricamos, sua marca<\/p>\n<p>Paquete: Standard opp bag &amp; Paquete personalizado<\/p>\n<p>Env\u00edo: Entregar ao destino de acordo com o cliente&#8217; os requisitos<\/p>","protected":false},"excerpt":{"rendered":"<p>Esses \u00f3culos solares esportivos polarizados TR90 s\u00e3o especialmente projetados para entusiastas esportivos ao ar livre. Ela adota um quadro ligeiro TR90 e lentes polarizadas TAC, proporcionando excelente prote\u00e7\u00e3o UV e clareza visual. Adequado para v\u00e1rios cen\u00e1rios externos como ciclismo, correr, montanharia e pesca, \u00e9 unisexo com seis cores dispon\u00edveis, combinando moda e funcionalidade.<\/p>","protected":false},"featured_media":4213,"comment_status":"closed","ping_status":"closed","template":"","meta":[],"product_brand":[],"product_cat":[73,72,77,20,55,89,78,56,79,99,67,66,57,84,58],"product_tag":[],"class_list":{"0":"post-4753","1":"product","2":"type-product","3":"status-publish","4":"has-post-thumbnail","6":"product_cat-adult","7":"product_cat-age","8":"product_cat-elderly","9":"product_cat-frame","10":"product_cat-gender","11":"product_cat-injection-frame","12":"product_cat-lens","13":"product_cat-men","14":"product_cat-shape","15":"product_cat-sports","16":"product_cat-sunglasses","17":"product_cat-types","18":"product_cat-unisex","19":"product_cat-uv400","20":"product_cat-women","22":"first","23":"instock","24":"shipping-taxable","25":"purchasable","26":"product-type-simple"},"_links":{"self":[{"href":"https:\/\/www.susoneyewear.com\/pt\/wp-json\/wp\/v2\/product\/4753","targetHints":{"allow":["GET"]}}],"collection":[{"href":"https:\/\/www.susoneyewear.com\/pt\/wp-json\/wp\/v2\/product"}],"about":[{"href":"https:\/\/www.susoneyewear.com\/pt\/wp-json\/wp\/v2\/types\/product"}],"replies":[{"embeddable":true,"href":"https:\/\/www.susoneyewear.com\/pt\/wp-json\/wp\/v2\/comments?post=4753"}],"wp:featuredmedia":[{"embeddable":true,"href":"https:\/\/www.susoneyewear.com\/pt\/wp-json\/wp\/v2\/media\/4213"}],"wp:attachment":[{"href":"https:\/\/www.susoneyewear.com\/pt\/wp-json\/wp\/v2\/media?parent=4753"}],"wp:term":[{"taxonomy":"product_brand","embeddable":true,"href":"https:\/\/www.susoneyewear.com\/pt\/wp-json\/wp\/v2\/product_brand?post=4753"},{"taxonomy":"product_cat","embeddable":true,"href":"https:\/\/www.susoneyewear.com\/pt\/wp-json\/wp\/v2\/product_cat?post=4753"},{"taxonomy":"product_tag","embeddable":true,"href":"https:\/\/www.susoneyewear.com\/pt\/wp-json\/wp\/v2\/product_tag?post=4753"}],"curies":[{"name":"wp","href":"https:\/\/api.w.org\/{rel}","templated":true}]}}