{"id":4202,"date":"2025-10-28T10:47:46","date_gmt":"2025-10-28T02:47:46","guid":{"rendered":"https:\/\/www.susoneyewear.com\/?post_type=product&#038;p=4202"},"modified":"2026-01-14T15:30:19","modified_gmt":"2026-01-14T07:30:19","slug":"new-tr90-polarized-sunglasses-for-men-sports-sunglasses-outdoor-cycling-sunglasses-factory-direct-supply","status":"publish","type":"product","link":"https:\/\/www.susoneyewear.com\/pt\/new-tr90-polarized-sunglasses-for-men-sports-sunglasses-outdoor-cycling-sunglasses-factory-direct-supply\/","title":{"rendered":"Novos \u00f3culos solares de ciclo TR90 polarizados para homens, \u00f3culos solares esportivos f\u00e1brica de abastecimento direto"},"content":{"rendered":"<h3><img fetchpriority=\"high\" decoding=\"async\" class=\"wp-image-5129 size-full alignleft\" src=\"https:\/\/www.susoneyewear.com\/wp-content\/uploads\/2025\/10\/6919.jpg\" alt=\"bicicletando \u00f3culos pretos de sol\" width=\"800\" height=\"800\" srcset=\"https:\/\/www.susoneyewear.com\/wp-content\/uploads\/2025\/10\/6919.jpg 800w, https:\/\/www.susoneyewear.com\/wp-content\/uploads\/2025\/10\/6919-300x300.jpg 300w, https:\/\/www.susoneyewear.com\/wp-content\/uploads\/2025\/10\/6919-150x150.jpg 150w, https:\/\/www.susoneyewear.com\/wp-content\/uploads\/2025\/10\/6919-768x768.jpg 768w, https:\/\/www.susoneyewear.com\/wp-content\/uploads\/2025\/10\/6919-600x600.jpg 600w, https:\/\/www.susoneyewear.com\/wp-content\/uploads\/2025\/10\/6919-100x100.jpg 100w, https:\/\/www.susoneyewear.com\/wp-content\/uploads\/2025\/10\/6919-50x50.jpg 50w\" sizes=\"(max-width: 800px) 100vw, 800px\" \/><\/h3>\n<h3>Materiales<\/h3>\n<p>Material de quadro: TR90<br \/>\nMaterial do Templo: TR90<br \/>\nMaterial de lente: TAC Polarizado<br \/>\nTipo de ponta: TR90<\/p>\n<h3>Medi\u00e7\u00f5es<\/h3>\n<p>Largura do quadro: 65mm<br \/>\nLargura da ponte: 16 mm<br \/>\nLongitude do Templo: 135mm<\/p>\n<p>Peso:30g<\/p>\n<h3>Ordem m\u00ednima<\/h3>\n<p>10pcs \/ Modelo<br \/>\n20pcs \/ Modelo para Imprimir Logo<br \/>\n600pcs \/ Modelo de ordem de produ\u00e7\u00e3o<\/p>\n<h3>Servi\u00e7os<\/h3>\n<p>Controlo da qualidade: 100% QC<br \/>\nLogo: Customized your brand&amp; Logo<br \/>\nOEM: Voc\u00ea projeta, n\u00f3s fabricamos<br \/>\nODM: N\u00f3s projetamos e fabricamos, sua marca<br \/>\nPaquete: Standard opp bag &amp; Paquete personalizado<br \/>\nEnv\u00edo: Entregar ao destino de acordo com o cliente&#8217; os requisitos<\/p>","protected":false},"excerpt":{"rendered":"<p>Material de quadro: TR90<br \/>\nMaterial do Templo: TR90<br \/>\nMaterial de lente: TAC Polarizado<br \/>\nTipo de ponta: TR90<\/p>","protected":false},"featured_media":4311,"comment_status":"closed","ping_status":"closed","template":"","meta":[],"product_brand":[],"product_cat":[73,72,20,55,89,78,56,101,79,99,67,66,84],"product_tag":[],"class_list":{"0":"post-4202","1":"product","2":"type-product","3":"status-publish","4":"has-post-thumbnail","6":"product_cat-adult","7":"product_cat-age","8":"product_cat-frame","9":"product_cat-gender","10":"product_cat-injection-frame","11":"product_cat-lens","12":"product_cat-men","13":"product_cat-night-vision","14":"product_cat-shape","15":"product_cat-sports","16":"product_cat-sunglasses","17":"product_cat-types","18":"product_cat-uv400","20":"first","21":"instock","22":"shipping-taxable","23":"purchasable","24":"product-type-simple"},"_links":{"self":[{"href":"https:\/\/www.susoneyewear.com\/pt\/wp-json\/wp\/v2\/product\/4202","targetHints":{"allow":["GET"]}}],"collection":[{"href":"https:\/\/www.susoneyewear.com\/pt\/wp-json\/wp\/v2\/product"}],"about":[{"href":"https:\/\/www.susoneyewear.com\/pt\/wp-json\/wp\/v2\/types\/product"}],"replies":[{"embeddable":true,"href":"https:\/\/www.susoneyewear.com\/pt\/wp-json\/wp\/v2\/comments?post=4202"}],"wp:featuredmedia":[{"embeddable":true,"href":"https:\/\/www.susoneyewear.com\/pt\/wp-json\/wp\/v2\/media\/4311"}],"wp:attachment":[{"href":"https:\/\/www.susoneyewear.com\/pt\/wp-json\/wp\/v2\/media?parent=4202"}],"wp:term":[{"taxonomy":"product_brand","embeddable":true,"href":"https:\/\/www.susoneyewear.com\/pt\/wp-json\/wp\/v2\/product_brand?post=4202"},{"taxonomy":"product_cat","embeddable":true,"href":"https:\/\/www.susoneyewear.com\/pt\/wp-json\/wp\/v2\/product_cat?post=4202"},{"taxonomy":"product_tag","embeddable":true,"href":"https:\/\/www.susoneyewear.com\/pt\/wp-json\/wp\/v2\/product_tag?post=4202"}],"curies":[{"name":"wp","href":"https:\/\/api.w.org\/{rel}","templated":true}]}}