{"id":4082,"date":"2025-10-27T21:15:34","date_gmt":"2025-10-27T13:15:34","guid":{"rendered":"https:\/\/www.susoneyewear.com\/?post_type=product&#038;p=4082"},"modified":"2026-01-15T15:40:59","modified_gmt":"2026-01-15T07:40:59","slug":"ai-smart-glasses-camera-music-call-photo-video-recording-photography-800w-camera-e03-ai-translation-smart-glasses","status":"publish","type":"product","link":"https:\/\/www.susoneyewear.com\/pt\/ai-smart-glasses-camera-music-call-photo-video-recording-photography-800w-camera-e03-ai-translation-smart-glasses\/","title":{"rendered":"Ai Smart Photography 800W Camera E03 AI Translation Smart Glasses"},"content":{"rendered":"<table style=\"width: 68.3548%;\">\n<tbody>\n<tr>\n<td style=\"width: 36.437%;\" width=\"231\">Mem\u00f3ria<\/td>\n<td style=\"width: 130.402%;\" width=\"312\">32GB<\/td>\n<\/tr>\n<tr>\n<td style=\"width: 36.437%;\" width=\"231\">C\u00e1mara<\/td>\n<td style=\"width: 130.402%;\" width=\"312\">800W<\/td>\n<\/tr>\n<tr>\n<td style=\"width: 36.437%;\" width=\"231\">V\u00eddeo<\/td>\n<td style=\"width: 130.402%;\" width=\"312\">1080P 30 quadros<\/td>\n<\/tr>\n<tr>\n<td style=\"width: 36.437%;\" width=\"231\">Mic.<\/td>\n<td style=\"width: 130.402%;\" width=\"312\">Micr\u00f3fono duplo de s\u00edlico. - redu\u00e7\u00e3o de ru\u00eddo<\/td>\n<\/tr>\n<tr>\n<td style=\"width: 36.437%;\" width=\"231\">Bot\u00f5es<\/td>\n<td style=\"width: 130.402%;\" width=\"312\">2 bot\u00f5es<\/td>\n<\/tr>\n<tr>\n<td style=\"width: 36.437%;\" width=\"231\">Bot\u00f5es de Touch<\/td>\n<td style=\"width: 130.402%;\" width=\"312\">Deslizar o toque no templo direito<\/td>\n<\/tr>\n<tr>\n<td style=\"width: 36.437%;\" width=\"231\">Falante<\/td>\n<td style=\"width: 130.402%;\" width=\"312\">Dois falantes HIFI Bass<\/td>\n<\/tr>\n<tr>\n<td style=\"width: 36.437%;\" width=\"231\">Capacidade da bateria<\/td>\n<td style=\"width: 130.402%;\" width=\"312\">230mAh, suporta carga r\u00e1pida 3C<\/td>\n<\/tr>\n<tr>\n<td style=\"width: 36.437%;\" width=\"231\">Foto\/V\u00eddeo<\/td>\n<td style=\"width: 130.402%;\" width=\"312\">apoiam a transmiss\u00e3o Wi-Fi<\/td>\n<\/tr>\n<tr>\n<td style=\"width: 36.437%;\" width=\"231\">Usar Detec\u00e7\u00e3o<\/td>\n<td style=\"width: 130.402%;\" width=\"312\">Apoio<\/td>\n<\/tr>\n<tr>\n<td style=\"width: 36.437%;\" width=\"231\">Anti-Shake<\/td>\n<td style=\"width: 130.402%;\" width=\"312\">Algoritmo anti-tremor de software<\/td>\n<\/tr>\n<tr>\n<td style=\"width: 36.437%;\" width=\"231\">Cargando Porto<\/td>\n<td style=\"width: 130.402%;\" width=\"312\">Carga r\u00e1pida magn\u00e9tica de 2 pins<\/td>\n<\/tr>\n<tr>\n<td style=\"width: 36.437%;\" width=\"231\">\u00a0Estado do LED<\/td>\n<td style=\"width: 130.402%;\" width=\"312\">Luz de indicador de c\u00e2mara<\/td>\n<\/tr>\n<tr>\n<td style=\"width: 36.437%;\" width=\"231\">Material para quadro de \u00f3culos<\/td>\n<td style=\"width: 130.402%;\" width=\"312\">TR90<\/td>\n<\/tr>\n<tr>\n<td style=\"width: 36.437%;\" width=\"231\">Material de contorno do Templo<\/td>\n<td style=\"width: 130.402%;\" width=\"312\">Aceiro inoxid\u00e1vel<\/td>\n<\/tr>\n<tr>\n<td style=\"width: 36.437%;\" width=\"231\">Cargando o Actual<\/td>\n<td style=\"width: 130.402%;\" width=\"312\">300 mA com gest\u00e3o de caminhos<\/td>\n<\/tr>\n<tr>\n<td style=\"width: 36.437%;\" width=\"231\">Tempo de carga<\/td>\n<td style=\"width: 130.402%;\" width=\"312\">70 minutos<\/td>\n<\/tr>\n<tr>\n<td style=\"width: 36.437%;\" width=\"231\">Tempo m\u00e1ximo do v\u00eddeo<br \/>\n(rodada \u00fanica)<\/td>\n<td style=\"width: 130.402%;\" width=\"312\">12 minutos<\/td>\n<\/tr>\n<tr>\n<td style=\"width: 36.437%;\" width=\"231\">Tempo cont\u00ednuo de grava\u00e7\u00e3o de v\u00eddeos<\/td>\n<td style=\"width: 130.402%;\" width=\"312\">At\u00e9 3 horas<\/td>\n<\/tr>\n<tr>\n<td style=\"width: 36.437%;\" width=\"231\">Hora de espera<\/td>\n<td style=\"width: 130.402%;\" width=\"312\">\u00a0At\u00e9 120 horas<\/td>\n<\/tr>\n<tr>\n<td style=\"width: 36.437%;\" width=\"231\">Hora da M\u00fasica<\/td>\n<td style=\"width: 130.402%;\" width=\"312\">At\u00e9 8 horas<\/td>\n<\/tr>\n<tr>\n<td style=\"width: 36.437%;\" width=\"231\">grande modelo lingu\u00edstico\uff09- Mercado ultramarino<\/td>\n<td style=\"width: 130.402%;\" width=\"312\">ChatGPT DeepSeek<\/td>\n<\/tr>\n<tr>\n<td style=\"width: 36.437%;\" width=\"231\">Acess\u00f3rios<\/td>\n<td style=\"width: 130.402%;\" width=\"312\">Caixa folh\u00e1vel, roupa de limpeza, lentes de luz anti-azul (1 par), lentes negras protegidas por UV (1 par), cabo de carga, manual de usu\u00e1rio<\/td>\n<\/tr>\n<\/tbody>\n<\/table>\n<p><img fetchpriority=\"high\" decoding=\"async\" class=\"alignnone wp-image-4099 size-full\" src=\"https:\/\/www.susoneyewear.com\/wp-content\/uploads\/2025\/10\/smart-glasses-E03-d01.jpg\" alt=\"\" width=\"930\" height=\"1428\" srcset=\"https:\/\/www.susoneyewear.com\/wp-content\/uploads\/2025\/10\/smart-glasses-E03-d01.jpg 930w, https:\/\/www.susoneyewear.com\/wp-content\/uploads\/2025\/10\/smart-glasses-E03-d01-195x300.jpg 195w, https:\/\/www.susoneyewear.com\/wp-content\/uploads\/2025\/10\/smart-glasses-E03-d01-667x1024.jpg 667w, https:\/\/www.susoneyewear.com\/wp-content\/uploads\/2025\/10\/smart-glasses-E03-d01-768x1179.jpg 768w, https:\/\/www.susoneyewear.com\/wp-content\/uploads\/2025\/10\/smart-glasses-E03-d01-600x921.jpg 600w\" sizes=\"(max-width: 930px) 100vw, 930px\" \/><\/p>\n<p><img decoding=\"async\" class=\"alignleft size-full wp-image-5189\" src=\"https:\/\/www.susoneyewear.com\/wp-content\/uploads\/2026\/01\/Large-size-version.png\" alt=\"\" width=\"800\" height=\"800\" srcset=\"https:\/\/www.susoneyewear.com\/wp-content\/uploads\/2026\/01\/Large-size-version.png 800w, https:\/\/www.susoneyewear.com\/wp-content\/uploads\/2026\/01\/Large-size-version-300x300.png 300w, https:\/\/www.susoneyewear.com\/wp-content\/uploads\/2026\/01\/Large-size-version-150x150.png 150w, https:\/\/www.susoneyewear.com\/wp-content\/uploads\/2026\/01\/Large-size-version-768x768.png 768w, https:\/\/www.susoneyewear.com\/wp-content\/uploads\/2026\/01\/Large-size-version-600x600.png 600w, https:\/\/www.susoneyewear.com\/wp-content\/uploads\/2026\/01\/Large-size-version-100x100.png 100w, https:\/\/www.susoneyewear.com\/wp-content\/uploads\/2026\/01\/Large-size-version-50x50.png 50w\" sizes=\"(max-width: 800px) 100vw, 800px\" \/> <img decoding=\"async\" class=\"alignleft size-full wp-image-5190\" src=\"https:\/\/www.susoneyewear.com\/wp-content\/uploads\/2026\/01\/Standard-version.png\" alt=\"\" width=\"800\" height=\"800\" srcset=\"https:\/\/www.susoneyewear.com\/wp-content\/uploads\/2026\/01\/Standard-version.png 800w, https:\/\/www.susoneyewear.com\/wp-content\/uploads\/2026\/01\/Standard-version-300x300.png 300w, https:\/\/www.susoneyewear.com\/wp-content\/uploads\/2026\/01\/Standard-version-150x150.png 150w, https:\/\/www.susoneyewear.com\/wp-content\/uploads\/2026\/01\/Standard-version-768x768.png 768w, https:\/\/www.susoneyewear.com\/wp-content\/uploads\/2026\/01\/Standard-version-600x600.png 600w, https:\/\/www.susoneyewear.com\/wp-content\/uploads\/2026\/01\/Standard-version-100x100.png 100w, https:\/\/www.susoneyewear.com\/wp-content\/uploads\/2026\/01\/Standard-version-50x50.png 50w\" sizes=\"(max-width: 800px) 100vw, 800px\" \/><\/p>\n<p><img loading=\"lazy\" decoding=\"async\" class=\"alignnone wp-image-4100 size-full\" src=\"https:\/\/www.susoneyewear.com\/wp-content\/uploads\/2025\/10\/smart-glasses-E03-d02.jpg\" alt=\"\" width=\"930\" height=\"1640\" srcset=\"https:\/\/www.susoneyewear.com\/wp-content\/uploads\/2025\/10\/smart-glasses-E03-d02.jpg 930w, https:\/\/www.susoneyewear.com\/wp-content\/uploads\/2025\/10\/smart-glasses-E03-d02-170x300.jpg 170w, https:\/\/www.susoneyewear.com\/wp-content\/uploads\/2025\/10\/smart-glasses-E03-d02-581x1024.jpg 581w, https:\/\/www.susoneyewear.com\/wp-content\/uploads\/2025\/10\/smart-glasses-E03-d02-768x1354.jpg 768w, https:\/\/www.susoneyewear.com\/wp-content\/uploads\/2025\/10\/smart-glasses-E03-d02-871x1536.jpg 871w, https:\/\/www.susoneyewear.com\/wp-content\/uploads\/2025\/10\/smart-glasses-E03-d02-600x1058.jpg 600w\" sizes=\"(max-width: 930px) 100vw, 930px\" \/> <img loading=\"lazy\" decoding=\"async\" class=\"alignnone wp-image-4101 size-full\" src=\"https:\/\/www.susoneyewear.com\/wp-content\/uploads\/2025\/10\/smart-glasses-E03-d03.jpg\" alt=\"\" width=\"930\" height=\"1201\" srcset=\"https:\/\/www.susoneyewear.com\/wp-content\/uploads\/2025\/10\/smart-glasses-E03-d03.jpg 930w, https:\/\/www.susoneyewear.com\/wp-content\/uploads\/2025\/10\/smart-glasses-E03-d03-232x300.jpg 232w, https:\/\/www.susoneyewear.com\/wp-content\/uploads\/2025\/10\/smart-glasses-E03-d03-793x1024.jpg 793w, https:\/\/www.susoneyewear.com\/wp-content\/uploads\/2025\/10\/smart-glasses-E03-d03-768x992.jpg 768w, https:\/\/www.susoneyewear.com\/wp-content\/uploads\/2025\/10\/smart-glasses-E03-d03-600x775.jpg 600w\" sizes=\"(max-width: 930px) 100vw, 930px\" \/> <img loading=\"lazy\" decoding=\"async\" class=\"alignnone wp-image-4102 size-full\" src=\"https:\/\/www.susoneyewear.com\/wp-content\/uploads\/2025\/10\/smart-glasses-E03-d04.jpg\" alt=\"\" width=\"930\" height=\"1732\" srcset=\"https:\/\/www.susoneyewear.com\/wp-content\/uploads\/2025\/10\/smart-glasses-E03-d04.jpg 930w, https:\/\/www.susoneyewear.com\/wp-content\/uploads\/2025\/10\/smart-glasses-E03-d04-161x300.jpg 161w, https:\/\/www.susoneyewear.com\/wp-content\/uploads\/2025\/10\/smart-glasses-E03-d04-550x1024.jpg 550w, https:\/\/www.susoneyewear.com\/wp-content\/uploads\/2025\/10\/smart-glasses-E03-d04-768x1430.jpg 768w, https:\/\/www.susoneyewear.com\/wp-content\/uploads\/2025\/10\/smart-glasses-E03-d04-825x1536.jpg 825w, https:\/\/www.susoneyewear.com\/wp-content\/uploads\/2025\/10\/smart-glasses-E03-d04-600x1117.jpg 600w\" sizes=\"(max-width: 930px) 100vw, 930px\" \/> <img loading=\"lazy\" decoding=\"async\" class=\"alignnone wp-image-4103 size-full\" src=\"https:\/\/www.susoneyewear.com\/wp-content\/uploads\/2025\/10\/smart-glasses-E03-d05.jpg\" alt=\"\" width=\"930\" height=\"1586\" srcset=\"https:\/\/www.susoneyewear.com\/wp-content\/uploads\/2025\/10\/smart-glasses-E03-d05.jpg 930w, https:\/\/www.susoneyewear.com\/wp-content\/uploads\/2025\/10\/smart-glasses-E03-d05-176x300.jpg 176w, https:\/\/www.susoneyewear.com\/wp-content\/uploads\/2025\/10\/smart-glasses-E03-d05-600x1023.jpg 600w, https:\/\/www.susoneyewear.com\/wp-content\/uploads\/2025\/10\/smart-glasses-E03-d05-768x1310.jpg 768w, https:\/\/www.susoneyewear.com\/wp-content\/uploads\/2025\/10\/smart-glasses-E03-d05-901x1536.jpg 901w\" sizes=\"(max-width: 930px) 100vw, 930px\" \/><\/p>","protected":false},"excerpt":{"rendered":"<p>Mem\u00f3ria: 32GB<br \/>\nC\u00e1mara: 800W<br \/>\nV\u00eddeo: 1080P 30 quadros<\/p>","protected":false},"featured_media":5192,"comment_status":"closed","ping_status":"closed","template":"","meta":[],"product_brand":[],"product_cat":[73,72,77,20,55,89,78,56,97,79,69,67,66,57,84,58],"product_tag":[],"class_list":{"0":"post-4082","1":"product","2":"type-product","3":"status-publish","4":"has-post-thumbnail","6":"product_cat-adult","7":"product_cat-age","8":"product_cat-elderly","9":"product_cat-frame","10":"product_cat-gender","11":"product_cat-injection-frame","12":"product_cat-lens","13":"product_cat-men","14":"product_cat-rectangle","15":"product_cat-shape","16":"product_cat-smart-glasses","17":"product_cat-sunglasses","18":"product_cat-types","19":"product_cat-unisex","20":"product_cat-uv400","21":"product_cat-women","23":"first","24":"instock","25":"shipping-taxable","26":"purchasable","27":"product-type-simple"},"_links":{"self":[{"href":"https:\/\/www.susoneyewear.com\/pt\/wp-json\/wp\/v2\/product\/4082","targetHints":{"allow":["GET"]}}],"collection":[{"href":"https:\/\/www.susoneyewear.com\/pt\/wp-json\/wp\/v2\/product"}],"about":[{"href":"https:\/\/www.susoneyewear.com\/pt\/wp-json\/wp\/v2\/types\/product"}],"replies":[{"embeddable":true,"href":"https:\/\/www.susoneyewear.com\/pt\/wp-json\/wp\/v2\/comments?post=4082"}],"wp:featuredmedia":[{"embeddable":true,"href":"https:\/\/www.susoneyewear.com\/pt\/wp-json\/wp\/v2\/media\/5192"}],"wp:attachment":[{"href":"https:\/\/www.susoneyewear.com\/pt\/wp-json\/wp\/v2\/media?parent=4082"}],"wp:term":[{"taxonomy":"product_brand","embeddable":true,"href":"https:\/\/www.susoneyewear.com\/pt\/wp-json\/wp\/v2\/product_brand?post=4082"},{"taxonomy":"product_cat","embeddable":true,"href":"https:\/\/www.susoneyewear.com\/pt\/wp-json\/wp\/v2\/product_cat?post=4082"},{"taxonomy":"product_tag","embeddable":true,"href":"https:\/\/www.susoneyewear.com\/pt\/wp-json\/wp\/v2\/product_tag?post=4082"}],"curies":[{"name":"wp","href":"https:\/\/api.w.org\/{rel}","templated":true}]}}