{"id":4054,"date":"2025-10-27T20:59:41","date_gmt":"2025-10-27T12:59:41","guid":{"rendered":"https:\/\/www.susoneyewear.com\/?post_type=product&#038;p=4054"},"modified":"2026-01-15T13:53:51","modified_gmt":"2026-01-15T05:53:51","slug":"new-square-glasses-reading-glasses-for-the-elderly-tr90-reading-glasses-lightweight-anti-blue-light-reading-glasses-for-men","status":"publish","type":"product","link":"https:\/\/www.susoneyewear.com\/pt\/new-square-glasses-reading-glasses-for-the-elderly-tr90-reading-glasses-lightweight-anti-blue-light-reading-glasses-for-men\/","title":{"rendered":"Novos \u00f3culos quadrados TR90 leves anti-azuis de leitura para homens e mulheres"},"content":{"rendered":"<h3><img fetchpriority=\"high\" decoding=\"async\" class=\"wp-image-5168 alignleft\" src=\"https:\/\/www.susoneyewear.com\/wp-content\/uploads\/2025\/10\/tr9012.jpg\" alt=\"\u00f3culos de leitura TR90\" width=\"622\" height=\"622\" srcset=\"https:\/\/www.susoneyewear.com\/wp-content\/uploads\/2025\/10\/tr9012.jpg 800w, https:\/\/www.susoneyewear.com\/wp-content\/uploads\/2025\/10\/tr9012-300x300.jpg 300w, https:\/\/www.susoneyewear.com\/wp-content\/uploads\/2025\/10\/tr9012-150x150.jpg 150w, https:\/\/www.susoneyewear.com\/wp-content\/uploads\/2025\/10\/tr9012-768x768.jpg 768w, https:\/\/www.susoneyewear.com\/wp-content\/uploads\/2025\/10\/tr9012-600x600.jpg 600w, https:\/\/www.susoneyewear.com\/wp-content\/uploads\/2025\/10\/tr9012-100x100.jpg 100w, https:\/\/www.susoneyewear.com\/wp-content\/uploads\/2025\/10\/tr9012-50x50.jpg 50w\" sizes=\"(max-width: 622px) 100vw, 622px\" \/><\/h3>\n<h3>Materiales<\/h3>\n<p>Material de quadro: TR90<br \/>\nMaterial do Templo: TR90<br \/>\nlente: bloqueio de luz azul CR39<br \/>\nTipo de ponta: TR90<br \/>\nPeso:16g<\/p>\n<h3>Medi\u00e7\u00f5es<\/h3>\n<p>Largura do quadro: 63 mm<br \/>\nLargura da ponte: 14 mm<br \/>\nLongitude do Templo: 146 mm<br \/>\nSeletor de energia -- 1,00_;  1.50\uff1b  2.00\uff1b  2.50\uff1b  3.00\uff1b  3.50\uff1b  4.00<\/p>\n<h3>Ordem m\u00ednima<\/h3>\n<p>12pcs \/ Modelo<br \/>\n20pcs \/ Modelo para Imprimir Logo<br \/>\n600pcs \/ Modelo de ordem de produ\u00e7\u00e3o<\/p>\n<h3>Servi\u00e7os<\/h3>\n<p>Controlo da qualidade: 100% QC<br \/>\nLogo: Customize your brand&amp; Logo<br \/>\nOEM: Voc\u00ea projeta, n\u00f3s fabricamos<br \/>\nODM: N\u00f3s projetamos e fabricamos sua marca<br \/>\nEnv\u00edo: Entregar ao destino de acordo com o cliente&#8217; os requisitos<\/p>\n<p>&nbsp;<\/p>\n<p><span class=\"magic-32\"><span class=\"magic-33\"><b class=\"magic-33\">Q1: O que voc\u00ea fornece?<\/b><\/span><br \/>\n<span class=\"magic-33\">A1: Somos um fabricante de roupas oculares, principalmente fornecendo \u00f3culos de leitura e \u00f3culos de sol de material de PC, e \u00f3culos de sol de acetato de alta qualidade e quadro \u00f3ptico, podemos fornecer qualquer acess\u00f3rio de acordo com o cliente&#8217; o requisito<\/span><\/p>\n<p><b>Q2: Voc\u00ea fornece logos personalizados? O que? \u00e9 o MOQ?<\/b><br \/>\nA2: Sim, podemos personalizar o logotipo para voc\u00ea, pls enviar uma mensagem ou conversar por email os detalhes sobre como adicionar o logotipo<\/p>\n<p><b>Q3: Voc\u00ea pode nos enviar uma amostra de logotipo personalizada para verificar?<\/b><br \/>\nA3: Sim, n\u00f3s apoiamos fazendo a qualidade e detalhes de verifica\u00e7\u00e3o da amostra antes da ordem de massa<\/p>\n<p><b>Q4: Qual \u00e9 o tempo de entrega para uma encomenda em massa?<\/b><br \/>\nA4: Logo de adi\u00e7\u00e3o de a\u00e7\u00f5es prontas: 10 dias comuns;<br \/>\nNova ordem de produ\u00e7\u00e3o: Normalmente, enviaremos dentro de 45 dias ap\u00f3s o pagamento<\/p>\n<p><b>Q5. E o pagamento?<\/b><br \/>\nA5:30% pagou primeiro, e o saldo pago antes do transporte<\/p>\n<p><b>Q6: Voc\u00ea pode me ajudar a enviar diretamente para o armaz\u00e9m da Amaz\u00f4nia?<br \/>\n<\/b> A6:<\/span><span class=\"magic-32\">Sim, podemos ajud\u00e1-los a colocar os r\u00f3tulos e enviar diretamente para o armaz\u00e9m da Amaz\u00f4nia<\/span><\/p>\n<div><span class=\"magic-32\" data-spm-anchor-id=\"a2700.details-description.0.i1.7197bNmjbNmj0j\"> <b>Q7: E o expresso?<br \/>\n<\/b> A7: Normalmente podemos enviar por qualquer pedido expresso, como FedEx, DHL, UPS, voc\u00ea ir\u00e1 receber em 5-8 dias; Outros pelo ar e pelo mar&#8230; Dependendo da exig\u00eancia dos clientes.<\/span><\/div>","protected":false},"excerpt":{"rendered":"<p>Material de quadro: TR90<br \/>\nMaterial do Templo: TR90<br \/>\nlente: bloqueio de luz azul CR39<br \/>\nTipo de ponta: TR90<\/p>","protected":false},"featured_media":4058,"comment_status":"closed","ping_status":"closed","template":"","meta":[],"product_brand":[],"product_cat":[72,86,77,20,55,89,78,56,82,97,79,66,57,58],"product_tag":[],"class_list":{"0":"post-4054","1":"product","2":"type-product","3":"status-publish","4":"has-post-thumbnail","6":"product_cat-age","7":"product_cat-anti-blue-light","8":"product_cat-elderly","9":"product_cat-frame","10":"product_cat-gender","11":"product_cat-injection-frame","12":"product_cat-lens","13":"product_cat-men","14":"product_cat-reading","15":"product_cat-rectangle","16":"product_cat-shape","17":"product_cat-types","18":"product_cat-unisex","19":"product_cat-women","21":"first","22":"instock","23":"shipping-taxable","24":"purchasable","25":"product-type-simple"},"_links":{"self":[{"href":"https:\/\/www.susoneyewear.com\/pt\/wp-json\/wp\/v2\/product\/4054","targetHints":{"allow":["GET"]}}],"collection":[{"href":"https:\/\/www.susoneyewear.com\/pt\/wp-json\/wp\/v2\/product"}],"about":[{"href":"https:\/\/www.susoneyewear.com\/pt\/wp-json\/wp\/v2\/types\/product"}],"replies":[{"embeddable":true,"href":"https:\/\/www.susoneyewear.com\/pt\/wp-json\/wp\/v2\/comments?post=4054"}],"wp:featuredmedia":[{"embeddable":true,"href":"https:\/\/www.susoneyewear.com\/pt\/wp-json\/wp\/v2\/media\/4058"}],"wp:attachment":[{"href":"https:\/\/www.susoneyewear.com\/pt\/wp-json\/wp\/v2\/media?parent=4054"}],"wp:term":[{"taxonomy":"product_brand","embeddable":true,"href":"https:\/\/www.susoneyewear.com\/pt\/wp-json\/wp\/v2\/product_brand?post=4054"},{"taxonomy":"product_cat","embeddable":true,"href":"https:\/\/www.susoneyewear.com\/pt\/wp-json\/wp\/v2\/product_cat?post=4054"},{"taxonomy":"product_tag","embeddable":true,"href":"https:\/\/www.susoneyewear.com\/pt\/wp-json\/wp\/v2\/product_tag?post=4054"}],"curies":[{"name":"wp","href":"https:\/\/api.w.org\/{rel}","templated":true}]}}