{"id":4038,"date":"2025-10-27T20:43:31","date_gmt":"2025-10-27T12:43:31","guid":{"rendered":"https:\/\/www.susoneyewear.com\/?post_type=product&#038;p=4038"},"modified":"2026-01-15T14:32:32","modified_gmt":"2026-01-15T06:32:32","slug":"new-multifocal-anti-blue-light-reading-glasses-for-women-fox-head-dual-purpose-reading-glasses","status":"publish","type":"product","link":"https:\/\/www.susoneyewear.com\/pt\/new-multifocal-anti-blue-light-reading-glasses-for-women-fox-head-dual-purpose-reading-glasses\/","title":{"rendered":"Novos \u00f3culos multifocais anti-azuis de leitura de luz para mulheres, \u00f3culos de leitura de cabe\u00e7a de raposa de dois prop\u00f3sitos"},"content":{"rendered":"<h3><img fetchpriority=\"high\" decoding=\"async\" class=\"alignleft  wp-image-5173\" src=\"https:\/\/www.susoneyewear.com\/wp-content\/uploads\/2025\/10\/m032.jpg\" alt=\"\u00f3culos de leitura pretos\" width=\"632\" height=\"632\" srcset=\"https:\/\/www.susoneyewear.com\/wp-content\/uploads\/2025\/10\/m032.jpg 800w, https:\/\/www.susoneyewear.com\/wp-content\/uploads\/2025\/10\/m032-300x300.jpg 300w, https:\/\/www.susoneyewear.com\/wp-content\/uploads\/2025\/10\/m032-150x150.jpg 150w, https:\/\/www.susoneyewear.com\/wp-content\/uploads\/2025\/10\/m032-768x768.jpg 768w, https:\/\/www.susoneyewear.com\/wp-content\/uploads\/2025\/10\/m032-600x600.jpg 600w, https:\/\/www.susoneyewear.com\/wp-content\/uploads\/2025\/10\/m032-100x100.jpg 100w, https:\/\/www.susoneyewear.com\/wp-content\/uploads\/2025\/10\/m032-50x50.jpg 50w\" sizes=\"(max-width: 632px) 100vw, 632px\" \/><\/h3>\n<h3>Materiales<\/h3>\n<p>Material de quadro: Policarbonato<br \/>\nMaterial do Templo: Policarbonato<br \/>\nlente: PC azul bloqueando a leitura e lente multifocal<br \/>\nTipo de ponta: Metal<\/p>\n<h3>Medi\u00e7\u00f5es<\/h3>\n<p>Largura do quadro: 55 mm<br \/>\nLargura da ponte: 20 mm<br \/>\nLongitude do Templo: 132 mm<br \/>\nSeletor de energia -- 1,00_;  1.50\uff1b  2.00\uff1b  2.50\uff1b  3.00\uff1b  3.50\uff1b  4.00<\/p>\n<h3>Ordem m\u00ednima<\/h3>\n<p>12pcs \/ Modelo<br \/>\n20pcs \/ Modelo para Imprimir Logo<br \/>\n600pcs \/ Modelo de ordem de produ\u00e7\u00e3o<\/p>\n<h3>Servi\u00e7os<\/h3>\n<p>Controlo da qualidade: 100% QC<br \/>\nLogo: Customized your brand&amp; Logo<br \/>\nOEM: Voc\u00ea projeta, n\u00f3s fabricamos<br \/>\nODM: N\u00f3s projetamos e fabricamos, sua marca<br \/>\nEnv\u00edo: Entregar ao destino de acordo com o cliente&#8217; os requisitos<\/p>\n<p><img decoding=\"async\" class=\"alignnone wp-image-4041 size-full\" src=\"https:\/\/www.susoneyewear.com\/wp-content\/uploads\/2025\/10\/reading-M032-C5.jpg\" alt=\"\" width=\"800\" height=\"800\" srcset=\"https:\/\/www.susoneyewear.com\/wp-content\/uploads\/2025\/10\/reading-M032-C5.jpg 800w, https:\/\/www.susoneyewear.com\/wp-content\/uploads\/2025\/10\/reading-M032-C5-300x300.jpg 300w, https:\/\/www.susoneyewear.com\/wp-content\/uploads\/2025\/10\/reading-M032-C5-150x150.jpg 150w, https:\/\/www.susoneyewear.com\/wp-content\/uploads\/2025\/10\/reading-M032-C5-768x768.jpg 768w, https:\/\/www.susoneyewear.com\/wp-content\/uploads\/2025\/10\/reading-M032-C5-600x600.jpg 600w, https:\/\/www.susoneyewear.com\/wp-content\/uploads\/2025\/10\/reading-M032-C5-100x100.jpg 100w\" sizes=\"(max-width: 800px) 100vw, 800px\" \/><\/p>","protected":false},"excerpt":{"rendered":"<p>Material de quadro: Policarbonato<br \/>\nMaterial do Templo: Policarbonato<br \/>\nlente: PC azul bloqueando a leitura e lente multifocal<br \/>\nTipo de ponta: Metal<\/p>","protected":false},"featured_media":4039,"comment_status":"closed","ping_status":"closed","template":"","meta":[],"product_brand":[],"product_cat":[72,86,77,20,55,89,78,100,82,79,66,58],"product_tag":[],"class_list":{"0":"post-4038","1":"product","2":"type-product","3":"status-publish","4":"has-post-thumbnail","6":"product_cat-age","7":"product_cat-anti-blue-light","8":"product_cat-elderly","9":"product_cat-frame","10":"product_cat-gender","11":"product_cat-injection-frame","12":"product_cat-lens","13":"product_cat-others-shape","14":"product_cat-reading","15":"product_cat-shape","16":"product_cat-types","17":"product_cat-women","19":"first","20":"instock","21":"shipping-taxable","22":"purchasable","23":"product-type-simple"},"_links":{"self":[{"href":"https:\/\/www.susoneyewear.com\/pt\/wp-json\/wp\/v2\/product\/4038","targetHints":{"allow":["GET"]}}],"collection":[{"href":"https:\/\/www.susoneyewear.com\/pt\/wp-json\/wp\/v2\/product"}],"about":[{"href":"https:\/\/www.susoneyewear.com\/pt\/wp-json\/wp\/v2\/types\/product"}],"replies":[{"embeddable":true,"href":"https:\/\/www.susoneyewear.com\/pt\/wp-json\/wp\/v2\/comments?post=4038"}],"wp:featuredmedia":[{"embeddable":true,"href":"https:\/\/www.susoneyewear.com\/pt\/wp-json\/wp\/v2\/media\/4039"}],"wp:attachment":[{"href":"https:\/\/www.susoneyewear.com\/pt\/wp-json\/wp\/v2\/media?parent=4038"}],"wp:term":[{"taxonomy":"product_brand","embeddable":true,"href":"https:\/\/www.susoneyewear.com\/pt\/wp-json\/wp\/v2\/product_brand?post=4038"},{"taxonomy":"product_cat","embeddable":true,"href":"https:\/\/www.susoneyewear.com\/pt\/wp-json\/wp\/v2\/product_cat?post=4038"},{"taxonomy":"product_tag","embeddable":true,"href":"https:\/\/www.susoneyewear.com\/pt\/wp-json\/wp\/v2\/product_tag?post=4038"}],"curies":[{"name":"wp","href":"https:\/\/api.w.org\/{rel}","templated":true}]}}