{"id":4023,"date":"2025-10-27T20:25:57","date_gmt":"2025-10-27T12:25:57","guid":{"rendered":"https:\/\/www.susoneyewear.com\/?post_type=product&#038;p=4023"},"modified":"2026-01-15T15:10:45","modified_gmt":"2026-01-15T07:10:45","slug":"new-diamond-cut-frameless-reading-glasses-high-definition-anti-blue-light-reading-glasses-elegant-frameless-pink-gradient-lens-reading-glasses-2598","status":"publish","type":"product","link":"https:\/\/www.susoneyewear.com\/pt\/new-diamond-cut-frameless-reading-glasses-high-definition-anti-blue-light-reading-glasses-elegant-frameless-pink-gradient-lens-reading-glasses-2598\/","title":{"rendered":"Novos \u00f3culos de leitura de alta defini\u00e7\u00e3o, cortados de diamante, sem quadro 2598"},"content":{"rendered":"<h3><img fetchpriority=\"high\" decoding=\"async\" class=\"alignleft  wp-image-5177\" src=\"https:\/\/www.susoneyewear.com\/wp-content\/uploads\/2025\/10\/2598j.jpg\" alt=\"\u00f3culos de leitura rosa\" width=\"643\" height=\"643\" srcset=\"https:\/\/www.susoneyewear.com\/wp-content\/uploads\/2025\/10\/2598j.jpg 800w, https:\/\/www.susoneyewear.com\/wp-content\/uploads\/2025\/10\/2598j-300x300.jpg 300w, https:\/\/www.susoneyewear.com\/wp-content\/uploads\/2025\/10\/2598j-150x150.jpg 150w, https:\/\/www.susoneyewear.com\/wp-content\/uploads\/2025\/10\/2598j-768x768.jpg 768w, https:\/\/www.susoneyewear.com\/wp-content\/uploads\/2025\/10\/2598j-600x600.jpg 600w, https:\/\/www.susoneyewear.com\/wp-content\/uploads\/2025\/10\/2598j-100x100.jpg 100w, https:\/\/www.susoneyewear.com\/wp-content\/uploads\/2025\/10\/2598j-50x50.jpg 50w\" sizes=\"(max-width: 643px) 100vw, 643px\" \/><\/h3>\n<h3>Materiales<\/h3>\n<p>Material de quadro: Inrig\u00edvel<br \/>\nMaterial do Templo: Aceiro inoxid\u00e1vel<br \/>\nlente: PC luz azul bloqueando lente de leitura<br \/>\nTipo de ponta: ponta met\u00e1lica<\/p>\n<h3>Medi\u00e7\u00f5es<\/h3>\n<p>Largura do quadro: 57 mm<br \/>\nLargura da ponte: 17 mm<br \/>\nLongitude do Templo: 143 mm<br \/>\nSeletor de energia -- 1,00_;  1.50\uff1b  2.00\uff1b  2.50\uff1b  3.00\uff1b  3.50\uff1b  4.00<\/p>\n<h3>Ordem m\u00ednima<\/h3>\n<p>12pcs \/ Modelo<br \/>\n20pcs \/ Modelo para Imprimir Logo<br \/>\n600pcs \/ Modelo de ordem de produ\u00e7\u00e3o<\/p>\n<h3>Servi\u00e7os<\/h3>\n<p>Controlo da qualidade: 100% QC<br \/>\nLogo: Customize your brand&amp; Logo<br \/>\nOEM: Voc\u00ea projeta, n\u00f3s fabricamos<br \/>\nODM: N\u00f3s projetamos e fabricamos sua marca<br \/>\nEnv\u00edo: Entregar ao destino de acordo com o cliente&#8217; os requisitos<\/p>\n<h3><\/h3>\n<p>&nbsp;<\/p>","protected":false},"excerpt":{"rendered":"<p>Material de quadro: Inrig\u00edvel<br \/>\nMaterial do Templo: Aceiro inoxid\u00e1vel<br \/>\nlente: PC luz azul bloqueando lente de leitura<br \/>\nTipo de ponta: ponta met\u00e1lica<\/p>","protected":false},"featured_media":4024,"comment_status":"closed","ping_status":"closed","template":"","meta":[],"product_brand":[],"product_cat":[72,86,95,87,77,20,55,78,90,70,82,98,79,66,84,58],"product_tag":[],"class_list":{"0":"post-4023","1":"product","2":"type-product","3":"status-publish","4":"has-post-thumbnail","6":"product_cat-age","7":"product_cat-anti-blue-light","8":"product_cat-cat-eye","9":"product_cat-demo","10":"product_cat-elderly","11":"product_cat-frame","12":"product_cat-gender","13":"product_cat-lens","14":"product_cat-metal-frame","15":"product_cat-optical-frames","16":"product_cat-reading","17":"product_cat-rimless","18":"product_cat-shape","19":"product_cat-types","20":"product_cat-uv400","21":"product_cat-women","23":"first","24":"instock","25":"shipping-taxable","26":"purchasable","27":"product-type-simple"},"_links":{"self":[{"href":"https:\/\/www.susoneyewear.com\/pt\/wp-json\/wp\/v2\/product\/4023","targetHints":{"allow":["GET"]}}],"collection":[{"href":"https:\/\/www.susoneyewear.com\/pt\/wp-json\/wp\/v2\/product"}],"about":[{"href":"https:\/\/www.susoneyewear.com\/pt\/wp-json\/wp\/v2\/types\/product"}],"replies":[{"embeddable":true,"href":"https:\/\/www.susoneyewear.com\/pt\/wp-json\/wp\/v2\/comments?post=4023"}],"wp:featuredmedia":[{"embeddable":true,"href":"https:\/\/www.susoneyewear.com\/pt\/wp-json\/wp\/v2\/media\/4024"}],"wp:attachment":[{"href":"https:\/\/www.susoneyewear.com\/pt\/wp-json\/wp\/v2\/media?parent=4023"}],"wp:term":[{"taxonomy":"product_brand","embeddable":true,"href":"https:\/\/www.susoneyewear.com\/pt\/wp-json\/wp\/v2\/product_brand?post=4023"},{"taxonomy":"product_cat","embeddable":true,"href":"https:\/\/www.susoneyewear.com\/pt\/wp-json\/wp\/v2\/product_cat?post=4023"},{"taxonomy":"product_tag","embeddable":true,"href":"https:\/\/www.susoneyewear.com\/pt\/wp-json\/wp\/v2\/product_tag?post=4023"}],"curies":[{"name":"wp","href":"https:\/\/api.w.org\/{rel}","templated":true}]}}