{"id":3997,"date":"2025-10-27T19:54:55","date_gmt":"2025-10-27T11:54:55","guid":{"rendered":"https:\/\/www.susoneyewear.com\/?post_type=product&#038;p=3997"},"modified":"2026-01-20T11:29:50","modified_gmt":"2026-01-20T03:29:50","slug":"round-titanium-optical-frame-custom-unisex-frame-myopia-glasses","status":"publish","type":"product","link":"https:\/\/www.susoneyewear.com\/pt\/round-titanium-optical-frame-custom-unisex-frame-myopia-glasses\/","title":{"rendered":"Frame \u00f3ptico de tit\u00e2nio redondo, quadro de miopia personalizada Unisex"},"content":{"rendered":"<h3><img fetchpriority=\"high\" decoding=\"async\" class=\"alignnone wp-image-4003 size-full\" src=\"https:\/\/www.susoneyewear.com\/wp-content\/uploads\/2025\/10\/size-1.jpg\" alt=\"\" width=\"800\" height=\"800\" srcset=\"https:\/\/www.susoneyewear.com\/wp-content\/uploads\/2025\/10\/size-1.jpg 800w, https:\/\/www.susoneyewear.com\/wp-content\/uploads\/2025\/10\/size-1-300x300.jpg 300w, https:\/\/www.susoneyewear.com\/wp-content\/uploads\/2025\/10\/size-1-150x150.jpg 150w, https:\/\/www.susoneyewear.com\/wp-content\/uploads\/2025\/10\/size-1-768x768.jpg 768w, https:\/\/www.susoneyewear.com\/wp-content\/uploads\/2025\/10\/size-1-600x600.jpg 600w, https:\/\/www.susoneyewear.com\/wp-content\/uploads\/2025\/10\/size-1-100x100.jpg 100w\" sizes=\"(max-width: 800px) 100vw, 800px\" \/><\/h3>\n<h3>Materiales<\/h3>\n<p>Material de quadro: \u03b2-Tit\u00e2nio<br \/>\nMaterial do Templo: \u03b2-Tit\u00e2nio<\/p>\n<h3>Medi\u00e7\u00f5es<\/h3>\n<p>Largura do quadro: 51mm<br \/>\nLargura da ponte: 20 mm<br \/>\nLongitude do Templo: 145mm<\/p>\n<h3>Ordem m\u00ednima<\/h3>\n<p>12pcs \/ Modelo<br \/>\n20pcs \/ Modelo para Imprimir Logo<br \/>\n600pcs \/ Modelo para ordem de produ\u00e7\u00e3o OEM ODM<\/p>\n<h3>Servi\u00e7os<\/h3>\n<p>Controlo da qualidade: 100% QC<br \/>\nLogo: Customized your brand&amp; Logo<br \/>\nOEM: Voc\u00ea projeta, n\u00f3s fabricamos<br \/>\nODM: N\u00f3s projetamos e fabricamos, sua marca<br \/>\nEnv\u00edo: Entregar ao destino de acordo com o cliente&#8217; os requisitos<\/p>","protected":false},"excerpt":{"rendered":"<p>MOQ: Logo personalizado de a\u00e7\u00f5es prontas: 50pcs; OEM\/ODM:500pcs<\/p>\n<p>Servi\u00e7os de personaliza\u00e7\u00e3o incluem design de logotipo, embalagem, sele\u00e7\u00e3o de cores e cria\u00e7\u00e3o de moldes.<\/p>\n<p>Tempo de execu\u00e7\u00e3o da amostra: Logo de adi\u00e7\u00e3o de a\u00e7\u00f5es prontas: Cerca de 7 dias; Nova produ\u00e7\u00e3o: 35dias<\/p>\n<p>Material: Aceto \/ TR90 \/ Metal Adjust\u00e1vel de acordo com os requisitos.<\/p>\n<p>Certifica\u00e7\u00f5es: CE \/ FDA \/ UKCA \/ ISO9001<\/p>","protected":false},"featured_media":4000,"comment_status":"closed","ping_status":"closed","template":"","meta":[],"product_brand":[],"product_cat":[73,72,87,77,20,55,78,56,70,96,79,91,66,57,58],"product_tag":[],"class_list":{"0":"post-3997","1":"product","2":"type-product","3":"status-publish","4":"has-post-thumbnail","6":"product_cat-adult","7":"product_cat-age","8":"product_cat-demo","9":"product_cat-elderly","10":"product_cat-frame","11":"product_cat-gender","12":"product_cat-lens","13":"product_cat-men","14":"product_cat-optical-frames","15":"product_cat-round","16":"product_cat-shape","17":"product_cat-titanium-frame","18":"product_cat-types","19":"product_cat-unisex","20":"product_cat-women","22":"first","23":"instock","24":"shipping-taxable","25":"purchasable","26":"product-type-simple"},"_links":{"self":[{"href":"https:\/\/www.susoneyewear.com\/pt\/wp-json\/wp\/v2\/product\/3997","targetHints":{"allow":["GET"]}}],"collection":[{"href":"https:\/\/www.susoneyewear.com\/pt\/wp-json\/wp\/v2\/product"}],"about":[{"href":"https:\/\/www.susoneyewear.com\/pt\/wp-json\/wp\/v2\/types\/product"}],"replies":[{"embeddable":true,"href":"https:\/\/www.susoneyewear.com\/pt\/wp-json\/wp\/v2\/comments?post=3997"}],"wp:featuredmedia":[{"embeddable":true,"href":"https:\/\/www.susoneyewear.com\/pt\/wp-json\/wp\/v2\/media\/4000"}],"wp:attachment":[{"href":"https:\/\/www.susoneyewear.com\/pt\/wp-json\/wp\/v2\/media?parent=3997"}],"wp:term":[{"taxonomy":"product_brand","embeddable":true,"href":"https:\/\/www.susoneyewear.com\/pt\/wp-json\/wp\/v2\/product_brand?post=3997"},{"taxonomy":"product_cat","embeddable":true,"href":"https:\/\/www.susoneyewear.com\/pt\/wp-json\/wp\/v2\/product_cat?post=3997"},{"taxonomy":"product_tag","embeddable":true,"href":"https:\/\/www.susoneyewear.com\/pt\/wp-json\/wp\/v2\/product_tag?post=3997"}],"curies":[{"name":"wp","href":"https:\/\/api.w.org\/{rel}","templated":true}]}}