{"id":3948,"date":"2025-10-27T19:33:07","date_gmt":"2025-10-27T11:33:07","guid":{"rendered":"https:\/\/www.susoneyewear.com\/?post_type=product&#038;p=3948"},"modified":"2026-01-14T17:27:50","modified_gmt":"2026-01-14T09:27:50","slug":"fashionable-drivers-to-stainless-steel-clip-on-uv400-polarized-sunglasses-metal-glasses-custom-sunglasses-night-vision-glsses","status":"publish","type":"product","link":"https:\/\/www.susoneyewear.com\/pt\/fashionable-drivers-to-stainless-steel-clip-on-uv400-polarized-sunglasses-metal-glasses-custom-sunglasses-night-vision-glsses\/","title":{"rendered":"Condutores de moda para o clip de a\u00e7o inoxid\u00e1vel em \u00f3culos de sol polizados UV400"},"content":{"rendered":"<h3><img fetchpriority=\"high\" decoding=\"async\" class=\"alignleft wp-image-5137\" src=\"https:\/\/www.susoneyewear.com\/wp-content\/uploads\/2025\/10\/\u5c3a\u5bf8\u56fe.jpg\" alt=\"clubmaster frame clip em \u00f3culos\" width=\"573\" height=\"573\" srcset=\"https:\/\/www.susoneyewear.com\/wp-content\/uploads\/2025\/10\/\u5c3a\u5bf8\u56fe.jpg 800w, https:\/\/www.susoneyewear.com\/wp-content\/uploads\/2025\/10\/\u5c3a\u5bf8\u56fe-300x300.jpg 300w, https:\/\/www.susoneyewear.com\/wp-content\/uploads\/2025\/10\/\u5c3a\u5bf8\u56fe-150x150.jpg 150w, https:\/\/www.susoneyewear.com\/wp-content\/uploads\/2025\/10\/\u5c3a\u5bf8\u56fe-768x768.jpg 768w, https:\/\/www.susoneyewear.com\/wp-content\/uploads\/2025\/10\/\u5c3a\u5bf8\u56fe-600x600.jpg 600w, https:\/\/www.susoneyewear.com\/wp-content\/uploads\/2025\/10\/\u5c3a\u5bf8\u56fe-100x100.jpg 100w, https:\/\/www.susoneyewear.com\/wp-content\/uploads\/2025\/10\/\u5c3a\u5bf8\u56fe-50x50.jpg 50w\" sizes=\"(max-width: 573px) 100vw, 573px\" \/><\/h3>\n<h3><strong>Materiales<\/strong><\/h3>\n<p>Material de quadro: TR90 METAL<br \/>\nMaterial do Templo: TR90<br \/>\nMaterial de lente: TAC Polarizado, Vis\u00e3o Noctural<\/p>\n<h3>Medi\u00e7\u00f5es<\/h3>\n<p>Largura do quadro: 54mm<br \/>\nLargura da ponte: 23 mm<br \/>\nLongitude do Templo: 146mm<\/p>\n<h3>Ordem m\u00ednima<\/h3>\n<p>12pcs \/ Modelo<br \/>\n20pcs \/ Modelo para Imprimir Logo<br \/>\n600pcs \/ Modelo para ordem de produ\u00e7\u00e3o OEM ODM<\/p>\n<h3>Servi\u00e7os<\/h3>\n<p>Controlo da qualidade: 100% QC<br \/>\nLogo: Personalize seu Logo<br \/>\nOEM: Voc\u00ea projeta, n\u00f3s fabricamos<br \/>\nODM: N\u00f3s projetamos e fabricamos para sua marca<br \/>\nEnv\u00edo: Entregar ao destino de acordo com o cliente&#8217; os requisitos<\/p>\n<h3><\/h3>\n<p>&nbsp;<\/p>\n<p data-wp-editing=\"1\"><img decoding=\"async\" class=\"alignnone wp-image-5141 size-full\" src=\"https:\/\/www.susoneyewear.com\/wp-content\/uploads\/2025\/10\/24-7800_06-1.jpg\" alt=\"\" width=\"790\" height=\"968\" srcset=\"https:\/\/www.susoneyewear.com\/wp-content\/uploads\/2025\/10\/24-7800_06-1.jpg 790w, https:\/\/www.susoneyewear.com\/wp-content\/uploads\/2025\/10\/24-7800_06-1-245x300.jpg 245w, https:\/\/www.susoneyewear.com\/wp-content\/uploads\/2025\/10\/24-7800_06-1-768x941.jpg 768w, https:\/\/www.susoneyewear.com\/wp-content\/uploads\/2025\/10\/24-7800_06-1-600x735.jpg 600w\" sizes=\"(max-width: 790px) 100vw, 790px\" \/> <img decoding=\"async\" class=\"alignnone wp-image-5140 size-full\" src=\"https:\/\/www.susoneyewear.com\/wp-content\/uploads\/2025\/10\/24-7800_06.jpg\" alt=\"\" width=\"790\" height=\"1130\" srcset=\"https:\/\/www.susoneyewear.com\/wp-content\/uploads\/2025\/10\/24-7800_06.jpg 790w, https:\/\/www.susoneyewear.com\/wp-content\/uploads\/2025\/10\/24-7800_06-210x300.jpg 210w, https:\/\/www.susoneyewear.com\/wp-content\/uploads\/2025\/10\/24-7800_06-716x1024.jpg 716w, https:\/\/www.susoneyewear.com\/wp-content\/uploads\/2025\/10\/24-7800_06-768x1099.jpg 768w, https:\/\/www.susoneyewear.com\/wp-content\/uploads\/2025\/10\/24-7800_06-600x858.jpg 600w\" sizes=\"(max-width: 790px) 100vw, 790px\" \/> <img loading=\"lazy\" decoding=\"async\" class=\"alignnone wp-image-5139 size-full\" src=\"https:\/\/www.susoneyewear.com\/wp-content\/uploads\/2025\/10\/24-7800_02.jpg\" alt=\"\" width=\"790\" height=\"1099\" srcset=\"https:\/\/www.susoneyewear.com\/wp-content\/uploads\/2025\/10\/24-7800_02.jpg 790w, https:\/\/www.susoneyewear.com\/wp-content\/uploads\/2025\/10\/24-7800_02-216x300.jpg 216w, https:\/\/www.susoneyewear.com\/wp-content\/uploads\/2025\/10\/24-7800_02-736x1024.jpg 736w, https:\/\/www.susoneyewear.com\/wp-content\/uploads\/2025\/10\/24-7800_02-768x1068.jpg 768w, https:\/\/www.susoneyewear.com\/wp-content\/uploads\/2025\/10\/24-7800_02-600x835.jpg 600w\" sizes=\"(max-width: 790px) 100vw, 790px\" \/> <img loading=\"lazy\" decoding=\"async\" class=\"alignnone wp-image-5138 size-full\" src=\"https:\/\/www.susoneyewear.com\/wp-content\/uploads\/2025\/10\/24-7800_01.jpg\" alt=\"\" width=\"790\" height=\"1130\" srcset=\"https:\/\/www.susoneyewear.com\/wp-content\/uploads\/2025\/10\/24-7800_01.jpg 790w, https:\/\/www.susoneyewear.com\/wp-content\/uploads\/2025\/10\/24-7800_01-210x300.jpg 210w, https:\/\/www.susoneyewear.com\/wp-content\/uploads\/2025\/10\/24-7800_01-716x1024.jpg 716w, https:\/\/www.susoneyewear.com\/wp-content\/uploads\/2025\/10\/24-7800_01-768x1099.jpg 768w, https:\/\/www.susoneyewear.com\/wp-content\/uploads\/2025\/10\/24-7800_01-600x858.jpg 600w\" sizes=\"(max-width: 790px) 100vw, 790px\" \/><\/p>\n<p>&nbsp;<\/p>\n<p>&nbsp;<\/p>\n<p>&nbsp;<\/p>\n<p>&nbsp;<\/p>\n<p>&nbsp;<\/p>","protected":false},"excerpt":{"rendered":"<ul>\n<li>Material de quadro: TR90 METAL<\/li>\n<li>Material do Templo: TR90<\/li>\n<li>Material de lente: TAC Polarizado<\/li>\n<\/ul>","protected":false},"featured_media":3965,"comment_status":"closed","ping_status":"closed","template":"","meta":[],"product_brand":[],"product_cat":[73,72,81,87,77,20,55,78,56,90,70,100,97,79,66,57,84,58],"product_tag":[],"class_list":{"0":"post-3948","1":"product","2":"type-product","3":"status-publish","4":"has-post-thumbnail","6":"product_cat-adult","7":"product_cat-age","8":"product_cat-clip-on","9":"product_cat-demo","10":"product_cat-elderly","11":"product_cat-frame","12":"product_cat-gender","13":"product_cat-lens","14":"product_cat-men","15":"product_cat-metal-frame","16":"product_cat-optical-frames","17":"product_cat-others-shape","18":"product_cat-rectangle","19":"product_cat-shape","20":"product_cat-types","21":"product_cat-unisex","22":"product_cat-uv400","23":"product_cat-women","25":"first","26":"instock","27":"shipping-taxable","28":"purchasable","29":"product-type-simple"},"_links":{"self":[{"href":"https:\/\/www.susoneyewear.com\/pt\/wp-json\/wp\/v2\/product\/3948","targetHints":{"allow":["GET"]}}],"collection":[{"href":"https:\/\/www.susoneyewear.com\/pt\/wp-json\/wp\/v2\/product"}],"about":[{"href":"https:\/\/www.susoneyewear.com\/pt\/wp-json\/wp\/v2\/types\/product"}],"replies":[{"embeddable":true,"href":"https:\/\/www.susoneyewear.com\/pt\/wp-json\/wp\/v2\/comments?post=3948"}],"wp:featuredmedia":[{"embeddable":true,"href":"https:\/\/www.susoneyewear.com\/pt\/wp-json\/wp\/v2\/media\/3965"}],"wp:attachment":[{"href":"https:\/\/www.susoneyewear.com\/pt\/wp-json\/wp\/v2\/media?parent=3948"}],"wp:term":[{"taxonomy":"product_brand","embeddable":true,"href":"https:\/\/www.susoneyewear.com\/pt\/wp-json\/wp\/v2\/product_brand?post=3948"},{"taxonomy":"product_cat","embeddable":true,"href":"https:\/\/www.susoneyewear.com\/pt\/wp-json\/wp\/v2\/product_cat?post=3948"},{"taxonomy":"product_tag","embeddable":true,"href":"https:\/\/www.susoneyewear.com\/pt\/wp-json\/wp\/v2\/product_tag?post=3948"}],"curies":[{"name":"wp","href":"https:\/\/api.w.org\/{rel}","templated":true}]}}