{"id":5333,"date":"2026-01-23T13:57:46","date_gmt":"2026-01-23T05:57:46","guid":{"rendered":"https:\/\/www.susoneyewear.com\/?post_type=product&#038;p=5333"},"modified":"2026-01-28T09:40:18","modified_gmt":"2026-01-28T01:40:18","slug":"kids-anti-blue-light-glasses-k10-kids-customized-optical-frame","status":"publish","type":"product","link":"https:\/\/www.susoneyewear.com\/pl\/kids-anti-blue-light-glasses-k10-kids-customized-optical-frame\/","title":{"rendered":"Dzieci Anti-niebieskie \u015bwiat\u0142o okulary K10, Dzieci Indywidualne ramy optyczne"},"content":{"rendered":"<h3><span style=\"font-family: arial, helvetica, sans-serif;\"><strong><b>Najwa\u017cniejsze informacje o produkcie:<\/b><\/strong><\/span><\/h3>\n<ul>\n<li><span style=\"font-family: arial, helvetica, sans-serif;\"><strong><b> Wymianne silikonowe podk\u0142adki do nosa <\/b><\/strong>dla lekkiego i wygodnego dopasowania, kt\u00f3re nie&#8217; t naci\u015bnij na most nosa.<\/span><\/li>\n<li><span style=\"font-family: arial, helvetica, sans-serif;\"><strong><b> Dwukolorowe formowanie wtryskowe<\/b><\/strong>z antypo\u015blizgow\u0105 i mi\u0119kki\u0105 powierzchni\u0105 wewn\u0119trzn\u0105 dla wygodnego noszenia<strong><b>.<\/b><\/strong><\/span><\/li>\n<li><span style=\"font-family: arial, helvetica, sans-serif;\"><strong><b> Soczewki antyniebieskie o wysokiej rozdzielczo\u015bci <\/b><\/strong>chroni\u0107 oczy podczas korzystania z telefon\u00f3w kom\u00f3rkowych, tablet\u00f3w i telewizor\u00f3w; Mo\u017cna r\u00f3wnie\u017c zamontowa\u0107 soczewki na recept\u0119.<\/span><\/li>\n<li><span style=\"font-family: arial, helvetica, sans-serif;\"><strong><b> Obrazy o wysokiej rozdzielczo\u015bci<\/b><\/strong> s\u0105 dost\u0119pne do marketingu<strong><b>.<\/b><\/strong><\/span><\/li>\n<li><span style=\"font-family: arial, helvetica, sans-serif;\"><strong><b> Ma\u0142a partia <\/b><\/strong>us\u0142ugi prototypowania i dostosowywania s\u0105 dost\u0119pne na \u017cyczenie<strong><b>.<\/b><\/strong><\/span><\/li>\n<\/ul>\n<p>&nbsp;<\/p>\n<h3><span style=\"font-family: arial, helvetica, sans-serif;\"><strong><b>Produkt <\/b><\/strong><\/span><span style=\"font-family: arial, helvetica, sans-serif;\">Specyfikacje:<\/span><\/h3>\n<p><img fetchpriority=\"high\" decoding=\"async\" class=\"alignleft size-full wp-image-5334\" src=\"https:\/\/www.susoneyewear.com\/wp-content\/uploads\/2026\/01\/8210-\u5c3a\u5bf8\u56fe.png\" alt=\"okulary przeciwniebieskie dla dzieci\" width=\"800\" height=\"800\" srcset=\"https:\/\/www.susoneyewear.com\/wp-content\/uploads\/2026\/01\/8210-\u5c3a\u5bf8\u56fe.png 800w, https:\/\/www.susoneyewear.com\/wp-content\/uploads\/2026\/01\/8210-\u5c3a\u5bf8\u56fe-300x300.png 300w, https:\/\/www.susoneyewear.com\/wp-content\/uploads\/2026\/01\/8210-\u5c3a\u5bf8\u56fe-150x150.png 150w, https:\/\/www.susoneyewear.com\/wp-content\/uploads\/2026\/01\/8210-\u5c3a\u5bf8\u56fe-768x768.png 768w, https:\/\/www.susoneyewear.com\/wp-content\/uploads\/2026\/01\/8210-\u5c3a\u5bf8\u56fe-600x600.png 600w, https:\/\/www.susoneyewear.com\/wp-content\/uploads\/2026\/01\/8210-\u5c3a\u5bf8\u56fe-100x100.png 100w, https:\/\/www.susoneyewear.com\/wp-content\/uploads\/2026\/01\/8210-\u5c3a\u5bf8\u56fe-50x50.png 50w\" sizes=\"(max-width: 800px) 100vw, 800px\" \/><\/p>\n<table style=\"border-collapse: collapse; width: 59.9117%; height: 233px;\">\n<tbody>\n<tr style=\"height: 17px;\">\n<td style=\"width: 15.6556%; height: 17px;\">Nr modelu:<\/td>\n<td style=\"width: 52.8247%; height: 17px;\">K10<\/td>\n<\/tr>\n<tr style=\"height: 24px;\">\n<td style=\"width: 15.6556%; height: 24px;\">Materia\u0142 ramy:<\/td>\n<td style=\"width: 52.8247%; height: 24px;\">TR90<\/td>\n<\/tr>\n<tr style=\"height: 24px;\">\n<td style=\"width: 15.6556%; height: 24px;\">Materia\u0142 \u015bwi\u0105tyni:<\/td>\n<td style=\"width: 52.8247%; height: 24px;\">TR90<\/td>\n<\/tr>\n<tr style=\"height: 24px;\">\n<td style=\"width: 15.6556%; height: 24px;\">Materia\u0142 soczewki:<\/td>\n<td style=\"width: 52.8247%; height: 24px;\">2,0 komputera<\/td>\n<\/tr>\n<tr style=\"height: 24px;\">\n<td style=\"width: 15.6556%; height: 24px;\">Cechy soczewki:<\/td>\n<td style=\"width: 52.8247%; height: 24px;\">Anty niebieskie \u015bwiat\u0142o \/ chroni\u0107 oczy<\/td>\n<\/tr>\n<tr style=\"height: 24px;\">\n<td style=\"width: 15.6556%; height: 24px;\">Kolor:<\/td>\n<td style=\"width: 52.8247%; height: 24px;\">Gotowe 4 kolory lub dostosowane<\/td>\n<\/tr>\n<tr style=\"height: 24px;\">\n<td style=\"width: 15.6556%; height: 24px;\">Logo:<\/td>\n<td style=\"width: 52.8247%; height: 24px;\">Gotowe towary Brak logo, wsparcie Dostosowane<\/td>\n<\/tr>\n<tr style=\"height: 24px;\">\n<td style=\"width: 15.6556%; height: 24px;\">Pakiet:<\/td>\n<td style=\"width: 52.8247%; height: 24px;\">Wsp\u00f3lne 1 sztuk \/ polybag, wsparcie dostosowane<\/td>\n<\/tr>\n<tr style=\"height: 24px;\">\n<td style=\"width: 15.6556%; height: 24px;\">MOQ:<\/td>\n<td style=\"width: 52.8247%; height: 24px;\">2 sztuk na magazyn, Gotowe logo niestandardowe: 50 sztuk; OEM \/ ODM: 500 sztuk<\/td>\n<\/tr>\n<tr style=\"height: 24px;\">\n<td style=\"width: 15.6556%; height: 24px;\">Certyfikaty<\/td>\n<td style=\"width: 52.8247%; height: 24px;\">CE \/ FDA \/ UKCA \/ ISO9001<\/td>\n<\/tr>\n<\/tbody>\n<\/table>\n<p><strong><b>\u00a0<\/b><\/strong><\/p>\n<h3><span style=\"font-family: arial, helvetica, sans-serif;\">OEM \/ ODM &amp; amp; Us\u0142ugi niestandardowe:<\/span><\/h3>\n<p><img decoding=\"async\" class=\"alignnone wp-image-5247\" src=\"https:\/\/www.susoneyewear.com\/wp-content\/uploads\/2026\/01\/1-1024x314.png\" alt=\"niestandardowe w\u0142asne okulary projektowe\" width=\"836\" height=\"256\" srcset=\"https:\/\/www.susoneyewear.com\/wp-content\/uploads\/2026\/01\/1-1024x314.png 1024w, https:\/\/www.susoneyewear.com\/wp-content\/uploads\/2026\/01\/1-300x92.png 300w, https:\/\/www.susoneyewear.com\/wp-content\/uploads\/2026\/01\/1-768x236.png 768w, https:\/\/www.susoneyewear.com\/wp-content\/uploads\/2026\/01\/1-1536x471.png 1536w, https:\/\/www.susoneyewear.com\/wp-content\/uploads\/2026\/01\/1-600x184.png 600w, https:\/\/www.susoneyewear.com\/wp-content\/uploads\/2026\/01\/1.png 1575w\" sizes=\"(max-width: 836px) 100vw, 836px\" \/><\/p>\n<p><strong>Kontrola jako\u015bci<\/strong>: 100% QC<\/p>\n<p><strong>Logo:<\/strong> Dostosowa\u0107 swoj\u0105 mark\u0119 &amp; amp; Logo( wys\u0142a\u0107 wiadomo\u015b\u0107, aby dowiedzie\u0107 si\u0119, jak doda\u0107 logo)<\/p>\n<p><strong>Pakiet:<\/strong> Dostosowa\u0107 pakiet w oparciu o klienta&#8217; wym\u00f3g s<\/p>\n<p><img decoding=\"async\" class=\"size-full wp-image-5317 alignnone\" src=\"https:\/\/www.susoneyewear.com\/wp-content\/uploads\/2026\/01\/case.jpg\" alt=\"dostosowa\u0107 obudow\u0119 okular\u00f3w\" width=\"742\" height=\"743\" srcset=\"https:\/\/www.susoneyewear.com\/wp-content\/uploads\/2026\/01\/case.jpg 742w, https:\/\/www.susoneyewear.com\/wp-content\/uploads\/2026\/01\/case-300x300.jpg 300w, https:\/\/www.susoneyewear.com\/wp-content\/uploads\/2026\/01\/case-150x150.jpg 150w, https:\/\/www.susoneyewear.com\/wp-content\/uploads\/2026\/01\/case-600x601.jpg 600w, https:\/\/www.susoneyewear.com\/wp-content\/uploads\/2026\/01\/case-100x100.jpg 100w, https:\/\/www.susoneyewear.com\/wp-content\/uploads\/2026\/01\/case-50x50.jpg 50w\" sizes=\"(max-width: 742px) 100vw, 742px\" \/><br \/>\n<strong>Wysy\u0142ka: <\/strong>Dostawa do miejsca docelowego wed\u0142ug klienta&#8217; wymagania, w tym opcje lotnicze, morskie i poci\u0105gowe.<\/p>\n<p><img loading=\"lazy\" decoding=\"async\" class=\"wp-image-5248 alignnone\" src=\"https:\/\/www.susoneyewear.com\/wp-content\/uploads\/2026\/01\/shipping.png\" alt=\"Bezpiecze\u0144stwo wysy\u0142ki do miejsca docelowego\" width=\"800\" height=\"629\" srcset=\"https:\/\/www.susoneyewear.com\/wp-content\/uploads\/2026\/01\/shipping.png 904w, https:\/\/www.susoneyewear.com\/wp-content\/uploads\/2026\/01\/shipping-300x236.png 300w, https:\/\/www.susoneyewear.com\/wp-content\/uploads\/2026\/01\/shipping-768x604.png 768w, https:\/\/www.susoneyewear.com\/wp-content\/uploads\/2026\/01\/shipping-600x472.png 600w\" sizes=\"(max-width: 800px) 100vw, 800px\" \/><\/p>\n<h3><span style=\"font-family: arial, helvetica, sans-serif;\">Si\u0142a fabryki:<\/span><\/h3>\n<p>1. Mamy w\u0142asn\u0105 fabryk\u0119 form, co pozwala nam efektywnie i szybko produkowa\u0107 <strong>wysokiej jako\u015bci formy<\/strong> i pr\u00f3bki przedprodukcyjne.<br \/>\n2. Nasze linie produkcyjne obejmuj\u0105<strong> formowanie wtryskowe, podw\u00f3jne formowanie wtryskowe, octan i tytan,<\/strong> wspieranie produkcji okular\u00f3w wykonanych z r\u00f3\u017cnych materia\u0142\u00f3w.<br \/>\n3. Zapewniamy indywidualne us\u0142ugi projektowania i produkcji dla wielu mi\u0119dzynarodowych marek, gwarantuj\u0105c <strong>jako\u015b\u0107 i terminowa dostawa<\/strong>.<br \/>\n4. Posiadamy rygorystyczny system zarz\u0105dzania jako\u015bci\u0105 i posiadamy r\u00f3\u017cne certyfikaty, w tym <strong>CE, FDA, UKCA i ISO9001<\/strong>.<br \/>\n5. Niezale\u017cnie od tego, czy jeste\u015b ma\u0142ym lub \u015brednim klientem, czy du\u017cym, do\u015bwiadczonym klientem, mamy zasoby, aby zapewni\u0107 Ci <strong>op\u0142acalne produkty i us\u0142ugi<\/strong>.<\/p>\n<p>&nbsp;<\/p>\n<p>&nbsp;<\/p>\n<h1><span style=\"color: #333399;\">Skontaktuj si\u0119 z nami w celu uzyskania nowego katalogu produkt\u00f3w!<\/span><\/h1>","protected":false},"excerpt":{"rendered":"<p>&nbsp;<\/p>\n<ul>\n<li><span style=\"font-family: arial, helvetica, sans-serif;\">Us\u0142ugi dostosowywania obejmuj\u0105 projektowanie logo, opakowanie, wyb\u00f3r kolor\u00f3w i tworzenie form.<\/span><\/li>\n<li><span style=\"font-family: arial, helvetica, sans-serif;\">Pr\u00f3bka czasu realizacji: Gotowy magazyn doda\u0107 logo: Oko\u0142o 7 dni; Nowa produkcja: oko\u0142o 35 dni<\/span><\/li>\n<li><span style=\"font-family: arial, helvetica, sans-serif;\">Materia\u0142: Acetan \/ TR90 \/ Metal (regulowany zgodnie z wymaganiami.)<\/span><\/li>\n<li><span style=\"font-family: arial, helvetica, sans-serif;\">Certyfikaty: CE \/ FDA \/ UKCA \/ ISO9001<\/span><\/li>\n<\/ul>","protected":false},"featured_media":5336,"comment_status":"closed","ping_status":"closed","template":"","meta":[],"product_brand":[],"product_cat":[72,86,80,87,20,55,89,74,78,56,70,96,79,66,57,58],"product_tag":[115],"class_list":{"0":"post-5333","1":"product","2":"type-product","3":"status-publish","4":"has-post-thumbnail","6":"product_cat-age","7":"product_cat-anti-blue-light","8":"product_cat-blue-light-blocking","9":"product_cat-demo","10":"product_cat-frame","11":"product_cat-gender","12":"product_cat-injection-frame","13":"product_cat-kids","14":"product_cat-lens","15":"product_cat-men","16":"product_cat-optical-frames","17":"product_cat-round","18":"product_cat-shape","19":"product_cat-types","20":"product_cat-unisex","21":"product_cat-women","22":"product_tag-115","24":"first","25":"instock","26":"shipping-taxable","27":"purchasable","28":"product-type-simple"},"_links":{"self":[{"href":"https:\/\/www.susoneyewear.com\/pl\/wp-json\/wp\/v2\/product\/5333","targetHints":{"allow":["GET"]}}],"collection":[{"href":"https:\/\/www.susoneyewear.com\/pl\/wp-json\/wp\/v2\/product"}],"about":[{"href":"https:\/\/www.susoneyewear.com\/pl\/wp-json\/wp\/v2\/types\/product"}],"replies":[{"embeddable":true,"href":"https:\/\/www.susoneyewear.com\/pl\/wp-json\/wp\/v2\/comments?post=5333"}],"wp:featuredmedia":[{"embeddable":true,"href":"https:\/\/www.susoneyewear.com\/pl\/wp-json\/wp\/v2\/media\/5336"}],"wp:attachment":[{"href":"https:\/\/www.susoneyewear.com\/pl\/wp-json\/wp\/v2\/media?parent=5333"}],"wp:term":[{"taxonomy":"product_brand","embeddable":true,"href":"https:\/\/www.susoneyewear.com\/pl\/wp-json\/wp\/v2\/product_brand?post=5333"},{"taxonomy":"product_cat","embeddable":true,"href":"https:\/\/www.susoneyewear.com\/pl\/wp-json\/wp\/v2\/product_cat?post=5333"},{"taxonomy":"product_tag","embeddable":true,"href":"https:\/\/www.susoneyewear.com\/pl\/wp-json\/wp\/v2\/product_tag?post=5333"}],"curies":[{"name":"wp","href":"https:\/\/api.w.org\/{rel}","templated":true}]}}