{"id":5225,"date":"2026-01-25T13:26:53","date_gmt":"2026-01-25T05:26:53","guid":{"rendered":"https:\/\/www.susoneyewear.com\/?post_type=product&#038;p=5225"},"modified":"2026-01-29T14:35:07","modified_gmt":"2026-01-29T06:35:07","slug":"hot-selling-matched-with-myopia-double-frame-polarized-sports-glassecycling-sports-sun-protection-sunglasses-%e5%a4%8d%e5%88%b6","status":"publish","type":"product","link":"https:\/\/www.susoneyewear.com\/pl\/hot-selling-matched-with-myopia-double-frame-polarized-sports-glassecycling-sports-sun-protection-sunglasses-%e5%a4%8d%e5%88%b6\/","title":{"rendered":"Okulary przeciws\u0142oneczne prostok\u0105tne unisex"},"content":{"rendered":"<p>1. Wysokiej jako\u015bci materia\u0142 octanowy: wygodny w noszeniu i nie \u0142atwy do odkszta\u0142cenia.<\/p>\n<p>Soczewki polaryzowane 2.TAC: Skutecznie zmniejszaj\u0105 odblaski i zwi\u0119kszaj\u0105 kontrast wizualny.<\/p>\n<p>Pe\u0142na ochrona przed promieniowaniem UV400: Blokuj 100% promieniowania ultrafioletowego, aby chroni\u0107 zdrowie oczu.<\/p>\n<p>3. Cztery opcje koloru: Spe\u0142niaj\u0105 r\u00f3\u017cne potrzeby stylu i s\u0105 odpowiednie zar\u00f3wno dla m\u0119\u017cczyzn, jak i kobiet<\/p>\n<p>5. Dost\u0119pna us\u0142uga dostosowywania: Obs\u0142ugiwane jest drukowanie logo, a dost\u0119pna jest wsp\u00f3\u0142praca OEM \/ ODM.<\/p>\n<p><img fetchpriority=\"high\" decoding=\"async\" class=\"alignleft wp-image-5227\" src=\"https:\/\/www.susoneyewear.com\/wp-content\/uploads\/2026\/01\/14.jpg\" alt=\"\" width=\"661\" height=\"661\" srcset=\"https:\/\/www.susoneyewear.com\/wp-content\/uploads\/2026\/01\/14.jpg 800w, https:\/\/www.susoneyewear.com\/wp-content\/uploads\/2026\/01\/14-300x300.jpg 300w, https:\/\/www.susoneyewear.com\/wp-content\/uploads\/2026\/01\/14-150x150.jpg 150w, https:\/\/www.susoneyewear.com\/wp-content\/uploads\/2026\/01\/14-768x768.jpg 768w, https:\/\/www.susoneyewear.com\/wp-content\/uploads\/2026\/01\/14-600x600.jpg 600w, https:\/\/www.susoneyewear.com\/wp-content\/uploads\/2026\/01\/14-100x100.jpg 100w, https:\/\/www.susoneyewear.com\/wp-content\/uploads\/2026\/01\/14-50x50.jpg 50w\" sizes=\"(max-width: 661px) 100vw, 661px\" \/><\/p>\n<p>&nbsp;<\/p>\n<table style=\"width: 64.0346%; height: 240px;\">\n<tbody>\n<tr style=\"height: 24px;\">\n<td style=\"width: 49.5392%; height: 24px;\" width=\"426\">Produkt:<\/td>\n<td style=\"width: 49.5392%; height: 24px;\" width=\"426\">Okulary przeciws\u0142oneczne Acetate<\/td>\n<\/tr>\n<tr style=\"height: 24px;\">\n<td style=\"width: 49.5392%; height: 24px;\" width=\"426\">Materia\u0142 ramy:<\/td>\n<td style=\"width: 49.5392%; height: 24px;\" width=\"426\">octan<\/td>\n<\/tr>\n<tr style=\"height: 24px;\">\n<td style=\"width: 49.5392%; height: 24px;\" width=\"426\">Materia\u0142 \u015bwi\u0105tyni:<\/td>\n<td style=\"width: 49.5392%; height: 24px;\" width=\"426\">octan<\/td>\n<\/tr>\n<tr style=\"height: 24px;\">\n<td style=\"width: 49.5392%; height: 24px;\" width=\"426\">Materia\u0142 soczewki:<\/td>\n<td style=\"width: 49.5392%; height: 24px;\" width=\"426\">TAC Polaryzowany<\/td>\n<\/tr>\n<tr style=\"height: 24px;\">\n<td style=\"width: 49.5392%; height: 24px;\" width=\"426\">Szeroko\u015b\u0107 ramki:<\/td>\n<td style=\"width: 49.5392%; height: 24px;\" width=\"426\">53 mm<\/td>\n<\/tr>\n<tr style=\"height: 24px;\">\n<td style=\"width: 49.5392%; height: 24px;\" width=\"426\">Szeroko\u015b\u0107 mostu:<\/td>\n<td style=\"width: 49.5392%; height: 24px;\" width=\"426\">21 mm<\/td>\n<\/tr>\n<tr style=\"height: 24px;\">\n<td style=\"width: 49.5392%; height: 24px;\" width=\"426\">D\u0142ugo\u015b\u0107 \u015bwi\u0105tyni:<\/td>\n<td style=\"width: 49.5392%; height: 24px;\" width=\"426\">147 mm<\/td>\n<\/tr>\n<tr style=\"height: 24px;\">\n<td style=\"width: 49.5392%; height: 24px;\" width=\"426\">Pakiet:<\/td>\n<td style=\"width: 49.5392%; height: 24px;\" width=\"426\">wsp\u00f3lne 10 sztuk w jednym pude\u0142ku, wsparcie dostosowane<\/td>\n<\/tr>\n<tr style=\"height: 24px;\">\n<td style=\"width: 49.5392%; height: 24px;\" width=\"426\">Zastosowana p\u0142e\u0107:<\/td>\n<td style=\"width: 49.5392%; height: 24px;\" width=\"426\">Unisex<\/td>\n<\/tr>\n<tr style=\"height: 24px;\">\n<td style=\"width: 49.5392%; height: 24px;\" width=\"426\">Opcje kolor\u00f3w:<\/td>\n<td style=\"width: 49.5392%; height: 24px;\" width=\"426\">Dost\u0119pne 4 kolory, obs\u0142uga dostosowywania<\/td>\n<\/tr>\n<\/tbody>\n<\/table>\n<p>&nbsp;<\/p>\n<p><span style=\"font-size: 18pt;\"><strong>Opcje dostosowywania<\/strong><\/span><\/p>\n<p>Drukowanie logo (Minimalna ilo\u015b\u0107 zam\u00f3wienia: 20 par)<\/p>\n<p>Dostosowanie opakowania<\/p>\n<p>Wsp\u00f3\u0142praca OEM \/ ODM (Minimalna ilo\u015b\u0107 zam\u00f3wienia: 600 par)<\/p>\n<p>Kolor soczewki i dostosowanie funkcji<\/p>\n<p><img decoding=\"async\" class=\"alignnone wp-image-5384\" src=\"https:\/\/www.susoneyewear.com\/wp-content\/uploads\/2026\/01\/OEM-ODM-SERVICE-.jpg\" alt=\"Fabryka okular\u00f3w OEM i ODM\" width=\"800\" height=\"1200\" srcset=\"https:\/\/www.susoneyewear.com\/wp-content\/uploads\/2026\/01\/OEM-ODM-SERVICE-.jpg 1200w, https:\/\/www.susoneyewear.com\/wp-content\/uploads\/2026\/01\/OEM-ODM-SERVICE--200x300.jpg 200w, https:\/\/www.susoneyewear.com\/wp-content\/uploads\/2026\/01\/OEM-ODM-SERVICE--683x1024.jpg 683w, https:\/\/www.susoneyewear.com\/wp-content\/uploads\/2026\/01\/OEM-ODM-SERVICE--768x1152.jpg 768w, https:\/\/www.susoneyewear.com\/wp-content\/uploads\/2026\/01\/OEM-ODM-SERVICE--1024x1536.jpg 1024w, https:\/\/www.susoneyewear.com\/wp-content\/uploads\/2026\/01\/OEM-ODM-SERVICE--600x900.jpg 600w\" sizes=\"(max-width: 800px) 100vw, 800px\" \/><\/p>\n<p><span style=\"font-size: 18pt;\"><strong>Scenariusze zastosowania:<\/strong><\/span><\/p>\n<p>Moda i aktywno\u015bci na \u015bwie\u017cym powietrzu chroni\u0105 oczy.<\/p>\n<p>&nbsp;<\/p>\n<p><span style=\"font-size: 18pt;\"><strong>Cz\u0119sto zadawane pytania:<\/strong><\/span><\/p>\n<p>P1: Czy ta para okular\u00f3w jest odpowiednia dla os\u00f3b, kt\u00f3re potrzebuj\u0105 korekty kr\u00f3tkowzroku?<\/p>\n<p>Odp.: Obs\u0142uguje dopasowanie do wewn\u0119trznej ramy. Aby uzyska\u0107 szczeg\u00f3\u0142owe informacje, skonsultuj si\u0119 z dzia\u0142em obs\u0142ugi klienta w celu uzyskania dostosowanego rozwi\u0105zania.<\/p>\n<p>P2: Czy soczewki s\u0105 odporne na zarysowania?<\/p>\n<p>Odp.: Soczewki TAC maj\u0105 pewny poziom odporno\u015bci na zarysowania. Zaleca si\u0119 przechowywanie ich w obudowie do okular\u00f3w.<\/p>\n<p>P3: Czy dost\u0119pne jest dostosowanie recepty?<\/p>\n<p>Odp.: Ten model jest par\u0105 okular\u00f3w polaryzowanych bez recepty. Je\u015bli potrzebujesz soczewek na recept\u0119, wybierz us\u0142ug\u0119 dostosowywania.<\/p>\n<p>&nbsp;<\/p>\n<p><strong><span style=\"font-size: 18pt;\">Wysy\u0142ka:<\/span><\/strong><\/p>\n<p>Dostawa do miejsca docelowego wed\u0142ug klienta&#8217; Wymagania s<\/p>\n<p><img decoding=\"async\" class=\"alignleft size-full wp-image-5248\" src=\"https:\/\/www.susoneyewear.com\/wp-content\/uploads\/2026\/01\/shipping.png\" alt=\"Bezpiecze\u0144stwo wysy\u0142ki do miejsca docelowego\" width=\"904\" height=\"711\" srcset=\"https:\/\/www.susoneyewear.com\/wp-content\/uploads\/2026\/01\/shipping.png 904w, https:\/\/www.susoneyewear.com\/wp-content\/uploads\/2026\/01\/shipping-300x236.png 300w, https:\/\/www.susoneyewear.com\/wp-content\/uploads\/2026\/01\/shipping-768x604.png 768w, https:\/\/www.susoneyewear.com\/wp-content\/uploads\/2026\/01\/shipping-600x472.png 600w\" sizes=\"(max-width: 904px) 100vw, 904px\" \/><\/p>","protected":false},"excerpt":{"rendered":"<p>MOQ: 2 szt.; Gotowe logo niestandardowe: 50 sztuk; OEM \/ ODM: 500 sztuk<\/p>\n<p>Us\u0142ugi dostosowywania: logo, opakowanie, kolor i formy.<\/p>\n<p>Pr\u00f3bka czasu realizacji: Gotowy magazyn doda\u0107 logo: Oko\u0142o 7 dni; produkcja: 35 dni<\/p>\n<p>Materia\u0142 ramy: Acetan \/ TR90 \/ Metal (regulowany zgodnie z wymaganiami.)<\/p>\n<p>Certyfikaty: CE \/ FDA \/ UKCA \/ ISO9001<\/p>\n<p>Obs\u0142uguje dostosowanie klienta<\/p>","protected":false},"featured_media":5231,"comment_status":"closed","ping_status":"closed","template":"","meta":[],"product_brand":[],"product_cat":[88,73,72,77,20,55,78,56,97,79,67,66,57,84,58],"product_tag":[],"class_list":{"0":"post-5225","1":"product","2":"type-product","3":"status-publish","4":"has-post-thumbnail","6":"product_cat-acetate-frame","7":"product_cat-adult","8":"product_cat-age","9":"product_cat-elderly","10":"product_cat-frame","11":"product_cat-gender","12":"product_cat-lens","13":"product_cat-men","14":"product_cat-rectangle","15":"product_cat-shape","16":"product_cat-sunglasses","17":"product_cat-types","18":"product_cat-unisex","19":"product_cat-uv400","20":"product_cat-women","22":"first","23":"instock","24":"shipping-taxable","25":"purchasable","26":"product-type-simple"},"_links":{"self":[{"href":"https:\/\/www.susoneyewear.com\/pl\/wp-json\/wp\/v2\/product\/5225","targetHints":{"allow":["GET"]}}],"collection":[{"href":"https:\/\/www.susoneyewear.com\/pl\/wp-json\/wp\/v2\/product"}],"about":[{"href":"https:\/\/www.susoneyewear.com\/pl\/wp-json\/wp\/v2\/types\/product"}],"replies":[{"embeddable":true,"href":"https:\/\/www.susoneyewear.com\/pl\/wp-json\/wp\/v2\/comments?post=5225"}],"wp:featuredmedia":[{"embeddable":true,"href":"https:\/\/www.susoneyewear.com\/pl\/wp-json\/wp\/v2\/media\/5231"}],"wp:attachment":[{"href":"https:\/\/www.susoneyewear.com\/pl\/wp-json\/wp\/v2\/media?parent=5225"}],"wp:term":[{"taxonomy":"product_brand","embeddable":true,"href":"https:\/\/www.susoneyewear.com\/pl\/wp-json\/wp\/v2\/product_brand?post=5225"},{"taxonomy":"product_cat","embeddable":true,"href":"https:\/\/www.susoneyewear.com\/pl\/wp-json\/wp\/v2\/product_cat?post=5225"},{"taxonomy":"product_tag","embeddable":true,"href":"https:\/\/www.susoneyewear.com\/pl\/wp-json\/wp\/v2\/product_tag?post=5225"}],"curies":[{"name":"wp","href":"https:\/\/api.w.org\/{rel}","templated":true}]}}