{"id":5218,"date":"2026-01-16T13:10:53","date_gmt":"2026-01-16T05:10:53","guid":{"rendered":"https:\/\/www.susoneyewear.com\/?post_type=product&#038;p=5218"},"modified":"2026-01-16T13:45:31","modified_gmt":"2026-01-16T05:45:31","slug":"hd-acetate-sunglasses-with-tac-polarized-anti-uv400-support-customized","status":"publish","type":"product","link":"https:\/\/www.susoneyewear.com\/pl\/hd-acetate-sunglasses-with-tac-polarized-anti-uv400-support-customized\/","title":{"rendered":"Okulary przeciws\u0142oneczne HD Acetate z TAC Polarized Anti UV400"},"content":{"rendered":"<p><img fetchpriority=\"high\" decoding=\"async\" class=\"alignleft wp-image-5220\" src=\"https:\/\/www.susoneyewear.com\/wp-content\/uploads\/2026\/01\/2.jpg\" alt=\"okulary s\u0142oneczne oliwkowe\" width=\"607\" height=\"607\" srcset=\"https:\/\/www.susoneyewear.com\/wp-content\/uploads\/2026\/01\/2.jpg 800w, https:\/\/www.susoneyewear.com\/wp-content\/uploads\/2026\/01\/2-300x300.jpg 300w, https:\/\/www.susoneyewear.com\/wp-content\/uploads\/2026\/01\/2-150x150.jpg 150w, https:\/\/www.susoneyewear.com\/wp-content\/uploads\/2026\/01\/2-768x768.jpg 768w, https:\/\/www.susoneyewear.com\/wp-content\/uploads\/2026\/01\/2-600x600.jpg 600w, https:\/\/www.susoneyewear.com\/wp-content\/uploads\/2026\/01\/2-100x100.jpg 100w, https:\/\/www.susoneyewear.com\/wp-content\/uploads\/2026\/01\/2-50x50.jpg 50w\" sizes=\"(max-width: 607px) 100vw, 607px\" \/><\/p>\n<h3>Materia\u0142y<\/h3>\n<p>Materia\u0142 ramy: Acetan<br \/>\nMateria\u0142 \u015bwi\u0105tyni: Acetan<br \/>\nMateria\u0142 soczewki: TAC polaryzowany<br \/>\nTyp zawiasu: zawiasu metalowego<\/p>\n<h3>Pomiary<\/h3>\n<p>Szeroko\u015b\u0107 ramy: 52mm<br \/>\nSzeroko\u015b\u0107 mostu: 22mm<br \/>\nD\u0142ugo\u015b\u0107 \u015bwi\u0105tyni: 147mm<\/p>\n<h3>Min Zam\u00f3wienie<\/h3>\n<p>10 sztuk \/ model<br \/>\n20 sztuk \/ model do drukowania logo<br \/>\n300 sztuk \/ model do zam\u00f3wienia produkcyjnego<\/p>\n<h3>Us\u0142ugi<\/h3>\n<p>Kontrola jako\u015bci: 100% QC<br \/>\nLogo: Dostosowa\u0107 swoj\u0105 mark\u0119 logo<br \/>\nOEM: Projektujesz, produkujemy<br \/>\nODM: Projektujemy i produkujemy Twoj\u0105 mark\u0119<br \/>\nPakiet: Standardowa torba opp &amp; amp; niestandardowy pakiet<br \/>\nWysy\u0142ka: Dostarcz do miejsca docelowego zgodnie z klientem&#8217; Wymagania s<\/p>\n<p>&nbsp;<\/p>\n<p>&nbsp;<\/p>","protected":false},"excerpt":{"rendered":"<p>Materia\u0142 ramy: Acetan<\/p>\n<p>Materia\u0142 \u015bwi\u0105tyni: Acetan<\/p>\n<p>Materia\u0142 soczewki: TAC polaryzowany<\/p>\n<p>Typ zawiasu: zawiasu metalowego<\/p>\n<p>Obs\u0142uguje dostosowanie klienta<\/p>","protected":false},"featured_media":5224,"comment_status":"closed","ping_status":"closed","template":"","meta":[],"product_brand":[],"product_cat":[88,73,72,77,55,56,97,79,67,66,57,84,58],"product_tag":[],"class_list":{"0":"post-5218","1":"product","2":"type-product","3":"status-publish","4":"has-post-thumbnail","6":"product_cat-acetate-frame","7":"product_cat-adult","8":"product_cat-age","9":"product_cat-elderly","10":"product_cat-gender","11":"product_cat-men","12":"product_cat-rectangle","13":"product_cat-shape","14":"product_cat-sunglasses","15":"product_cat-types","16":"product_cat-unisex","17":"product_cat-uv400","18":"product_cat-women","20":"first","21":"instock","22":"shipping-taxable","23":"purchasable","24":"product-type-simple"},"_links":{"self":[{"href":"https:\/\/www.susoneyewear.com\/pl\/wp-json\/wp\/v2\/product\/5218","targetHints":{"allow":["GET"]}}],"collection":[{"href":"https:\/\/www.susoneyewear.com\/pl\/wp-json\/wp\/v2\/product"}],"about":[{"href":"https:\/\/www.susoneyewear.com\/pl\/wp-json\/wp\/v2\/types\/product"}],"replies":[{"embeddable":true,"href":"https:\/\/www.susoneyewear.com\/pl\/wp-json\/wp\/v2\/comments?post=5218"}],"wp:featuredmedia":[{"embeddable":true,"href":"https:\/\/www.susoneyewear.com\/pl\/wp-json\/wp\/v2\/media\/5224"}],"wp:attachment":[{"href":"https:\/\/www.susoneyewear.com\/pl\/wp-json\/wp\/v2\/media?parent=5218"}],"wp:term":[{"taxonomy":"product_brand","embeddable":true,"href":"https:\/\/www.susoneyewear.com\/pl\/wp-json\/wp\/v2\/product_brand?post=5218"},{"taxonomy":"product_cat","embeddable":true,"href":"https:\/\/www.susoneyewear.com\/pl\/wp-json\/wp\/v2\/product_cat?post=5218"},{"taxonomy":"product_tag","embeddable":true,"href":"https:\/\/www.susoneyewear.com\/pl\/wp-json\/wp\/v2\/product_tag?post=5218"}],"curies":[{"name":"wp","href":"https:\/\/api.w.org\/{rel}","templated":true}]}}