{"id":5199,"date":"2026-01-15T16:43:53","date_gmt":"2026-01-15T08:43:53","guid":{"rendered":"https:\/\/www.susoneyewear.com\/?post_type=product&#038;p=5199"},"modified":"2026-01-16T11:34:18","modified_gmt":"2026-01-16T03:34:18","slug":"oem-odm-photochromic-acetate-wayfarer-sunglasses","status":"publish","type":"product","link":"https:\/\/www.susoneyewear.com\/pl\/oem-odm-photochromic-acetate-wayfarer-sunglasses\/","title":{"rendered":"OEM ODM fotochromiczne okulary s\u0142oneczne Wayfarer"},"content":{"rendered":"<p>&nbsp;<\/p>\n<p><img fetchpriority=\"high\" decoding=\"async\" class=\"alignleft wp-image-5200\" src=\"https:\/\/www.susoneyewear.com\/wp-content\/uploads\/2026\/01\/52613-\u53d8\u8272.jpg\" alt=\"ramka fotochromiczna okulary s\u0142oneczne fotochromiczne\" width=\"570\" height=\"570\" srcset=\"https:\/\/www.susoneyewear.com\/wp-content\/uploads\/2026\/01\/52613-\u53d8\u8272.jpg 800w, https:\/\/www.susoneyewear.com\/wp-content\/uploads\/2026\/01\/52613-\u53d8\u8272-300x300.jpg 300w, https:\/\/www.susoneyewear.com\/wp-content\/uploads\/2026\/01\/52613-\u53d8\u8272-150x150.jpg 150w, https:\/\/www.susoneyewear.com\/wp-content\/uploads\/2026\/01\/52613-\u53d8\u8272-768x768.jpg 768w, https:\/\/www.susoneyewear.com\/wp-content\/uploads\/2026\/01\/52613-\u53d8\u8272-600x600.jpg 600w, https:\/\/www.susoneyewear.com\/wp-content\/uploads\/2026\/01\/52613-\u53d8\u8272-100x100.jpg 100w, https:\/\/www.susoneyewear.com\/wp-content\/uploads\/2026\/01\/52613-\u53d8\u8272-50x50.jpg 50w\" sizes=\"(max-width: 570px) 100vw, 570px\" \/><\/p>\n<p><strong>Szczeg\u00f3\u0142y:<\/strong><br \/>\nMateria\u0142 ramy: metal &amp; amp; octan<br \/>\nMateria\u0142 \u015bwi\u0105tyni: metal &amp; amp; octan<br \/>\nZawias: 3 2 zawiasy metalowe<br \/>\nMateria\u0142 soczewki: Nylon &amp; amp; Soczewka fotochromiczna \/ Soczewka demo<br \/>\nKolor ramy: jasny \/ szary \/ zielony \/ r\u00f3\u017cowy \/ \u017c\u00f3\u0142ty Photochromic<\/p>\n<p><strong>Pomiary<\/strong><br \/>\nSzeroko\u015b\u0107 ramy: 45 mm<br \/>\nSzeroko\u015b\u0107 mostu: 19 mm<br \/>\nD\u0142ugo\u015b\u0107 \u015bwi\u0105tyni: 145mm<\/p>\n<p><strong>Min Zam\u00f3wienie<\/strong><br \/>\n12 sztuk \/ model<br \/>\n20 sztuk \/ model do drukowania logo<br \/>\n600 sztuk \/ model dla OEM ODM Zam\u00f3wienie produkcyjne<\/p>\n<p>&nbsp;<\/p>\n<p><strong>Us\u0142ugi<\/strong><br \/>\nKontrola jako\u015bci: 100% QC<br \/>\nLogo: Dostosowa\u0107 swoj\u0105 mark\u0119 logo<br \/>\nOEM: Projektujesz, produkujemy<br \/>\nODM: Projektujemy i produkujemy Twoj\u0105 mark\u0119<br \/>\nWysy\u0142ka: Dostarcz do miejsca docelowego zgodnie z klientem&#8217; Wymagania s<\/p>","protected":false},"excerpt":{"rendered":"<p>Materia\u0142 ramy: metal &amp; amp; octan<br \/>\nMateria\u0142 \u015bwi\u0105tyni: metal &amp; amp; octan<br \/>\nZawias: 3 2 zawiasy metalowe<br \/>\nMateria\u0142 soczewki: Nylon &amp; amp; Soczewka fotochromiczna \/ Soczewka demo<br \/>\nKolor ramy: jasny \/ szary \/ zielony \/ r\u00f3\u017cowy \/ \u017c\u00f3\u0142ty Photochromic<\/p>","protected":false},"featured_media":3822,"comment_status":"closed","ping_status":"closed","template":"","meta":[],"product_brand":[],"product_cat":[88,73,72,86,77,20,55,89,78,56,85,97,79,67,66,57,84,58],"product_tag":[],"class_list":{"0":"post-5199","1":"product","2":"type-product","3":"status-publish","4":"has-post-thumbnail","6":"product_cat-acetate-frame","7":"product_cat-adult","8":"product_cat-age","9":"product_cat-anti-blue-light","10":"product_cat-elderly","11":"product_cat-frame","12":"product_cat-gender","13":"product_cat-injection-frame","14":"product_cat-lens","15":"product_cat-men","16":"product_cat-photochrimic","17":"product_cat-rectangle","18":"product_cat-shape","19":"product_cat-sunglasses","20":"product_cat-types","21":"product_cat-unisex","22":"product_cat-uv400","23":"product_cat-women","25":"first","26":"instock","27":"shipping-taxable","28":"purchasable","29":"product-type-simple"},"_links":{"self":[{"href":"https:\/\/www.susoneyewear.com\/pl\/wp-json\/wp\/v2\/product\/5199","targetHints":{"allow":["GET"]}}],"collection":[{"href":"https:\/\/www.susoneyewear.com\/pl\/wp-json\/wp\/v2\/product"}],"about":[{"href":"https:\/\/www.susoneyewear.com\/pl\/wp-json\/wp\/v2\/types\/product"}],"replies":[{"embeddable":true,"href":"https:\/\/www.susoneyewear.com\/pl\/wp-json\/wp\/v2\/comments?post=5199"}],"wp:featuredmedia":[{"embeddable":true,"href":"https:\/\/www.susoneyewear.com\/pl\/wp-json\/wp\/v2\/media\/3822"}],"wp:attachment":[{"href":"https:\/\/www.susoneyewear.com\/pl\/wp-json\/wp\/v2\/media?parent=5199"}],"wp:term":[{"taxonomy":"product_brand","embeddable":true,"href":"https:\/\/www.susoneyewear.com\/pl\/wp-json\/wp\/v2\/product_brand?post=5199"},{"taxonomy":"product_cat","embeddable":true,"href":"https:\/\/www.susoneyewear.com\/pl\/wp-json\/wp\/v2\/product_cat?post=5199"},{"taxonomy":"product_tag","embeddable":true,"href":"https:\/\/www.susoneyewear.com\/pl\/wp-json\/wp\/v2\/product_tag?post=5199"}],"curies":[{"name":"wp","href":"https:\/\/api.w.org\/{rel}","templated":true}]}}