{"id":4753,"date":"2025-12-05T14:46:15","date_gmt":"2025-12-05T06:46:15","guid":{"rendered":"https:\/\/www.susoneyewear.com\/?post_type=product&#038;p=4753"},"modified":"2026-01-14T15:54:46","modified_gmt":"2026-01-14T07:54:46","slug":"sports-sunglasses","status":"publish","type":"product","link":"https:\/\/www.susoneyewear.com\/pl\/sports-sunglasses\/","title":{"rendered":"Gor\u0105ca sprzeda\u017c dopasowana do kr\u00f3tkowzroczno\u015bci podw\u00f3jnej ramy polaryzowane okulary sportowe, okulary przeciws\u0142oneczne ochronne przed s\u0142o\u0144cem"},"content":{"rendered":"<p>1.Ultralekki materia\u0142 TR90: Elastyczny i trwa\u0142y, wygodny w noszeniu i nie\u0142atwy do odkszta\u0142cenia.<\/p>\n<p>Soczewki polaryzowane 2.TAC: Skutecznie zmniejszaj\u0105 odblaski i zwi\u0119kszaj\u0105 kontrast wizualny.<\/p>\n<p>Pe\u0142na ochrona przed promieniowaniem UV400: Blokuj 100% promieniowania ultrafioletowego, aby chroni\u0107 zdrowie oczu.<\/p>\n<p>3. antypo\u015blizgowa konstrukcja sportowa: Podk\u0142adki nosowe i ramiona \u015bwi\u0105tyniowe przyjmuj\u0105 struktur\u0119 antypo\u015blizgow\u0105, nadaj\u0105c\u0105 si\u0119 do sport\u00f3w o wysokiej intensywno\u015bci.<\/p>\n<p>4.Sze\u015b\u0107 stylowych opcji kolor\u00f3w: Spe\u0142niaj\u0105 r\u00f3\u017cne potrzeby stylu i nadaj\u0105 si\u0119 zar\u00f3wno dla m\u0119\u017cczyzn, jak i kobiet.<\/p>\n<p>5. Dost\u0119pna us\u0142uga dostosowywania: Obs\u0142ugiwane jest drukowanie logo, a dost\u0119pna jest wsp\u00f3\u0142praca OEM \/ ODM.<\/p>\n<p><img fetchpriority=\"high\" decoding=\"async\" class=\"size-full wp-image-5135 alignnone\" src=\"https:\/\/www.susoneyewear.com\/wp-content\/uploads\/2025\/12\/17101.jpg\" alt=\"okulary sportowe do biegania \" width=\"800\" height=\"800\" srcset=\"https:\/\/www.susoneyewear.com\/wp-content\/uploads\/2025\/12\/17101.jpg 800w, https:\/\/www.susoneyewear.com\/wp-content\/uploads\/2025\/12\/17101-300x300.jpg 300w, https:\/\/www.susoneyewear.com\/wp-content\/uploads\/2025\/12\/17101-150x150.jpg 150w, https:\/\/www.susoneyewear.com\/wp-content\/uploads\/2025\/12\/17101-768x768.jpg 768w, https:\/\/www.susoneyewear.com\/wp-content\/uploads\/2025\/12\/17101-600x600.jpg 600w, https:\/\/www.susoneyewear.com\/wp-content\/uploads\/2025\/12\/17101-100x100.jpg 100w, https:\/\/www.susoneyewear.com\/wp-content\/uploads\/2025\/12\/17101-50x50.jpg 50w\" sizes=\"(max-width: 800px) 100vw, 800px\" \/><\/p>\n<p>&nbsp;<\/p>\n<table style=\"width: 64.0346%;\">\n<tbody>\n<tr>\n<td style=\"width: 49.5392%;\" width=\"426\">Produkt:<\/td>\n<td style=\"width: 49.5392%;\" width=\"426\">Okulary s\u0142oneczne sportowe<\/td>\n<\/tr>\n<tr>\n<td style=\"width: 49.5392%;\" width=\"426\">Materia\u0142 ramy:<\/td>\n<td style=\"width: 49.5392%;\" width=\"426\">TR90<\/td>\n<\/tr>\n<tr>\n<td style=\"width: 49.5392%;\" width=\"426\">Materia\u0142 \u015bwi\u0105tyni:<\/td>\n<td style=\"width: 49.5392%;\" width=\"426\">TR90<\/td>\n<\/tr>\n<tr>\n<td style=\"width: 49.5392%;\" width=\"426\">Materia\u0142 soczewki:<\/td>\n<td style=\"width: 49.5392%;\" width=\"426\">TAC Polaryzowany<\/td>\n<\/tr>\n<tr>\n<td style=\"width: 49.5392%;\" width=\"426\">Szeroko\u015b\u0107 ramki:<\/td>\n<td style=\"width: 49.5392%;\" width=\"426\">141mm<\/td>\n<\/tr>\n<tr>\n<td style=\"width: 49.5392%;\" width=\"426\">Szeroko\u015b\u0107 mostu:<\/td>\n<td style=\"width: 49.5392%;\" width=\"426\">22 mm<\/td>\n<\/tr>\n<tr>\n<td style=\"width: 49.5392%;\" width=\"426\">D\u0142ugo\u015b\u0107 \u015bwi\u0105tyni:<\/td>\n<td style=\"width: 49.5392%;\" width=\"426\">130 mm<\/td>\n<\/tr>\n<tr>\n<td style=\"width: 49.5392%;\" width=\"426\">Waga okular\u00f3w:<\/td>\n<td style=\"width: 49.5392%;\" width=\"426\">33G<\/td>\n<\/tr>\n<tr>\n<td style=\"width: 49.5392%;\" width=\"426\">Zastosowana p\u0142e\u0107:<\/td>\n<td style=\"width: 49.5392%;\" width=\"426\">Unisex<\/td>\n<\/tr>\n<tr>\n<td style=\"width: 49.5392%;\" width=\"426\">Opcje kolor\u00f3w:<\/td>\n<td style=\"width: 49.5392%;\" width=\"426\">6 dost\u0119pnych kolor\u00f3w, obs\u0142uga dostosowywania<\/td>\n<\/tr>\n<\/tbody>\n<\/table>\n<p>&nbsp;<\/p>\n<p>&nbsp;<\/p>\n<p><span style=\"font-size: 18pt;\"><strong>Scenariusze zastosowania:<\/strong><\/span><\/p>\n<p>Sporty na \u015bwie\u017cym powietrzu obejmuj\u0105 m.in. jazd\u0119 na rowerze, bieganie, wspinaczk\u0119 g\u00f3rsk\u0105 i w\u0119dkarstwo.<\/p>\n<p><img decoding=\"async\" class=\"wp-image-4756 size-full alignnone\" src=\"https:\/\/www.susoneyewear.com\/wp-content\/uploads\/2025\/12\/img.jpg\" alt=\"Gor\u0105ca sprzeda\u017c dopasowana do kr\u00f3tkowzroczno\u015bci podw\u00f3jne ramy polaryzowane okulary sportowe modne wspinaczka na rowerze sportowe okulary przeciws\u0142oneczne na zewn\u0105trz anty-ultrafioletowe okulary sportowe\" width=\"800\" height=\"1091\" srcset=\"https:\/\/www.susoneyewear.com\/wp-content\/uploads\/2025\/12\/img.jpg 800w, https:\/\/www.susoneyewear.com\/wp-content\/uploads\/2025\/12\/img-220x300.jpg 220w, https:\/\/www.susoneyewear.com\/wp-content\/uploads\/2025\/12\/img-751x1024.jpg 751w, https:\/\/www.susoneyewear.com\/wp-content\/uploads\/2025\/12\/img-768x1047.jpg 768w, https:\/\/www.susoneyewear.com\/wp-content\/uploads\/2025\/12\/img-600x818.jpg 600w\" sizes=\"(max-width: 800px) 100vw, 800px\" \/><\/p>\n<p><span style=\"font-size: 18pt;\"><strong>Cz\u0119sto zadawane pytania:<\/strong><\/span><\/p>\n<p>P1: Czy ta para okular\u00f3w jest odpowiednia dla os\u00f3b, kt\u00f3re potrzebuj\u0105 korekty kr\u00f3tkowzroku?<\/p>\n<p>Odp.: Obs\u0142uguje dopasowanie do wewn\u0119trznej ramy. Aby uzyska\u0107 szczeg\u00f3\u0142owe informacje, skonsultuj si\u0119 z dzia\u0142em obs\u0142ugi klienta w celu uzyskania dostosowanego rozwi\u0105zania.<\/p>\n<p>P2: Czy soczewki s\u0105 odporne na zarysowania?<\/p>\n<p>Odp.: Soczewki TAC maj\u0105 pewny poziom odporno\u015bci na zarysowania. Zaleca si\u0119 przechowywanie ich w obudowie do okular\u00f3w.<\/p>\n<p>P3: Czy dost\u0119pne jest dostosowanie recepty?<\/p>\n<p>Odp.: Ten model to okulary polaryzowane bez recepty. Je\u015bli potrzebujesz soczewek na recept\u0119, wybierz us\u0142ug\u0119 dostosowywania.<\/p>\n<p>&nbsp;<\/p>\n<p><span style=\"font-size: 18pt;\"><strong>Silne strony firmy<\/strong><\/span><\/p>\n<p>Mamy ponad 27 lat do\u015bwiadczenia w produkcji okular\u00f3w, z w\u0142asnymi liniami produkcyjnymi i profesjonalnym zespo\u0142em projektowym. Wspieramy zar\u00f3wno indywidualizacj\u0119 ma\u0142ych partii, jak i produkcj\u0119 masow\u0105, zapewniaj\u0105c us\u0142ug\u0119 w jednym miejscu od projektowania po logistyk\u0119.<\/p>\n<p><span style=\"font-size: 18pt;\"><strong>Opcje dostosowywania<\/strong><\/span><\/p>\n<p>Drukowanie logo (Minimalna ilo\u015b\u0107 zam\u00f3wienia: 20 par)<\/p>\n<p>Dostosowanie opakowania<\/p>\n<p>Wsp\u00f3\u0142praca OEM \/ ODM (Minimalna ilo\u015b\u0107 zam\u00f3wienia: 600 par)<\/p>\n<p>Kolor soczewki i dostosowanie funkcji<\/p>\n<p>&nbsp;<\/p>\n<p><span style=\"font-size: 18pt;\"><strong><u>Min Zam\u00f3wienie<\/u><\/strong><\/span><\/p>\n<p>10 sztuk \/ model<br \/>\n20 sztuk \/ model do drukowania logo<\/p>\n<p>600 sztuk \/ model do zam\u00f3wienia produkcyjnego<\/p>\n<p><span style=\"font-size: 18pt;\"><strong><u>Us\u0142ugi<\/u><\/strong><\/span><\/p>\n<p>Kontrola jako\u015bci: 100% QC<\/p>\n<p>Logo: Dostosowa\u0107 swoj\u0105 mark\u0119 logo<br \/>\nOEM: Projektujesz, produkujemy<br \/>\nODM: Projektujemy i produkujemy Twoj\u0105 mark\u0119<\/p>\n<p>Pakiet: Standardowa torba opp &amp; amp; niestandardowy pakiet<\/p>\n<p>Wysy\u0142ka: Dostarcz do miejsca docelowego zgodnie z klientem&#8217; Wymagania s<\/p>","protected":false},"excerpt":{"rendered":"<p>Te okulary przeciws\u0142oneczne sportowe polaryzowane TR90 s\u0105 specjalnie zaprojektowane dla mi\u0142o\u015bnik\u00f3w sport\u00f3w na \u015bwie\u017cym powietrzu. Przyjmuje lekk\u0105 ram\u0119 TR90 i soczewki polaryzowane TAC, zapewniaj\u0105c doskona\u0142\u0105 ochron\u0119 przed promieniowaniem UV i jasno\u015b\u0107 wizualn\u0105. Nadaje si\u0119 do r\u00f3\u017cnych scenariuszy na \u015bwie\u017cym powietrzu, takich jak jazda na rowerze, bieganie, wspinaczka i w\u0119dkarstwo, jest unisex z sze\u015bcioma dost\u0119pnymi kolorami, \u0142\u0105cz\u0105c mod\u0119 i funkcjonalno\u015b\u0107.<\/p>","protected":false},"featured_media":4213,"comment_status":"closed","ping_status":"closed","template":"","meta":[],"product_brand":[],"product_cat":[73,72,77,20,55,89,78,56,79,99,67,66,57,84,58],"product_tag":[],"class_list":{"0":"post-4753","1":"product","2":"type-product","3":"status-publish","4":"has-post-thumbnail","6":"product_cat-adult","7":"product_cat-age","8":"product_cat-elderly","9":"product_cat-frame","10":"product_cat-gender","11":"product_cat-injection-frame","12":"product_cat-lens","13":"product_cat-men","14":"product_cat-shape","15":"product_cat-sports","16":"product_cat-sunglasses","17":"product_cat-types","18":"product_cat-unisex","19":"product_cat-uv400","20":"product_cat-women","22":"first","23":"instock","24":"shipping-taxable","25":"purchasable","26":"product-type-simple"},"_links":{"self":[{"href":"https:\/\/www.susoneyewear.com\/pl\/wp-json\/wp\/v2\/product\/4753","targetHints":{"allow":["GET"]}}],"collection":[{"href":"https:\/\/www.susoneyewear.com\/pl\/wp-json\/wp\/v2\/product"}],"about":[{"href":"https:\/\/www.susoneyewear.com\/pl\/wp-json\/wp\/v2\/types\/product"}],"replies":[{"embeddable":true,"href":"https:\/\/www.susoneyewear.com\/pl\/wp-json\/wp\/v2\/comments?post=4753"}],"wp:featuredmedia":[{"embeddable":true,"href":"https:\/\/www.susoneyewear.com\/pl\/wp-json\/wp\/v2\/media\/4213"}],"wp:attachment":[{"href":"https:\/\/www.susoneyewear.com\/pl\/wp-json\/wp\/v2\/media?parent=4753"}],"wp:term":[{"taxonomy":"product_brand","embeddable":true,"href":"https:\/\/www.susoneyewear.com\/pl\/wp-json\/wp\/v2\/product_brand?post=4753"},{"taxonomy":"product_cat","embeddable":true,"href":"https:\/\/www.susoneyewear.com\/pl\/wp-json\/wp\/v2\/product_cat?post=4753"},{"taxonomy":"product_tag","embeddable":true,"href":"https:\/\/www.susoneyewear.com\/pl\/wp-json\/wp\/v2\/product_tag?post=4753"}],"curies":[{"name":"wp","href":"https:\/\/api.w.org\/{rel}","templated":true}]}}