{"id":4220,"date":"2025-10-28T11:01:41","date_gmt":"2025-10-28T03:01:41","guid":{"rendered":"https:\/\/www.susoneyewear.com\/?post_type=product&#038;p=4220"},"modified":"2026-01-14T16:03:10","modified_gmt":"2026-01-14T08:03:10","slug":"factory-direct-unisex-sports-sunglasses-outdoor-cycling-sunglasses-can-be-matched-with-myopia-sunglasses","status":"publish","type":"product","link":"https:\/\/www.susoneyewear.com\/pl\/factory-direct-unisex-sports-sunglasses-outdoor-cycling-sunglasses-can-be-matched-with-myopia-sunglasses\/","title":{"rendered":"Fabryczne bezpo\u015brednie okulary przeciws\u0142oneczne sportowe Unisex mog\u0105 by\u0107 dopasowane do ramy kr\u00f3tkowzrokowej"},"content":{"rendered":"<h3><img fetchpriority=\"high\" decoding=\"async\" class=\"wp-image-4231 size-full alignleft\" src=\"https:\/\/www.susoneyewear.com\/wp-content\/uploads\/2025\/10\/size-3.jpg\" alt=\"\" width=\"800\" height=\"1026\" srcset=\"https:\/\/www.susoneyewear.com\/wp-content\/uploads\/2025\/10\/size-3.jpg 800w, https:\/\/www.susoneyewear.com\/wp-content\/uploads\/2025\/10\/size-3-234x300.jpg 234w, https:\/\/www.susoneyewear.com\/wp-content\/uploads\/2025\/10\/size-3-798x1024.jpg 798w, https:\/\/www.susoneyewear.com\/wp-content\/uploads\/2025\/10\/size-3-768x985.jpg 768w, https:\/\/www.susoneyewear.com\/wp-content\/uploads\/2025\/10\/size-3-600x770.jpg 600w\" sizes=\"(max-width: 800px) 100vw, 800px\" \/><\/h3>\n<h3>Materia\u0142y<\/h3>\n<p>Materia\u0142 ramy: TR90<br \/>\nMateria\u0142 \u015bwi\u0105tyni: TR90<br \/>\nMateria\u0142 soczewki: TAC polaryzowany<br \/>\nTyp zawiasu: TR90<\/p>\n<h3>Pomiary<\/h3>\n<p>Szeroko\u015b\u0107 ramy: 143mm<br \/>\nSzeroko\u015b\u0107 mostu: 24 mm<br \/>\nD\u0142ugo\u015b\u0107 \u015bwi\u0105tyni: 130mm<\/p>\n<h3>Min Zam\u00f3wienie<\/h3>\n<p>10 sztuk \/ model<br \/>\n20 sztuk \/ model do drukowania logo<br \/>\n600 sztuk \/ model do zam\u00f3wienia produkcyjnego<\/p>\n<h3>Us\u0142ugi<\/h3>\n<p>Kontrola jako\u015bci: 100% QC<br \/>\nLogo: Dostosowa\u0107 swoj\u0105 mark\u0119 logo<br \/>\nOEM: Projektujesz, produkujemy<br \/>\nODM: Projektujemy i produkujemy Twoj\u0105 mark\u0119<br \/>\nPakiet: Standardowa torba opp &amp; amp; niestandardowy pakiet<br \/>\nWysy\u0142ka: Dostarcz do miejsca docelowego zgodnie z klientem&#8217; Wymagania s<\/p>\n<p><img decoding=\"async\" class=\"alignnone size-medium wp-image-4232\" src=\"https:\/\/www.susoneyewear.com\/wp-content\/uploads\/2025\/10\/inside-300x300.gif\" alt=\"\" width=\"300\" height=\"300\" srcset=\"\" sizes=\"(max-width: 300px) 100vw, 300px\" data-srcset=\"\" \/><\/p>","protected":false},"excerpt":{"rendered":"<section class=\"elementor-section elementor-inner-section elementor-element elementor-element-615003a2 elementor-section-full_width elementor-section-height-default elementor-section-height-default\" data-id=\"615003a2\" data-element_type=\"section\">\n<div class=\"elementor-container elementor-column-gap-default\">\n<div class=\"elementor-column elementor-col-50 elementor-inner-column elementor-element elementor-element-158f519f\" data-id=\"158f519f\" data-element_type=\"column\">\n<div class=\"elementor-widget-wrap elementor-element-populated\">\n<div class=\"elementor-element elementor-element-15d161c elementor-widget elementor-widget-heading\" data-id=\"15d161c\" data-element_type=\"widget\" data-widget_type=\"heading.default\">\n<div class=\"elementor-widget-container\">\n<div class=\"elementor-heading-title elementor-size-default\">\u00b7 Materia\u0142 ramy: TR90<\/div>\n<\/div>\n<\/div>\n<\/div>\n<\/div>\n<\/div>\n<\/section>\n<section class=\"elementor-section elementor-inner-section elementor-element elementor-element-4f4ec26 elementor-section-full_width elementor-section-height-default elementor-section-height-default\" data-id=\"4f4ec26\" data-element_type=\"section\">\n<div class=\"elementor-container elementor-column-gap-default\">\n<div class=\"elementor-column elementor-col-50 elementor-inner-column elementor-element elementor-element-9f9a311\" data-id=\"9f9a311\" data-element_type=\"column\">\n<div class=\"elementor-widget-wrap elementor-element-populated\">\n<div class=\"elementor-element elementor-element-b1d986c elementor-widget elementor-widget-heading\" data-id=\"b1d986c\" data-element_type=\"widget\" data-widget_type=\"heading.default\">\n<div class=\"elementor-widget-container\">\n<div class=\"elementor-heading-title elementor-size-default\">\u00b7 Materia\u0142 \u015bwi\u0105tyni: TR90<\/div>\n<\/div>\n<\/div>\n<\/div>\n<\/div>\n<\/div>\n<\/section>\n<section class=\"elementor-section elementor-inner-section elementor-element elementor-element-54fa416 elementor-section-full_width elementor-section-height-default elementor-section-height-default\" data-id=\"54fa416\" data-element_type=\"section\">\n<div class=\"elementor-container elementor-column-gap-default\">\n<div class=\"elementor-column elementor-col-50 elementor-inner-column elementor-element elementor-element-80f7c54\" data-id=\"80f7c54\" data-element_type=\"column\">\n<div class=\"elementor-widget-wrap elementor-element-populated\">\n<div class=\"elementor-element elementor-element-5af1b11 elementor-widget elementor-widget-heading\" data-id=\"5af1b11\" data-element_type=\"widget\" data-widget_type=\"heading.default\">\n<div class=\"elementor-widget-container\">\n<div class=\"elementor-heading-title elementor-size-default\">\u00b7 Materia\u0142 soczewki: TAC polaryzowany<\/div>\n<\/div>\n<\/div>\n<\/div>\n<\/div>\n<\/div>\n<\/section>\n<section class=\"elementor-section elementor-inner-section elementor-element elementor-element-d399eba elementor-section-full_width elementor-section-height-default elementor-section-height-default\" data-id=\"d399eba\" data-element_type=\"section\">\n<div class=\"elementor-container elementor-column-gap-default\">\n<div class=\"elementor-column elementor-col-50 elementor-inner-column elementor-element elementor-element-6c70ef0\" data-id=\"6c70ef0\" data-element_type=\"column\">\n<div class=\"elementor-widget-wrap elementor-element-populated\">\n<div class=\"elementor-element elementor-element-b68f5c1 elementor-widget elementor-widget-heading\" data-id=\"b68f5c1\" data-element_type=\"widget\" data-widget_type=\"heading.default\">\n<div class=\"elementor-widget-container\">\n<div class=\"elementor-heading-title elementor-size-default\">\u00b7 Typ zawiasu: TR90<\/div>\n<h4>Dostosowanie jest wspierane; doda\u0107 logo lub opakowanie klienta.<\/h4>\n<\/div>\n<\/div>\n<\/div>\n<\/div>\n<\/div>\n<\/section>","protected":false},"featured_media":4227,"comment_status":"closed","ping_status":"closed","template":"","meta":[],"product_brand":[],"product_cat":[73,72,77,20,55,89,78,56,79,99,67,66,57,84,58],"product_tag":[],"class_list":{"0":"post-4220","1":"product","2":"type-product","3":"status-publish","4":"has-post-thumbnail","6":"product_cat-adult","7":"product_cat-age","8":"product_cat-elderly","9":"product_cat-frame","10":"product_cat-gender","11":"product_cat-injection-frame","12":"product_cat-lens","13":"product_cat-men","14":"product_cat-shape","15":"product_cat-sports","16":"product_cat-sunglasses","17":"product_cat-types","18":"product_cat-unisex","19":"product_cat-uv400","20":"product_cat-women","22":"first","23":"instock","24":"shipping-taxable","25":"purchasable","26":"product-type-simple"},"_links":{"self":[{"href":"https:\/\/www.susoneyewear.com\/pl\/wp-json\/wp\/v2\/product\/4220","targetHints":{"allow":["GET"]}}],"collection":[{"href":"https:\/\/www.susoneyewear.com\/pl\/wp-json\/wp\/v2\/product"}],"about":[{"href":"https:\/\/www.susoneyewear.com\/pl\/wp-json\/wp\/v2\/types\/product"}],"replies":[{"embeddable":true,"href":"https:\/\/www.susoneyewear.com\/pl\/wp-json\/wp\/v2\/comments?post=4220"}],"wp:featuredmedia":[{"embeddable":true,"href":"https:\/\/www.susoneyewear.com\/pl\/wp-json\/wp\/v2\/media\/4227"}],"wp:attachment":[{"href":"https:\/\/www.susoneyewear.com\/pl\/wp-json\/wp\/v2\/media?parent=4220"}],"wp:term":[{"taxonomy":"product_brand","embeddable":true,"href":"https:\/\/www.susoneyewear.com\/pl\/wp-json\/wp\/v2\/product_brand?post=4220"},{"taxonomy":"product_cat","embeddable":true,"href":"https:\/\/www.susoneyewear.com\/pl\/wp-json\/wp\/v2\/product_cat?post=4220"},{"taxonomy":"product_tag","embeddable":true,"href":"https:\/\/www.susoneyewear.com\/pl\/wp-json\/wp\/v2\/product_tag?post=4220"}],"curies":[{"name":"wp","href":"https:\/\/api.w.org\/{rel}","templated":true}]}}