{"id":4202,"date":"2025-10-28T10:47:46","date_gmt":"2025-10-28T02:47:46","guid":{"rendered":"https:\/\/www.susoneyewear.com\/?post_type=product&#038;p=4202"},"modified":"2026-01-14T15:30:19","modified_gmt":"2026-01-14T07:30:19","slug":"new-tr90-polarized-sunglasses-for-men-sports-sunglasses-outdoor-cycling-sunglasses-factory-direct-supply","status":"publish","type":"product","link":"https:\/\/www.susoneyewear.com\/pl\/new-tr90-polarized-sunglasses-for-men-sports-sunglasses-outdoor-cycling-sunglasses-factory-direct-supply\/","title":{"rendered":"Nowe okulary przeciws\u0142oneczne rowerowe TR90 polaryzowane dla m\u0119\u017cczyzn, okulary przeciws\u0142oneczne sportowe fabryka bezpo\u015brednie dostawy"},"content":{"rendered":"<h3><img fetchpriority=\"high\" decoding=\"async\" class=\"wp-image-5129 size-full alignleft\" src=\"https:\/\/www.susoneyewear.com\/wp-content\/uploads\/2025\/10\/6919.jpg\" alt=\"rowerowe czarne okulary s\u0142oneczne\" width=\"800\" height=\"800\" srcset=\"https:\/\/www.susoneyewear.com\/wp-content\/uploads\/2025\/10\/6919.jpg 800w, https:\/\/www.susoneyewear.com\/wp-content\/uploads\/2025\/10\/6919-300x300.jpg 300w, https:\/\/www.susoneyewear.com\/wp-content\/uploads\/2025\/10\/6919-150x150.jpg 150w, https:\/\/www.susoneyewear.com\/wp-content\/uploads\/2025\/10\/6919-768x768.jpg 768w, https:\/\/www.susoneyewear.com\/wp-content\/uploads\/2025\/10\/6919-600x600.jpg 600w, https:\/\/www.susoneyewear.com\/wp-content\/uploads\/2025\/10\/6919-100x100.jpg 100w, https:\/\/www.susoneyewear.com\/wp-content\/uploads\/2025\/10\/6919-50x50.jpg 50w\" sizes=\"(max-width: 800px) 100vw, 800px\" \/><\/h3>\n<h3>Materia\u0142y<\/h3>\n<p>Materia\u0142 ramy: TR90<br \/>\nMateria\u0142 \u015bwi\u0105tyni: TR90<br \/>\nMateria\u0142 soczewki: TAC polaryzowany<br \/>\nTyp zawiasu: TR90<\/p>\n<h3>Pomiary<\/h3>\n<p>Szeroko\u015b\u0107 ramy: 65 mm<br \/>\nSzeroko\u015b\u0107 mostu: 16 mm<br \/>\nD\u0142ugo\u015b\u0107 \u015bwi\u0105tyni: 135 mm<\/p>\n<p>Waga: 30g<\/p>\n<h3>Min Zam\u00f3wienie<\/h3>\n<p>10 sztuk \/ model<br \/>\n20 sztuk \/ model do drukowania logo<br \/>\n600 sztuk \/ model do zam\u00f3wienia produkcyjnego<\/p>\n<h3>Us\u0142ugi<\/h3>\n<p>Kontrola jako\u015bci: 100% QC<br \/>\nLogo: Dostosowa\u0107 swoj\u0105 mark\u0119 logo<br \/>\nOEM: Projektujesz, produkujemy<br \/>\nODM: Projektujemy i produkujemy Twoj\u0105 mark\u0119<br \/>\nPakiet: Standardowa torba opp &amp; amp; niestandardowy pakiet<br \/>\nWysy\u0142ka: Dostarcz do miejsca docelowego zgodnie z klientem&#8217; Wymagania s<\/p>","protected":false},"excerpt":{"rendered":"<p>Materia\u0142 ramy: TR90<br \/>\nMateria\u0142 \u015bwi\u0105tyni: TR90<br \/>\nMateria\u0142 soczewki: TAC polaryzowany<br \/>\nTyp zawiasu: TR90<\/p>","protected":false},"featured_media":4311,"comment_status":"closed","ping_status":"closed","template":"","meta":[],"product_brand":[],"product_cat":[73,72,20,55,89,78,56,101,79,99,67,66,84],"product_tag":[],"class_list":{"0":"post-4202","1":"product","2":"type-product","3":"status-publish","4":"has-post-thumbnail","6":"product_cat-adult","7":"product_cat-age","8":"product_cat-frame","9":"product_cat-gender","10":"product_cat-injection-frame","11":"product_cat-lens","12":"product_cat-men","13":"product_cat-night-vision","14":"product_cat-shape","15":"product_cat-sports","16":"product_cat-sunglasses","17":"product_cat-types","18":"product_cat-uv400","20":"first","21":"instock","22":"shipping-taxable","23":"purchasable","24":"product-type-simple"},"_links":{"self":[{"href":"https:\/\/www.susoneyewear.com\/pl\/wp-json\/wp\/v2\/product\/4202","targetHints":{"allow":["GET"]}}],"collection":[{"href":"https:\/\/www.susoneyewear.com\/pl\/wp-json\/wp\/v2\/product"}],"about":[{"href":"https:\/\/www.susoneyewear.com\/pl\/wp-json\/wp\/v2\/types\/product"}],"replies":[{"embeddable":true,"href":"https:\/\/www.susoneyewear.com\/pl\/wp-json\/wp\/v2\/comments?post=4202"}],"wp:featuredmedia":[{"embeddable":true,"href":"https:\/\/www.susoneyewear.com\/pl\/wp-json\/wp\/v2\/media\/4311"}],"wp:attachment":[{"href":"https:\/\/www.susoneyewear.com\/pl\/wp-json\/wp\/v2\/media?parent=4202"}],"wp:term":[{"taxonomy":"product_brand","embeddable":true,"href":"https:\/\/www.susoneyewear.com\/pl\/wp-json\/wp\/v2\/product_brand?post=4202"},{"taxonomy":"product_cat","embeddable":true,"href":"https:\/\/www.susoneyewear.com\/pl\/wp-json\/wp\/v2\/product_cat?post=4202"},{"taxonomy":"product_tag","embeddable":true,"href":"https:\/\/www.susoneyewear.com\/pl\/wp-json\/wp\/v2\/product_tag?post=4202"}],"curies":[{"name":"wp","href":"https:\/\/api.w.org\/{rel}","templated":true}]}}