{"id":4188,"date":"2025-10-28T10:42:02","date_gmt":"2025-10-28T02:42:02","guid":{"rendered":"https:\/\/www.susoneyewear.com\/?post_type=product&#038;p=4188"},"modified":"2026-01-14T14:19:26","modified_gmt":"2026-01-14T06:19:26","slug":"unisex-aviator-acetate-sunglasses-with-hd-cr39-uv400-protective-8-colors-lens-size-standard","status":"publish","type":"product","link":"https:\/\/www.susoneyewear.com\/pl\/unisex-aviator-acetate-sunglasses-with-hd-cr39-uv400-protective-8-colors-lens-size-standard\/","title":{"rendered":"Okulary przeciws\u0142oneczne unisex Aviator Acetate z ochron\u0105 HD CR39 UV400"},"content":{"rendered":"<h3><\/h3>\n<h3><img fetchpriority=\"high\" decoding=\"async\" class=\"wp-image-5118 size-full alignleft\" src=\"https:\/\/www.susoneyewear.com\/wp-content\/uploads\/2025\/10\/RT2034.jpg\" alt=\"okulary s\u0142oneczne z zielonymi soczewkami\" width=\"800\" height=\"800\" srcset=\"https:\/\/www.susoneyewear.com\/wp-content\/uploads\/2025\/10\/RT2034.jpg 800w, https:\/\/www.susoneyewear.com\/wp-content\/uploads\/2025\/10\/RT2034-300x300.jpg 300w, https:\/\/www.susoneyewear.com\/wp-content\/uploads\/2025\/10\/RT2034-150x150.jpg 150w, https:\/\/www.susoneyewear.com\/wp-content\/uploads\/2025\/10\/RT2034-768x768.jpg 768w, https:\/\/www.susoneyewear.com\/wp-content\/uploads\/2025\/10\/RT2034-600x600.jpg 600w, https:\/\/www.susoneyewear.com\/wp-content\/uploads\/2025\/10\/RT2034-100x100.jpg 100w, https:\/\/www.susoneyewear.com\/wp-content\/uploads\/2025\/10\/RT2034-50x50.jpg 50w\" sizes=\"(max-width: 800px) 100vw, 800px\" \/><\/h3>\n<h3>Materia\u0142y<\/h3>\n<p>Materia\u0142 ramy: Acetan<br \/>\nMateria\u0142 \u015bwi\u0105tyni: Acetan<br \/>\nMateria\u0142 soczewki: CR39<br \/>\nTyp zawiasu: 2 1 zawiasu metalowego<\/p>\n<h3>Pomiary<\/h3>\n<p>Szeroko\u015b\u0107 ramy: 55mm<br \/>\nSzeroko\u015b\u0107 mostu: 19 mm<br \/>\nD\u0142ugo\u015b\u0107 \u015bwi\u0105tyni: 145mm<\/p>\n<h3>Min Zam\u00f3wienie<\/h3>\n<p>10 sztuk \/ model<br \/>\n20 sztuk \/ model do drukowania logo<br \/>\n300 sztuk \/ model do zam\u00f3wienia produkcyjnego<\/p>\n<h3>Us\u0142ugi<\/h3>\n<p>Kontrola jako\u015bci: 100% QC<br \/>\nLogo: Dostosowa\u0107 swoj\u0105 mark\u0119 i logo<br \/>\nOEM: Projektujesz, produkujemy<br \/>\nODM: Projektujemy i produkujemy Twoj\u0105 mark\u0119<br \/>\nPakiet: Standardowa torba opp &amp; amp; niestandardowy pakiet<br \/>\nWysy\u0142ka: Dostarcz do miejsca docelowego zgodnie z klientem&#8217; Wymagania s<\/p>\n<p>&nbsp;<\/p>\n<p>&nbsp;<\/p>\n<p>&nbsp;<\/p>\n<p>&nbsp;<\/p>\n<h3><img decoding=\"async\" class=\"alignnone wp-image-4199 size-full\" src=\"https:\/\/www.susoneyewear.com\/wp-content\/uploads\/2025\/10\/Sunglasses-10Sunglasses-acetateRT2034-detail.png\" alt=\"\" width=\"800\" height=\"428\" srcset=\"https:\/\/www.susoneyewear.com\/wp-content\/uploads\/2025\/10\/Sunglasses-10Sunglasses-acetateRT2034-detail.png 800w, https:\/\/www.susoneyewear.com\/wp-content\/uploads\/2025\/10\/Sunglasses-10Sunglasses-acetateRT2034-detail-300x161.png 300w, https:\/\/www.susoneyewear.com\/wp-content\/uploads\/2025\/10\/Sunglasses-10Sunglasses-acetateRT2034-detail-768x411.png 768w, https:\/\/www.susoneyewear.com\/wp-content\/uploads\/2025\/10\/Sunglasses-10Sunglasses-acetateRT2034-detail-600x321.png 600w\" sizes=\"(max-width: 800px) 100vw, 800px\" \/><\/h3>","protected":false},"excerpt":{"rendered":"<p>Materia\u0142 ramy: Acetan<br \/>\nMateria\u0142 \u015bwi\u0105tyni: Acetan<br \/>\nMateria\u0142 soczewki: CR39<br \/>\nTyp zawiasu: 2 1 zawiasu metalowego<\/p>","protected":false},"featured_media":4195,"comment_status":"closed","ping_status":"closed","template":"","meta":[],"product_brand":[],"product_cat":[88,73,72,94,77,20,55,78,56,79,67,66,57,84,58],"product_tag":[],"class_list":{"0":"post-4188","1":"product","2":"type-product","3":"status-publish","4":"has-post-thumbnail","6":"product_cat-acetate-frame","7":"product_cat-adult","8":"product_cat-age","9":"product_cat-aviator","10":"product_cat-elderly","11":"product_cat-frame","12":"product_cat-gender","13":"product_cat-lens","14":"product_cat-men","15":"product_cat-shape","16":"product_cat-sunglasses","17":"product_cat-types","18":"product_cat-unisex","19":"product_cat-uv400","20":"product_cat-women","22":"first","23":"instock","24":"shipping-taxable","25":"purchasable","26":"product-type-simple"},"_links":{"self":[{"href":"https:\/\/www.susoneyewear.com\/pl\/wp-json\/wp\/v2\/product\/4188","targetHints":{"allow":["GET"]}}],"collection":[{"href":"https:\/\/www.susoneyewear.com\/pl\/wp-json\/wp\/v2\/product"}],"about":[{"href":"https:\/\/www.susoneyewear.com\/pl\/wp-json\/wp\/v2\/types\/product"}],"replies":[{"embeddable":true,"href":"https:\/\/www.susoneyewear.com\/pl\/wp-json\/wp\/v2\/comments?post=4188"}],"wp:featuredmedia":[{"embeddable":true,"href":"https:\/\/www.susoneyewear.com\/pl\/wp-json\/wp\/v2\/media\/4195"}],"wp:attachment":[{"href":"https:\/\/www.susoneyewear.com\/pl\/wp-json\/wp\/v2\/media?parent=4188"}],"wp:term":[{"taxonomy":"product_brand","embeddable":true,"href":"https:\/\/www.susoneyewear.com\/pl\/wp-json\/wp\/v2\/product_brand?post=4188"},{"taxonomy":"product_cat","embeddable":true,"href":"https:\/\/www.susoneyewear.com\/pl\/wp-json\/wp\/v2\/product_cat?post=4188"},{"taxonomy":"product_tag","embeddable":true,"href":"https:\/\/www.susoneyewear.com\/pl\/wp-json\/wp\/v2\/product_tag?post=4188"}],"curies":[{"name":"wp","href":"https:\/\/api.w.org\/{rel}","templated":true}]}}