{"id":4176,"date":"2025-12-28T10:25:36","date_gmt":"2025-12-28T02:25:36","guid":{"rendered":"https:\/\/www.susoneyewear.com\/?post_type=product&#038;p=4176"},"modified":"2026-01-14T14:48:48","modified_gmt":"2026-01-14T06:48:48","slug":"cat-eye-acetate-sunglasses-with-tac-polarized-anti-uv400-lens-fashion-trendy-eyewear-for-women","status":"publish","type":"product","link":"https:\/\/www.susoneyewear.com\/pl\/cat-eye-acetate-sunglasses-with-tac-polarized-anti-uv400-lens-fashion-trendy-eyewear-for-women\/","title":{"rendered":"Okulary przeciws\u0142oneczne Cat-Eye Acetate z polaryzowanymi soczewkami TAC Anti UV400 Modne okulary dla kobiet"},"content":{"rendered":"<h3><img fetchpriority=\"high\" decoding=\"async\" class=\"wp-image-5122 size-full alignleft\" src=\"https:\/\/www.susoneyewear.com\/wp-content\/uploads\/2025\/12\/23SA021.jpg\" alt=\"r\u00f3\u017cowe okulary s\u0142oneczne dla kobiet\" width=\"800\" height=\"800\" srcset=\"https:\/\/www.susoneyewear.com\/wp-content\/uploads\/2025\/12\/23SA021.jpg 800w, https:\/\/www.susoneyewear.com\/wp-content\/uploads\/2025\/12\/23SA021-300x300.jpg 300w, https:\/\/www.susoneyewear.com\/wp-content\/uploads\/2025\/12\/23SA021-150x150.jpg 150w, https:\/\/www.susoneyewear.com\/wp-content\/uploads\/2025\/12\/23SA021-768x768.jpg 768w, https:\/\/www.susoneyewear.com\/wp-content\/uploads\/2025\/12\/23SA021-600x600.jpg 600w, https:\/\/www.susoneyewear.com\/wp-content\/uploads\/2025\/12\/23SA021-100x100.jpg 100w, https:\/\/www.susoneyewear.com\/wp-content\/uploads\/2025\/12\/23SA021-50x50.jpg 50w\" sizes=\"(max-width: 800px) 100vw, 800px\" \/><\/h3>\n<h3>Materia\u0142y<\/h3>\n<p>Materia\u0142 ramy: Acetan<br \/>\nMateria\u0142 \u015bwi\u0105tyni: Acetan<br \/>\nMateria\u0142 soczewki: TAC polaryzowany<br \/>\nTyp zawiasu: zawiasu metalowego<\/p>\n<h3>Pomiary<\/h3>\n<p>Szeroko\u015b\u0107 ramy: 54mm<br \/>\nSzeroko\u015b\u0107 mostu: 19 mm<br \/>\nD\u0142ugo\u015b\u0107 \u015bwi\u0105tyni: 145mm<\/p>\n<h3>Min Zam\u00f3wienie<\/h3>\n<p>10 sztuk \/ model<br \/>\n20 sztuk \/ model do drukowania logo<br \/>\n300 sztuk \/ model do zam\u00f3wienia produkcyjnego<\/p>\n<h3>Us\u0142ugi<\/h3>\n<p>Kontrola jako\u015bci: 100% QC<br \/>\nLogo: Dostosowa\u0107 swoj\u0105 mark\u0119 logo<br \/>\nOEM: Projektujesz, produkujemy<br \/>\nODM: Projektujemy i produkujemy Twoj\u0105 mark\u0119<br \/>\nPakiet: Standardowa torba opp &amp; amp; niestandardowy pakiet<br \/>\nWysy\u0142ka: Dostarcz do miejsca docelowego zgodnie z klientem&#8217; Wymagania s<\/p>\n<p><img decoding=\"async\" class=\"alignnone wp-image-4185 size-full\" src=\"https:\/\/www.susoneyewear.com\/wp-content\/uploads\/2025\/10\/Sunglasses-acetate23SA021-detail.png\" alt=\"\" width=\"800\" height=\"570\" srcset=\"https:\/\/www.susoneyewear.com\/wp-content\/uploads\/2025\/10\/Sunglasses-acetate23SA021-detail.png 800w, https:\/\/www.susoneyewear.com\/wp-content\/uploads\/2025\/10\/Sunglasses-acetate23SA021-detail-300x214.png 300w, https:\/\/www.susoneyewear.com\/wp-content\/uploads\/2025\/10\/Sunglasses-acetate23SA021-detail-768x547.png 768w, https:\/\/www.susoneyewear.com\/wp-content\/uploads\/2025\/10\/Sunglasses-acetate23SA021-detail-600x428.png 600w\" sizes=\"(max-width: 800px) 100vw, 800px\" \/><\/p>\n<p><img decoding=\"async\" class=\"alignnone wp-image-4186 size-full\" src=\"https:\/\/www.susoneyewear.com\/wp-content\/uploads\/2025\/10\/Sunglasses-acetate23SA021-display-scaled.jpg\" alt=\"\" width=\"805\" height=\"2560\" srcset=\"https:\/\/www.susoneyewear.com\/wp-content\/uploads\/2025\/10\/Sunglasses-acetate23SA021-display-scaled.jpg 805w, https:\/\/www.susoneyewear.com\/wp-content\/uploads\/2025\/10\/Sunglasses-acetate23SA021-display-94x300.jpg 94w, https:\/\/www.susoneyewear.com\/wp-content\/uploads\/2025\/10\/Sunglasses-acetate23SA021-display-322x1024.jpg 322w, https:\/\/www.susoneyewear.com\/wp-content\/uploads\/2025\/10\/Sunglasses-acetate23SA021-display-768x2441.jpg 768w, https:\/\/www.susoneyewear.com\/wp-content\/uploads\/2025\/10\/Sunglasses-acetate23SA021-display-483x1536.jpg 483w, https:\/\/www.susoneyewear.com\/wp-content\/uploads\/2025\/10\/Sunglasses-acetate23SA021-display-644x2048.jpg 644w, https:\/\/www.susoneyewear.com\/wp-content\/uploads\/2025\/10\/Sunglasses-acetate23SA021-display-600x1907.jpg 600w\" sizes=\"(max-width: 805px) 100vw, 805px\" \/><\/p>","protected":false},"excerpt":{"rendered":"<p>Materia\u0142 ramy: Acetan<br \/>\nMateria\u0142 \u015bwi\u0105tyni: Acetan<br \/>\nMateria\u0142 soczewki: TAC polaryzowany<br \/>\nTyp zawiasu: zawiasu metalowego<\/p>","protected":false},"featured_media":4180,"comment_status":"closed","ping_status":"closed","template":"","meta":[],"product_brand":[],"product_cat":[88,73,72,95,77,55,79,67,66,84,58],"product_tag":[],"class_list":{"0":"post-4176","1":"product","2":"type-product","3":"status-publish","4":"has-post-thumbnail","6":"product_cat-acetate-frame","7":"product_cat-adult","8":"product_cat-age","9":"product_cat-cat-eye","10":"product_cat-elderly","11":"product_cat-gender","12":"product_cat-shape","13":"product_cat-sunglasses","14":"product_cat-types","15":"product_cat-uv400","16":"product_cat-women","18":"first","19":"instock","20":"shipping-taxable","21":"purchasable","22":"product-type-simple"},"_links":{"self":[{"href":"https:\/\/www.susoneyewear.com\/pl\/wp-json\/wp\/v2\/product\/4176","targetHints":{"allow":["GET"]}}],"collection":[{"href":"https:\/\/www.susoneyewear.com\/pl\/wp-json\/wp\/v2\/product"}],"about":[{"href":"https:\/\/www.susoneyewear.com\/pl\/wp-json\/wp\/v2\/types\/product"}],"replies":[{"embeddable":true,"href":"https:\/\/www.susoneyewear.com\/pl\/wp-json\/wp\/v2\/comments?post=4176"}],"wp:featuredmedia":[{"embeddable":true,"href":"https:\/\/www.susoneyewear.com\/pl\/wp-json\/wp\/v2\/media\/4180"}],"wp:attachment":[{"href":"https:\/\/www.susoneyewear.com\/pl\/wp-json\/wp\/v2\/media?parent=4176"}],"wp:term":[{"taxonomy":"product_brand","embeddable":true,"href":"https:\/\/www.susoneyewear.com\/pl\/wp-json\/wp\/v2\/product_brand?post=4176"},{"taxonomy":"product_cat","embeddable":true,"href":"https:\/\/www.susoneyewear.com\/pl\/wp-json\/wp\/v2\/product_cat?post=4176"},{"taxonomy":"product_tag","embeddable":true,"href":"https:\/\/www.susoneyewear.com\/pl\/wp-json\/wp\/v2\/product_tag?post=4176"}],"curies":[{"name":"wp","href":"https:\/\/api.w.org\/{rel}","templated":true}]}}