{"id":4150,"date":"2026-01-25T10:10:11","date_gmt":"2026-01-25T02:10:11","guid":{"rendered":"https:\/\/www.susoneyewear.com\/?post_type=product&#038;p=4150"},"modified":"2026-01-29T14:29:36","modified_gmt":"2026-01-29T06:29:36","slug":"high-quality-small-frame-trendy-fashion-acetate-sunglasses-with-tac-polarized-anti-uv400-lens","status":"publish","type":"product","link":"https:\/\/www.susoneyewear.com\/pl\/high-quality-small-frame-trendy-fashion-acetate-sunglasses-with-tac-polarized-anti-uv400-lens\/","title":{"rendered":"Okulary przeciws\u0142oneczne octanu ma\u0142ej ramy z polaryzowanym soczewk\u0105 anty UV400"},"content":{"rendered":"<h2><span style=\"font-family: georgia, palatino, serif;\">Najwa\u017cniejsze informacje o produkcie:<\/span><\/h2>\n<ul>\n<li><span style=\"font-family: arial, helvetica, sans-serif;\"><strong><b> Ekologiczna rama octanu\u00a0<\/b><\/strong><\/span><\/li>\n<li><span style=\"font-family: arial, helvetica, sans-serif;\">Szeroka r\u00f3\u017cnorodno\u015b\u0107 stylowych <strong><b>kolory ramek i soczewek <\/b><\/strong>s\u0105 dost\u0119pne.<\/span><\/li>\n<li><span style=\"font-family: arial, helvetica, sans-serif;\">Wysoka rozdzielczo\u015b\u0107 <strong><b>Soczewki polaryzowane nylonowe <\/b><\/strong>Chro\u0144 oczy na zewn\u0105trz.<\/span><\/li>\n<li><span style=\"font-family: arial, helvetica, sans-serif;\"><strong><b> Obrazy o wysokiej rozdzielczo\u015bci<\/b><\/strong> s\u0105 dost\u0119pne do marketingu<strong><b>.<\/b><\/strong><\/span><\/li>\n<li><span style=\"font-family: arial, helvetica, sans-serif;\"><strong><b> Ma\u0142a partia <\/b><\/strong>us\u0142ugi prototypowania i dostosowywania s\u0105 dost\u0119pne na \u017cyczenie<strong><b>.<\/b><\/strong><\/span><\/li>\n<\/ul>\n<h2>Rozmiar standardowy<\/h2>\n<p>&nbsp;<\/p>\n<p><img fetchpriority=\"high\" decoding=\"async\" class=\"wp-image-5127 size-full alignnone\" src=\"https:\/\/www.susoneyewear.com\/wp-content\/uploads\/2025\/12\/24SA079.jpg\" alt=\"kobiety czerwone okulary s\u0142oneczne \" width=\"800\" height=\"800\" srcset=\"https:\/\/www.susoneyewear.com\/wp-content\/uploads\/2025\/12\/24SA079.jpg 800w, https:\/\/www.susoneyewear.com\/wp-content\/uploads\/2025\/12\/24SA079-300x300.jpg 300w, https:\/\/www.susoneyewear.com\/wp-content\/uploads\/2025\/12\/24SA079-150x150.jpg 150w, https:\/\/www.susoneyewear.com\/wp-content\/uploads\/2025\/12\/24SA079-768x768.jpg 768w, https:\/\/www.susoneyewear.com\/wp-content\/uploads\/2025\/12\/24SA079-600x600.jpg 600w, https:\/\/www.susoneyewear.com\/wp-content\/uploads\/2025\/12\/24SA079-100x100.jpg 100w, https:\/\/www.susoneyewear.com\/wp-content\/uploads\/2025\/12\/24SA079-50x50.jpg 50w\" sizes=\"(max-width: 800px) 100vw, 800px\" \/><\/p>\n<h3>Materia\u0142y<\/h3>\n<p>Materia\u0142 ramy: Acetan<br \/>\nMateria\u0142 \u015bwi\u0105tyni: Acetan<br \/>\nMateria\u0142 soczewki: TAC polaryzowany<br \/>\nTyp zawiasu: zawiasu metalowego<\/p>\n<h3>Pomiary<\/h3>\n<p>Szeroko\u015b\u0107 ramy: 53mm<br \/>\nSzeroko\u015b\u0107 mostu: 17mm<br \/>\nD\u0142ugo\u015b\u0107 \u015bwi\u0105tyni: 140 mm<\/p>\n<h3>Min Zam\u00f3wienie<\/h3>\n<p>10 sztuk \/ model<br \/>\n20 sztuk \/ model do drukowania logo<br \/>\n300 sztuk \/ model do zam\u00f3wienia produkcyjnego<\/p>\n<h3>Us\u0142ugi<\/h3>\n<p>Kontrola jako\u015bci: 100% QC<br \/>\nLogo: Dostosowa\u0107 swoj\u0105 mark\u0119 logo<br \/>\nOEM: Projektujesz, produkujemy<br \/>\nODM: Projektujemy i produkujemy Twoj\u0105 mark\u0119<br \/>\nPakiet: Standardowa torba opp &amp; amp; niestandardowy pakiet<br \/>\nWysy\u0142ka: Dostarcz do miejsca docelowego zgodnie z klientem&#8217; Wymagania s<\/p>\n<h3><img decoding=\"async\" class=\"alignnone wp-image-4165 size-full\" style=\"font-size: 16px;\" src=\"https:\/\/www.susoneyewear.com\/wp-content\/uploads\/2025\/10\/Sunglasses-acetate-24SA079-detail.png\" alt=\"\" width=\"800\" height=\"428\" srcset=\"https:\/\/www.susoneyewear.com\/wp-content\/uploads\/2025\/10\/Sunglasses-acetate-24SA079-detail.png 800w, https:\/\/www.susoneyewear.com\/wp-content\/uploads\/2025\/10\/Sunglasses-acetate-24SA079-detail-300x161.png 300w, https:\/\/www.susoneyewear.com\/wp-content\/uploads\/2025\/10\/Sunglasses-acetate-24SA079-detail-768x411.png 768w, https:\/\/www.susoneyewear.com\/wp-content\/uploads\/2025\/10\/Sunglasses-acetate-24SA079-detail-600x321.png 600w\" sizes=\"(max-width: 800px) 100vw, 800px\" \/><\/h3>\n<h2>Us\u0142ugi<\/h2>\n<p>Kontrola jako\u015bci: 100% QC<br \/>\nLogo: Dostosowa\u0107 swoj\u0105 mark\u0119 logo<\/p>\n<p><img decoding=\"async\" class=\"alignnone wp-image-5383 size-large\" src=\"https:\/\/www.susoneyewear.com\/wp-content\/uploads\/2026\/01\/OEM-ODM-SERVICE-1-1024x512.jpg\" alt=\"Fabryka okular\u00f3w OEM i ODM\" width=\"800\" height=\"400\" srcset=\"\" sizes=\"(max-width: 800px) 100vw, 800px\" data-srcset=\"\" \/><br \/>\nOEM: Projektujesz, produkujemy<\/p>\n<p>ODM: Projektujemy i produkujemy Twoj\u0105 mark\u0119<\/p>\n<p>Pakiet: Standardowa torba opp &amp; amp; niestandardowy pakiet<\/p>\n<p><img loading=\"lazy\" decoding=\"async\" class=\"alignnone wp-image-5385 size-large\" src=\"https:\/\/www.susoneyewear.com\/wp-content\/uploads\/2026\/01\/OEM-ODM-SERVICE-2-1024x1024.jpg\" alt=\"Fabryka okular\u00f3w OEM i ODM\" width=\"800\" height=\"800\" srcset=\"\" sizes=\"(max-width: 800px) 100vw, 800px\" data-srcset=\"\" \/><\/p>\n<p><img loading=\"lazy\" decoding=\"async\" class=\"size-full wp-image-5290 alignnone\" src=\"https:\/\/www.susoneyewear.com\/wp-content\/uploads\/2026\/01\/custom-package.png\" alt=\"pakiet niestandardowy\" width=\"818\" height=\"694\" srcset=\"https:\/\/www.susoneyewear.com\/wp-content\/uploads\/2026\/01\/custom-package.png 818w, https:\/\/www.susoneyewear.com\/wp-content\/uploads\/2026\/01\/custom-package-300x255.png 300w, https:\/\/www.susoneyewear.com\/wp-content\/uploads\/2026\/01\/custom-package-768x652.png 768w, https:\/\/www.susoneyewear.com\/wp-content\/uploads\/2026\/01\/custom-package-600x509.png 600w\" sizes=\"(max-width: 818px) 100vw, 818px\" \/><br \/>\nWysy\u0142ka: Dostarcz do miejsca docelowego zgodnie z klientem&#8217; Wymagania s<\/p>\n<p><img loading=\"lazy\" decoding=\"async\" class=\"size-full wp-image-5248 alignnone\" src=\"https:\/\/www.susoneyewear.com\/wp-content\/uploads\/2026\/01\/shipping.png\" alt=\"Bezpiecze\u0144stwo wysy\u0142ki do miejsca docelowego\" width=\"904\" height=\"711\" srcset=\"https:\/\/www.susoneyewear.com\/wp-content\/uploads\/2026\/01\/shipping.png 904w, https:\/\/www.susoneyewear.com\/wp-content\/uploads\/2026\/01\/shipping-300x236.png 300w, https:\/\/www.susoneyewear.com\/wp-content\/uploads\/2026\/01\/shipping-768x604.png 768w, https:\/\/www.susoneyewear.com\/wp-content\/uploads\/2026\/01\/shipping-600x472.png 600w\" sizes=\"(max-width: 904px) 100vw, 904px\" \/><\/p>\n<h3><span style=\"font-family: arial, helvetica, sans-serif;\">Si\u0142a fabryki:<\/span><\/h3>\n<p>1. Mamy w\u0142asn\u0105 fabryk\u0119 form, co pozwala nam efektywnie i szybko produkowa\u0107 <strong>wysokiej jako\u015bci formy<\/strong> i pr\u00f3bki przedprodukcyjne.<br \/>\n2. Nasze linie produkcyjne obejmuj\u0105<strong> formowanie wtryskowe, podw\u00f3jne formowanie wtryskowe, octan i tytan,<\/strong> wspieranie produkcji okular\u00f3w wykonanych z r\u00f3\u017cnych materia\u0142\u00f3w.<br \/>\n3. Zapewniamy indywidualne us\u0142ugi projektowania i produkcji dla wielu mi\u0119dzynarodowych marek, gwarantuj\u0105c <strong>jako\u015b\u0107 i terminowa dostawa<\/strong>.<br \/>\n4. Posiadamy rygorystyczny system zarz\u0105dzania jako\u015bci\u0105 i posiadamy r\u00f3\u017cne certyfikaty, w tym <strong>CE, FDA, UKCA i BSCI<\/strong>.<br \/>\n5. Niezale\u017cnie od tego, czy jeste\u015b ma\u0142ym lub \u015brednim klientem, czy du\u017cym, do\u015bwiadczonym klientem, mamy zasoby, aby zapewni\u0107 Ci <strong>op\u0142acalne produkty i us\u0142ugi<\/strong>.<\/p>\n<p>&nbsp;<\/p>\n<p>&nbsp;<\/p>\n<h1><span style=\"color: #020266;\">Skontaktuj si\u0119 z nami w celu uzyskania nowego katalogu produkt\u00f3w lub wykona\u0107 sw\u00f3j projekt!<\/span><\/h1>","protected":false},"excerpt":{"rendered":"<p>MOQ: 1-300 sztuk, w zale\u017cno\u015bci od wymaga\u0144<\/p>\n<p>Us\u0142ugi dostosowywania: logo, opakowanie, kolor i formy.<\/p>\n<p>Pr\u00f3bka czasu realizacji: Gotowy magazyn doda\u0107 logo: Oko\u0142o 7 dni; produkcja: 35 dni<\/p>\n<p>Materia\u0142: Acetan \/ TR90 \/ Metal (regulowany zgodnie z wymaganiami.)<\/p>","protected":false},"featured_media":4153,"comment_status":"closed","ping_status":"closed","template":"","meta":[],"product_brand":[],"product_cat":[88,73,72,77,20,55,78,56,100,97,67,66,57,84,58],"product_tag":[],"class_list":{"0":"post-4150","1":"product","2":"type-product","3":"status-publish","4":"has-post-thumbnail","6":"product_cat-acetate-frame","7":"product_cat-adult","8":"product_cat-age","9":"product_cat-elderly","10":"product_cat-frame","11":"product_cat-gender","12":"product_cat-lens","13":"product_cat-men","14":"product_cat-others-shape","15":"product_cat-rectangle","16":"product_cat-sunglasses","17":"product_cat-types","18":"product_cat-unisex","19":"product_cat-uv400","20":"product_cat-women","22":"first","23":"instock","24":"shipping-taxable","25":"purchasable","26":"product-type-simple"},"_links":{"self":[{"href":"https:\/\/www.susoneyewear.com\/pl\/wp-json\/wp\/v2\/product\/4150","targetHints":{"allow":["GET"]}}],"collection":[{"href":"https:\/\/www.susoneyewear.com\/pl\/wp-json\/wp\/v2\/product"}],"about":[{"href":"https:\/\/www.susoneyewear.com\/pl\/wp-json\/wp\/v2\/types\/product"}],"replies":[{"embeddable":true,"href":"https:\/\/www.susoneyewear.com\/pl\/wp-json\/wp\/v2\/comments?post=4150"}],"wp:featuredmedia":[{"embeddable":true,"href":"https:\/\/www.susoneyewear.com\/pl\/wp-json\/wp\/v2\/media\/4153"}],"wp:attachment":[{"href":"https:\/\/www.susoneyewear.com\/pl\/wp-json\/wp\/v2\/media?parent=4150"}],"wp:term":[{"taxonomy":"product_brand","embeddable":true,"href":"https:\/\/www.susoneyewear.com\/pl\/wp-json\/wp\/v2\/product_brand?post=4150"},{"taxonomy":"product_cat","embeddable":true,"href":"https:\/\/www.susoneyewear.com\/pl\/wp-json\/wp\/v2\/product_cat?post=4150"},{"taxonomy":"product_tag","embeddable":true,"href":"https:\/\/www.susoneyewear.com\/pl\/wp-json\/wp\/v2\/product_tag?post=4150"}],"curies":[{"name":"wp","href":"https:\/\/api.w.org\/{rel}","templated":true}]}}