{"id":4141,"date":"2025-10-28T09:58:26","date_gmt":"2025-10-28T01:58:26","guid":{"rendered":"https:\/\/www.susoneyewear.com\/?post_type=product&#038;p=4141"},"modified":"2026-01-14T15:04:20","modified_gmt":"2026-01-14T07:04:20","slug":"new-trendy-fashion-acetate-sunglasses-with-tac-polarized-anti-uv400-lens-protect","status":"publish","type":"product","link":"https:\/\/www.susoneyewear.com\/pl\/new-trendy-fashion-acetate-sunglasses-with-tac-polarized-anti-uv400-lens-protect\/","title":{"rendered":"Modne okulary s\u0142oneczne motyl dla kobiet Okulary s\u0142oneczne Acetate z soczewkami UV400 Protect"},"content":{"rendered":"<p><img fetchpriority=\"high\" decoding=\"async\" class=\"wp-image-5125 size-full\" src=\"https:\/\/www.susoneyewear.com\/wp-content\/uploads\/2025\/10\/23SA030.jpg\" alt=\"okulary s\u0142oneczne motyl\" width=\"800\" height=\"800\" srcset=\"https:\/\/www.susoneyewear.com\/wp-content\/uploads\/2025\/10\/23SA030.jpg 800w, https:\/\/www.susoneyewear.com\/wp-content\/uploads\/2025\/10\/23SA030-300x300.jpg 300w, https:\/\/www.susoneyewear.com\/wp-content\/uploads\/2025\/10\/23SA030-150x150.jpg 150w, https:\/\/www.susoneyewear.com\/wp-content\/uploads\/2025\/10\/23SA030-768x768.jpg 768w, https:\/\/www.susoneyewear.com\/wp-content\/uploads\/2025\/10\/23SA030-600x600.jpg 600w, https:\/\/www.susoneyewear.com\/wp-content\/uploads\/2025\/10\/23SA030-100x100.jpg 100w, https:\/\/www.susoneyewear.com\/wp-content\/uploads\/2025\/10\/23SA030-50x50.jpg 50w\" sizes=\"(max-width: 800px) 100vw, 800px\" \/><\/p>\n<h3>Materia\u0142y<\/h3>\n<p>Materia\u0142 ramy: Acetan<br \/>\nMateria\u0142 \u015bwi\u0105tyni: Acetan<br \/>\nMateria\u0142 soczewki: TAC polaryzowany<br \/>\nTyp zawiasu: zawiasu metalowego<\/p>\n<h3>Pomiary<\/h3>\n<p>Szeroko\u015b\u0107 ramy: 51mm<br \/>\nSzeroko\u015b\u0107 mostu: 21mm<br \/>\nD\u0142ugo\u015b\u0107 \u015bwi\u0105tyni: 145mm<\/p>\n<h3>Min Zam\u00f3wienie<\/h3>\n<p>10 sztuk \/ model<br \/>\n20 sztuk \/ model do drukowania logo<br \/>\n300 sztuk \/ model do zam\u00f3wienia produkcyjnego<\/p>\n<h3>Us\u0142ugi<\/h3>\n<p>Kontrola jako\u015bci: 100% QC<br \/>\nLogo: Dostosowa\u0107 swoj\u0105 mark\u0119 logo<br \/>\nOEM: Projektujesz, produkujemy<br \/>\nODM: Projektujemy i produkujemy Twoj\u0105 mark\u0119<br \/>\nPakiet: Standardowa torba opp &amp; amp; niestandardowy pakiet<br \/>\nWysy\u0142ka: Dostarcz do miejsca docelowego zgodnie z klientem&#8217; Wymagania s<\/p>\n<p>&nbsp;<\/p>\n<p>&nbsp;<\/p>\n<p>&nbsp;<\/p>\n<p>&nbsp;<\/p>\n<p>&nbsp;<\/p>\n<p><span style=\"font-size: 18pt;\">Je\u015bli potrzebujesz OEM lub dostosowanych, prosz\u0119 wys\u0142a\u0107 czat na \u017cywo lub e-mail, aby skontaktowa\u0107 si\u0119 z nami, porozmawia\u0107 o wi\u0119cej szczeg\u00f3\u0142\u00f3w!<\/span><\/p>","protected":false},"excerpt":{"rendered":"<p>Materia\u0142 ramy: Acetan<br \/>\nMateria\u0142 \u015bwi\u0105tyni: Acetan<br \/>\nMateria\u0142 soczewki: TAC polaryzowany<br \/>\nTyp zawiasu: zawiasu metalowego<\/p>","protected":false},"featured_media":4148,"comment_status":"closed","ping_status":"closed","template":"","meta":[],"product_brand":[],"product_cat":[88,73,72,95,77,55,78,56,67,66,57,84,58],"product_tag":[],"class_list":{"0":"post-4141","1":"product","2":"type-product","3":"status-publish","4":"has-post-thumbnail","6":"product_cat-acetate-frame","7":"product_cat-adult","8":"product_cat-age","9":"product_cat-cat-eye","10":"product_cat-elderly","11":"product_cat-gender","12":"product_cat-lens","13":"product_cat-men","14":"product_cat-sunglasses","15":"product_cat-types","16":"product_cat-unisex","17":"product_cat-uv400","18":"product_cat-women","20":"first","21":"instock","22":"shipping-taxable","23":"purchasable","24":"product-type-simple"},"_links":{"self":[{"href":"https:\/\/www.susoneyewear.com\/pl\/wp-json\/wp\/v2\/product\/4141","targetHints":{"allow":["GET"]}}],"collection":[{"href":"https:\/\/www.susoneyewear.com\/pl\/wp-json\/wp\/v2\/product"}],"about":[{"href":"https:\/\/www.susoneyewear.com\/pl\/wp-json\/wp\/v2\/types\/product"}],"replies":[{"embeddable":true,"href":"https:\/\/www.susoneyewear.com\/pl\/wp-json\/wp\/v2\/comments?post=4141"}],"wp:featuredmedia":[{"embeddable":true,"href":"https:\/\/www.susoneyewear.com\/pl\/wp-json\/wp\/v2\/media\/4148"}],"wp:attachment":[{"href":"https:\/\/www.susoneyewear.com\/pl\/wp-json\/wp\/v2\/media?parent=4141"}],"wp:term":[{"taxonomy":"product_brand","embeddable":true,"href":"https:\/\/www.susoneyewear.com\/pl\/wp-json\/wp\/v2\/product_brand?post=4141"},{"taxonomy":"product_cat","embeddable":true,"href":"https:\/\/www.susoneyewear.com\/pl\/wp-json\/wp\/v2\/product_cat?post=4141"},{"taxonomy":"product_tag","embeddable":true,"href":"https:\/\/www.susoneyewear.com\/pl\/wp-json\/wp\/v2\/product_tag?post=4141"}],"curies":[{"name":"wp","href":"https:\/\/api.w.org\/{rel}","templated":true}]}}