{"id":4054,"date":"2025-10-27T20:59:41","date_gmt":"2025-10-27T12:59:41","guid":{"rendered":"https:\/\/www.susoneyewear.com\/?post_type=product&#038;p=4054"},"modified":"2026-01-15T13:53:51","modified_gmt":"2026-01-15T05:53:51","slug":"new-square-glasses-reading-glasses-for-the-elderly-tr90-reading-glasses-lightweight-anti-blue-light-reading-glasses-for-men","status":"publish","type":"product","link":"https:\/\/www.susoneyewear.com\/pl\/new-square-glasses-reading-glasses-for-the-elderly-tr90-reading-glasses-lightweight-anti-blue-light-reading-glasses-for-men\/","title":{"rendered":"Nowe kwadratowe lekkie okulary do czytania TR90 dla m\u0119\u017cczyzn i kobiet"},"content":{"rendered":"<h3><img fetchpriority=\"high\" decoding=\"async\" class=\"wp-image-5168 alignleft\" src=\"https:\/\/www.susoneyewear.com\/wp-content\/uploads\/2025\/10\/tr9012.jpg\" alt=\"Okulary do czytania TR90\" width=\"622\" height=\"622\" srcset=\"https:\/\/www.susoneyewear.com\/wp-content\/uploads\/2025\/10\/tr9012.jpg 800w, https:\/\/www.susoneyewear.com\/wp-content\/uploads\/2025\/10\/tr9012-300x300.jpg 300w, https:\/\/www.susoneyewear.com\/wp-content\/uploads\/2025\/10\/tr9012-150x150.jpg 150w, https:\/\/www.susoneyewear.com\/wp-content\/uploads\/2025\/10\/tr9012-768x768.jpg 768w, https:\/\/www.susoneyewear.com\/wp-content\/uploads\/2025\/10\/tr9012-600x600.jpg 600w, https:\/\/www.susoneyewear.com\/wp-content\/uploads\/2025\/10\/tr9012-100x100.jpg 100w, https:\/\/www.susoneyewear.com\/wp-content\/uploads\/2025\/10\/tr9012-50x50.jpg 50w\" sizes=\"(max-width: 622px) 100vw, 622px\" \/><\/h3>\n<h3>Materia\u0142y<\/h3>\n<p>Materia\u0142 ramy: TR90<br \/>\nMateria\u0142 \u015bwi\u0105tyni: TR90<br \/>\nSoczewka: CR39 niebieskie \u015bwiat\u0142o blokuj\u0105ce<br \/>\nTyp zawiasu: TR90<br \/>\nWaga: 16g<\/p>\n<h3>Pomiary<\/h3>\n<p>Szeroko\u015b\u0107 ramy: 63 mm<br \/>\nSzeroko\u015b\u0107 mostu: 14 mm<br \/>\nD\u0142ugo\u015b\u0107 \u015bwi\u0105tyni: 146 mm<br \/>\nselektor mocy: 1.00;  1.50\uff1b  2.00\uff1b  2.50\uff1b  3.00\uff1b  3.50\uff1b  4.00<\/p>\n<h3>Min Zam\u00f3wienie<\/h3>\n<p>12 sztuk \/ model<br \/>\n20 sztuk \/ model do drukowania logo<br \/>\n600 sztuk \/ model do zam\u00f3wienia produkcyjnego<\/p>\n<h3>Us\u0142ugi<\/h3>\n<p>Kontrola jako\u015bci: 100% QC<br \/>\nLogo: Dostosowa\u0107 swoj\u0105 mark\u0119 logo<br \/>\nOEM: Projektujesz, produkujemy<br \/>\nODM: Projektujemy i produkujemy Twoj\u0105 mark\u0119<br \/>\nWysy\u0142ka: Dostarcz do miejsca docelowego zgodnie z klientem&#8217; Wymagania s<\/p>\n<p>&nbsp;<\/p>\n<p><span class=\"magic-32\"><span class=\"magic-33\"><b class=\"magic-33\">P1: Co dostarczasz?<\/b><\/span><br \/>\n<span class=\"magic-33\">A1: Jeste\u015bmy producentem okular\u00f3w g\u0142\u00f3wnie dostarczaj\u0105cym okulary do czytania i okulary przeciws\u0142oneczne z materia\u0142u PC oraz wysokiej jako\u015bci okulary przeciws\u0142oneczne z materia\u0142u octanu i ram\u0119 optyczn\u0105, mo\u017cemy dostarczy\u0107 wszelkie akcesoria wed\u0142ug klienta &#8217; wym\u00f3g s<\/span><\/p>\n<p><b>P2: Czy dostarczasz niestandardowe logo? Co&#8217; MOQ jest?<\/b><br \/>\nA2: Tak, mo\u017cemy dostosowa\u0107 logo dla Ciebie, prosz\u0119 wys\u0142a\u0107 wiadomo\u015b\u0107 lub czat e-mail szczeg\u00f3\u0142y dotycz\u0105ce dodania logo<\/p>\n<p><b>P3: Czy mo\u017cesz wys\u0142a\u0107 nam niestandardow\u0105 pr\u00f3bk\u0119 logo do sprawdzenia?<\/b><br \/>\nA3: Tak, wspieramy sprawdzanie jako\u015bci i szczeg\u00f3\u0142\u00f3w pr\u00f3bek przed zam\u00f3wieniem masowym<\/p>\n<p><b>P4: Jaki jest czas dostawy zam\u00f3wienia masowego?<\/b><br \/>\nA4: Gotowy magazyn doda\u0107 logo: wsp\u00f3lne 10 dni;<br \/>\nNowe zam\u00f3wienie produkcyjne: Zazwyczaj wysy\u0142amy w ci\u0105gu 45 dni od zap\u0142aty<\/p>\n<p><b>Q5. co z p\u0142atno\u015bci\u0105?<\/b><br \/>\nA5: 30% zap\u0142acone najpierw, a saldo zap\u0142acone przed wysy\u0142k\u0105<\/p>\n<p><b>P6: Czy mo\u017cesz pom\u00f3c mi wys\u0142a\u0107 bezpo\u015brednio do magazynu Amazon?<br \/>\n<\/b> A6:<\/span><span class=\"magic-32\">Tak, mo\u017cemy pom\u00f3c Ci nakleja\u0107 etykiety i wys\u0142a\u0107 je bezpo\u015brednio do magazynu Amazon<\/span><\/p>\n<div><span class=\"magic-32\" data-spm-anchor-id=\"a2700.details-description.0.i1.7197bNmjbNmj0j\"> <b>P7: Co z ekspresowym.<br \/>\n<\/b> A7: Zazwyczaj mo\u017cemy wysy\u0142a\u0107 dowoln\u0105 ekspresow\u0105 wysy\u0142k\u0119, kt\u00f3r\u0105 poprosisz, tak\u0105 jak FedEx, DHL, UPS, otrzymasz w ci\u0105gu 5-8 dni; inne lotnictwem i morzem&#8230; w zale\u017cno\u015bci od wymaga\u0144 klient\u00f3w.<\/span><\/div>","protected":false},"excerpt":{"rendered":"<p>Materia\u0142 ramy: TR90<br \/>\nMateria\u0142 \u015bwi\u0105tyni: TR90<br \/>\nSoczewka: CR39 niebieskie \u015bwiat\u0142o blokuj\u0105ce<br \/>\nTyp zawiasu: TR90<\/p>","protected":false},"featured_media":4058,"comment_status":"closed","ping_status":"closed","template":"","meta":[],"product_brand":[],"product_cat":[72,86,77,20,55,89,78,56,82,97,79,66,57,58],"product_tag":[],"class_list":{"0":"post-4054","1":"product","2":"type-product","3":"status-publish","4":"has-post-thumbnail","6":"product_cat-age","7":"product_cat-anti-blue-light","8":"product_cat-elderly","9":"product_cat-frame","10":"product_cat-gender","11":"product_cat-injection-frame","12":"product_cat-lens","13":"product_cat-men","14":"product_cat-reading","15":"product_cat-rectangle","16":"product_cat-shape","17":"product_cat-types","18":"product_cat-unisex","19":"product_cat-women","21":"first","22":"instock","23":"shipping-taxable","24":"purchasable","25":"product-type-simple"},"_links":{"self":[{"href":"https:\/\/www.susoneyewear.com\/pl\/wp-json\/wp\/v2\/product\/4054","targetHints":{"allow":["GET"]}}],"collection":[{"href":"https:\/\/www.susoneyewear.com\/pl\/wp-json\/wp\/v2\/product"}],"about":[{"href":"https:\/\/www.susoneyewear.com\/pl\/wp-json\/wp\/v2\/types\/product"}],"replies":[{"embeddable":true,"href":"https:\/\/www.susoneyewear.com\/pl\/wp-json\/wp\/v2\/comments?post=4054"}],"wp:featuredmedia":[{"embeddable":true,"href":"https:\/\/www.susoneyewear.com\/pl\/wp-json\/wp\/v2\/media\/4058"}],"wp:attachment":[{"href":"https:\/\/www.susoneyewear.com\/pl\/wp-json\/wp\/v2\/media?parent=4054"}],"wp:term":[{"taxonomy":"product_brand","embeddable":true,"href":"https:\/\/www.susoneyewear.com\/pl\/wp-json\/wp\/v2\/product_brand?post=4054"},{"taxonomy":"product_cat","embeddable":true,"href":"https:\/\/www.susoneyewear.com\/pl\/wp-json\/wp\/v2\/product_cat?post=4054"},{"taxonomy":"product_tag","embeddable":true,"href":"https:\/\/www.susoneyewear.com\/pl\/wp-json\/wp\/v2\/product_tag?post=4054"}],"curies":[{"name":"wp","href":"https:\/\/api.w.org\/{rel}","templated":true}]}}