{"id":4050,"date":"2025-10-27T20:53:57","date_gmt":"2025-10-27T12:53:57","guid":{"rendered":"https:\/\/www.susoneyewear.com\/?post_type=product&#038;p=4050"},"modified":"2026-01-15T14:01:27","modified_gmt":"2026-01-15T06:01:27","slug":"dual-purpose-progressive-multifocal-reading-glasses-high-definition-anti-blue-light-computer-glasses-for-the-elderly-tr-ultra-light-reading-glasses","status":"publish","type":"product","link":"https:\/\/www.susoneyewear.com\/pl\/dual-purpose-progressive-multifocal-reading-glasses-high-definition-anti-blue-light-computer-glasses-for-the-elderly-tr-ultra-light-reading-glasses\/","title":{"rendered":"Okulary do czytania dwustronnego przeznaczenia progresywne wielojocne, ultralekkie okulary do czytania TR anty-niebieskie \u015bwiat\u0142o"},"content":{"rendered":"<h3><img fetchpriority=\"high\" decoding=\"async\" class=\"alignleft size-full wp-image-5170\" src=\"https:\/\/www.susoneyewear.com\/wp-content\/uploads\/2025\/10\/tr811.jpg\" alt=\"okulary do czytania\" width=\"800\" height=\"800\" srcset=\"https:\/\/www.susoneyewear.com\/wp-content\/uploads\/2025\/10\/tr811.jpg 800w, https:\/\/www.susoneyewear.com\/wp-content\/uploads\/2025\/10\/tr811-300x300.jpg 300w, https:\/\/www.susoneyewear.com\/wp-content\/uploads\/2025\/10\/tr811-150x150.jpg 150w, https:\/\/www.susoneyewear.com\/wp-content\/uploads\/2025\/10\/tr811-768x768.jpg 768w, https:\/\/www.susoneyewear.com\/wp-content\/uploads\/2025\/10\/tr811-600x600.jpg 600w, https:\/\/www.susoneyewear.com\/wp-content\/uploads\/2025\/10\/tr811-100x100.jpg 100w, https:\/\/www.susoneyewear.com\/wp-content\/uploads\/2025\/10\/tr811-50x50.jpg 50w\" sizes=\"(max-width: 800px) 100vw, 800px\" \/><\/h3>\n<h3>Materia\u0142y<\/h3>\n<p>Materia\u0142 ramy: Metal<br \/>\nMateria\u0142 \u015bwi\u0105tyni: TR90<br \/>\nSoczewka: CR39 niebieskie \u015bwiat\u0142o blokuj\u0105ce<br \/>\nTyp zawiasu: TR90<\/p>\n<h3>Pomiary<\/h3>\n<p>Szeroko\u015b\u0107 ramy: 53 mm<br \/>\nSzeroko\u015b\u0107 mostu: 15 mm<br \/>\nD\u0142ugo\u015b\u0107 \u015bwi\u0105tyni: 135 mm<br \/>\nselektor mocy: 1.00;  1.50\uff1b  2.00\uff1b  2.50\uff1b  3.00\uff1b  3.50\uff1b  4.00<\/p>\n<h3>Min Zam\u00f3wienie<\/h3>\n<p>12 sztuk \/ model<br \/>\n20 sztuk \/ model do drukowania logo<br \/>\n600 sztuk \/ model do zam\u00f3wienia produkcyjnego<\/p>\n<h3>Us\u0142ugi<\/h3>\n<p>Kontrola jako\u015bci: 100% QC<br \/>\nLogo: Dostosowa\u0107 swoj\u0105 mark\u0119 logo<br \/>\nOEM: Projektujesz, produkujemy<br \/>\nODM: Projektujemy i produkujemy Twoj\u0105 mark\u0119<br \/>\nWysy\u0142ka: Dostarcz do miejsca docelowego zgodnie z klientem&#8217; Wymagania s<\/p>","protected":false},"excerpt":{"rendered":"<p>Materia\u0142 ramy: Metal<br \/>\nMateria\u0142 \u015bwi\u0105tyni: TR90<br \/>\nSoczewka: CR39 niebieskie \u015bwiat\u0142o blokuj\u0105ce<br \/>\nTyp zawiasu: TR90<\/p>","protected":false},"featured_media":4052,"comment_status":"closed","ping_status":"closed","template":"","meta":[],"product_brand":[],"product_cat":[72,86,77,20,55,89,78,56,90,100,82,97,79,66,57,58],"product_tag":[],"class_list":{"0":"post-4050","1":"product","2":"type-product","3":"status-publish","4":"has-post-thumbnail","6":"product_cat-age","7":"product_cat-anti-blue-light","8":"product_cat-elderly","9":"product_cat-frame","10":"product_cat-gender","11":"product_cat-injection-frame","12":"product_cat-lens","13":"product_cat-men","14":"product_cat-metal-frame","15":"product_cat-others-shape","16":"product_cat-reading","17":"product_cat-rectangle","18":"product_cat-shape","19":"product_cat-types","20":"product_cat-unisex","21":"product_cat-women","23":"first","24":"instock","25":"shipping-taxable","26":"purchasable","27":"product-type-simple"},"_links":{"self":[{"href":"https:\/\/www.susoneyewear.com\/pl\/wp-json\/wp\/v2\/product\/4050","targetHints":{"allow":["GET"]}}],"collection":[{"href":"https:\/\/www.susoneyewear.com\/pl\/wp-json\/wp\/v2\/product"}],"about":[{"href":"https:\/\/www.susoneyewear.com\/pl\/wp-json\/wp\/v2\/types\/product"}],"replies":[{"embeddable":true,"href":"https:\/\/www.susoneyewear.com\/pl\/wp-json\/wp\/v2\/comments?post=4050"}],"wp:featuredmedia":[{"embeddable":true,"href":"https:\/\/www.susoneyewear.com\/pl\/wp-json\/wp\/v2\/media\/4052"}],"wp:attachment":[{"href":"https:\/\/www.susoneyewear.com\/pl\/wp-json\/wp\/v2\/media?parent=4050"}],"wp:term":[{"taxonomy":"product_brand","embeddable":true,"href":"https:\/\/www.susoneyewear.com\/pl\/wp-json\/wp\/v2\/product_brand?post=4050"},{"taxonomy":"product_cat","embeddable":true,"href":"https:\/\/www.susoneyewear.com\/pl\/wp-json\/wp\/v2\/product_cat?post=4050"},{"taxonomy":"product_tag","embeddable":true,"href":"https:\/\/www.susoneyewear.com\/pl\/wp-json\/wp\/v2\/product_tag?post=4050"}],"curies":[{"name":"wp","href":"https:\/\/api.w.org\/{rel}","templated":true}]}}