{"id":4045,"date":"2025-10-27T20:49:26","date_gmt":"2025-10-27T12:49:26","guid":{"rendered":"https:\/\/www.susoneyewear.com\/?post_type=product&#038;p=4045"},"modified":"2026-01-15T14:22:38","modified_gmt":"2026-01-15T06:22:38","slug":"progressive-multifocal-lenses-anti-blue-light-reading-glasses-multifocal-reading-glasses","status":"publish","type":"product","link":"https:\/\/www.susoneyewear.com\/pl\/progressive-multifocal-lenses-anti-blue-light-reading-glasses-multifocal-reading-glasses\/","title":{"rendered":"Progresywne soczewki wielogonkowe, okulary do czytania przeciwniebieskiego \u015bwiat\u0142a, okulary do czytania wielogonkowe"},"content":{"rendered":"<h3><img fetchpriority=\"high\" decoding=\"async\" class=\"alignleft wp-image-5171\" src=\"https:\/\/www.susoneyewear.com\/wp-content\/uploads\/2025\/10\/m1850.jpg\" alt=\"modne okulary do czytania dla kobiet\" width=\"632\" height=\"632\" srcset=\"https:\/\/www.susoneyewear.com\/wp-content\/uploads\/2025\/10\/m1850.jpg 800w, https:\/\/www.susoneyewear.com\/wp-content\/uploads\/2025\/10\/m1850-300x300.jpg 300w, https:\/\/www.susoneyewear.com\/wp-content\/uploads\/2025\/10\/m1850-150x150.jpg 150w, https:\/\/www.susoneyewear.com\/wp-content\/uploads\/2025\/10\/m1850-768x768.jpg 768w, https:\/\/www.susoneyewear.com\/wp-content\/uploads\/2025\/10\/m1850-600x600.jpg 600w, https:\/\/www.susoneyewear.com\/wp-content\/uploads\/2025\/10\/m1850-100x100.jpg 100w, https:\/\/www.susoneyewear.com\/wp-content\/uploads\/2025\/10\/m1850-50x50.jpg 50w\" sizes=\"(max-width: 632px) 100vw, 632px\" \/><\/h3>\n<h3>Materia\u0142y<\/h3>\n<p>Materia\u0142 ramy: Metal<br \/>\nMateria\u0142 \u015bwi\u0105tyni: Metal<br \/>\nSoczewka: blokowanie niebieskiego \u015bwiat\u0142a PC<br \/>\nTyp zawiasu: Metal<\/p>\n<h3>Pomiary<\/h3>\n<p>Szeroko\u015b\u0107 ramy: 50 mm<br \/>\nSzeroko\u015b\u0107 mostu: 18 mm<br \/>\nD\u0142ugo\u015b\u0107 \u015bwi\u0105tyni: 144 mm<br \/>\nselektor mocy: 1.00;  1.50\uff1b  2.00\uff1b  2.50\uff1b  3.00\uff1b  3.50\uff1b  4.00<\/p>\n<h3>Min Zam\u00f3wienie<\/h3>\n<p>12 sztuk \/ model<br \/>\n20 sztuk \/ model do drukowania logo<br \/>\n600 sztuk \/ model do zam\u00f3wienia produkcyjnego<\/p>\n<h3>Us\u0142ugi<\/h3>\n<p>Kontrola jako\u015bci: 100% QC<br \/>\nLogo: Dostosowa\u0107 swoj\u0105 mark\u0119 logo<br \/>\nOEM: Projektujesz, produkujemy<br \/>\nODM: Projektujemy i produkujemy Twoj\u0105 mark\u0119<br \/>\nWysy\u0142ka: Dostarcz do miejsca docelowego zgodnie z klientem&#8217; Wymagania s<\/p>\n<p>&nbsp;<\/p>\n<p><img decoding=\"async\" class=\"alignnone wp-image-4049 size-full\" src=\"https:\/\/www.susoneyewear.com\/wp-content\/uploads\/2025\/10\/weight-1.jpg\" alt=\"\" width=\"800\" height=\"800\" srcset=\"https:\/\/www.susoneyewear.com\/wp-content\/uploads\/2025\/10\/weight-1.jpg 800w, https:\/\/www.susoneyewear.com\/wp-content\/uploads\/2025\/10\/weight-1-300x300.jpg 300w, https:\/\/www.susoneyewear.com\/wp-content\/uploads\/2025\/10\/weight-1-150x150.jpg 150w, https:\/\/www.susoneyewear.com\/wp-content\/uploads\/2025\/10\/weight-1-768x768.jpg 768w, https:\/\/www.susoneyewear.com\/wp-content\/uploads\/2025\/10\/weight-1-600x600.jpg 600w, https:\/\/www.susoneyewear.com\/wp-content\/uploads\/2025\/10\/weight-1-100x100.jpg 100w\" sizes=\"(max-width: 800px) 100vw, 800px\" \/><\/p>","protected":false},"excerpt":{"rendered":"<p>Materia\u0142 ramy: Metal<br \/>\nMateria\u0142 \u015bwi\u0105tyni: Metal<br \/>\nSoczewka: blokowanie niebieskiego \u015bwiat\u0142a PC<br \/>\nTyp zawiasu: Metal<\/p>","protected":false},"featured_media":4048,"comment_status":"closed","ping_status":"closed","template":"","meta":[],"product_brand":[],"product_cat":[72,86,77,55,78,90,82,96,79,58],"product_tag":[],"class_list":{"0":"post-4045","1":"product","2":"type-product","3":"status-publish","4":"has-post-thumbnail","6":"product_cat-age","7":"product_cat-anti-blue-light","8":"product_cat-elderly","9":"product_cat-gender","10":"product_cat-lens","11":"product_cat-metal-frame","12":"product_cat-reading","13":"product_cat-round","14":"product_cat-shape","15":"product_cat-women","17":"first","18":"instock","19":"shipping-taxable","20":"purchasable","21":"product-type-simple"},"_links":{"self":[{"href":"https:\/\/www.susoneyewear.com\/pl\/wp-json\/wp\/v2\/product\/4045","targetHints":{"allow":["GET"]}}],"collection":[{"href":"https:\/\/www.susoneyewear.com\/pl\/wp-json\/wp\/v2\/product"}],"about":[{"href":"https:\/\/www.susoneyewear.com\/pl\/wp-json\/wp\/v2\/types\/product"}],"replies":[{"embeddable":true,"href":"https:\/\/www.susoneyewear.com\/pl\/wp-json\/wp\/v2\/comments?post=4045"}],"wp:featuredmedia":[{"embeddable":true,"href":"https:\/\/www.susoneyewear.com\/pl\/wp-json\/wp\/v2\/media\/4048"}],"wp:attachment":[{"href":"https:\/\/www.susoneyewear.com\/pl\/wp-json\/wp\/v2\/media?parent=4045"}],"wp:term":[{"taxonomy":"product_brand","embeddable":true,"href":"https:\/\/www.susoneyewear.com\/pl\/wp-json\/wp\/v2\/product_brand?post=4045"},{"taxonomy":"product_cat","embeddable":true,"href":"https:\/\/www.susoneyewear.com\/pl\/wp-json\/wp\/v2\/product_cat?post=4045"},{"taxonomy":"product_tag","embeddable":true,"href":"https:\/\/www.susoneyewear.com\/pl\/wp-json\/wp\/v2\/product_tag?post=4045"}],"curies":[{"name":"wp","href":"https:\/\/api.w.org\/{rel}","templated":true}]}}