{"id":4038,"date":"2025-10-27T20:43:31","date_gmt":"2025-10-27T12:43:31","guid":{"rendered":"https:\/\/www.susoneyewear.com\/?post_type=product&#038;p=4038"},"modified":"2026-01-15T14:32:32","modified_gmt":"2026-01-15T06:32:32","slug":"new-multifocal-anti-blue-light-reading-glasses-for-women-fox-head-dual-purpose-reading-glasses","status":"publish","type":"product","link":"https:\/\/www.susoneyewear.com\/pl\/new-multifocal-anti-blue-light-reading-glasses-for-women-fox-head-dual-purpose-reading-glasses\/","title":{"rendered":"Nowe Multifocal anti-niebieskie \u015bwiat\u0142o okulary do czytania dla kobiet, lis g\u0142owy podw\u00f3jne okulary do czytania"},"content":{"rendered":"<h3><img fetchpriority=\"high\" decoding=\"async\" class=\"alignleft  wp-image-5173\" src=\"https:\/\/www.susoneyewear.com\/wp-content\/uploads\/2025\/10\/m032.jpg\" alt=\"czarne okulary do czytania\" width=\"632\" height=\"632\" srcset=\"https:\/\/www.susoneyewear.com\/wp-content\/uploads\/2025\/10\/m032.jpg 800w, https:\/\/www.susoneyewear.com\/wp-content\/uploads\/2025\/10\/m032-300x300.jpg 300w, https:\/\/www.susoneyewear.com\/wp-content\/uploads\/2025\/10\/m032-150x150.jpg 150w, https:\/\/www.susoneyewear.com\/wp-content\/uploads\/2025\/10\/m032-768x768.jpg 768w, https:\/\/www.susoneyewear.com\/wp-content\/uploads\/2025\/10\/m032-600x600.jpg 600w, https:\/\/www.susoneyewear.com\/wp-content\/uploads\/2025\/10\/m032-100x100.jpg 100w, https:\/\/www.susoneyewear.com\/wp-content\/uploads\/2025\/10\/m032-50x50.jpg 50w\" sizes=\"(max-width: 632px) 100vw, 632px\" \/><\/h3>\n<h3>Materia\u0142y<\/h3>\n<p>Materia\u0142 ramy: Poliw\u0119glan<br \/>\nMateria\u0142 \u015bwi\u0105tyni: Poliw\u0119glan<br \/>\nSoczewka: PC niebieskie \u015bwiat\u0142o blokuj\u0105ce odczyt i soczewka wieloobjektowa<br \/>\nTyp zawiasu: Metal<\/p>\n<h3>Pomiary<\/h3>\n<p>Szeroko\u015b\u0107 ramy: 55 mm<br \/>\nSzeroko\u015b\u0107 mostu: 20 mm<br \/>\nD\u0142ugo\u015b\u0107 \u015bwi\u0105tyni: 132 mm<br \/>\nselektor mocy: 1.00;  1.50\uff1b  2.00\uff1b  2.50\uff1b  3.00\uff1b  3.50\uff1b  4.00<\/p>\n<h3>Min Zam\u00f3wienie<\/h3>\n<p>12 sztuk \/ model<br \/>\n20 sztuk \/ model do drukowania logo<br \/>\n600 sztuk \/ model do zam\u00f3wienia produkcyjnego<\/p>\n<h3>Us\u0142ugi<\/h3>\n<p>Kontrola jako\u015bci: 100% QC<br \/>\nLogo: Dostosowa\u0107 swoj\u0105 mark\u0119 logo<br \/>\nOEM: Projektujesz, produkujemy<br \/>\nODM: Projektujemy i produkujemy Twoj\u0105 mark\u0119<br \/>\nWysy\u0142ka: Dostarcz do miejsca docelowego zgodnie z klientem&#8217; Wymagania s<\/p>\n<p><img decoding=\"async\" class=\"alignnone wp-image-4041 size-full\" src=\"https:\/\/www.susoneyewear.com\/wp-content\/uploads\/2025\/10\/reading-M032-C5.jpg\" alt=\"\" width=\"800\" height=\"800\" srcset=\"https:\/\/www.susoneyewear.com\/wp-content\/uploads\/2025\/10\/reading-M032-C5.jpg 800w, https:\/\/www.susoneyewear.com\/wp-content\/uploads\/2025\/10\/reading-M032-C5-300x300.jpg 300w, https:\/\/www.susoneyewear.com\/wp-content\/uploads\/2025\/10\/reading-M032-C5-150x150.jpg 150w, https:\/\/www.susoneyewear.com\/wp-content\/uploads\/2025\/10\/reading-M032-C5-768x768.jpg 768w, https:\/\/www.susoneyewear.com\/wp-content\/uploads\/2025\/10\/reading-M032-C5-600x600.jpg 600w, https:\/\/www.susoneyewear.com\/wp-content\/uploads\/2025\/10\/reading-M032-C5-100x100.jpg 100w\" sizes=\"(max-width: 800px) 100vw, 800px\" \/><\/p>","protected":false},"excerpt":{"rendered":"<p>Materia\u0142 ramy: Poliw\u0119glan<br \/>\nMateria\u0142 \u015bwi\u0105tyni: Poliw\u0119glan<br \/>\nSoczewka: PC niebieskie \u015bwiat\u0142o blokuj\u0105ce odczyt i soczewka wieloobjektowa<br \/>\nTyp zawiasu: Metal<\/p>","protected":false},"featured_media":4039,"comment_status":"closed","ping_status":"closed","template":"","meta":[],"product_brand":[],"product_cat":[72,86,77,20,55,89,78,100,82,79,66,58],"product_tag":[],"class_list":{"0":"post-4038","1":"product","2":"type-product","3":"status-publish","4":"has-post-thumbnail","6":"product_cat-age","7":"product_cat-anti-blue-light","8":"product_cat-elderly","9":"product_cat-frame","10":"product_cat-gender","11":"product_cat-injection-frame","12":"product_cat-lens","13":"product_cat-others-shape","14":"product_cat-reading","15":"product_cat-shape","16":"product_cat-types","17":"product_cat-women","19":"first","20":"instock","21":"shipping-taxable","22":"purchasable","23":"product-type-simple"},"_links":{"self":[{"href":"https:\/\/www.susoneyewear.com\/pl\/wp-json\/wp\/v2\/product\/4038","targetHints":{"allow":["GET"]}}],"collection":[{"href":"https:\/\/www.susoneyewear.com\/pl\/wp-json\/wp\/v2\/product"}],"about":[{"href":"https:\/\/www.susoneyewear.com\/pl\/wp-json\/wp\/v2\/types\/product"}],"replies":[{"embeddable":true,"href":"https:\/\/www.susoneyewear.com\/pl\/wp-json\/wp\/v2\/comments?post=4038"}],"wp:featuredmedia":[{"embeddable":true,"href":"https:\/\/www.susoneyewear.com\/pl\/wp-json\/wp\/v2\/media\/4039"}],"wp:attachment":[{"href":"https:\/\/www.susoneyewear.com\/pl\/wp-json\/wp\/v2\/media?parent=4038"}],"wp:term":[{"taxonomy":"product_brand","embeddable":true,"href":"https:\/\/www.susoneyewear.com\/pl\/wp-json\/wp\/v2\/product_brand?post=4038"},{"taxonomy":"product_cat","embeddable":true,"href":"https:\/\/www.susoneyewear.com\/pl\/wp-json\/wp\/v2\/product_cat?post=4038"},{"taxonomy":"product_tag","embeddable":true,"href":"https:\/\/www.susoneyewear.com\/pl\/wp-json\/wp\/v2\/product_tag?post=4038"}],"curies":[{"name":"wp","href":"https:\/\/api.w.org\/{rel}","templated":true}]}}