{"id":4029,"date":"2025-10-27T20:30:16","date_gmt":"2025-10-27T12:30:16","guid":{"rendered":"https:\/\/www.susoneyewear.com\/?post_type=product&#038;p=4029"},"modified":"2026-01-15T15:06:34","modified_gmt":"2026-01-15T07:06:34","slug":"rimless-diamond-edged-reading-glasses-light-luxury-style-fashionable-womens-metal-reading-glasses","status":"publish","type":"product","link":"https:\/\/www.susoneyewear.com\/pl\/rimless-diamond-edged-reading-glasses-light-luxury-style-fashionable-womens-metal-reading-glasses\/","title":{"rendered":"Okulary do czytania bez obrze\u017ca z diamentem lekkie luksusowe modne kobiety&#8217; s metalowe okulary do czytania"},"content":{"rendered":"<h3><img fetchpriority=\"high\" decoding=\"async\" class=\"alignleft size-full wp-image-5175\" src=\"https:\/\/www.susoneyewear.com\/wp-content\/uploads\/2025\/10\/8529.jpg\" alt=\"okulary do czytania rimless\" width=\"800\" height=\"800\" srcset=\"https:\/\/www.susoneyewear.com\/wp-content\/uploads\/2025\/10\/8529.jpg 800w, https:\/\/www.susoneyewear.com\/wp-content\/uploads\/2025\/10\/8529-300x300.jpg 300w, https:\/\/www.susoneyewear.com\/wp-content\/uploads\/2025\/10\/8529-150x150.jpg 150w, https:\/\/www.susoneyewear.com\/wp-content\/uploads\/2025\/10\/8529-768x768.jpg 768w, https:\/\/www.susoneyewear.com\/wp-content\/uploads\/2025\/10\/8529-600x600.jpg 600w, https:\/\/www.susoneyewear.com\/wp-content\/uploads\/2025\/10\/8529-100x100.jpg 100w, https:\/\/www.susoneyewear.com\/wp-content\/uploads\/2025\/10\/8529-50x50.jpg 50w\" sizes=\"(max-width: 800px) 100vw, 800px\" \/><\/h3>\n<h3>Materia\u0142y<\/h3>\n<p>Materia\u0142 ramy: Bez obrze\u017ca<br \/>\nMateria\u0142 \u015bwi\u0105tyni: Stal nierdzewna<br \/>\nSoczewka: blokowanie niebieskiego \u015bwiat\u0142a PC<br \/>\nTyp zawiasu: zawiasu metalowego<\/p>\n<h3>Pomiary<\/h3>\n<p>Szeroko\u015b\u0107 ramy: 55 mm<br \/>\nSzeroko\u015b\u0107 mostu: 19 mm<br \/>\nD\u0142ugo\u015b\u0107 \u015bwi\u0105tyni: 141 mm<br \/>\nselektor mocy: 1.00;  1.50\uff1b  2.00\uff1b  2.50\uff1b  3.00\uff1b  3.50\uff1b  4.00<\/p>\n<h3>Min Zam\u00f3wienie<\/h3>\n<p>12 sztuk \/ model<br \/>\n20 sztuk \/ model do drukowania logo<br \/>\n600 sztuk \/ model do zam\u00f3wienia produkcyjnego<\/p>\n<h3>Us\u0142ugi<\/h3>\n<p>Kontrola jako\u015bci: 100% QC<br \/>\nLogo: Dostosowa\u0107 swoj\u0105 mark\u0119 logo<br \/>\nOEM: Projektujesz, produkujemy<br \/>\nODM: Projektujemy i produkujemy Twoj\u0105 mark\u0119<br \/>\nWysy\u0142ka: Dostarcz do miejsca docelowego zgodnie z klientem&#8217; Wymagania s<\/p>\n<h3>Waga:<\/h3>\n<p>Waga netto: 25g<\/p>\n<p>&nbsp;<\/p>","protected":false},"excerpt":{"rendered":"<p>Materia\u0142 ramy: Bez obrze\u017ca<br \/>\nMateria\u0142 \u015bwi\u0105tyni: Stal nierdzewna<br \/>\nSoczewka: blokowanie niebieskiego \u015bwiat\u0142a PC<br \/>\nTyp zawiasu: zawiasu metalowego<\/p>","protected":false},"featured_media":4033,"comment_status":"closed","ping_status":"closed","template":"","meta":[],"product_brand":[],"product_cat":[73,72,86,95,87,77,20,55,78,90,100,82,98,79,66,58],"product_tag":[],"class_list":{"0":"post-4029","1":"product","2":"type-product","3":"status-publish","4":"has-post-thumbnail","6":"product_cat-adult","7":"product_cat-age","8":"product_cat-anti-blue-light","9":"product_cat-cat-eye","10":"product_cat-demo","11":"product_cat-elderly","12":"product_cat-frame","13":"product_cat-gender","14":"product_cat-lens","15":"product_cat-metal-frame","16":"product_cat-others-shape","17":"product_cat-reading","18":"product_cat-rimless","19":"product_cat-shape","20":"product_cat-types","21":"product_cat-women","23":"first","24":"instock","25":"shipping-taxable","26":"purchasable","27":"product-type-simple"},"_links":{"self":[{"href":"https:\/\/www.susoneyewear.com\/pl\/wp-json\/wp\/v2\/product\/4029","targetHints":{"allow":["GET"]}}],"collection":[{"href":"https:\/\/www.susoneyewear.com\/pl\/wp-json\/wp\/v2\/product"}],"about":[{"href":"https:\/\/www.susoneyewear.com\/pl\/wp-json\/wp\/v2\/types\/product"}],"replies":[{"embeddable":true,"href":"https:\/\/www.susoneyewear.com\/pl\/wp-json\/wp\/v2\/comments?post=4029"}],"wp:featuredmedia":[{"embeddable":true,"href":"https:\/\/www.susoneyewear.com\/pl\/wp-json\/wp\/v2\/media\/4033"}],"wp:attachment":[{"href":"https:\/\/www.susoneyewear.com\/pl\/wp-json\/wp\/v2\/media?parent=4029"}],"wp:term":[{"taxonomy":"product_brand","embeddable":true,"href":"https:\/\/www.susoneyewear.com\/pl\/wp-json\/wp\/v2\/product_brand?post=4029"},{"taxonomy":"product_cat","embeddable":true,"href":"https:\/\/www.susoneyewear.com\/pl\/wp-json\/wp\/v2\/product_cat?post=4029"},{"taxonomy":"product_tag","embeddable":true,"href":"https:\/\/www.susoneyewear.com\/pl\/wp-json\/wp\/v2\/product_tag?post=4029"}],"curies":[{"name":"wp","href":"https:\/\/api.w.org\/{rel}","templated":true}]}}