{"id":4015,"date":"2025-10-27T20:20:18","date_gmt":"2025-10-27T12:20:18","guid":{"rendered":"https:\/\/www.susoneyewear.com\/?post_type=product&#038;p=4015"},"modified":"2026-01-15T15:13:05","modified_gmt":"2026-01-15T07:13:05","slug":"business-elegant-frameless-fashion-reading-glasses-light-weight-style-fashionable-womens-metal-reading-glasses-2596","status":"publish","type":"product","link":"https:\/\/www.susoneyewear.com\/pl\/business-elegant-frameless-fashion-reading-glasses-light-weight-style-fashionable-womens-metal-reading-glasses-2596\/","title":{"rendered":"Biznes eleganckie bezramowe mody okulary do czytania lekki styl modne kobiety&#8217; s metalowe okulary do czytania 2596"},"content":{"rendered":"<h3><img fetchpriority=\"high\" decoding=\"async\" class=\"size-full wp-image-5179 alignnone\" src=\"https:\/\/www.susoneyewear.com\/wp-content\/uploads\/2025\/10\/2596j.jpg\" alt=\"okulary do czytania bez obrze\u017ca\" width=\"800\" height=\"800\" srcset=\"https:\/\/www.susoneyewear.com\/wp-content\/uploads\/2025\/10\/2596j.jpg 800w, https:\/\/www.susoneyewear.com\/wp-content\/uploads\/2025\/10\/2596j-300x300.jpg 300w, https:\/\/www.susoneyewear.com\/wp-content\/uploads\/2025\/10\/2596j-150x150.jpg 150w, https:\/\/www.susoneyewear.com\/wp-content\/uploads\/2025\/10\/2596j-768x768.jpg 768w, https:\/\/www.susoneyewear.com\/wp-content\/uploads\/2025\/10\/2596j-600x600.jpg 600w, https:\/\/www.susoneyewear.com\/wp-content\/uploads\/2025\/10\/2596j-100x100.jpg 100w, https:\/\/www.susoneyewear.com\/wp-content\/uploads\/2025\/10\/2596j-50x50.jpg 50w\" sizes=\"(max-width: 800px) 100vw, 800px\" \/><\/h3>\n<h3>Materia\u0142y<\/h3>\n<p>Materia\u0142 ramy: Bez obrze\u017ca<br \/>\nMateria\u0142 \u015bwi\u0105tyni: Stal nierdzewna<br \/>\nSoczewka: PC niebieskie \u015bwiat\u0142o blokuj\u0105ce soczewka do odczytu<br \/>\nTyp zawiasu: zawiasu metalowego<\/p>\n<h3>Pomiary<\/h3>\n<p>Szeroko\u015b\u0107 ramy: 55 mm<br \/>\nSzeroko\u015b\u0107 mostu: 18 mm<br \/>\nD\u0142ugo\u015b\u0107 \u015bwi\u0105tyni: 143 mm<br \/>\nselektor mocy: 1.00;  1.50\uff1b  2.00\uff1b  2.50\uff1b  3.00\uff1b  3.50\uff1b  4.00<\/p>\n<h3>Min Zam\u00f3wienie<\/h3>\n<p>12 sztuk \/ model<br \/>\n20 sztuk \/ model do drukowania logo<br \/>\n600 sztuk \/ model do zam\u00f3wienia produkcyjnego<\/p>\n<h3>Us\u0142ugi<\/h3>\n<p>Kontrola jako\u015bci: 100% QC<br \/>\nLogo: Dostosowa\u0107 swoj\u0105 mark\u0119 logo<br \/>\nOEM: Projektujesz, produkujemy<br \/>\nODM: Projektujemy i produkujemy Twoj\u0105 mark\u0119<br \/>\nWysy\u0142ka: Dostarcz do miejsca docelowego zgodnie z klientem&#8217; Wymagania s<\/p>\n<p><img decoding=\"async\" class=\"alignnone wp-image-4016 size-full\" src=\"https:\/\/www.susoneyewear.com\/wp-content\/uploads\/2025\/10\/reading2596J07.jpg\" alt=\"\" width=\"790\" height=\"892\" srcset=\"https:\/\/www.susoneyewear.com\/wp-content\/uploads\/2025\/10\/reading2596J07.jpg 790w, https:\/\/www.susoneyewear.com\/wp-content\/uploads\/2025\/10\/reading2596J07-266x300.jpg 266w, https:\/\/www.susoneyewear.com\/wp-content\/uploads\/2025\/10\/reading2596J07-768x867.jpg 768w, https:\/\/www.susoneyewear.com\/wp-content\/uploads\/2025\/10\/reading2596J07-600x677.jpg 600w\" sizes=\"(max-width: 790px) 100vw, 790px\" \/><\/p>","protected":false},"excerpt":{"rendered":"<p>Materia\u0142 ramy: Bez obrze\u017ca<br \/>\nMateria\u0142 \u015bwi\u0105tyni: Stal nierdzewna<br \/>\nSoczewka: PC niebieskie \u015bwiat\u0142o blokuj\u0105ce soczewka do odczytu<br \/>\nTyp zawiasu: zawiasu metalowego<\/p>","protected":false},"featured_media":4022,"comment_status":"closed","ping_status":"closed","template":"","meta":[],"product_brand":[],"product_cat":[73,72,86,87,77,20,55,78,56,90,70,93,82,97,98,79,66,57,58],"product_tag":[],"class_list":{"0":"post-4015","1":"product","2":"type-product","3":"status-publish","4":"has-post-thumbnail","6":"product_cat-adult","7":"product_cat-age","8":"product_cat-anti-blue-light","9":"product_cat-demo","10":"product_cat-elderly","11":"product_cat-frame","12":"product_cat-gender","13":"product_cat-lens","14":"product_cat-men","15":"product_cat-metal-frame","16":"product_cat-optical-frames","17":"product_cat-others-frame","18":"product_cat-reading","19":"product_cat-rectangle","20":"product_cat-rimless","21":"product_cat-shape","22":"product_cat-types","23":"product_cat-unisex","24":"product_cat-women","26":"first","27":"instock","28":"shipping-taxable","29":"purchasable","30":"product-type-simple"},"_links":{"self":[{"href":"https:\/\/www.susoneyewear.com\/pl\/wp-json\/wp\/v2\/product\/4015","targetHints":{"allow":["GET"]}}],"collection":[{"href":"https:\/\/www.susoneyewear.com\/pl\/wp-json\/wp\/v2\/product"}],"about":[{"href":"https:\/\/www.susoneyewear.com\/pl\/wp-json\/wp\/v2\/types\/product"}],"replies":[{"embeddable":true,"href":"https:\/\/www.susoneyewear.com\/pl\/wp-json\/wp\/v2\/comments?post=4015"}],"wp:featuredmedia":[{"embeddable":true,"href":"https:\/\/www.susoneyewear.com\/pl\/wp-json\/wp\/v2\/media\/4022"}],"wp:attachment":[{"href":"https:\/\/www.susoneyewear.com\/pl\/wp-json\/wp\/v2\/media?parent=4015"}],"wp:term":[{"taxonomy":"product_brand","embeddable":true,"href":"https:\/\/www.susoneyewear.com\/pl\/wp-json\/wp\/v2\/product_brand?post=4015"},{"taxonomy":"product_cat","embeddable":true,"href":"https:\/\/www.susoneyewear.com\/pl\/wp-json\/wp\/v2\/product_cat?post=4015"},{"taxonomy":"product_tag","embeddable":true,"href":"https:\/\/www.susoneyewear.com\/pl\/wp-json\/wp\/v2\/product_tag?post=4015"}],"curies":[{"name":"wp","href":"https:\/\/api.w.org\/{rel}","templated":true}]}}