{"id":4004,"date":"2025-10-27T20:06:32","date_gmt":"2025-10-27T12:06:32","guid":{"rendered":"https:\/\/www.susoneyewear.com\/?post_type=product&#038;p=4004"},"modified":"2026-01-15T15:15:45","modified_gmt":"2026-01-15T07:15:45","slug":"half-frame-mens-rectangular-classic-reading-glasses","status":"publish","type":"product","link":"https:\/\/www.susoneyewear.com\/pl\/half-frame-mens-rectangular-classic-reading-glasses\/","title":{"rendered":"P\u00f3\u0142klatka m\u0119\u017cczyzn&#8217; s prostok\u0105tne klasyczne okulary do czytania"},"content":{"rendered":"<h3><img fetchpriority=\"high\" decoding=\"async\" class=\"size-full wp-image-5181 alignnone\" src=\"https:\/\/www.susoneyewear.com\/wp-content\/uploads\/2025\/10\/810j.jpg\" alt=\"P\u00f3\u0142ramowe m\u0119skie prostok\u0105tne klasyczne okulary do czytania\" width=\"800\" height=\"800\" srcset=\"https:\/\/www.susoneyewear.com\/wp-content\/uploads\/2025\/10\/810j.jpg 800w, https:\/\/www.susoneyewear.com\/wp-content\/uploads\/2025\/10\/810j-300x300.jpg 300w, https:\/\/www.susoneyewear.com\/wp-content\/uploads\/2025\/10\/810j-150x150.jpg 150w, https:\/\/www.susoneyewear.com\/wp-content\/uploads\/2025\/10\/810j-768x768.jpg 768w, https:\/\/www.susoneyewear.com\/wp-content\/uploads\/2025\/10\/810j-600x600.jpg 600w, https:\/\/www.susoneyewear.com\/wp-content\/uploads\/2025\/10\/810j-100x100.jpg 100w, https:\/\/www.susoneyewear.com\/wp-content\/uploads\/2025\/10\/810j-50x50.jpg 50w\" sizes=\"(max-width: 800px) 100vw, 800px\" \/><\/h3>\n<h3>Materia\u0142y<\/h3>\n<p>Materia\u0142 ramy: Metal<br \/>\nMateria\u0142 \u015bwi\u0105tyni: Metal<br \/>\nSoczewka: AC niebieskie \u015bwiat\u0142o blokuj\u0105ce soczewka do odczytu<br \/>\nTyp zawiasu: zawiasu metalowego<\/p>\n<h3>Pomiary<\/h3>\n<p>Szeroko\u015b\u0107 ramy: 57 mm<br \/>\nSzeroko\u015b\u0107 mostu: 17 mm<br \/>\nD\u0142ugo\u015b\u0107 \u015bwi\u0105tyni: 143 mm<br \/>\nselektor mocy: 1.00;  1.50\uff1b  2.00\uff1b  2.50\uff1b  3.00\uff1b  3.50\uff1b  4.00<\/p>\n<h3>Min Zam\u00f3wienie<\/h3>\n<p>12 sztuk \/ model<br \/>\n20 sztuk \/ model do drukowania logo<br \/>\n600 sztuk \/ model do zam\u00f3wienia produkcyjnego<\/p>\n<h3>Us\u0142ugi<\/h3>\n<p>Kontrola jako\u015bci: 100% QC<br \/>\nLogo: Dostosowa\u0107 swoj\u0105 mark\u0119 logo<br \/>\nOEM: Projektujesz, produkujemy<br \/>\nODM: Projektujemy i produkujemy Twoj\u0105 mark\u0119<br \/>\nWysy\u0142ka: Dostarcz do miejsca docelowego zgodnie z klientem&#8217; Wymagania s<\/p>\n<h3>Szczeg\u00f3\u0142y<\/h3>\n<h3><img decoding=\"async\" class=\"alignleft size-full wp-image-5183\" src=\"https:\/\/www.susoneyewear.com\/wp-content\/uploads\/2025\/10\/810-2.jpg\" alt=\"\" width=\"800\" height=\"800\" srcset=\"https:\/\/www.susoneyewear.com\/wp-content\/uploads\/2025\/10\/810-2.jpg 800w, https:\/\/www.susoneyewear.com\/wp-content\/uploads\/2025\/10\/810-2-300x300.jpg 300w, https:\/\/www.susoneyewear.com\/wp-content\/uploads\/2025\/10\/810-2-150x150.jpg 150w, https:\/\/www.susoneyewear.com\/wp-content\/uploads\/2025\/10\/810-2-768x768.jpg 768w, https:\/\/www.susoneyewear.com\/wp-content\/uploads\/2025\/10\/810-2-600x600.jpg 600w, https:\/\/www.susoneyewear.com\/wp-content\/uploads\/2025\/10\/810-2-100x100.jpg 100w, https:\/\/www.susoneyewear.com\/wp-content\/uploads\/2025\/10\/810-2-50x50.jpg 50w\" sizes=\"(max-width: 800px) 100vw, 800px\" \/> <img decoding=\"async\" class=\"alignleft size-full wp-image-5184\" src=\"https:\/\/www.susoneyewear.com\/wp-content\/uploads\/2025\/10\/810-3.jpg\" alt=\"\" width=\"790\" height=\"1241\" srcset=\"https:\/\/www.susoneyewear.com\/wp-content\/uploads\/2025\/10\/810-3.jpg 790w, https:\/\/www.susoneyewear.com\/wp-content\/uploads\/2025\/10\/810-3-191x300.jpg 191w, https:\/\/www.susoneyewear.com\/wp-content\/uploads\/2025\/10\/810-3-652x1024.jpg 652w, https:\/\/www.susoneyewear.com\/wp-content\/uploads\/2025\/10\/810-3-768x1206.jpg 768w, https:\/\/www.susoneyewear.com\/wp-content\/uploads\/2025\/10\/810-3-600x943.jpg 600w\" sizes=\"(max-width: 790px) 100vw, 790px\" \/> <img loading=\"lazy\" decoding=\"async\" class=\"alignleft size-full wp-image-5185\" src=\"https:\/\/www.susoneyewear.com\/wp-content\/uploads\/2025\/10\/810.jpg\" alt=\"\" width=\"800\" height=\"800\" srcset=\"https:\/\/www.susoneyewear.com\/wp-content\/uploads\/2025\/10\/810.jpg 800w, https:\/\/www.susoneyewear.com\/wp-content\/uploads\/2025\/10\/810-300x300.jpg 300w, https:\/\/www.susoneyewear.com\/wp-content\/uploads\/2025\/10\/810-150x150.jpg 150w, https:\/\/www.susoneyewear.com\/wp-content\/uploads\/2025\/10\/810-768x768.jpg 768w, https:\/\/www.susoneyewear.com\/wp-content\/uploads\/2025\/10\/810-600x600.jpg 600w, https:\/\/www.susoneyewear.com\/wp-content\/uploads\/2025\/10\/810-100x100.jpg 100w, https:\/\/www.susoneyewear.com\/wp-content\/uploads\/2025\/10\/810-50x50.jpg 50w\" sizes=\"(max-width: 800px) 100vw, 800px\" \/><\/h3>\n<p>&nbsp;<\/p>","protected":false},"excerpt":{"rendered":"<p>Materia\u0142 ramy: Metal<br \/>\nMateria\u0142 \u015bwi\u0105tyni: Metal<br \/>\nSoczewka: AC niebieskie \u015bwiat\u0142o blokuj\u0105ce soczewka do odczytu<br \/>\nTyp zawiasu: zawiasu metalowego<\/p>","protected":false},"featured_media":4009,"comment_status":"closed","ping_status":"closed","template":"","meta":[],"product_brand":[],"product_cat":[72,86,77,20,55,78,56,90,82,97,79,66,57,58],"product_tag":[],"class_list":{"0":"post-4004","1":"product","2":"type-product","3":"status-publish","4":"has-post-thumbnail","6":"product_cat-age","7":"product_cat-anti-blue-light","8":"product_cat-elderly","9":"product_cat-frame","10":"product_cat-gender","11":"product_cat-lens","12":"product_cat-men","13":"product_cat-metal-frame","14":"product_cat-reading","15":"product_cat-rectangle","16":"product_cat-shape","17":"product_cat-types","18":"product_cat-unisex","19":"product_cat-women","21":"first","22":"instock","23":"shipping-taxable","24":"purchasable","25":"product-type-simple"},"_links":{"self":[{"href":"https:\/\/www.susoneyewear.com\/pl\/wp-json\/wp\/v2\/product\/4004","targetHints":{"allow":["GET"]}}],"collection":[{"href":"https:\/\/www.susoneyewear.com\/pl\/wp-json\/wp\/v2\/product"}],"about":[{"href":"https:\/\/www.susoneyewear.com\/pl\/wp-json\/wp\/v2\/types\/product"}],"replies":[{"embeddable":true,"href":"https:\/\/www.susoneyewear.com\/pl\/wp-json\/wp\/v2\/comments?post=4004"}],"wp:featuredmedia":[{"embeddable":true,"href":"https:\/\/www.susoneyewear.com\/pl\/wp-json\/wp\/v2\/media\/4009"}],"wp:attachment":[{"href":"https:\/\/www.susoneyewear.com\/pl\/wp-json\/wp\/v2\/media?parent=4004"}],"wp:term":[{"taxonomy":"product_brand","embeddable":true,"href":"https:\/\/www.susoneyewear.com\/pl\/wp-json\/wp\/v2\/product_brand?post=4004"},{"taxonomy":"product_cat","embeddable":true,"href":"https:\/\/www.susoneyewear.com\/pl\/wp-json\/wp\/v2\/product_cat?post=4004"},{"taxonomy":"product_tag","embeddable":true,"href":"https:\/\/www.susoneyewear.com\/pl\/wp-json\/wp\/v2\/product_tag?post=4004"}],"curies":[{"name":"wp","href":"https:\/\/api.w.org\/{rel}","templated":true}]}}