{"id":3991,"date":"2025-10-27T19:49:15","date_gmt":"2025-10-27T11:49:15","guid":{"rendered":"https:\/\/www.susoneyewear.com\/?post_type=product&#038;p=3991"},"modified":"2026-01-19T12:58:12","modified_gmt":"2026-01-19T04:58:12","slug":"titanium-optical-frame-business-custom-frame-myopia-glasses-mens-pure-titanium-glasses-frame","status":"publish","type":"product","link":"https:\/\/www.susoneyewear.com\/pl\/titanium-optical-frame-business-custom-frame-myopia-glasses-mens-pure-titanium-glasses-frame\/","title":{"rendered":"Tytan ramy optyczne biznesowe niestandardowe ramy okulary kr\u00f3tkowzroczno\u015bci m\u0119\u017cczyzn&#8217; ramy z czystego tytanu"},"content":{"rendered":"<h3><img fetchpriority=\"high\" decoding=\"async\" class=\"size-full wp-image-5263 alignnone\" src=\"https:\/\/www.susoneyewear.com\/wp-content\/uploads\/2025\/10\/optical-frame-titanium-F51103.jpg\" alt=\"ramy optycznej tytanu\" width=\"800\" height=\"800\" srcset=\"https:\/\/www.susoneyewear.com\/wp-content\/uploads\/2025\/10\/optical-frame-titanium-F51103.jpg 800w, https:\/\/www.susoneyewear.com\/wp-content\/uploads\/2025\/10\/optical-frame-titanium-F51103-300x300.jpg 300w, https:\/\/www.susoneyewear.com\/wp-content\/uploads\/2025\/10\/optical-frame-titanium-F51103-150x150.jpg 150w, https:\/\/www.susoneyewear.com\/wp-content\/uploads\/2025\/10\/optical-frame-titanium-F51103-768x768.jpg 768w, https:\/\/www.susoneyewear.com\/wp-content\/uploads\/2025\/10\/optical-frame-titanium-F51103-600x600.jpg 600w, https:\/\/www.susoneyewear.com\/wp-content\/uploads\/2025\/10\/optical-frame-titanium-F51103-100x100.jpg 100w, https:\/\/www.susoneyewear.com\/wp-content\/uploads\/2025\/10\/optical-frame-titanium-F51103-50x50.jpg 50w\" sizes=\"(max-width: 800px) 100vw, 800px\" \/><\/h3>\n<h3>Materia\u0142y<\/h3>\n<p>Materia\u0142 ramy: TITAN<br \/>\nMateria\u0142 \u015bwi\u0105tyni: guma TR90<\/p>\n<h3>Pomiary<\/h3>\n<p>Szeroko\u015b\u0107 ramy: 52mm<br \/>\nSzeroko\u015b\u0107 mostu: 17mm<br \/>\nD\u0142ugo\u015b\u0107 \u015bwi\u0105tyni: 147mm<\/p>\n<h3>Min Zam\u00f3wienie<\/h3>\n<p>12 sztuk \/ model<br \/>\n20 sztuk \/ model do drukowania logo<br \/>\n600 sztuk \/ model dla OEM ODM Zam\u00f3wienie produkcyjne<\/p>\n<h3>Us\u0142ugi<\/h3>\n<p>Kontrola jako\u015bci: 100% QC<br \/>\nLogo: Dostosowa\u0107 swoj\u0105 mark\u0119 logo<br \/>\nOEM: Projektujesz, produkujemy<br \/>\nODM: Projektujemy i produkujemy Twoj\u0105 mark\u0119<br \/>\nWysy\u0142ka: Dostarcz do miejsca docelowego zgodnie z klientem&#8217; Wymagania s<\/p>","protected":false},"excerpt":{"rendered":"<p>MOQ: Gotowe logo niestandardowe: 50 sztuk; OEM \/ ODM: 500 sztuk<\/p>\n<p>Us\u0142ugi dostosowywania: logo, opakowanie, kolor i formy.<\/p>\n<p>Pr\u00f3bka czasu realizacji: Gotowy magazyn doda\u0107 logo: Oko\u0142o 7 dni; produkcja: 35 dni<\/p>\n<p>Materia\u0142: Acetan \/ TR90 \/ Metal (regulowany zgodnie z wymaganiami.)<\/p>\n<p>Certyfikaty: CE \/ FDA \/ UKCA \/ ISO9001<\/p>","protected":false},"featured_media":3992,"comment_status":"closed","ping_status":"closed","template":"","meta":[],"product_brand":[],"product_cat":[73,72,87,77,20,55,78,56,70,97,96,79,91,66],"product_tag":[116],"class_list":{"0":"post-3991","1":"product","2":"type-product","3":"status-publish","4":"has-post-thumbnail","6":"product_cat-adult","7":"product_cat-age","8":"product_cat-demo","9":"product_cat-elderly","10":"product_cat-frame","11":"product_cat-gender","12":"product_cat-lens","13":"product_cat-men","14":"product_cat-optical-frames","15":"product_cat-rectangle","16":"product_cat-round","17":"product_cat-shape","18":"product_cat-titanium-frame","19":"product_cat-types","20":"product_tag-116","22":"first","23":"instock","24":"shipping-taxable","25":"purchasable","26":"product-type-simple"},"_links":{"self":[{"href":"https:\/\/www.susoneyewear.com\/pl\/wp-json\/wp\/v2\/product\/3991","targetHints":{"allow":["GET"]}}],"collection":[{"href":"https:\/\/www.susoneyewear.com\/pl\/wp-json\/wp\/v2\/product"}],"about":[{"href":"https:\/\/www.susoneyewear.com\/pl\/wp-json\/wp\/v2\/types\/product"}],"replies":[{"embeddable":true,"href":"https:\/\/www.susoneyewear.com\/pl\/wp-json\/wp\/v2\/comments?post=3991"}],"wp:featuredmedia":[{"embeddable":true,"href":"https:\/\/www.susoneyewear.com\/pl\/wp-json\/wp\/v2\/media\/3992"}],"wp:attachment":[{"href":"https:\/\/www.susoneyewear.com\/pl\/wp-json\/wp\/v2\/media?parent=3991"}],"wp:term":[{"taxonomy":"product_brand","embeddable":true,"href":"https:\/\/www.susoneyewear.com\/pl\/wp-json\/wp\/v2\/product_brand?post=3991"},{"taxonomy":"product_cat","embeddable":true,"href":"https:\/\/www.susoneyewear.com\/pl\/wp-json\/wp\/v2\/product_cat?post=3991"},{"taxonomy":"product_tag","embeddable":true,"href":"https:\/\/www.susoneyewear.com\/pl\/wp-json\/wp\/v2\/product_tag?post=3991"}],"curies":[{"name":"wp","href":"https:\/\/api.w.org\/{rel}","templated":true}]}}