{"id":3980,"date":"2025-10-27T19:43:04","date_gmt":"2025-10-27T11:43:04","guid":{"rendered":"https:\/\/www.susoneyewear.com\/?post_type=product&#038;p=3980"},"modified":"2026-01-13T14:06:30","modified_gmt":"2026-01-13T06:06:30","slug":"top-grade-fashion-unisex-round-custom-sunglasses-wholesale-uv-400-protection-eyewear-spectacle-frame-for-women-light-metal-frames","status":"publish","type":"product","link":"https:\/\/www.susoneyewear.com\/pl\/top-grade-fashion-unisex-round-custom-sunglasses-wholesale-uv-400-protection-eyewear-spectacle-frame-for-women-light-metal-frames\/","title":{"rendered":"Najwy\u017cszej klasy mody unisex okr\u0105g\u0142e niestandardowe okulary przeciws\u0142oneczne hurtowne ochrona UV 400 Okulary Okulary ramy dla kobiet Lekkie ramy metalowe"},"content":{"rendered":"<h3><img fetchpriority=\"high\" decoding=\"async\" class=\"alignnone wp-image-3990 size-full\" src=\"https:\/\/www.susoneyewear.com\/wp-content\/uploads\/2025\/10\/sunglasses-size.jpg\" alt=\"\" width=\"800\" height=\"800\" srcset=\"https:\/\/www.susoneyewear.com\/wp-content\/uploads\/2025\/10\/sunglasses-size.jpg 800w, https:\/\/www.susoneyewear.com\/wp-content\/uploads\/2025\/10\/sunglasses-size-300x300.jpg 300w, https:\/\/www.susoneyewear.com\/wp-content\/uploads\/2025\/10\/sunglasses-size-150x150.jpg 150w, https:\/\/www.susoneyewear.com\/wp-content\/uploads\/2025\/10\/sunglasses-size-768x768.jpg 768w, https:\/\/www.susoneyewear.com\/wp-content\/uploads\/2025\/10\/sunglasses-size-600x600.jpg 600w, https:\/\/www.susoneyewear.com\/wp-content\/uploads\/2025\/10\/sunglasses-size-100x100.jpg 100w\" sizes=\"(max-width: 800px) 100vw, 800px\" \/><\/h3>\n<h3>Materia\u0142y<\/h3>\n<p>Materia\u0142 ramy: metal &amp; amp; octan<br \/>\nMateria\u0142 \u015bwi\u0105tyni: metal &amp; amp; octan<br \/>\nMateria\u0142 soczewki: soczewka polaryzowana TAC \/ DEMO<\/p>\n<h3>Pomiary<\/h3>\n<p>Szeroko\u015b\u0107 ramy: 45 mm<br \/>\nSzeroko\u015b\u0107 mostu: 19 mm<br \/>\nD\u0142ugo\u015b\u0107 \u015bwi\u0105tyni: 145mm<\/p>\n<h3>Min Zam\u00f3wienie<\/h3>\n<p>12 sztuk \/ model<br \/>\n20 sztuk \/ model do drukowania logo<br \/>\n600 sztuk \/ model dla OEM ODM Zam\u00f3wienie produkcyjne<\/p>\n<h3>Us\u0142ugi<\/h3>\n<p>Kontrola jako\u015bci: 100% QC<br \/>\nLogo: Dostosowa\u0107 swoj\u0105 mark\u0119 logo<br \/>\nOEM: Projektujesz, produkujemy<br \/>\nODM: Projektujemy i produkujemy Twoj\u0105 mark\u0119<br \/>\nWysy\u0142ka: Dostarcz do miejsca docelowego zgodnie z klientem&#8217; Wymagania s<\/p>","protected":false},"excerpt":{"rendered":"<p>Materia\u0142 ramy: metal &amp; amp; octan<br \/>\nMateria\u0142 \u015bwi\u0105tyni: metal &amp; amp; octan<br \/>\nMateria\u0142 soczewki: soczewka polaryzowana TAC \/ DEMO<\/p>","protected":false},"featured_media":3981,"comment_status":"closed","ping_status":"closed","template":"","meta":[],"product_brand":[],"product_cat":[88,73,72,87,77,20,55,78,56,90,70,100,96,79,66,57,84,58],"product_tag":[],"class_list":{"0":"post-3980","1":"product","2":"type-product","3":"status-publish","4":"has-post-thumbnail","6":"product_cat-acetate-frame","7":"product_cat-adult","8":"product_cat-age","9":"product_cat-demo","10":"product_cat-elderly","11":"product_cat-frame","12":"product_cat-gender","13":"product_cat-lens","14":"product_cat-men","15":"product_cat-metal-frame","16":"product_cat-optical-frames","17":"product_cat-others-shape","18":"product_cat-round","19":"product_cat-shape","20":"product_cat-types","21":"product_cat-unisex","22":"product_cat-uv400","23":"product_cat-women","25":"first","26":"instock","27":"shipping-taxable","28":"purchasable","29":"product-type-simple"},"_links":{"self":[{"href":"https:\/\/www.susoneyewear.com\/pl\/wp-json\/wp\/v2\/product\/3980","targetHints":{"allow":["GET"]}}],"collection":[{"href":"https:\/\/www.susoneyewear.com\/pl\/wp-json\/wp\/v2\/product"}],"about":[{"href":"https:\/\/www.susoneyewear.com\/pl\/wp-json\/wp\/v2\/types\/product"}],"replies":[{"embeddable":true,"href":"https:\/\/www.susoneyewear.com\/pl\/wp-json\/wp\/v2\/comments?post=3980"}],"wp:featuredmedia":[{"embeddable":true,"href":"https:\/\/www.susoneyewear.com\/pl\/wp-json\/wp\/v2\/media\/3981"}],"wp:attachment":[{"href":"https:\/\/www.susoneyewear.com\/pl\/wp-json\/wp\/v2\/media?parent=3980"}],"wp:term":[{"taxonomy":"product_brand","embeddable":true,"href":"https:\/\/www.susoneyewear.com\/pl\/wp-json\/wp\/v2\/product_brand?post=3980"},{"taxonomy":"product_cat","embeddable":true,"href":"https:\/\/www.susoneyewear.com\/pl\/wp-json\/wp\/v2\/product_cat?post=3980"},{"taxonomy":"product_tag","embeddable":true,"href":"https:\/\/www.susoneyewear.com\/pl\/wp-json\/wp\/v2\/product_tag?post=3980"}],"curies":[{"name":"wp","href":"https:\/\/api.w.org\/{rel}","templated":true}]}}