{"id":3709,"date":"2025-10-27T16:11:45","date_gmt":"2025-10-27T08:11:45","guid":{"rendered":"https:\/\/www.susoneyewear.com\/?post_type=product&#038;p=3709"},"modified":"2026-01-15T13:23:00","modified_gmt":"2026-01-15T05:23:00","slug":"custom-fashion-round-frame-sun-glasses-polarized-tr90-clip-on-with-metal-frame-sunglasses-night-vision-glsses","status":"publish","type":"product","link":"https:\/\/www.susoneyewear.com\/pl\/custom-fashion-round-frame-sun-glasses-polarized-tr90-clip-on-with-metal-frame-sunglasses-night-vision-glsses\/","title":{"rendered":"Niestandardowe mody Okulary s\u0142oneczne z okr\u0105g\u0142\u0105 ram\u0105 Polaryzowane TR90 Clip on z metalow\u0105 ram\u0105 Okulary s\u0142oneczne Night Vision Glsses"},"content":{"rendered":"<h3><img fetchpriority=\"high\" decoding=\"async\" class=\"wp-image-5157 alignleft\" src=\"https:\/\/www.susoneyewear.com\/wp-content\/uploads\/2025\/10\/\u5c3a\u5bf8\u56fe-2.jpg\" alt=\"okr\u0105g\u0142y klip na okularach\" width=\"576\" height=\"576\" srcset=\"https:\/\/www.susoneyewear.com\/wp-content\/uploads\/2025\/10\/\u5c3a\u5bf8\u56fe-2.jpg 800w, https:\/\/www.susoneyewear.com\/wp-content\/uploads\/2025\/10\/\u5c3a\u5bf8\u56fe-2-300x300.jpg 300w, https:\/\/www.susoneyewear.com\/wp-content\/uploads\/2025\/10\/\u5c3a\u5bf8\u56fe-2-150x150.jpg 150w, https:\/\/www.susoneyewear.com\/wp-content\/uploads\/2025\/10\/\u5c3a\u5bf8\u56fe-2-768x768.jpg 768w, https:\/\/www.susoneyewear.com\/wp-content\/uploads\/2025\/10\/\u5c3a\u5bf8\u56fe-2-600x600.jpg 600w, https:\/\/www.susoneyewear.com\/wp-content\/uploads\/2025\/10\/\u5c3a\u5bf8\u56fe-2-100x100.jpg 100w, https:\/\/www.susoneyewear.com\/wp-content\/uploads\/2025\/10\/\u5c3a\u5bf8\u56fe-2-50x50.jpg 50w\" sizes=\"(max-width: 576px) 100vw, 576px\" \/><\/h3>\n<h3><strong>Materia\u0142y<\/strong><\/h3>\n<p>Materia\u0142 ramy: TR90 METAL<br \/>\nMateria\u0142 \u015bwi\u0105tyni: TR90<br \/>\nMateria\u0142 soczewki: TAC polaryzowany, widzenie nocne<\/p>\n<h3><strong>Pomiary<\/strong><\/h3>\n<p>Szeroko\u015b\u0107 ramy: 48mm<br \/>\nSzeroko\u015b\u0107 mostu: 20mm<br \/>\nD\u0142ugo\u015b\u0107 \u015bwi\u0105tyni: 143mm<\/p>\n<h3><strong>Min Zam\u00f3wienie<\/strong><\/h3>\n<p>12 sztuk \/ model<br \/>\n20 sztuk \/ model do drukowania logo<br \/>\n600 sztuk \/ model dla OEM ODM Zam\u00f3wienie produkcyjne<\/p>\n<h3><strong>Us\u0142ugi<\/strong><\/h3>\n<p>Kontrola jako\u015bci: 100% QC<br \/>\nLogo: Dostosowa\u0107 swoj\u0105 mark\u0119 logo<br \/>\nOEM: Projektujesz, produkujemy<br \/>\nODM: Projektujemy i produkujemy Twoj\u0105 mark\u0119<br \/>\nWysy\u0142ka: Dostarcz do miejsca docelowego zgodnie z klientem&#8217; Wymagania s<\/p>\n<p>&nbsp;<\/p>\n<p><img decoding=\"async\" class=\"alignnone wp-image-5159 size-full\" src=\"https:\/\/www.susoneyewear.com\/wp-content\/uploads\/2025\/10\/7730_03.jpg\" alt=\"\" width=\"790\" height=\"1130\" srcset=\"https:\/\/www.susoneyewear.com\/wp-content\/uploads\/2025\/10\/7730_03.jpg 790w, https:\/\/www.susoneyewear.com\/wp-content\/uploads\/2025\/10\/7730_03-210x300.jpg 210w, https:\/\/www.susoneyewear.com\/wp-content\/uploads\/2025\/10\/7730_03-716x1024.jpg 716w, https:\/\/www.susoneyewear.com\/wp-content\/uploads\/2025\/10\/7730_03-768x1099.jpg 768w, https:\/\/www.susoneyewear.com\/wp-content\/uploads\/2025\/10\/7730_03-600x858.jpg 600w\" sizes=\"(max-width: 790px) 100vw, 790px\" \/><\/p>\n<ul>\n<li>Magnetyczny polaryzowany clip-on i Night Vision clip-on<\/li>\n<\/ul>\n<p><img decoding=\"async\" class=\"alignnone wp-image-5160 size-full\" src=\"https:\/\/www.susoneyewear.com\/wp-content\/uploads\/2025\/10\/7730_04.jpg\" alt=\"\" width=\"790\" height=\"1333\" srcset=\"https:\/\/www.susoneyewear.com\/wp-content\/uploads\/2025\/10\/7730_04.jpg 790w, https:\/\/www.susoneyewear.com\/wp-content\/uploads\/2025\/10\/7730_04-178x300.jpg 178w, https:\/\/www.susoneyewear.com\/wp-content\/uploads\/2025\/10\/7730_04-607x1024.jpg 607w, https:\/\/www.susoneyewear.com\/wp-content\/uploads\/2025\/10\/7730_04-768x1296.jpg 768w, https:\/\/www.susoneyewear.com\/wp-content\/uploads\/2025\/10\/7730_04-600x1012.jpg 600w\" sizes=\"(max-width: 790px) 100vw, 790px\" \/><\/p>\n<p><img loading=\"lazy\" decoding=\"async\" class=\"alignnone wp-image-5162 size-full\" src=\"https:\/\/www.susoneyewear.com\/wp-content\/uploads\/2025\/10\/7730_08.jpg\" alt=\"\" width=\"790\" height=\"1199\" srcset=\"https:\/\/www.susoneyewear.com\/wp-content\/uploads\/2025\/10\/7730_08.jpg 790w, https:\/\/www.susoneyewear.com\/wp-content\/uploads\/2025\/10\/7730_08-198x300.jpg 198w, https:\/\/www.susoneyewear.com\/wp-content\/uploads\/2025\/10\/7730_08-675x1024.jpg 675w, https:\/\/www.susoneyewear.com\/wp-content\/uploads\/2025\/10\/7730_08-768x1166.jpg 768w, https:\/\/www.susoneyewear.com\/wp-content\/uploads\/2025\/10\/7730_08-600x911.jpg 600w\" sizes=\"(max-width: 790px) 100vw, 790px\" \/><\/p>\n<ul>\n<li>Kolory<\/li>\n<\/ul>\n<p><img loading=\"lazy\" decoding=\"async\" class=\"alignnone wp-image-5163 size-medium\" src=\"https:\/\/www.susoneyewear.com\/wp-content\/uploads\/2025\/10\/7730_16-258x300.jpg\" alt=\"\" width=\"258\" height=\"300\" srcset=\"\" sizes=\"(max-width: 258px) 100vw, 258px\" data-srcset=\"\" \/> <img loading=\"lazy\" decoding=\"async\" class=\"alignnone size-medium wp-image-5164\" src=\"https:\/\/www.susoneyewear.com\/wp-content\/uploads\/2025\/10\/7730_17-256x300.jpg\" alt=\"\" width=\"256\" height=\"300\" srcset=\"\" sizes=\"(max-width: 256px) 100vw, 256px\" data-srcset=\"\" \/> <img loading=\"lazy\" decoding=\"async\" class=\"alignnone size-medium wp-image-5165\" src=\"https:\/\/www.susoneyewear.com\/wp-content\/uploads\/2025\/10\/7730_18-256x300.jpg\" alt=\"\" width=\"256\" height=\"300\" srcset=\"\" sizes=\"(max-width: 256px) 100vw, 256px\" data-srcset=\"\" \/> <img loading=\"lazy\" decoding=\"async\" class=\"alignnone size-medium wp-image-5166\" src=\"https:\/\/www.susoneyewear.com\/wp-content\/uploads\/2025\/10\/7730_19-245x300.jpg\" alt=\"\" width=\"245\" height=\"300\" srcset=\"\" sizes=\"(max-width: 245px) 100vw, 245px\" data-srcset=\"\" \/><\/p>","protected":false},"excerpt":{"rendered":"<p>Materia\u0142 ramy: TR90 METAL<br \/>\nMateria\u0142 \u015bwi\u0105tyni: TR90<br \/>\nMateria\u0142 soczewki: TAC polaryzowany, widzenie nocne<\/p>","protected":false},"featured_media":3839,"comment_status":"closed","ping_status":"closed","template":"","meta":[],"product_brand":[],"product_cat":[73,72,81,87,77,20,55,89,78,56,90,101,70,93,96,79,66,57,84,58],"product_tag":[],"class_list":{"0":"post-3709","1":"product","2":"type-product","3":"status-publish","4":"has-post-thumbnail","6":"product_cat-adult","7":"product_cat-age","8":"product_cat-clip-on","9":"product_cat-demo","10":"product_cat-elderly","11":"product_cat-frame","12":"product_cat-gender","13":"product_cat-injection-frame","14":"product_cat-lens","15":"product_cat-men","16":"product_cat-metal-frame","17":"product_cat-night-vision","18":"product_cat-optical-frames","19":"product_cat-others-frame","20":"product_cat-round","21":"product_cat-shape","22":"product_cat-types","23":"product_cat-unisex","24":"product_cat-uv400","25":"product_cat-women","27":"first","28":"instock","29":"shipping-taxable","30":"purchasable","31":"product-type-simple"},"_links":{"self":[{"href":"https:\/\/www.susoneyewear.com\/pl\/wp-json\/wp\/v2\/product\/3709","targetHints":{"allow":["GET"]}}],"collection":[{"href":"https:\/\/www.susoneyewear.com\/pl\/wp-json\/wp\/v2\/product"}],"about":[{"href":"https:\/\/www.susoneyewear.com\/pl\/wp-json\/wp\/v2\/types\/product"}],"replies":[{"embeddable":true,"href":"https:\/\/www.susoneyewear.com\/pl\/wp-json\/wp\/v2\/comments?post=3709"}],"wp:featuredmedia":[{"embeddable":true,"href":"https:\/\/www.susoneyewear.com\/pl\/wp-json\/wp\/v2\/media\/3839"}],"wp:attachment":[{"href":"https:\/\/www.susoneyewear.com\/pl\/wp-json\/wp\/v2\/media?parent=3709"}],"wp:term":[{"taxonomy":"product_brand","embeddable":true,"href":"https:\/\/www.susoneyewear.com\/pl\/wp-json\/wp\/v2\/product_brand?post=3709"},{"taxonomy":"product_cat","embeddable":true,"href":"https:\/\/www.susoneyewear.com\/pl\/wp-json\/wp\/v2\/product_cat?post=3709"},{"taxonomy":"product_tag","embeddable":true,"href":"https:\/\/www.susoneyewear.com\/pl\/wp-json\/wp\/v2\/product_tag?post=3709"}],"curies":[{"name":"wp","href":"https:\/\/api.w.org\/{rel}","templated":true}]}}