{"id":3692,"date":"2025-10-27T15:21:37","date_gmt":"2025-10-27T07:21:37","guid":{"rendered":"https:\/\/www.susoneyewear.com\/?post_type=product&#038;p=3692"},"modified":"2026-01-16T11:33:04","modified_gmt":"2026-01-16T03:33:04","slug":"oem-odm-photochromic-acetate-frames-sunglasses-anti-blue-light-wayfarer-glasses","status":"publish","type":"product","link":"https:\/\/www.susoneyewear.com\/pl\/oem-odm-photochromic-acetate-frames-sunglasses-anti-blue-light-wayfarer-glasses\/","title":{"rendered":"OEM, ODM fotochromiczne ramy octanu, okulary antyniebieskie"},"content":{"rendered":"<p><img fetchpriority=\"high\" decoding=\"async\" class=\"alignleft wp-image-5217\" src=\"https:\/\/www.susoneyewear.com\/wp-content\/uploads\/2025\/10\/52613-\u5149\u5b66.png\" alt=\"dym ramy optycznej\" width=\"571\" height=\"571\" srcset=\"https:\/\/www.susoneyewear.com\/wp-content\/uploads\/2025\/10\/52613-\u5149\u5b66.png 800w, https:\/\/www.susoneyewear.com\/wp-content\/uploads\/2025\/10\/52613-\u5149\u5b66-300x300.png 300w, https:\/\/www.susoneyewear.com\/wp-content\/uploads\/2025\/10\/52613-\u5149\u5b66-150x150.png 150w, https:\/\/www.susoneyewear.com\/wp-content\/uploads\/2025\/10\/52613-\u5149\u5b66-768x768.png 768w, https:\/\/www.susoneyewear.com\/wp-content\/uploads\/2025\/10\/52613-\u5149\u5b66-600x600.png 600w, https:\/\/www.susoneyewear.com\/wp-content\/uploads\/2025\/10\/52613-\u5149\u5b66-100x100.png 100w, https:\/\/www.susoneyewear.com\/wp-content\/uploads\/2025\/10\/52613-\u5149\u5b66-50x50.png 50w\" sizes=\"(max-width: 571px) 100vw, 571px\" \/><\/p>\n<p><strong>Szczeg\u00f3\u0142y:<\/strong><br \/>\nMateria\u0142 ramy: metal &amp; amp; octan<br \/>\nMateria\u0142 \u015bwi\u0105tyni: metal &amp; amp; octan<br \/>\nZawias: 3 2 zawiasy metalowe<br \/>\nMateria\u0142 soczewki: Nylon &amp; amp; Soczewka fotochromiczna \/ Soczewka demo<br \/>\nKolor ramy: jasny \/ szary \/ zielony \/ r\u00f3\u017cowy \/ \u017c\u00f3\u0142ty Photochromic<\/p>\n<p><strong>Pomiary<\/strong><br \/>\nSzeroko\u015b\u0107 ramy: 45 mm<br \/>\nSzeroko\u015b\u0107 mostu: 19 mm<br \/>\nD\u0142ugo\u015b\u0107 \u015bwi\u0105tyni: 145mm<\/p>\n<p><strong>Min Zam\u00f3wienie<\/strong><br \/>\n12 sztuk \/ model<br \/>\n20 sztuk \/ model do drukowania logo<br \/>\n600 sztuk \/ model dla OEM ODM Zam\u00f3wienie produkcyjne<\/p>\n<p>&nbsp;<\/p>\n<p><strong>Us\u0142ugi<\/strong><br \/>\nKontrola jako\u015bci: 100% QC<br \/>\nLogo: Dostosowa\u0107 swoj\u0105 mark\u0119 logo<br \/>\nOEM: Projektujesz, produkujemy<br \/>\nODM: Projektujemy i produkujemy Twoj\u0105 mark\u0119<br \/>\nWysy\u0142ka: Dostarcz do miejsca docelowego zgodnie z klientem&#8217; Wymagania s<\/p>","protected":false},"excerpt":{"rendered":"<p>Materia\u0142 ramy: metal &amp; amp; octan<br \/>\nMateria\u0142 \u015bwi\u0105tyni: metal &amp; amp; octan<br \/>\nZawias: 3 2 zawiasy metalowe<br \/>\nMateria\u0142 soczewki: Soczewka nylonowa \/ soczewka AC Demo<br \/>\nKolor ramy: jasny \/ szary \/ zielony \/ r\u00f3\u017cowy \/ \u017c\u00f3\u0142ty Photochromic<\/p>","protected":false},"featured_media":5210,"comment_status":"closed","ping_status":"closed","template":"","meta":[],"product_brand":[],"product_cat":[88,73,72,86,80,87,77,20,55,89,78,56,70,85,97,79,66,57,58],"product_tag":[],"class_list":{"0":"post-3692","1":"product","2":"type-product","3":"status-publish","4":"has-post-thumbnail","6":"product_cat-acetate-frame","7":"product_cat-adult","8":"product_cat-age","9":"product_cat-anti-blue-light","10":"product_cat-blue-light-blocking","11":"product_cat-demo","12":"product_cat-elderly","13":"product_cat-frame","14":"product_cat-gender","15":"product_cat-injection-frame","16":"product_cat-lens","17":"product_cat-men","18":"product_cat-optical-frames","19":"product_cat-photochrimic","20":"product_cat-rectangle","21":"product_cat-shape","22":"product_cat-types","23":"product_cat-unisex","24":"product_cat-women","26":"first","27":"instock","28":"shipping-taxable","29":"purchasable","30":"product-type-simple"},"_links":{"self":[{"href":"https:\/\/www.susoneyewear.com\/pl\/wp-json\/wp\/v2\/product\/3692","targetHints":{"allow":["GET"]}}],"collection":[{"href":"https:\/\/www.susoneyewear.com\/pl\/wp-json\/wp\/v2\/product"}],"about":[{"href":"https:\/\/www.susoneyewear.com\/pl\/wp-json\/wp\/v2\/types\/product"}],"replies":[{"embeddable":true,"href":"https:\/\/www.susoneyewear.com\/pl\/wp-json\/wp\/v2\/comments?post=3692"}],"wp:featuredmedia":[{"embeddable":true,"href":"https:\/\/www.susoneyewear.com\/pl\/wp-json\/wp\/v2\/media\/5210"}],"wp:attachment":[{"href":"https:\/\/www.susoneyewear.com\/pl\/wp-json\/wp\/v2\/media?parent=3692"}],"wp:term":[{"taxonomy":"product_brand","embeddable":true,"href":"https:\/\/www.susoneyewear.com\/pl\/wp-json\/wp\/v2\/product_brand?post=3692"},{"taxonomy":"product_cat","embeddable":true,"href":"https:\/\/www.susoneyewear.com\/pl\/wp-json\/wp\/v2\/product_cat?post=3692"},{"taxonomy":"product_tag","embeddable":true,"href":"https:\/\/www.susoneyewear.com\/pl\/wp-json\/wp\/v2\/product_tag?post=3692"}],"curies":[{"name":"wp","href":"https:\/\/api.w.org\/{rel}","templated":true}]}}