{"id":3276,"date":"2025-10-11T13:51:18","date_gmt":"2025-10-11T05:51:18","guid":{"rendered":"https:\/\/www.susoneyewear.com\/?page_id=3276"},"modified":"2025-10-17T11:04:35","modified_gmt":"2025-10-17T03:04:35","slug":"cart","status":"publish","type":"page","link":"https:\/\/www.susoneyewear.com\/pl\/cart\/","title":{"rendered":"Koszyk"},"content":{"rendered":"<style>.elementor-3276 .elementor-element.elementor-element-99d8335 > .elementor-container{min-height:250px;}.elementor-3276 .elementor-element.elementor-element-99d8335:not(.elementor-motion-effects-element-type-background), .elementor-3276 .elementor-element.elementor-element-99d8335 > .elementor-motion-effects-container > .elementor-motion-effects-layer{background-image:url(\"https:\/\/www.susoneyewear.com\/wp-content\/uploads\/2025\/09\/products-banner.jpg\");background-position:center center;background-repeat:no-repeat;background-size:cover;}.elementor-3276 .elementor-element.elementor-element-99d8335{transition:background 0.3s, border 0.3s, border-radius 0.3s, box-shadow 0.3s;padding:0px 0px 0px 0px;}.elementor-3276 .elementor-element.elementor-element-99d8335 > .elementor-background-overlay{transition:background 0.3s, border-radius 0.3s, opacity 0.3s;}.elementor-3276 .elementor-element.elementor-element-7366d17 > .elementor-element-populated{padding:0px 0px 0px 0px;}.elementor-3276 .elementor-element.elementor-element-60245f1 > .elementor-container{max-width:1440px;}.elementor-3276 .elementor-element.elementor-element-eb36f3f > .elementor-widget-wrap > .elementor-widget:not(.elementor-widget__width-auto):not(.elementor-widget__width-initial):not(:last-child):not(.elementor-absolute){margin-block-end:10px;}.elementor-3276 .elementor-element.elementor-element-eb36f3f > .elementor-element-populated{padding:0px 0px 0px 0px;}.elementor-widget-ucaddon_gradient_text_effect .ue_beginning_text{font-family:var( --e-global-typography-text-font-family ), Sans-serif;font-weight:var( --e-global-typography-text-font-weight );}.elementor-widget-ucaddon_gradient_text_effect .ue_gradient_text{font-family:var( --e-global-typography-text-font-family ), Sans-serif;font-weight:var( --e-global-typography-text-font-weight );}.elementor-widget-ucaddon_gradient_text_effect .ue_ending_text{font-family:var( --e-global-typography-text-font-family ), Sans-serif;font-weight:var( --e-global-typography-text-font-weight );}.elementor-3276 .elementor-element.elementor-element-f941dee .ue-text{text-align:center;}.elementor-3276 .elementor-element.elementor-element-f941dee .ue_beginning_text{color:#FFFFFF;font-family:\"Fahkwang\", Sans-serif;font-size:26px;font-weight:400;text-transform:capitalize;}.elementor-3276 .elementor-element.elementor-element-f941dee .ue_gradient_text{font-family:\"Poppins\", Sans-serif;font-size:48px;font-weight:600;text-transform:uppercase;}.elementor-3276 .elementor-element.elementor-element-f941dee .ue_ending_text{color:#000000;font-family:\"Roboto\", Sans-serif;font-weight:400;}.elementor-3276 .elementor-element.elementor-element-f941dee > .elementor-widget-container{margin:0px 0px -20px 0px;padding:0px 0px 0px 0px;}.elementor-widget-divider{--divider-color:var( --e-global-color-secondary );}.elementor-widget-divider .elementor-divider__text{color:var( --e-global-color-secondary );font-family:var( --e-global-typography-secondary-font-family ), Sans-serif;font-weight:var( --e-global-typography-secondary-font-weight );}.elementor-widget-divider.elementor-view-stacked .elementor-icon{background-color:var( --e-global-color-secondary );}.elementor-widget-divider.elementor-view-framed .elementor-icon, .elementor-widget-divider.elementor-view-default .elementor-icon{color:var( --e-global-color-secondary );border-color:var( --e-global-color-secondary );}.elementor-widget-divider.elementor-view-framed .elementor-icon, .elementor-widget-divider.elementor-view-default .elementor-icon svg{fill:var( --e-global-color-secondary );}.elementor-3276 .elementor-element.elementor-element-0fe5983{--divider-border-style:solid;--divider-color:#FFFFFF;--divider-border-width:2px;}.elementor-3276 .elementor-element.elementor-element-0fe5983 .elementor-divider-separator{width:24%;margin:0 auto;margin-left:0;}.elementor-3276 .elementor-element.elementor-element-0fe5983 .elementor-divider{text-align:left;padding-block-start:0px;padding-block-end:0px;}.elementor-3276 .elementor-element.elementor-element-0fe5983 > .elementor-widget-container{margin:0px 0px 0px 710px;}.elementor-widget-icon-list .elementor-icon-list-item:not(:last-child):after{border-color:var( --e-global-color-text );}.elementor-widget-icon-list .elementor-icon-list-icon i{color:var( --e-global-color-primary );}.elementor-widget-icon-list .elementor-icon-list-icon svg{fill:var( --e-global-color-primary );}.elementor-widget-icon-list .elementor-icon-list-item > .elementor-icon-list-text, .elementor-widget-icon-list .elementor-icon-list-item > a{font-family:var( --e-global-typography-text-font-family ), Sans-serif;font-weight:var( --e-global-typography-text-font-weight );}.elementor-widget-icon-list .elementor-icon-list-text{color:var( --e-global-color-secondary );}.elementor-3276 .elementor-element.elementor-element-b287268 .elementor-icon-list-items:not(.elementor-inline-items) .elementor-icon-list-item:not(:last-child){padding-block-end:calc(10px\/2);}.elementor-3276 .elementor-element.elementor-element-b287268 .elementor-icon-list-items:not(.elementor-inline-items) .elementor-icon-list-item:not(:first-child){margin-block-start:calc(10px\/2);}.elementor-3276 .elementor-element.elementor-element-b287268 .elementor-icon-list-items.elementor-inline-items .elementor-icon-list-item{margin-inline:calc(10px\/2);}.elementor-3276 .elementor-element.elementor-element-b287268 .elementor-icon-list-items.elementor-inline-items{margin-inline:calc(-10px\/2);}.elementor-3276 .elementor-element.elementor-element-b287268 .elementor-icon-list-items.elementor-inline-items .elementor-icon-list-item:after{inset-inline-end:calc(-10px\/2);}.elementor-3276 .elementor-element.elementor-element-b287268 .elementor-icon-list-icon i{color:#FFFFFF;transition:color 0.3s;}.elementor-3276 .elementor-element.elementor-element-b287268 .elementor-icon-list-icon svg{fill:#FFFFFF;transition:fill 0.3s;}.elementor-3276 .elementor-element.elementor-element-b287268{--e-icon-list-icon-size:10px;--icon-vertical-offset:0px;}.elementor-3276 .elementor-element.elementor-element-b287268 .elementor-icon-list-icon{padding-inline-end:0px;}.elementor-3276 .elementor-element.elementor-element-b287268 .elementor-icon-list-item > .elementor-icon-list-text, .elementor-3276 .elementor-element.elementor-element-b287268 .elementor-icon-list-item > a{font-family:\"Roboto\", Sans-serif;font-size:14px;font-weight:400;text-transform:capitalize;}.elementor-3276 .elementor-element.elementor-element-b287268 .elementor-icon-list-text{color:#FFFFFF;transition:color 0.3s;}.elementor-3276 .elementor-element.elementor-element-b287268 > .elementor-widget-container{margin:-10px 0px 0px 0px;}.elementor-3276 .elementor-element.elementor-element-e410b67 > .elementor-container{max-width:1440px;}.elementor-3276 .elementor-element.elementor-element-e410b67{padding:60px 0px 60px 0px;}.elementor-3276 .elementor-element.elementor-element-701d8551 > .elementor-element-populated{padding:0px 0px 0px 0px;}.elementor-3276 .elementor-element.elementor-element-4cb5a981 > .elementor-widget-wrap > .elementor-widget:not(.elementor-widget__width-auto):not(.elementor-widget__width-initial):not(:last-child):not(.elementor-absolute){margin-block-end:10px;}.elementor-3276 .elementor-element.elementor-element-9215667{--update-cart-automatically-display:none;--sections-background-color:#FFFFFF00;--sections-border-type:solid;--sections-border-radius:20px 20px 20px 20px;--sections-padding:30px 30px 30px 30px;--sections-title-color:#465880;--sections-title-spacing:0px;--sections-descriptions-spacing:0px;--sections-radio-buttons-color:#465880;--forms-rows-gap:0px;--forms-fields-normal-color:#465880;--order-summary-rows-gap-top:calc( 60px\/2 );--order-summary-rows-gap-bottom:calc( 60px\/2 );--order-summary-title-spacing:10px;--order-summary-color:#54595F;--product-link-normal-color:#465880;--product-link-hover-color:#6B8BB4;--order-summary-items-divider-weight:0px;--order-summary-quantity-border-weight:1px;--order-summary-remove-icon-normal-color:#00000050;--order-summary-remove-icon-hover-color:#465880;--totals-rows-gap-top:calc( 50px\/2 );--totals-rows-gap-bottom:calc( 50px\/2 );--totals-divider-color:#00000010;--totals-divider-weight:1px;--checkout-button-border-radius:8px 8px 8px 8px;}.elementor-3276 .elementor-element.elementor-element-9215667 .e-cart-section{border-width:1px 1px 1px 1px;}.elementor-3276 .elementor-element.elementor-element-9215667 .cart_totals h2{font-size:20px;font-weight:600;}.elementor-3276 .elementor-element.elementor-element-9215667 .coupon .input-text, .elementor-3276 .elementor-element.elementor-element-9215667 .cart-collaterals .input-text, .elementor-3276 .elementor-element.elementor-element-9215667 select, .elementor-3276 .elementor-element.elementor-element-9215667 .select2-selection--single{font-family:\"Arial\", Sans-serif;}.e-woo-select2-wrapper .select2-results__option{color:#465880;}.elementor-3276 .elementor-element.elementor-element-9215667 .select2-container--default .select2-selection--single .select2-selection__arrow b{border-color:#465880 transparent transparent transparent;}.elementor-3276 .elementor-element.elementor-element-9215667 .woocommerce-cart-form{--order-summary-title-color:#465880;}.elementor-3276 .elementor-element.elementor-element-9215667 .e-shop-table .cart th, .elementor-3276 .elementor-element.elementor-element-9215667 .e-shop-table .cart td:before{font-size:20px;font-weight:600;text-transform:capitalize;}.elementor-3276 .elementor-element.elementor-element-9215667 .cart_totals .shop_table td:before, .elementor-3276 .elementor-element.elementor-element-9215667 .cart_totals .shop_table td .woocommerce-Price-amount{font-family:var( --e-global-typography-accent-font-family ), Sans-serif;font-weight:var( --e-global-typography-accent-font-weight );}.elementor-3276 .elementor-element.elementor-element-9215667 .woocommerce .wc-proceed-to-checkout .checkout-button{background-color:#465880;}.elementor-3276 .elementor-element.elementor-element-9215667 .woocommerce .wc-proceed-to-checkout .checkout-button:hover{background-color:#6B8BB4;}@media(max-width:1366px){.elementor-3276 .elementor-element.elementor-element-0fe5983 .elementor-divider-separator{width:24%;}.elementor-3276 .elementor-element.elementor-element-0fe5983 > .elementor-widget-container{margin:0% 0% 0% 49%;}.elementor-3276 .elementor-element.elementor-element-e410b67 > .elementor-container{max-width:1200px;}}@media(max-width:1024px){.elementor-3276 .elementor-element.elementor-element-99d8335 > .elementor-container{min-height:200px;}.elementor-3276 .elementor-element.elementor-element-0fe5983 .elementor-divider-separator{width:42%;}.elementor-3276 .elementor-element.elementor-element-0fe5983 > .elementor-widget-container{margin:0% 0% 0% 49%;}}@media(max-width:767px){.elementor-3276 .elementor-element.elementor-element-f941dee .ue_beginning_text{font-size:20px;}.elementor-3276 .elementor-element.elementor-element-f941dee .ue_gradient_text{font-size:36px;}.elementor-3276 .elementor-element.elementor-element-0fe5983 .elementor-divider-separator{width:60%;}.elementor-3276 .elementor-element.elementor-element-0fe5983 > .elementor-widget-container{margin:0% 0% 0% 49%;}}<\/style>\t\t<div data-elementor-type=\"wp-page\" data-elementor-id=\"3276\" class=\"elementor elementor-3276\" data-elementor-post-type=\"page\">\n\t\t\t\t\t\t<section class=\"elementor-section elementor-top-section elementor-element elementor-element-99d8335 elementor-section-full_width elementor-section-height-min-height elementor-section-height-default elementor-section-items-middle\" data-id=\"99d8335\" data-element_type=\"section\" data-e-type=\"section\" data-settings=\"{&quot;background_background&quot;:&quot;classic&quot;}\">\n\t\t\t\t\t\t<div class=\"elementor-container elementor-column-gap-default\">\n\t\t\t\t\t<div class=\"elementor-column elementor-col-100 elementor-top-column elementor-element elementor-element-7366d17\" data-id=\"7366d17\" data-element_type=\"column\" data-e-type=\"column\">\n\t\t\t<div class=\"elementor-widget-wrap elementor-element-populated\">\n\t\t\t\t\t\t<section class=\"elementor-section elementor-inner-section elementor-element elementor-element-60245f1 animated-fast elementor-section-boxed elementor-section-height-default elementor-section-height-default elementor-invisible\" data-id=\"60245f1\" data-element_type=\"section\" data-e-type=\"section\" data-settings=\"{&quot;animation&quot;:&quot;slideInUp&quot;}\">\n\t\t\t\t\t\t<div class=\"elementor-container elementor-column-gap-default\">\n\t\t\t\t\t<div class=\"elementor-column elementor-col-100 elementor-inner-column elementor-element elementor-element-eb36f3f\" data-id=\"eb36f3f\" data-element_type=\"column\" data-e-type=\"column\">\n\t\t\t<div class=\"elementor-widget-wrap elementor-element-populated\">\n\t\t\t\t\t\t<div class=\"elementor-element elementor-element-f941dee elementor-widget elementor-widget-ucaddon_gradient_text_effect\" data-id=\"f941dee\" data-element_type=\"widget\" data-e-type=\"widget\" data-widget_type=\"ucaddon_gradient_text_effect.default\">\n\t\t\t\t<div class=\"elementor-widget-container\">\n\t\t\t\t\t\n<!-- start Gradient Text Effect -->\n<style>\/* widget: Gradient Text Effect *\/\n\n#uc_gradient_text_effect_elementor_f941dee .ue_gradient_text{\n  color: #FFFFFF;\n  padding:0.1em 0;\n}\n\n@supports ((background-clip: text) or (-webkit-background-clip: text)) and ((text-fill-color: transparent) or (-webkit-text-fill-color: transparent)) {\n  #uc_gradient_text_effect_elementor_f941dee .ue_gradient_text{\n    background-image: linear-gradient(\n      90deg,\n      #FFFFFF 0%,\n      #FFFFFF 100%\n    );\n    background-size: cover;\n    -webkit-background-clip: text;\n    background-clip: text;\n    -webkit-text-fill-color: transparent;\n    text-fill-color: transparent;\n    display:inline-block;\n    \n  }\n  #uc_gradient_text_effect_elementor_f941dee .ue_gradient_text::selection {\n    -webkit-text-fill-color: #474747;\n  }\n}\n\n<\/style>\n\n<div id=\"uc_gradient_text_effect_elementor_f941dee\" class=\"ue-text\">\n  <span class=\"ue_beginning_text\">produkt<\/span> \n  <span class=\"ue_gradient_text\">&nbsp;koszyk&nbsp;<\/span>\n  <span class=\"ue_ending_text\"><\/span>\n<\/div>\n<!-- end Gradient Text Effect -->\t\t\t\t<\/div>\n\t\t\t\t<\/div>\n\t\t\t\t<div class=\"elementor-element elementor-element-0fe5983 elementor-widget-divider--view-line elementor-widget elementor-widget-divider\" data-id=\"0fe5983\" data-element_type=\"widget\" data-e-type=\"widget\" data-widget_type=\"divider.default\">\n\t\t\t\t<div class=\"elementor-widget-container\">\n\t\t\t\t\t\t\t<div class=\"elementor-divider\">\n\t\t\t<span class=\"elementor-divider-separator\">\n\t\t\t\t\t\t<\/span>\n\t\t<\/div>\n\t\t\t\t\t\t<\/div>\n\t\t\t\t<\/div>\n\t\t\t\t<div class=\"elementor-element elementor-element-b287268 elementor-icon-list--layout-inline elementor-align-center elementor-list-item-link-full_width elementor-widget elementor-widget-icon-list\" data-id=\"b287268\" data-element_type=\"widget\" data-e-type=\"widget\" data-widget_type=\"icon-list.default\">\n\t\t\t\t<div class=\"elementor-widget-container\">\n\t\t\t\t\t\t\t<ul class=\"elementor-icon-list-items elementor-inline-items\">\n\t\t\t\t\t\t\t<li class=\"elementor-icon-list-item elementor-inline-item\">\n\t\t\t\t\t\t\t\t\t\t\t<a href=\"\/pl\/\">\n\n\t\t\t\t\t\t\t\t\t\t\t<span class=\"elementor-icon-list-text\">Strona g\u0142\u00f3wna<\/span>\n\t\t\t\t\t\t\t\t\t\t\t<\/a>\n\t\t\t\t\t\t\t\t\t<\/li>\n\t\t\t\t\t\t\t\t<li class=\"elementor-icon-list-item elementor-inline-item\">\n\t\t\t\t\t\t\t\t\t\t\t<span class=\"elementor-icon-list-icon\">\n\t\t\t\t\t\t\t<svg aria-hidden=\"true\" class=\"e-font-icon-svg e-fas-chevron-right\" viewbox=\"0 0 320 512\" xmlns=\"http:\/\/www.w3.org\/2000\/svg\"><path d=\"M285.476 272.971L91.132 467.314c-9.373 9.373-24.569 9.373-33.941 0l-22.667-22.667c-9.357-9.357-9.375-24.522-.04-33.901L188.505 256 34.484 101.255c-9.335-9.379-9.317-24.544.04-33.901l22.667-22.667c9.373-9.373 24.569-9.373 33.941 0L285.475 239.03c9.373 9.372 9.373 24.568.001 33.941z\"><\/path><\/svg>\t\t\t\t\t\t<\/span>\n\t\t\t\t\t\t\t\t\t\t<span class=\"elementor-icon-list-text\">Koszyk<\/span>\n\t\t\t\t\t\t\t\t\t<\/li>\n\t\t\t\t\t\t<\/ul>\n\t\t\t\t\t\t<\/div>\n\t\t\t\t<\/div>\n\t\t\t\t\t<\/div>\n\t\t<\/div>\n\t\t\t\t\t<\/div>\n\t\t<\/section>\n\t\t\t\t\t<\/div>\n\t\t<\/div>\n\t\t\t\t\t<\/div>\n\t\t<\/section>\n\t\t\t\t<section class=\"elementor-section elementor-top-section elementor-element elementor-element-e410b67 elementor-section-boxed elementor-section-height-default elementor-section-height-default\" data-id=\"e410b67\" data-element_type=\"section\" data-e-type=\"section\">\n\t\t\t\t\t\t<div class=\"elementor-container elementor-column-gap-default\">\n\t\t\t\t\t<div class=\"elementor-column elementor-col-100 elementor-top-column elementor-element elementor-element-701d8551\" data-id=\"701d8551\" data-element_type=\"column\" data-e-type=\"column\">\n\t\t\t<div class=\"elementor-widget-wrap elementor-element-populated\">\n\t\t\t\t\t\t<section class=\"elementor-section elementor-inner-section elementor-element elementor-element-2a299782 elementor-section-full_width animated-fast elementor-section-height-default elementor-section-height-default elementor-invisible\" data-id=\"2a299782\" data-element_type=\"section\" data-e-type=\"section\" data-settings=\"{&quot;animation&quot;:&quot;slideInUp&quot;}\">\n\t\t\t\t\t\t<div class=\"elementor-container elementor-column-gap-default\">\n\t\t\t\t\t<div class=\"elementor-column elementor-col-100 elementor-inner-column elementor-element elementor-element-4cb5a981\" data-id=\"4cb5a981\" data-element_type=\"column\" data-e-type=\"column\">\n\t\t\t<div class=\"elementor-widget-wrap elementor-element-populated\">\n\t\t\t\t\t\t\t<\/div>\n\t\t<\/div>\n\t\t\t\t\t<\/div>\n\t\t<\/section>\n\t\t\t\t\t<\/div>\n\t\t<\/div>\n\t\t\t\t\t<\/div>\n\t\t<\/section>\n\t\t\t\t<\/div>","protected":false},"excerpt":{"rendered":"<p>product cart Home Usu\u0144 pozycj\u0119 Miniatury Produkt Cena Ilo\u015b\u0107 Podsumy &times;  Customizable blue light blocking glasses &#036; 99,999.00 Dostosowalne niebieskie okulary blokuj\u0105ce \u015bwiat\u0142o \u6570\u91cf &#036; 1,099,989.00 &times;  Customizable blue light blocking glasses &#036; 99,999.00 Dostosowalne niebieskie okulary blokuj\u0105ce \u015bwiat\u0142o \u6570\u91cf &#036; 99,999.00 Suma koszyka &#036; 1,199,988.00 \u5408\u8ba1 &#036; 1,199,988.00 Click to inquire price<\/p>","protected":false},"author":1,"featured_media":0,"parent":0,"menu_order":0,"comment_status":"closed","ping_status":"closed","template":"elementor_header_footer","meta":{"footnotes":""},"class_list":["post-3276","page","type-page","status-publish","hentry"],"_links":{"self":[{"href":"https:\/\/www.susoneyewear.com\/pl\/wp-json\/wp\/v2\/pages\/3276","targetHints":{"allow":["GET"]}}],"collection":[{"href":"https:\/\/www.susoneyewear.com\/pl\/wp-json\/wp\/v2\/pages"}],"about":[{"href":"https:\/\/www.susoneyewear.com\/pl\/wp-json\/wp\/v2\/types\/page"}],"author":[{"embeddable":true,"href":"https:\/\/www.susoneyewear.com\/pl\/wp-json\/wp\/v2\/users\/1"}],"replies":[{"embeddable":true,"href":"https:\/\/www.susoneyewear.com\/pl\/wp-json\/wp\/v2\/comments?post=3276"}],"version-history":[{"count":43,"href":"https:\/\/www.susoneyewear.com\/pl\/wp-json\/wp\/v2\/pages\/3276\/revisions"}],"predecessor-version":[{"id":3372,"href":"https:\/\/www.susoneyewear.com\/pl\/wp-json\/wp\/v2\/pages\/3276\/revisions\/3372"}],"wp:attachment":[{"href":"https:\/\/www.susoneyewear.com\/pl\/wp-json\/wp\/v2\/media?parent=3276"}],"curies":[{"name":"wp","href":"https:\/\/api.w.org\/{rel}","templated":true}]}}