{"id":5387,"date":"2026-01-29T14:16:46","date_gmt":"2026-01-29T06:16:46","guid":{"rendered":"https:\/\/www.susoneyewear.com\/?post_type=product&#038;p=5387"},"modified":"2026-02-02T11:39:56","modified_gmt":"2026-02-02T03:39:56","slug":"unisex-acetate-sunglasses-model-2044","status":"publish","type":"product","link":"https:\/\/www.susoneyewear.com\/fr\/unisex-acetate-sunglasses-model-2044\/","title":{"rendered":"Lunettes de soleil unisexe Mod\u00e8le 2044"},"content":{"rendered":"<h2><span style=\"font-family: georgia, palatino, serif;\">Points saillants du produit:<\/span><\/h2>\n<ul>\n<li><span style=\"font-family: arial, helvetica, sans-serif;\"><strong><b> Cadre d'ac\u00e9tate respectueux de l'environnement\u00a0<\/b><\/strong><\/span><\/li>\n<li><span style=\"font-family: arial, helvetica, sans-serif;\">Une grande vari\u00e9t\u00e9 de styles <strong><b>couleurs des cadres et des lentilles <\/b><\/strong>sont disponibles.<\/span><\/li>\n<li><span style=\"font-family: arial, helvetica, sans-serif;\">Haute d\u00e9finition <strong><b>Lentilles polaris\u00e9es en nylon <\/b><\/strong>Prot\u00e9gez vos yeux \u00e0 l'ext\u00e9rieur.<\/span><\/li>\n<li><span style=\"font-family: arial, helvetica, sans-serif;\"><strong><b> Images haute r\u00e9solution<\/b><\/strong> sont disponibles pour le marketing<strong><b>.<\/b><\/strong><\/span><\/li>\n<li><span style=\"font-family: arial, helvetica, sans-serif;\"><strong><b> Petit lot <\/b><\/strong>services de prototypage et de personnalisation sont disponibles sur demande<strong><b>.<\/b><\/strong><\/span><\/li>\n<\/ul>\n<h2><\/h2>\n<h2>Taille standard<\/h2>\n<p><img fetchpriority=\"high\" decoding=\"async\" class=\"size-full wp-image-5388 alignnone\" src=\"https:\/\/www.susoneyewear.com\/wp-content\/uploads\/2026\/01\/2044-\u5c3a\u5bf82.png\" alt=\"Lunettes de soleil polygonales\" width=\"800\" height=\"800\" srcset=\"https:\/\/www.susoneyewear.com\/wp-content\/uploads\/2026\/01\/2044-\u5c3a\u5bf82.png 800w, https:\/\/www.susoneyewear.com\/wp-content\/uploads\/2026\/01\/2044-\u5c3a\u5bf82-300x300.png 300w, https:\/\/www.susoneyewear.com\/wp-content\/uploads\/2026\/01\/2044-\u5c3a\u5bf82-150x150.png 150w, https:\/\/www.susoneyewear.com\/wp-content\/uploads\/2026\/01\/2044-\u5c3a\u5bf82-768x768.png 768w, https:\/\/www.susoneyewear.com\/wp-content\/uploads\/2026\/01\/2044-\u5c3a\u5bf82-600x600.png 600w, https:\/\/www.susoneyewear.com\/wp-content\/uploads\/2026\/01\/2044-\u5c3a\u5bf82-100x100.png 100w, https:\/\/www.susoneyewear.com\/wp-content\/uploads\/2026\/01\/2044-\u5c3a\u5bf82-50x50.png 50w\" sizes=\"(max-width: 800px) 100vw, 800px\" \/><\/p>\n<p>&nbsp;<\/p>\n<h2>Mat\u00e9riaux<\/h2>\n<p>Mat\u00e9riel du cadre: Ac\u00e9tate<br \/>\nMat\u00e9riel du temple: Ac\u00e9tate<br \/>\nMat\u00e9riel de la lentille: Lentilles polaris\u00e9es en nylon<br \/>\nType de charni\u00e8re: charni\u00e8re en m\u00e9tal<\/p>\n<h2>Min Commande<\/h2>\n<p>Stock pr\u00eat: 2pcs \/ Mod\u00e8le<br \/>\nPersonnaliser le logo: 20pcs \/ mod\u00e8le<br \/>\nNouvelle conception ou commande de production: 300pcs \/ mod\u00e8le, 1-3 couleurs<\/p>\n<h2>Services<\/h2>\n<p>Contr\u00f4le de qualit\u00e9: 100% QC<br \/>\nLogo: Personnalisez votre marque Le logo<\/p>\n<p><img decoding=\"async\" class=\"alignnone wp-image-5383 size-large\" src=\"https:\/\/www.susoneyewear.com\/wp-content\/uploads\/2026\/01\/OEM-ODM-SERVICE-1-1024x512.jpg\" alt=\"OEM &amp; ODM usine de lunettes\" width=\"800\" height=\"400\" srcset=\"\" sizes=\"(max-width: 800px) 100vw, 800px\" data-srcset=\"\" \/><br \/>\nOEM: Vous concevez, nous fabriquons<\/p>\n<p>ODM: Nous concevons et fabriquons votre marque<\/p>\n<p>Paquet: Standard opp bag &amp; Paquet personnalis\u00e9<\/p>\n<p><img decoding=\"async\" class=\"alignnone wp-image-5385 size-large\" src=\"https:\/\/www.susoneyewear.com\/wp-content\/uploads\/2026\/01\/OEM-ODM-SERVICE-2-1024x1024.jpg\" alt=\"OEM &amp; ODM usine de lunettes\" width=\"800\" height=\"800\" srcset=\"\" sizes=\"(max-width: 800px) 100vw, 800px\" data-srcset=\"\" \/><\/p>\n<p><img loading=\"lazy\" decoding=\"async\" class=\"size-full wp-image-5290 alignnone\" src=\"https:\/\/www.susoneyewear.com\/wp-content\/uploads\/2026\/01\/custom-package.png\" alt=\"Paquet personnalis\u00e9\" width=\"818\" height=\"694\" srcset=\"https:\/\/www.susoneyewear.com\/wp-content\/uploads\/2026\/01\/custom-package.png 818w, https:\/\/www.susoneyewear.com\/wp-content\/uploads\/2026\/01\/custom-package-300x255.png 300w, https:\/\/www.susoneyewear.com\/wp-content\/uploads\/2026\/01\/custom-package-768x652.png 768w, https:\/\/www.susoneyewear.com\/wp-content\/uploads\/2026\/01\/custom-package-600x509.png 600w\" sizes=\"(max-width: 818px) 100vw, 818px\" \/><br \/>\nExp\u00e9dition: Livrez \u00e0 la destination selon le client&#8217; Exigences s<\/p>\n<p><img loading=\"lazy\" decoding=\"async\" class=\"size-full wp-image-5248 alignnone\" src=\"https:\/\/www.susoneyewear.com\/wp-content\/uploads\/2026\/01\/shipping.png\" alt=\"exp\u00e9dition \u00e0 votre destination s\u00e9curit\u00e9\" width=\"904\" height=\"711\" srcset=\"https:\/\/www.susoneyewear.com\/wp-content\/uploads\/2026\/01\/shipping.png 904w, https:\/\/www.susoneyewear.com\/wp-content\/uploads\/2026\/01\/shipping-300x236.png 300w, https:\/\/www.susoneyewear.com\/wp-content\/uploads\/2026\/01\/shipping-768x604.png 768w, https:\/\/www.susoneyewear.com\/wp-content\/uploads\/2026\/01\/shipping-600x472.png 600w\" sizes=\"(max-width: 904px) 100vw, 904px\" \/><\/p>\n<h3><span style=\"font-family: arial, helvetica, sans-serif;\">Force d'usine:<\/span><\/h3>\n<p>1. Nous avons notre propre usine de moules, nous permettant de produire efficacement et rapidement <strong>moules de haute qualit\u00e9<\/strong> des \u00e9chantillons de pr\u00e9-production.<br \/>\n2. Nos lignes de production comprennent<strong> moulage par injection, double moulage par injection, ac\u00e9tate et titane,<\/strong> soutenir la production de lunettes fabriqu\u00e9es \u00e0 partir de diff\u00e9rents mat\u00e9riaux.<br \/>\n3. Nous fournissons des services de conception et de fabrication personnalis\u00e9s pour de nombreuses marques internationales, garantissant <strong>qualit\u00e9 et livraison en temps opportun<\/strong>.<br \/>\n4. Nous avons un syst\u00e8me de gestion de qualit\u00e9 strict et d\u00e9tenons diverses certifications, y compris <strong>CE, FDA, UKCA et BSCI<\/strong>.<br \/>\n5. Que vous soyez un petit ou moyen client ou un grand client exp\u00e9riment\u00e9, nous avons les ressources pour vous fournir <strong>produits et services rentables<\/strong>.<\/p>\n<p>&nbsp;<\/p>\n<p>&nbsp;<\/p>\n<h1><span style=\"color: #333399;\">Contactez-nous pour le nouveau catalogue de produits ou faites votre conception!<\/span><\/h1>\n<p>&nbsp;<\/p>","protected":false},"excerpt":{"rendered":"<p>MOQ: 1-300 pi\u00e8ces, selon votre exigence<\/p>\n<p>Services de personnalisation: logo, emballage, couleur et moules.<\/p>\n<p>D\u00e9lai d'\u00e9chantillon: stock pr\u00eat ajouter logo: Environ 7 jours; production: 35 jours<\/p>\n<p>Mat\u00e9riel: Ac\u00e9tate \/ TR90 \/ M\u00e9tal (r\u00e9glable selon les exigences.)<\/p>\n<p>Certifications: CE \/ FDA \/ UKCA \/ BSCI<\/p>","protected":false},"featured_media":5391,"comment_status":"closed","ping_status":"closed","template":"","meta":[],"product_brand":[],"product_cat":[88,73,72,77,20,55,78,56,100,79,67,66,57,84,58],"product_tag":[],"class_list":{"0":"post-5387","1":"product","2":"type-product","3":"status-publish","4":"has-post-thumbnail","6":"product_cat-acetate-frame","7":"product_cat-adult","8":"product_cat-age","9":"product_cat-elderly","10":"product_cat-frame","11":"product_cat-gender","12":"product_cat-lens","13":"product_cat-men","14":"product_cat-others-shape","15":"product_cat-shape","16":"product_cat-sunglasses","17":"product_cat-types","18":"product_cat-unisex","19":"product_cat-uv400","20":"product_cat-women","22":"first","23":"instock","24":"shipping-taxable","25":"purchasable","26":"product-type-simple"},"_links":{"self":[{"href":"https:\/\/www.susoneyewear.com\/fr\/wp-json\/wp\/v2\/product\/5387","targetHints":{"allow":["GET"]}}],"collection":[{"href":"https:\/\/www.susoneyewear.com\/fr\/wp-json\/wp\/v2\/product"}],"about":[{"href":"https:\/\/www.susoneyewear.com\/fr\/wp-json\/wp\/v2\/types\/product"}],"replies":[{"embeddable":true,"href":"https:\/\/www.susoneyewear.com\/fr\/wp-json\/wp\/v2\/comments?post=5387"}],"wp:featuredmedia":[{"embeddable":true,"href":"https:\/\/www.susoneyewear.com\/fr\/wp-json\/wp\/v2\/media\/5391"}],"wp:attachment":[{"href":"https:\/\/www.susoneyewear.com\/fr\/wp-json\/wp\/v2\/media?parent=5387"}],"wp:term":[{"taxonomy":"product_brand","embeddable":true,"href":"https:\/\/www.susoneyewear.com\/fr\/wp-json\/wp\/v2\/product_brand?post=5387"},{"taxonomy":"product_cat","embeddable":true,"href":"https:\/\/www.susoneyewear.com\/fr\/wp-json\/wp\/v2\/product_cat?post=5387"},{"taxonomy":"product_tag","embeddable":true,"href":"https:\/\/www.susoneyewear.com\/fr\/wp-json\/wp\/v2\/product_tag?post=5387"}],"curies":[{"name":"wp","href":"https:\/\/api.w.org\/{rel}","templated":true}]}}