{"id":5318,"date":"2026-01-22T12:00:41","date_gmt":"2026-01-22T04:00:41","guid":{"rendered":"https:\/\/www.susoneyewear.com\/?post_type=product&#038;p=5318"},"modified":"2026-01-28T09:41:01","modified_gmt":"2026-01-28T01:41:01","slug":"k08-anti-blue-light-kids-glasseskids-customized-optical-frame","status":"publish","type":"product","link":"https:\/\/www.susoneyewear.com\/fr\/k08-anti-blue-light-kids-glasseskids-customized-optical-frame\/","title":{"rendered":"K08 Anti-bleu lumi\u00e8re enfants lunettes, enfants cadre optique personnalis\u00e9"},"content":{"rendered":"<h3><span style=\"font-family: arial, helvetica, sans-serif;\"><strong><b>Points saillants du produit:<\/b><\/strong><\/span><\/h3>\n<ul>\n<li><span style=\"font-family: arial, helvetica, sans-serif;\"><strong><b> Coussinets de nez en silicone rempla\u00e7ables <\/b><\/strong>pour un ajustement l\u00e9ger et confortable qui ne&#8217; t appuyez sur le pont du nez.<\/span><\/li>\n<li><span style=\"font-family: arial, helvetica, sans-serif;\"><strong><b> Moulage par injection bicolore<\/b><\/strong>avec une surface int\u00e9rieure antid\u00e9rapante et douce pour une usure confortable<strong><b>.<\/b><\/strong><\/span><\/li>\n<li><span style=\"font-family: arial, helvetica, sans-serif;\"><strong><b> Objectifs anti-lumi\u00e8re bleue haute d\u00e9finition <\/b><\/strong>prot\u00e9ger vos yeux lorsque vous utilisez des t\u00e9l\u00e9phones mobiles, des tablettes et des t\u00e9l\u00e9viseurs; Des lentilles de prescription peuvent \u00e9galement \u00eatre install\u00e9es.<\/span><\/li>\n<li><span style=\"font-family: arial, helvetica, sans-serif;\"><strong><b> Images haute r\u00e9solution<\/b><\/strong> sont disponibles pour le marketing<strong><b>.<\/b><\/strong><\/span><\/li>\n<li><span style=\"font-family: arial, helvetica, sans-serif;\"><strong><b> Petit lot <\/b><\/strong>services de prototypage et de personnalisation sont disponibles sur demande<strong><b>.<\/b><\/strong><\/span><\/li>\n<\/ul>\n<p>&nbsp;<\/p>\n<h3><span style=\"font-family: arial, helvetica, sans-serif;\"><strong><b>Produit <\/b><\/strong><\/span><span style=\"font-family: arial, helvetica, sans-serif;\">Sp\u00e9cifications :<\/span><\/h3>\n<p><img fetchpriority=\"high\" decoding=\"async\" class=\"alignleft size-full wp-image-5323\" src=\"https:\/\/www.susoneyewear.com\/wp-content\/uploads\/2026\/01\/k8208-\u5c3a\u5bf8\u56fe.png\" alt=\"lunettes anti-bleue pour enfants\" width=\"800\" height=\"800\" srcset=\"https:\/\/www.susoneyewear.com\/wp-content\/uploads\/2026\/01\/k8208-\u5c3a\u5bf8\u56fe.png 800w, https:\/\/www.susoneyewear.com\/wp-content\/uploads\/2026\/01\/k8208-\u5c3a\u5bf8\u56fe-300x300.png 300w, https:\/\/www.susoneyewear.com\/wp-content\/uploads\/2026\/01\/k8208-\u5c3a\u5bf8\u56fe-150x150.png 150w, https:\/\/www.susoneyewear.com\/wp-content\/uploads\/2026\/01\/k8208-\u5c3a\u5bf8\u56fe-768x768.png 768w, https:\/\/www.susoneyewear.com\/wp-content\/uploads\/2026\/01\/k8208-\u5c3a\u5bf8\u56fe-600x600.png 600w, https:\/\/www.susoneyewear.com\/wp-content\/uploads\/2026\/01\/k8208-\u5c3a\u5bf8\u56fe-100x100.png 100w, https:\/\/www.susoneyewear.com\/wp-content\/uploads\/2026\/01\/k8208-\u5c3a\u5bf8\u56fe-50x50.png 50w\" sizes=\"(max-width: 800px) 100vw, 800px\" \/><\/p>\n<table style=\"border-collapse: collapse; width: 59.9117%; height: 233px;\">\n<tbody>\n<tr style=\"height: 17px;\">\n<td style=\"width: 15.6556%; height: 17px;\">Num\u00e9ro de mod\u00e8le:<\/td>\n<td style=\"width: 52.8247%; height: 17px;\">K08<\/td>\n<\/tr>\n<tr style=\"height: 24px;\">\n<td style=\"width: 15.6556%; height: 24px;\">Mat\u00e9riel du cadre:<\/td>\n<td style=\"width: 52.8247%; height: 24px;\">TR90<\/td>\n<\/tr>\n<tr style=\"height: 24px;\">\n<td style=\"width: 15.6556%; height: 24px;\">Mat\u00e9riel du temple:<\/td>\n<td style=\"width: 52.8247%; height: 24px;\">TR90<\/td>\n<\/tr>\n<tr style=\"height: 24px;\">\n<td style=\"width: 15.6556%; height: 24px;\">Mat\u00e9riel de la lentille:<\/td>\n<td style=\"width: 52.8247%; height: 24px;\">2.0 PC<\/td>\n<\/tr>\n<tr style=\"height: 24px;\">\n<td style=\"width: 15.6556%; height: 24px;\">Caract\u00e9ristiques de la lentille:<\/td>\n<td style=\"width: 52.8247%; height: 24px;\">Anti-lumi\u00e8re bleue \/ prot\u00e9ger les yeux<\/td>\n<\/tr>\n<tr style=\"height: 24px;\">\n<td style=\"width: 15.6556%; height: 24px;\">Couleur :<\/td>\n<td style=\"width: 52.8247%; height: 24px;\">Pr\u00eat 4 couleurs ou personnalis\u00e9<\/td>\n<\/tr>\n<tr style=\"height: 24px;\">\n<td style=\"width: 15.6556%; height: 24px;\">Logo :<\/td>\n<td style=\"width: 52.8247%; height: 24px;\">Produits pr\u00eats Pas de logo, support Personnalis\u00e9<\/td>\n<\/tr>\n<tr style=\"height: 24px;\">\n<td style=\"width: 15.6556%; height: 24px;\">Paquet :<\/td>\n<td style=\"width: 52.8247%; height: 24px;\">1pcs \/ polybag commun, support personnalis\u00e9<\/td>\n<\/tr>\n<tr style=\"height: 24px;\">\n<td style=\"width: 15.6556%; height: 24px;\">MOQ :<\/td>\n<td style=\"width: 52.8247%; height: 24px;\">2pcs pour le stock, logo personnalis\u00e9 de stock pr\u00eat: 50pcs; OEM \/ ODM: 500pcs<\/td>\n<\/tr>\n<tr style=\"height: 24px;\">\n<td style=\"width: 15.6556%; height: 24px;\">Certifications<\/td>\n<td style=\"width: 52.8247%; height: 24px;\">CE\/FDA\/UKCA\/ISO9001<\/td>\n<\/tr>\n<\/tbody>\n<\/table>\n<p><strong><b>\u00a0<\/b><\/strong><\/p>\n<h3><span style=\"font-family: arial, helvetica, sans-serif;\">OEM\/ODM &amp; Services personnalis\u00e9s :<\/span><\/h3>\n<p><img decoding=\"async\" class=\"alignnone wp-image-5247\" src=\"https:\/\/www.susoneyewear.com\/wp-content\/uploads\/2026\/01\/1-1024x314.png\" alt=\"lunettes de design personnalis\u00e9es\" width=\"836\" height=\"256\" srcset=\"https:\/\/www.susoneyewear.com\/wp-content\/uploads\/2026\/01\/1-1024x314.png 1024w, https:\/\/www.susoneyewear.com\/wp-content\/uploads\/2026\/01\/1-300x92.png 300w, https:\/\/www.susoneyewear.com\/wp-content\/uploads\/2026\/01\/1-768x236.png 768w, https:\/\/www.susoneyewear.com\/wp-content\/uploads\/2026\/01\/1-1536x471.png 1536w, https:\/\/www.susoneyewear.com\/wp-content\/uploads\/2026\/01\/1-600x184.png 600w, https:\/\/www.susoneyewear.com\/wp-content\/uploads\/2026\/01\/1.png 1575w\" sizes=\"(max-width: 836px) 100vw, 836px\" \/><\/p>\n<p><strong>Contr\u00f4le qualit\u00e9<\/strong>: 100% QC<\/p>\n<p><strong>Logo :<\/strong> Personnalisez votre marque &amp; amp; Logo( envoyez un message pour apprendre comment ajouter votre logo)<\/p>\n<p><strong>Paquet :<\/strong> Personnaliser le paquet en fonction du client&#8217; Exigence s<\/p>\n<p><img decoding=\"async\" class=\"size-full wp-image-5317 alignnone\" src=\"https:\/\/www.susoneyewear.com\/wp-content\/uploads\/2026\/01\/case.jpg\" alt=\"personnaliser le cas de lunettes\" width=\"742\" height=\"743\" srcset=\"https:\/\/www.susoneyewear.com\/wp-content\/uploads\/2026\/01\/case.jpg 742w, https:\/\/www.susoneyewear.com\/wp-content\/uploads\/2026\/01\/case-300x300.jpg 300w, https:\/\/www.susoneyewear.com\/wp-content\/uploads\/2026\/01\/case-150x150.jpg 150w, https:\/\/www.susoneyewear.com\/wp-content\/uploads\/2026\/01\/case-600x601.jpg 600w, https:\/\/www.susoneyewear.com\/wp-content\/uploads\/2026\/01\/case-100x100.jpg 100w, https:\/\/www.susoneyewear.com\/wp-content\/uploads\/2026\/01\/case-50x50.jpg 50w\" sizes=\"(max-width: 742px) 100vw, 742px\" \/><br \/>\n<strong>Exp\u00e9dition : <\/strong>Livrer \u00e0 destination selon le client&#8217; exigences, y compris les options a\u00e9riennes, maritimes et ferroviaires.<\/p>\n<p><img loading=\"lazy\" decoding=\"async\" class=\"wp-image-5248 alignnone\" src=\"https:\/\/www.susoneyewear.com\/wp-content\/uploads\/2026\/01\/shipping.png\" alt=\"exp\u00e9dition \u00e0 votre destination s\u00e9curit\u00e9\" width=\"800\" height=\"629\" srcset=\"https:\/\/www.susoneyewear.com\/wp-content\/uploads\/2026\/01\/shipping.png 904w, https:\/\/www.susoneyewear.com\/wp-content\/uploads\/2026\/01\/shipping-300x236.png 300w, https:\/\/www.susoneyewear.com\/wp-content\/uploads\/2026\/01\/shipping-768x604.png 768w, https:\/\/www.susoneyewear.com\/wp-content\/uploads\/2026\/01\/shipping-600x472.png 600w\" sizes=\"(max-width: 800px) 100vw, 800px\" \/><\/p>\n<h3><span style=\"font-family: arial, helvetica, sans-serif;\">Force d'usine:<\/span><\/h3>\n<p>1. Nous avons notre propre usine de moules, nous permettant de produire efficacement et rapidement <strong>moules de haute qualit\u00e9<\/strong> des \u00e9chantillons de pr\u00e9-production.<br \/>\n2. Nos lignes de production comprennent<strong> moulage par injection, double moulage par injection, ac\u00e9tate et titane,<\/strong> soutenir la production de lunettes fabriqu\u00e9es \u00e0 partir de diff\u00e9rents mat\u00e9riaux.<br \/>\n3. Nous fournissons des services de conception et de fabrication personnalis\u00e9s pour de nombreuses marques internationales, garantissant <strong>qualit\u00e9 et livraison en temps opportun<\/strong>.<br \/>\n4. Nous avons un syst\u00e8me de gestion de qualit\u00e9 strict et d\u00e9tenons diverses certifications, y compris <strong>CE, FDA, UKCA et ISO9001<\/strong>.<br \/>\n5. Que vous soyez un petit ou moyen client ou un grand client exp\u00e9riment\u00e9, nous avons les ressources pour vous fournir <strong>produits et services rentables<\/strong>.<\/p>","protected":false},"excerpt":{"rendered":"<ul>\n<li><span style=\"font-family: arial, helvetica, sans-serif;\">MOQ: Logo personnalis\u00e9 stock pr\u00eat: 50pcs; OEM \/ ODM: 500pcs<\/span><\/li>\n<li><span style=\"font-family: arial, helvetica, sans-serif;\">Les services de personnalisation comprennent la conception du logo, l'emballage, la s\u00e9lection des couleurs et la cr\u00e9ation de moules.<\/span><\/li>\n<li><span style=\"font-family: arial, helvetica, sans-serif;\">D\u00e9lai d'\u00e9chantillon: stock pr\u00eat ajouter logo: Environ 7 jours; Nouvelle production: environ 35days<\/span><\/li>\n<li><span style=\"font-family: arial, helvetica, sans-serif;\">Mat\u00e9riel: Ac\u00e9tate \/ TR90 \/ M\u00e9tal (r\u00e9glable selon les exigences.)<\/span><\/li>\n<li><span style=\"font-family: arial, helvetica, sans-serif;\">Certifications: CE \/ FDA \/ UKCA \/ ISO9001<\/span><\/li>\n<\/ul>","protected":false},"featured_media":5322,"comment_status":"closed","ping_status":"closed","template":"","meta":[],"product_brand":[],"product_cat":[72,86,80,87,20,55,89,74,78,56,70,96,79,66,57,58],"product_tag":[115],"class_list":{"0":"post-5318","1":"product","2":"type-product","3":"status-publish","4":"has-post-thumbnail","6":"product_cat-age","7":"product_cat-anti-blue-light","8":"product_cat-blue-light-blocking","9":"product_cat-demo","10":"product_cat-frame","11":"product_cat-gender","12":"product_cat-injection-frame","13":"product_cat-kids","14":"product_cat-lens","15":"product_cat-men","16":"product_cat-optical-frames","17":"product_cat-round","18":"product_cat-shape","19":"product_cat-types","20":"product_cat-unisex","21":"product_cat-women","22":"product_tag-115","24":"first","25":"instock","26":"shipping-taxable","27":"purchasable","28":"product-type-simple"},"_links":{"self":[{"href":"https:\/\/www.susoneyewear.com\/fr\/wp-json\/wp\/v2\/product\/5318","targetHints":{"allow":["GET"]}}],"collection":[{"href":"https:\/\/www.susoneyewear.com\/fr\/wp-json\/wp\/v2\/product"}],"about":[{"href":"https:\/\/www.susoneyewear.com\/fr\/wp-json\/wp\/v2\/types\/product"}],"replies":[{"embeddable":true,"href":"https:\/\/www.susoneyewear.com\/fr\/wp-json\/wp\/v2\/comments?post=5318"}],"wp:featuredmedia":[{"embeddable":true,"href":"https:\/\/www.susoneyewear.com\/fr\/wp-json\/wp\/v2\/media\/5322"}],"wp:attachment":[{"href":"https:\/\/www.susoneyewear.com\/fr\/wp-json\/wp\/v2\/media?parent=5318"}],"wp:term":[{"taxonomy":"product_brand","embeddable":true,"href":"https:\/\/www.susoneyewear.com\/fr\/wp-json\/wp\/v2\/product_brand?post=5318"},{"taxonomy":"product_cat","embeddable":true,"href":"https:\/\/www.susoneyewear.com\/fr\/wp-json\/wp\/v2\/product_cat?post=5318"},{"taxonomy":"product_tag","embeddable":true,"href":"https:\/\/www.susoneyewear.com\/fr\/wp-json\/wp\/v2\/product_tag?post=5318"}],"curies":[{"name":"wp","href":"https:\/\/api.w.org\/{rel}","templated":true}]}}