{"id":5225,"date":"2026-01-25T13:26:53","date_gmt":"2026-01-25T05:26:53","guid":{"rendered":"https:\/\/www.susoneyewear.com\/?post_type=product&#038;p=5225"},"modified":"2026-01-29T14:35:07","modified_gmt":"2026-01-29T06:35:07","slug":"hot-selling-matched-with-myopia-double-frame-polarized-sports-glassecycling-sports-sun-protection-sunglasses-%e5%a4%8d%e5%88%b6","status":"publish","type":"product","link":"https:\/\/www.susoneyewear.com\/fr\/hot-selling-matched-with-myopia-double-frame-polarized-sports-glassecycling-sports-sun-protection-sunglasses-%e5%a4%8d%e5%88%b6\/","title":{"rendered":"Lunettes de soleil rectangle unisex ac\u00e9tate"},"content":{"rendered":"<p>1. Mat\u00e9riel d'ac\u00e9tate de haute qualit\u00e9: confortable \u00e0 porter, et pas facile \u00e0 d\u00e9former.<\/p>\n<p>Lentilles polaris\u00e9es 2.TAC: r\u00e9duisent efficacement l'\u00e9blouissement et am\u00e9liorent le contraste visuel.<\/p>\n<p>Protection compl\u00e8te UV400: Bloquer 100% des rayons ultraviolets pour prot\u00e9ger la sant\u00e9 des yeux.<\/p>\n<p>3. Quatre options de couleur: r\u00e9pondez aux besoins de style diff\u00e9rents et conviennent \u00e0 la fois aux hommes et aux femmes<\/p>\n<p>5.Service de personnalisation disponible: l'impression du logo est prise en charge, et la coop\u00e9ration OEM \/ ODM est disponible.<\/p>\n<p><img fetchpriority=\"high\" decoding=\"async\" class=\"alignleft wp-image-5227\" src=\"https:\/\/www.susoneyewear.com\/wp-content\/uploads\/2026\/01\/14.jpg\" alt=\"\" width=\"661\" height=\"661\" srcset=\"https:\/\/www.susoneyewear.com\/wp-content\/uploads\/2026\/01\/14.jpg 800w, https:\/\/www.susoneyewear.com\/wp-content\/uploads\/2026\/01\/14-300x300.jpg 300w, https:\/\/www.susoneyewear.com\/wp-content\/uploads\/2026\/01\/14-150x150.jpg 150w, https:\/\/www.susoneyewear.com\/wp-content\/uploads\/2026\/01\/14-768x768.jpg 768w, https:\/\/www.susoneyewear.com\/wp-content\/uploads\/2026\/01\/14-600x600.jpg 600w, https:\/\/www.susoneyewear.com\/wp-content\/uploads\/2026\/01\/14-100x100.jpg 100w, https:\/\/www.susoneyewear.com\/wp-content\/uploads\/2026\/01\/14-50x50.jpg 50w\" sizes=\"(max-width: 661px) 100vw, 661px\" \/><\/p>\n<p>&nbsp;<\/p>\n<table style=\"width: 64.0346%; height: 240px;\">\n<tbody>\n<tr style=\"height: 24px;\">\n<td style=\"width: 49.5392%; height: 24px;\" width=\"426\">Produit :<\/td>\n<td style=\"width: 49.5392%; height: 24px;\" width=\"426\">Lunettes de soleil ac\u00e9tate<\/td>\n<\/tr>\n<tr style=\"height: 24px;\">\n<td style=\"width: 49.5392%; height: 24px;\" width=\"426\">Mat\u00e9riel du cadre:<\/td>\n<td style=\"width: 49.5392%; height: 24px;\" width=\"426\">ac\u00e9tate<\/td>\n<\/tr>\n<tr style=\"height: 24px;\">\n<td style=\"width: 49.5392%; height: 24px;\" width=\"426\">Mat\u00e9riel du temple:<\/td>\n<td style=\"width: 49.5392%; height: 24px;\" width=\"426\">ac\u00e9tate<\/td>\n<\/tr>\n<tr style=\"height: 24px;\">\n<td style=\"width: 49.5392%; height: 24px;\" width=\"426\">Mat\u00e9riel de la lentille:<\/td>\n<td style=\"width: 49.5392%; height: 24px;\" width=\"426\">TAC polaris\u00e9<\/td>\n<\/tr>\n<tr style=\"height: 24px;\">\n<td style=\"width: 49.5392%; height: 24px;\" width=\"426\">Largeur du cadre:<\/td>\n<td style=\"width: 49.5392%; height: 24px;\" width=\"426\">53 mm<\/td>\n<\/tr>\n<tr style=\"height: 24px;\">\n<td style=\"width: 49.5392%; height: 24px;\" width=\"426\">Largeur du pont:<\/td>\n<td style=\"width: 49.5392%; height: 24px;\" width=\"426\">21 mm<\/td>\n<\/tr>\n<tr style=\"height: 24px;\">\n<td style=\"width: 49.5392%; height: 24px;\" width=\"426\">Longueur du temple:<\/td>\n<td style=\"width: 49.5392%; height: 24px;\" width=\"426\">147mm<\/td>\n<\/tr>\n<tr style=\"height: 24px;\">\n<td style=\"width: 49.5392%; height: 24px;\" width=\"426\">Paquet :<\/td>\n<td style=\"width: 49.5392%; height: 24px;\" width=\"426\">commun 10pcs dans une bo\u00eete, support personnalis\u00e9<\/td>\n<\/tr>\n<tr style=\"height: 24px;\">\n<td style=\"width: 49.5392%; height: 24px;\" width=\"426\">Sexe applicable :<\/td>\n<td style=\"width: 49.5392%; height: 24px;\" width=\"426\">Unisexe<\/td>\n<\/tr>\n<tr style=\"height: 24px;\">\n<td style=\"width: 49.5392%; height: 24px;\" width=\"426\">Options de couleur :<\/td>\n<td style=\"width: 49.5392%; height: 24px;\" width=\"426\">4 couleurs disponibles, personnalisation de soutien<\/td>\n<\/tr>\n<\/tbody>\n<\/table>\n<p>&nbsp;<\/p>\n<p><span style=\"font-size: 18pt;\"><strong>Options de personnalisation<\/strong><\/span><\/p>\n<p>Impression de logo (Quantit\u00e9 de commande minimum: 20 paires)<\/p>\n<p>Personnalisation de l'emballage<\/p>\n<p>Coop\u00e9ration OEM\/ODM (Quantit\u00e9 de commande minimum: 600 paires)<\/p>\n<p>Couleur de l'objectif et personnalisation de la fonction<\/p>\n<p><img decoding=\"async\" class=\"alignnone wp-image-5384\" src=\"https:\/\/www.susoneyewear.com\/wp-content\/uploads\/2026\/01\/OEM-ODM-SERVICE-.jpg\" alt=\"OEM &amp; ODM usine de lunettes\" width=\"800\" height=\"1200\" srcset=\"https:\/\/www.susoneyewear.com\/wp-content\/uploads\/2026\/01\/OEM-ODM-SERVICE-.jpg 1200w, https:\/\/www.susoneyewear.com\/wp-content\/uploads\/2026\/01\/OEM-ODM-SERVICE--200x300.jpg 200w, https:\/\/www.susoneyewear.com\/wp-content\/uploads\/2026\/01\/OEM-ODM-SERVICE--683x1024.jpg 683w, https:\/\/www.susoneyewear.com\/wp-content\/uploads\/2026\/01\/OEM-ODM-SERVICE--768x1152.jpg 768w, https:\/\/www.susoneyewear.com\/wp-content\/uploads\/2026\/01\/OEM-ODM-SERVICE--1024x1536.jpg 1024w, https:\/\/www.susoneyewear.com\/wp-content\/uploads\/2026\/01\/OEM-ODM-SERVICE--600x900.jpg 600w\" sizes=\"(max-width: 800px) 100vw, 800px\" \/><\/p>\n<p><span style=\"font-size: 18pt;\"><strong>Sc\u00e9narios d'application:<\/strong><\/span><\/p>\n<p>La mode et les activit\u00e9s de plein air prot\u00e8gent les yeux.<\/p>\n<p>&nbsp;<\/p>\n<p><span style=\"font-size: 18pt;\"><strong>Questions fr\u00e9quentes :<\/strong><\/span><\/p>\n<p>Q1: Cette paire de lunettes convient-elle aux personnes qui ont besoin de correction de la myopie?<\/p>\n<p>R: Il prend en charge l'appariement avec un cadre int\u00e9rieur. Pour plus de d\u00e9tails, veuillez consulter le service \u00e0 la client\u00e8le pour une solution personnalis\u00e9e.<\/p>\n<p>Q2: Les lentilles sont-elles r\u00e9sistantes aux rayures?<\/p>\n<p>R: Les lentilles TAC ont un certain niveau de r\u00e9sistance aux rayures. Il est recommand\u00e9 de les stocker dans un bo\u00eetier de lunettes.<\/p>\n<p>Q3: La personnalisation de la prescription est-elle disponible?<\/p>\n<p>R: Ce mod\u00e8le est une paire de lunettes polaris\u00e9es sans ordonnance. Si vous avez besoin de lentilles sur ordonnance, veuillez s\u00e9lectionner le service de personnalisation.<\/p>\n<p>&nbsp;<\/p>\n<p><strong><span style=\"font-size: 18pt;\">Exp\u00e9dition :<\/span><\/strong><\/p>\n<p>Livrer \u00e0 destination selon le client&#8217; Exigences s<\/p>\n<p><img decoding=\"async\" class=\"alignleft size-full wp-image-5248\" src=\"https:\/\/www.susoneyewear.com\/wp-content\/uploads\/2026\/01\/shipping.png\" alt=\"exp\u00e9dition \u00e0 votre destination s\u00e9curit\u00e9\" width=\"904\" height=\"711\" srcset=\"https:\/\/www.susoneyewear.com\/wp-content\/uploads\/2026\/01\/shipping.png 904w, https:\/\/www.susoneyewear.com\/wp-content\/uploads\/2026\/01\/shipping-300x236.png 300w, https:\/\/www.susoneyewear.com\/wp-content\/uploads\/2026\/01\/shipping-768x604.png 768w, https:\/\/www.susoneyewear.com\/wp-content\/uploads\/2026\/01\/shipping-600x472.png 600w\" sizes=\"(max-width: 904px) 100vw, 904px\" \/><\/p>","protected":false},"excerpt":{"rendered":"<p>MOQ: 2 pi\u00e8ces; Logo personnalis\u00e9 stock pr\u00eat: 50pcs; OEM \/ ODM: 500pcs<\/p>\n<p>Services de personnalisation: logo, emballage, couleur et moules.<\/p>\n<p>D\u00e9lai d'\u00e9chantillon: stock pr\u00eat ajouter logo: Environ 7 jours; production: 35 jours<\/p>\n<p>Mat\u00e9riel du cadre: Ac\u00e9tate \/ TR90 \/ m\u00e9tal (r\u00e9glable selon les exigences.)<\/p>\n<p>Certifications: CE \/ FDA \/ UKCA \/ ISO9001<\/p>\n<p>Prise en charge de la personnalisation du client<\/p>","protected":false},"featured_media":5231,"comment_status":"closed","ping_status":"closed","template":"","meta":[],"product_brand":[],"product_cat":[88,73,72,77,20,55,78,56,97,79,67,66,57,84,58],"product_tag":[],"class_list":{"0":"post-5225","1":"product","2":"type-product","3":"status-publish","4":"has-post-thumbnail","6":"product_cat-acetate-frame","7":"product_cat-adult","8":"product_cat-age","9":"product_cat-elderly","10":"product_cat-frame","11":"product_cat-gender","12":"product_cat-lens","13":"product_cat-men","14":"product_cat-rectangle","15":"product_cat-shape","16":"product_cat-sunglasses","17":"product_cat-types","18":"product_cat-unisex","19":"product_cat-uv400","20":"product_cat-women","22":"first","23":"instock","24":"shipping-taxable","25":"purchasable","26":"product-type-simple"},"_links":{"self":[{"href":"https:\/\/www.susoneyewear.com\/fr\/wp-json\/wp\/v2\/product\/5225","targetHints":{"allow":["GET"]}}],"collection":[{"href":"https:\/\/www.susoneyewear.com\/fr\/wp-json\/wp\/v2\/product"}],"about":[{"href":"https:\/\/www.susoneyewear.com\/fr\/wp-json\/wp\/v2\/types\/product"}],"replies":[{"embeddable":true,"href":"https:\/\/www.susoneyewear.com\/fr\/wp-json\/wp\/v2\/comments?post=5225"}],"wp:featuredmedia":[{"embeddable":true,"href":"https:\/\/www.susoneyewear.com\/fr\/wp-json\/wp\/v2\/media\/5231"}],"wp:attachment":[{"href":"https:\/\/www.susoneyewear.com\/fr\/wp-json\/wp\/v2\/media?parent=5225"}],"wp:term":[{"taxonomy":"product_brand","embeddable":true,"href":"https:\/\/www.susoneyewear.com\/fr\/wp-json\/wp\/v2\/product_brand?post=5225"},{"taxonomy":"product_cat","embeddable":true,"href":"https:\/\/www.susoneyewear.com\/fr\/wp-json\/wp\/v2\/product_cat?post=5225"},{"taxonomy":"product_tag","embeddable":true,"href":"https:\/\/www.susoneyewear.com\/fr\/wp-json\/wp\/v2\/product_tag?post=5225"}],"curies":[{"name":"wp","href":"https:\/\/api.w.org\/{rel}","templated":true}]}}