{"id":5218,"date":"2026-01-16T13:10:53","date_gmt":"2026-01-16T05:10:53","guid":{"rendered":"https:\/\/www.susoneyewear.com\/?post_type=product&#038;p=5218"},"modified":"2026-01-16T13:45:31","modified_gmt":"2026-01-16T05:45:31","slug":"hd-acetate-sunglasses-with-tac-polarized-anti-uv400-support-customized","status":"publish","type":"product","link":"https:\/\/www.susoneyewear.com\/fr\/hd-acetate-sunglasses-with-tac-polarized-anti-uv400-support-customized\/","title":{"rendered":"Lunettes de soleil d'ac\u00e9tate HD avec support anti UV400 polaris\u00e9 TAC personnalis\u00e9"},"content":{"rendered":"<p><img fetchpriority=\"high\" decoding=\"async\" class=\"alignleft wp-image-5220\" src=\"https:\/\/www.susoneyewear.com\/wp-content\/uploads\/2026\/01\/2.jpg\" alt=\"lunettes de soleil vert olive\" width=\"607\" height=\"607\" srcset=\"https:\/\/www.susoneyewear.com\/wp-content\/uploads\/2026\/01\/2.jpg 800w, https:\/\/www.susoneyewear.com\/wp-content\/uploads\/2026\/01\/2-300x300.jpg 300w, https:\/\/www.susoneyewear.com\/wp-content\/uploads\/2026\/01\/2-150x150.jpg 150w, https:\/\/www.susoneyewear.com\/wp-content\/uploads\/2026\/01\/2-768x768.jpg 768w, https:\/\/www.susoneyewear.com\/wp-content\/uploads\/2026\/01\/2-600x600.jpg 600w, https:\/\/www.susoneyewear.com\/wp-content\/uploads\/2026\/01\/2-100x100.jpg 100w, https:\/\/www.susoneyewear.com\/wp-content\/uploads\/2026\/01\/2-50x50.jpg 50w\" sizes=\"(max-width: 607px) 100vw, 607px\" \/><\/p>\n<h3>Mat\u00e9riaux<\/h3>\n<p>Mat\u00e9riel du cadre: Ac\u00e9tate<br \/>\nMat\u00e9riel du temple: Ac\u00e9tate<br \/>\nMat\u00e9riel de la lentille: TAC polaris\u00e9<br \/>\nType de charni\u00e8re: charni\u00e8re en m\u00e9tal<\/p>\n<h3>Mesures<\/h3>\n<p>Largeur du cadre: 52mm<br \/>\nLargeur du pont: 22mm<br \/>\nLongueur du temple: 147mm<\/p>\n<h3>Min Commande<\/h3>\n<p>10pcs \/ mod\u00e8le<br \/>\n20pcs \/ mod\u00e8le pour imprimer le logo<br \/>\n300pcs\/mod\u00e8le pour commande de production<\/p>\n<h3>Services<\/h3>\n<p>Contr\u00f4le de qualit\u00e9: 100% QC<br \/>\nLogo: Personnalisez votre marque Le logo<br \/>\nOEM: Vous concevez, nous fabriquons<br \/>\nODM: Nous concevons et fabriquons votre marque<br \/>\nPaquet: Standard opp bag &amp; Paquet personnalis\u00e9<br \/>\nExp\u00e9dition: Livrez \u00e0 la destination selon le client&#8217; Exigences s<\/p>\n<p>&nbsp;<\/p>\n<p>&nbsp;<\/p>","protected":false},"excerpt":{"rendered":"<p>Mat\u00e9riel du cadre: Ac\u00e9tate<\/p>\n<p>Mat\u00e9riel du temple: Ac\u00e9tate<\/p>\n<p>Mat\u00e9riel de la lentille: TAC polaris\u00e9<\/p>\n<p>Type de charni\u00e8re: charni\u00e8re en m\u00e9tal<\/p>\n<p>Prise en charge de la personnalisation du client<\/p>","protected":false},"featured_media":5224,"comment_status":"closed","ping_status":"closed","template":"","meta":[],"product_brand":[],"product_cat":[88,73,72,77,55,56,97,79,67,66,57,84,58],"product_tag":[],"class_list":{"0":"post-5218","1":"product","2":"type-product","3":"status-publish","4":"has-post-thumbnail","6":"product_cat-acetate-frame","7":"product_cat-adult","8":"product_cat-age","9":"product_cat-elderly","10":"product_cat-gender","11":"product_cat-men","12":"product_cat-rectangle","13":"product_cat-shape","14":"product_cat-sunglasses","15":"product_cat-types","16":"product_cat-unisex","17":"product_cat-uv400","18":"product_cat-women","20":"first","21":"instock","22":"shipping-taxable","23":"purchasable","24":"product-type-simple"},"_links":{"self":[{"href":"https:\/\/www.susoneyewear.com\/fr\/wp-json\/wp\/v2\/product\/5218","targetHints":{"allow":["GET"]}}],"collection":[{"href":"https:\/\/www.susoneyewear.com\/fr\/wp-json\/wp\/v2\/product"}],"about":[{"href":"https:\/\/www.susoneyewear.com\/fr\/wp-json\/wp\/v2\/types\/product"}],"replies":[{"embeddable":true,"href":"https:\/\/www.susoneyewear.com\/fr\/wp-json\/wp\/v2\/comments?post=5218"}],"wp:featuredmedia":[{"embeddable":true,"href":"https:\/\/www.susoneyewear.com\/fr\/wp-json\/wp\/v2\/media\/5224"}],"wp:attachment":[{"href":"https:\/\/www.susoneyewear.com\/fr\/wp-json\/wp\/v2\/media?parent=5218"}],"wp:term":[{"taxonomy":"product_brand","embeddable":true,"href":"https:\/\/www.susoneyewear.com\/fr\/wp-json\/wp\/v2\/product_brand?post=5218"},{"taxonomy":"product_cat","embeddable":true,"href":"https:\/\/www.susoneyewear.com\/fr\/wp-json\/wp\/v2\/product_cat?post=5218"},{"taxonomy":"product_tag","embeddable":true,"href":"https:\/\/www.susoneyewear.com\/fr\/wp-json\/wp\/v2\/product_tag?post=5218"}],"curies":[{"name":"wp","href":"https:\/\/api.w.org\/{rel}","templated":true}]}}