{"id":5199,"date":"2026-01-15T16:43:53","date_gmt":"2026-01-15T08:43:53","guid":{"rendered":"https:\/\/www.susoneyewear.com\/?post_type=product&#038;p=5199"},"modified":"2026-01-16T11:34:18","modified_gmt":"2026-01-16T03:34:18","slug":"oem-odm-photochromic-acetate-wayfarer-sunglasses","status":"publish","type":"product","link":"https:\/\/www.susoneyewear.com\/fr\/oem-odm-photochromic-acetate-wayfarer-sunglasses\/","title":{"rendered":"OEM ODM photochromique ac\u00e9tate lunettes de soleil Wayfarer"},"content":{"rendered":"<p>&nbsp;<\/p>\n<p><img fetchpriority=\"high\" decoding=\"async\" class=\"alignleft wp-image-5200\" src=\"https:\/\/www.susoneyewear.com\/wp-content\/uploads\/2026\/01\/52613-\u53d8\u8272.jpg\" alt=\"cadre photochromique lunettes de soleil photochromiques\" width=\"570\" height=\"570\" srcset=\"https:\/\/www.susoneyewear.com\/wp-content\/uploads\/2026\/01\/52613-\u53d8\u8272.jpg 800w, https:\/\/www.susoneyewear.com\/wp-content\/uploads\/2026\/01\/52613-\u53d8\u8272-300x300.jpg 300w, https:\/\/www.susoneyewear.com\/wp-content\/uploads\/2026\/01\/52613-\u53d8\u8272-150x150.jpg 150w, https:\/\/www.susoneyewear.com\/wp-content\/uploads\/2026\/01\/52613-\u53d8\u8272-768x768.jpg 768w, https:\/\/www.susoneyewear.com\/wp-content\/uploads\/2026\/01\/52613-\u53d8\u8272-600x600.jpg 600w, https:\/\/www.susoneyewear.com\/wp-content\/uploads\/2026\/01\/52613-\u53d8\u8272-100x100.jpg 100w, https:\/\/www.susoneyewear.com\/wp-content\/uploads\/2026\/01\/52613-\u53d8\u8272-50x50.jpg 50w\" sizes=\"(max-width: 570px) 100vw, 570px\" \/><\/p>\n<p><strong>D\u00e9tails :<\/strong><br \/>\nMat\u00e9riel du cadre: m\u00e9tal &amp; amp; ac\u00e9tate<br \/>\nMat\u00e9riel du temple: m\u00e9tal &amp; amp; ac\u00e9tate<br \/>\nCharni\u00e8re: 3 2 charni\u00e8re m\u00e9tallique<br \/>\nMat\u00e9riel de la lentille: Nylon &amp; amp; Objectif photochromique \/ Objectif d\u00e9mo<br \/>\nCouleur du cadre: clair\/gris\/vert\/rose\/jaune Photochromique<\/p>\n<p><strong>Mesures<\/strong><br \/>\nLargeur du cadre: 45mm<br \/>\nLargeur du pont: 19mm<br \/>\nLongueur du temple: 145mm<\/p>\n<p><strong>Min Commande<\/strong><br \/>\n12pcs \/ mod\u00e8le<br \/>\n20pcs \/ mod\u00e8le pour imprimer le logo<br \/>\n600pcs \/ mod\u00e8le pour OEM ODM commande de production<\/p>\n<p>&nbsp;<\/p>\n<p><strong>Services<\/strong><br \/>\nContr\u00f4le de qualit\u00e9: 100% QC<br \/>\nLogo: Personnalisez votre marque Le logo<br \/>\nOEM: Vous concevez, nous fabriquons<br \/>\nODM: Nous concevons et fabriquons votre marque<br \/>\nExp\u00e9dition: Livrez \u00e0 la destination selon le client&#8217; Exigences s<\/p>","protected":false},"excerpt":{"rendered":"<p>Mat\u00e9riel du cadre: m\u00e9tal &amp; amp; ac\u00e9tate<br \/>\nMat\u00e9riel du temple: m\u00e9tal &amp; amp; ac\u00e9tate<br \/>\nCharni\u00e8re: 3 2 charni\u00e8re m\u00e9tallique<br \/>\nMat\u00e9riel de la lentille: Nylon &amp; amp; Objectif photochromique \/ Objectif d\u00e9mo<br \/>\nCouleur du cadre: clair \/ gris \/ vert \/ rose \/ jaune Photochromique<\/p>","protected":false},"featured_media":3822,"comment_status":"closed","ping_status":"closed","template":"","meta":[],"product_brand":[],"product_cat":[88,73,72,86,77,20,55,89,78,56,85,97,79,67,66,57,84,58],"product_tag":[],"class_list":{"0":"post-5199","1":"product","2":"type-product","3":"status-publish","4":"has-post-thumbnail","6":"product_cat-acetate-frame","7":"product_cat-adult","8":"product_cat-age","9":"product_cat-anti-blue-light","10":"product_cat-elderly","11":"product_cat-frame","12":"product_cat-gender","13":"product_cat-injection-frame","14":"product_cat-lens","15":"product_cat-men","16":"product_cat-photochrimic","17":"product_cat-rectangle","18":"product_cat-shape","19":"product_cat-sunglasses","20":"product_cat-types","21":"product_cat-unisex","22":"product_cat-uv400","23":"product_cat-women","25":"first","26":"instock","27":"shipping-taxable","28":"purchasable","29":"product-type-simple"},"_links":{"self":[{"href":"https:\/\/www.susoneyewear.com\/fr\/wp-json\/wp\/v2\/product\/5199","targetHints":{"allow":["GET"]}}],"collection":[{"href":"https:\/\/www.susoneyewear.com\/fr\/wp-json\/wp\/v2\/product"}],"about":[{"href":"https:\/\/www.susoneyewear.com\/fr\/wp-json\/wp\/v2\/types\/product"}],"replies":[{"embeddable":true,"href":"https:\/\/www.susoneyewear.com\/fr\/wp-json\/wp\/v2\/comments?post=5199"}],"wp:featuredmedia":[{"embeddable":true,"href":"https:\/\/www.susoneyewear.com\/fr\/wp-json\/wp\/v2\/media\/3822"}],"wp:attachment":[{"href":"https:\/\/www.susoneyewear.com\/fr\/wp-json\/wp\/v2\/media?parent=5199"}],"wp:term":[{"taxonomy":"product_brand","embeddable":true,"href":"https:\/\/www.susoneyewear.com\/fr\/wp-json\/wp\/v2\/product_brand?post=5199"},{"taxonomy":"product_cat","embeddable":true,"href":"https:\/\/www.susoneyewear.com\/fr\/wp-json\/wp\/v2\/product_cat?post=5199"},{"taxonomy":"product_tag","embeddable":true,"href":"https:\/\/www.susoneyewear.com\/fr\/wp-json\/wp\/v2\/product_tag?post=5199"}],"curies":[{"name":"wp","href":"https:\/\/api.w.org\/{rel}","templated":true}]}}