{"id":5193,"date":"2026-01-15T15:41:35","date_gmt":"2026-01-15T07:41:35","guid":{"rendered":"https:\/\/www.susoneyewear.com\/?post_type=product&#038;p=5193"},"modified":"2026-01-15T15:48:04","modified_gmt":"2026-01-15T07:48:04","slug":"e02-ai-voice-assistant-800w-camera-smart-translator-glasses","status":"publish","type":"product","link":"https:\/\/www.susoneyewear.com\/fr\/e02-ai-voice-assistant-800w-camera-smart-translator-glasses\/","title":{"rendered":"E02 AI Assistant vocal 800W Cam\u00e9ra Smart Translator Lunettes"},"content":{"rendered":"<table style=\"width: 68.5251%;\">\n<tbody>\n<tr>\n<td style=\"width: 42.0863%;\" width=\"231\">m\u00e9moire<\/td>\n<td style=\"width: 115.471%;\" width=\"312\">32 Go<\/td>\n<\/tr>\n<tr>\n<td style=\"width: 42.0863%;\" width=\"231\">Cam\u00e9ra<\/td>\n<td style=\"width: 115.471%;\" width=\"312\">800W<\/td>\n<\/tr>\n<tr>\n<td style=\"width: 42.0863%;\" width=\"231\">Vid\u00e9o<\/td>\n<td style=\"width: 115.471%;\" width=\"312\">1080P 30 cadres<\/td>\n<\/tr>\n<tr>\n<td style=\"width: 42.0863%;\" width=\"231\">Mic.<\/td>\n<td style=\"width: 115.471%;\" width=\"312\">Double micro en silicium. r\u00e9duction du bruit<\/td>\n<\/tr>\n<tr>\n<td style=\"width: 42.0863%;\" width=\"231\">Boutons<\/td>\n<td style=\"width: 115.471%;\" width=\"312\">2 boutons<\/td>\n<\/tr>\n<tr>\n<td style=\"width: 42.0863%;\" width=\"231\">Boutons tactiles<\/td>\n<td style=\"width: 115.471%;\" width=\"312\">Slide touch sur le temple droit<\/td>\n<\/tr>\n<tr>\n<td style=\"width: 42.0863%;\" width=\"231\">Haut-parleur<\/td>\n<td style=\"width: 115.471%;\" width=\"312\">Duaux haut-parleurs HIFI<\/td>\n<\/tr>\n<tr>\n<td style=\"width: 42.0863%;\" width=\"231\">Capacit\u00e9 de la batterie<\/td>\n<td style=\"width: 115.471%;\" width=\"312\">320mAh, prend en charge rapide 3C<\/td>\n<\/tr>\n<tr>\n<td style=\"width: 42.0863%;\" width=\"231\">Photo\/Vid\u00e9o<\/td>\n<td style=\"width: 115.471%;\" width=\"312\">prise en charge de la transmission Wi-Fi<\/td>\n<\/tr>\n<tr>\n<td style=\"width: 42.0863%;\" width=\"231\">D\u00e9tection d'usure<\/td>\n<td style=\"width: 115.471%;\" width=\"312\">Soutien<\/td>\n<\/tr>\n<tr>\n<td style=\"width: 42.0863%;\" width=\"231\">anti-shake<\/td>\n<td style=\"width: 115.471%;\" width=\"312\">Algorithme anti-shake logiciel<\/td>\n<\/tr>\n<tr>\n<td style=\"width: 42.0863%;\" width=\"231\">Port de charge<\/td>\n<td style=\"width: 115.471%;\" width=\"312\">Charge rapide magn\u00e9tique \u00e0 2 broches<\/td>\n<\/tr>\n<tr>\n<td style=\"width: 42.0863%;\" width=\"231\">\u00a0LED Statut<\/td>\n<td style=\"width: 115.471%;\" width=\"312\">Lumi\u00e8re d'indicateur de cam\u00e9ra<\/td>\n<\/tr>\n<tr>\n<td style=\"width: 42.0863%;\" width=\"231\">Mat\u00e9riel pour cadre de lunettes<\/td>\n<td style=\"width: 115.471%;\" width=\"312\">TR90<\/td>\n<\/tr>\n<tr>\n<td style=\"width: 42.0863%;\" width=\"231\">Mat\u00e9riel de charni\u00e8re du temple<\/td>\n<td style=\"width: 115.471%;\" width=\"312\">Acier inoxydable<\/td>\n<\/tr>\n<tr>\n<td style=\"width: 42.0863%;\" width=\"231\">Courant de charge<\/td>\n<td style=\"width: 115.471%;\" width=\"312\">300mA avec gestion de trajet<\/td>\n<\/tr>\n<tr>\n<td style=\"width: 42.0863%;\" width=\"231\">Temps de charge<\/td>\n<td style=\"width: 115.471%;\" width=\"312\">70 minutes<\/td>\n<\/tr>\n<tr>\n<td style=\"width: 42.0863%;\" width=\"231\">Temps vid\u00e9o maximum<br \/>\n(tour unique)<\/td>\n<td style=\"width: 115.471%;\" width=\"312\">12 minutes<\/td>\n<\/tr>\n<tr>\n<td style=\"width: 42.0863%;\" width=\"231\">Temps d'enregistrement vid\u00e9o continu<\/td>\n<td style=\"width: 115.471%;\" width=\"312\">Jusqu'\u00e0 3 heures<\/td>\n<\/tr>\n<tr>\n<td style=\"width: 42.0863%;\" width=\"231\">Temps d'attente<\/td>\n<td style=\"width: 115.471%;\" width=\"312\">\u00a0Jusqu'\u00e0 120 heures<\/td>\n<\/tr>\n<tr>\n<td style=\"width: 42.0863%;\" width=\"231\">Temps de musique<\/td>\n<td style=\"width: 115.471%;\" width=\"312\">Jusqu'\u00e0 10 heures<\/td>\n<\/tr>\n<tr>\n<td style=\"width: 42.0863%;\" width=\"231\">grand mod\u00e8le de langue) - Overseas Market<\/td>\n<td style=\"width: 115.471%;\" width=\"312\">ChatGPT DeepSeek<\/td>\n<\/tr>\n<tr>\n<td style=\"width: 42.0863%;\" width=\"231\">Poids<\/td>\n<td style=\"width: 115.471%;\" width=\"312\">42g<\/td>\n<\/tr>\n<tr>\n<td style=\"width: 42.0863%;\" width=\"231\">Accessoires<\/td>\n<td style=\"width: 115.471%;\" width=\"312\">Bo\u00eetier pliable, linge de nettoyage, lentilles anti-lumi\u00e8re bleue (1 paire), lentilles noires UV-prot\u00e9g\u00e9es (1 paire), c\u00e2ble de charge, manuel d'utilisation<\/td>\n<\/tr>\n<\/tbody>\n<\/table>\n<p><img fetchpriority=\"high\" decoding=\"async\" class=\"alignleft  wp-image-5194\" src=\"https:\/\/www.susoneyewear.com\/wp-content\/uploads\/2026\/01\/Large-size-version-1.png\" alt=\"\" width=\"927\" height=\"927\" srcset=\"https:\/\/www.susoneyewear.com\/wp-content\/uploads\/2026\/01\/Large-size-version-1.png 800w, https:\/\/www.susoneyewear.com\/wp-content\/uploads\/2026\/01\/Large-size-version-1-300x300.png 300w, https:\/\/www.susoneyewear.com\/wp-content\/uploads\/2026\/01\/Large-size-version-1-150x150.png 150w, https:\/\/www.susoneyewear.com\/wp-content\/uploads\/2026\/01\/Large-size-version-1-768x768.png 768w, https:\/\/www.susoneyewear.com\/wp-content\/uploads\/2026\/01\/Large-size-version-1-600x600.png 600w, https:\/\/www.susoneyewear.com\/wp-content\/uploads\/2026\/01\/Large-size-version-1-100x100.png 100w, https:\/\/www.susoneyewear.com\/wp-content\/uploads\/2026\/01\/Large-size-version-1-50x50.png 50w\" sizes=\"(max-width: 927px) 100vw, 927px\" \/> <img decoding=\"async\" class=\"alignleft  wp-image-5195\" src=\"https:\/\/www.susoneyewear.com\/wp-content\/uploads\/2026\/01\/Standard-version-1.png\" alt=\"\" width=\"929\" height=\"929\" srcset=\"https:\/\/www.susoneyewear.com\/wp-content\/uploads\/2026\/01\/Standard-version-1.png 800w, https:\/\/www.susoneyewear.com\/wp-content\/uploads\/2026\/01\/Standard-version-1-300x300.png 300w, https:\/\/www.susoneyewear.com\/wp-content\/uploads\/2026\/01\/Standard-version-1-150x150.png 150w, https:\/\/www.susoneyewear.com\/wp-content\/uploads\/2026\/01\/Standard-version-1-768x768.png 768w, https:\/\/www.susoneyewear.com\/wp-content\/uploads\/2026\/01\/Standard-version-1-600x600.png 600w, https:\/\/www.susoneyewear.com\/wp-content\/uploads\/2026\/01\/Standard-version-1-100x100.png 100w, https:\/\/www.susoneyewear.com\/wp-content\/uploads\/2026\/01\/Standard-version-1-50x50.png 50w\" sizes=\"(max-width: 929px) 100vw, 929px\" \/><\/p>\n<p><img decoding=\"async\" class=\"alignnone wp-image-4081 size-full\" src=\"https:\/\/www.susoneyewear.com\/wp-content\/uploads\/2025\/10\/smart-glasses-E02-d01.jpg\" alt=\"\" width=\"930\" height=\"1428\" srcset=\"https:\/\/www.susoneyewear.com\/wp-content\/uploads\/2025\/10\/smart-glasses-E02-d01.jpg 930w, https:\/\/www.susoneyewear.com\/wp-content\/uploads\/2025\/10\/smart-glasses-E02-d01-195x300.jpg 195w, https:\/\/www.susoneyewear.com\/wp-content\/uploads\/2025\/10\/smart-glasses-E02-d01-667x1024.jpg 667w, https:\/\/www.susoneyewear.com\/wp-content\/uploads\/2025\/10\/smart-glasses-E02-d01-768x1179.jpg 768w, https:\/\/www.susoneyewear.com\/wp-content\/uploads\/2025\/10\/smart-glasses-E02-d01-600x921.jpg 600w\" sizes=\"(max-width: 930px) 100vw, 930px\" \/><img loading=\"lazy\" decoding=\"async\" class=\"alignnone wp-image-4077 size-full\" src=\"https:\/\/www.susoneyewear.com\/wp-content\/uploads\/2025\/10\/smart-glasses-E02-d02.jpg\" alt=\"\" width=\"930\" height=\"1640\" srcset=\"https:\/\/www.susoneyewear.com\/wp-content\/uploads\/2025\/10\/smart-glasses-E02-d02.jpg 930w, https:\/\/www.susoneyewear.com\/wp-content\/uploads\/2025\/10\/smart-glasses-E02-d02-170x300.jpg 170w, https:\/\/www.susoneyewear.com\/wp-content\/uploads\/2025\/10\/smart-glasses-E02-d02-581x1024.jpg 581w, https:\/\/www.susoneyewear.com\/wp-content\/uploads\/2025\/10\/smart-glasses-E02-d02-768x1354.jpg 768w, https:\/\/www.susoneyewear.com\/wp-content\/uploads\/2025\/10\/smart-glasses-E02-d02-871x1536.jpg 871w, https:\/\/www.susoneyewear.com\/wp-content\/uploads\/2025\/10\/smart-glasses-E02-d02-600x1058.jpg 600w\" sizes=\"(max-width: 930px) 100vw, 930px\" \/> <img loading=\"lazy\" decoding=\"async\" class=\"alignnone wp-image-4078 size-full\" src=\"https:\/\/www.susoneyewear.com\/wp-content\/uploads\/2025\/10\/smart-glasses-E02-d03.jpg\" alt=\"\" width=\"930\" height=\"1201\" srcset=\"https:\/\/www.susoneyewear.com\/wp-content\/uploads\/2025\/10\/smart-glasses-E02-d03.jpg 930w, https:\/\/www.susoneyewear.com\/wp-content\/uploads\/2025\/10\/smart-glasses-E02-d03-232x300.jpg 232w, https:\/\/www.susoneyewear.com\/wp-content\/uploads\/2025\/10\/smart-glasses-E02-d03-793x1024.jpg 793w, https:\/\/www.susoneyewear.com\/wp-content\/uploads\/2025\/10\/smart-glasses-E02-d03-768x992.jpg 768w, https:\/\/www.susoneyewear.com\/wp-content\/uploads\/2025\/10\/smart-glasses-E02-d03-600x775.jpg 600w\" sizes=\"(max-width: 930px) 100vw, 930px\" \/> <img loading=\"lazy\" decoding=\"async\" class=\"alignnone wp-image-4079 size-full\" src=\"https:\/\/www.susoneyewear.com\/wp-content\/uploads\/2025\/10\/smart-glasses-E02-d04.jpg\" alt=\"\" width=\"930\" height=\"1732\" srcset=\"https:\/\/www.susoneyewear.com\/wp-content\/uploads\/2025\/10\/smart-glasses-E02-d04.jpg 930w, https:\/\/www.susoneyewear.com\/wp-content\/uploads\/2025\/10\/smart-glasses-E02-d04-161x300.jpg 161w, https:\/\/www.susoneyewear.com\/wp-content\/uploads\/2025\/10\/smart-glasses-E02-d04-550x1024.jpg 550w, https:\/\/www.susoneyewear.com\/wp-content\/uploads\/2025\/10\/smart-glasses-E02-d04-768x1430.jpg 768w, https:\/\/www.susoneyewear.com\/wp-content\/uploads\/2025\/10\/smart-glasses-E02-d04-825x1536.jpg 825w, https:\/\/www.susoneyewear.com\/wp-content\/uploads\/2025\/10\/smart-glasses-E02-d04-600x1117.jpg 600w\" sizes=\"(max-width: 930px) 100vw, 930px\" \/> <img loading=\"lazy\" decoding=\"async\" class=\"alignnone wp-image-4080 size-full\" src=\"https:\/\/www.susoneyewear.com\/wp-content\/uploads\/2025\/10\/smart-glasses-E02-d05.jpg\" alt=\"\" width=\"930\" height=\"1586\" srcset=\"https:\/\/www.susoneyewear.com\/wp-content\/uploads\/2025\/10\/smart-glasses-E02-d05.jpg 930w, https:\/\/www.susoneyewear.com\/wp-content\/uploads\/2025\/10\/smart-glasses-E02-d05-176x300.jpg 176w, https:\/\/www.susoneyewear.com\/wp-content\/uploads\/2025\/10\/smart-glasses-E02-d05-600x1023.jpg 600w, https:\/\/www.susoneyewear.com\/wp-content\/uploads\/2025\/10\/smart-glasses-E02-d05-768x1310.jpg 768w, https:\/\/www.susoneyewear.com\/wp-content\/uploads\/2025\/10\/smart-glasses-E02-d05-901x1536.jpg 901w\" sizes=\"(max-width: 930px) 100vw, 930px\" \/><\/p>","protected":false},"excerpt":{"rendered":"<p>M\u00e9moire: 32 Go<br \/>\nAppareil photo: 800W<br \/>\nVid\u00e9o: 1080P 30 cadres<\/p>","protected":false},"featured_media":5196,"comment_status":"closed","ping_status":"closed","template":"","meta":[],"product_brand":[],"product_cat":[73,72,87,77,20,55,89,78,56,70,97,79,69,66,57,58],"product_tag":[],"class_list":{"0":"post-5193","1":"product","2":"type-product","3":"status-publish","4":"has-post-thumbnail","6":"product_cat-adult","7":"product_cat-age","8":"product_cat-demo","9":"product_cat-elderly","10":"product_cat-frame","11":"product_cat-gender","12":"product_cat-injection-frame","13":"product_cat-lens","14":"product_cat-men","15":"product_cat-optical-frames","16":"product_cat-rectangle","17":"product_cat-shape","18":"product_cat-smart-glasses","19":"product_cat-types","20":"product_cat-unisex","21":"product_cat-women","23":"first","24":"instock","25":"shipping-taxable","26":"purchasable","27":"product-type-simple"},"_links":{"self":[{"href":"https:\/\/www.susoneyewear.com\/fr\/wp-json\/wp\/v2\/product\/5193","targetHints":{"allow":["GET"]}}],"collection":[{"href":"https:\/\/www.susoneyewear.com\/fr\/wp-json\/wp\/v2\/product"}],"about":[{"href":"https:\/\/www.susoneyewear.com\/fr\/wp-json\/wp\/v2\/types\/product"}],"replies":[{"embeddable":true,"href":"https:\/\/www.susoneyewear.com\/fr\/wp-json\/wp\/v2\/comments?post=5193"}],"wp:featuredmedia":[{"embeddable":true,"href":"https:\/\/www.susoneyewear.com\/fr\/wp-json\/wp\/v2\/media\/5196"}],"wp:attachment":[{"href":"https:\/\/www.susoneyewear.com\/fr\/wp-json\/wp\/v2\/media?parent=5193"}],"wp:term":[{"taxonomy":"product_brand","embeddable":true,"href":"https:\/\/www.susoneyewear.com\/fr\/wp-json\/wp\/v2\/product_brand?post=5193"},{"taxonomy":"product_cat","embeddable":true,"href":"https:\/\/www.susoneyewear.com\/fr\/wp-json\/wp\/v2\/product_cat?post=5193"},{"taxonomy":"product_tag","embeddable":true,"href":"https:\/\/www.susoneyewear.com\/fr\/wp-json\/wp\/v2\/product_tag?post=5193"}],"curies":[{"name":"wp","href":"https:\/\/api.w.org\/{rel}","templated":true}]}}