{"id":4753,"date":"2025-12-05T14:46:15","date_gmt":"2025-12-05T06:46:15","guid":{"rendered":"https:\/\/www.susoneyewear.com\/?post_type=product&#038;p=4753"},"modified":"2026-01-14T15:54:46","modified_gmt":"2026-01-14T07:54:46","slug":"sports-sunglasses","status":"publish","type":"product","link":"https:\/\/www.susoneyewear.com\/fr\/sports-sunglasses\/","title":{"rendered":"Vente chaude assortie de lunettes de sport polaris\u00e9es \u00e0 double cadre de myopie, lunettes de soleil de protection solaire de sport de cyclisme"},"content":{"rendered":"<p>Mat\u00e9riel 1.Ultra-l\u00e9ger TR90: Flexible et durable, confortable \u00e0 porter et pas facile \u00e0 d\u00e9former.<\/p>\n<p>Lentilles polaris\u00e9es 2.TAC: r\u00e9duisent efficacement l'\u00e9blouissement et am\u00e9liorent le contraste visuel.<\/p>\n<p>Protection compl\u00e8te UV400: Bloquer 100% des rayons ultraviolets pour prot\u00e9ger la sant\u00e9 des yeux.<\/p>\n<p>3.Design sportif antid\u00e9rapant: les coussinets de nez et les bras de temple adoptent une structure antid\u00e9rapante, adapt\u00e9e aux sports \u00e0 haute intensit\u00e9.<\/p>\n<p>4.Six options de couleur \u00e9l\u00e9gantes: r\u00e9pondez \u00e0 diff\u00e9rents besoins de style et conviennent aux hommes et aux femmes.<\/p>\n<p>5.Service de personnalisation disponible: l'impression du logo est prise en charge, et la coop\u00e9ration OEM \/ ODM est disponible.<\/p>\n<p><img fetchpriority=\"high\" decoding=\"async\" class=\"size-full wp-image-5135 alignnone\" src=\"https:\/\/www.susoneyewear.com\/wp-content\/uploads\/2025\/12\/17101.jpg\" alt=\"Lunettes de sport pour courir \" width=\"800\" height=\"800\" srcset=\"https:\/\/www.susoneyewear.com\/wp-content\/uploads\/2025\/12\/17101.jpg 800w, https:\/\/www.susoneyewear.com\/wp-content\/uploads\/2025\/12\/17101-300x300.jpg 300w, https:\/\/www.susoneyewear.com\/wp-content\/uploads\/2025\/12\/17101-150x150.jpg 150w, https:\/\/www.susoneyewear.com\/wp-content\/uploads\/2025\/12\/17101-768x768.jpg 768w, https:\/\/www.susoneyewear.com\/wp-content\/uploads\/2025\/12\/17101-600x600.jpg 600w, https:\/\/www.susoneyewear.com\/wp-content\/uploads\/2025\/12\/17101-100x100.jpg 100w, https:\/\/www.susoneyewear.com\/wp-content\/uploads\/2025\/12\/17101-50x50.jpg 50w\" sizes=\"(max-width: 800px) 100vw, 800px\" \/><\/p>\n<p>&nbsp;<\/p>\n<table style=\"width: 64.0346%;\">\n<tbody>\n<tr>\n<td style=\"width: 49.5392%;\" width=\"426\">Produit :<\/td>\n<td style=\"width: 49.5392%;\" width=\"426\">Lunettes de soleil de sport<\/td>\n<\/tr>\n<tr>\n<td style=\"width: 49.5392%;\" width=\"426\">Mat\u00e9riel du cadre:<\/td>\n<td style=\"width: 49.5392%;\" width=\"426\">TR90<\/td>\n<\/tr>\n<tr>\n<td style=\"width: 49.5392%;\" width=\"426\">Mat\u00e9riel du temple:<\/td>\n<td style=\"width: 49.5392%;\" width=\"426\">TR90<\/td>\n<\/tr>\n<tr>\n<td style=\"width: 49.5392%;\" width=\"426\">Mat\u00e9riel de la lentille:<\/td>\n<td style=\"width: 49.5392%;\" width=\"426\">TAC polaris\u00e9<\/td>\n<\/tr>\n<tr>\n<td style=\"width: 49.5392%;\" width=\"426\">Largeur du cadre:<\/td>\n<td style=\"width: 49.5392%;\" width=\"426\">141mm<\/td>\n<\/tr>\n<tr>\n<td style=\"width: 49.5392%;\" width=\"426\">Largeur du pont:<\/td>\n<td style=\"width: 49.5392%;\" width=\"426\">22 mm<\/td>\n<\/tr>\n<tr>\n<td style=\"width: 49.5392%;\" width=\"426\">Longueur du temple:<\/td>\n<td style=\"width: 49.5392%;\" width=\"426\">130 mm<\/td>\n<\/tr>\n<tr>\n<td style=\"width: 49.5392%;\" width=\"426\">Poids des lunettes:<\/td>\n<td style=\"width: 49.5392%;\" width=\"426\">33G<\/td>\n<\/tr>\n<tr>\n<td style=\"width: 49.5392%;\" width=\"426\">Sexe applicable :<\/td>\n<td style=\"width: 49.5392%;\" width=\"426\">Unisexe<\/td>\n<\/tr>\n<tr>\n<td style=\"width: 49.5392%;\" width=\"426\">Options de couleur :<\/td>\n<td style=\"width: 49.5392%;\" width=\"426\">6 couleurs disponibles, personnalisation de soutien<\/td>\n<\/tr>\n<\/tbody>\n<\/table>\n<p>&nbsp;<\/p>\n<p>&nbsp;<\/p>\n<p><span style=\"font-size: 18pt;\"><strong>Sc\u00e9narios d'application:<\/strong><\/span><\/p>\n<p>Les sports de plein air comprennent le v\u00e9lo, la course, l'alpinisme et la p\u00eache, entre autres.<\/p>\n<p><img decoding=\"async\" class=\"wp-image-4756 size-full alignnone\" src=\"https:\/\/www.susoneyewear.com\/wp-content\/uploads\/2025\/12\/img.jpg\" alt=\"Vente chaude assortie avec la myopie double cadre polaris\u00e9 lunettes de sport alpinisme \u00e0 la mode cyclisme sport lunettes de soleil de protection solaire en plein air anti-ultraviolet lunettes de soleil de sport\" width=\"800\" height=\"1091\" srcset=\"https:\/\/www.susoneyewear.com\/wp-content\/uploads\/2025\/12\/img.jpg 800w, https:\/\/www.susoneyewear.com\/wp-content\/uploads\/2025\/12\/img-220x300.jpg 220w, https:\/\/www.susoneyewear.com\/wp-content\/uploads\/2025\/12\/img-751x1024.jpg 751w, https:\/\/www.susoneyewear.com\/wp-content\/uploads\/2025\/12\/img-768x1047.jpg 768w, https:\/\/www.susoneyewear.com\/wp-content\/uploads\/2025\/12\/img-600x818.jpg 600w\" sizes=\"(max-width: 800px) 100vw, 800px\" \/><\/p>\n<p><span style=\"font-size: 18pt;\"><strong>Questions fr\u00e9quentes :<\/strong><\/span><\/p>\n<p>Q1: Cette paire de lunettes convient-elle aux personnes qui ont besoin de correction de la myopie?<\/p>\n<p>R: Il prend en charge l'appariement avec un cadre int\u00e9rieur. Pour plus de d\u00e9tails, veuillez consulter le service \u00e0 la client\u00e8le pour une solution personnalis\u00e9e.<\/p>\n<p>Q2: Les lentilles sont-elles r\u00e9sistantes aux rayures?<\/p>\n<p>R: Les lentilles TAC ont un certain niveau de r\u00e9sistance aux rayures. Il est recommand\u00e9 de les stocker dans un bo\u00eetier de lunettes.<\/p>\n<p>Q3: La personnalisation de la prescription est-elle disponible?<\/p>\n<p>R: Ce mod\u00e8le est une lunette polaris\u00e9e sans ordonnance. Si vous avez besoin de lentilles sur ordonnance, veuillez s\u00e9lectionner le service de personnalisation.<\/p>\n<p>&nbsp;<\/p>\n<p><span style=\"font-size: 18pt;\"><strong>Les forces de l'entreprise<\/strong><\/span><\/p>\n<p>Nous avons plus de 27 ans d'exp\u00e9rience dans la fabrication de lunettes, avec nos propres lignes de production et une \u00e9quipe de conception professionnelle. Nous soutenons \u00e0 la fois la personnalisation de petits lots et la production en masse, offrant un service en guichet unique de la conception \u00e0 la logistique.<\/p>\n<p><span style=\"font-size: 18pt;\"><strong>Options de personnalisation<\/strong><\/span><\/p>\n<p>Impression de logo (Quantit\u00e9 de commande minimum: 20 paires)<\/p>\n<p>Personnalisation de l'emballage<\/p>\n<p>Coop\u00e9ration OEM\/ODM (Quantit\u00e9 de commande minimum: 600 paires)<\/p>\n<p>Couleur de l'objectif et personnalisation de la fonction<\/p>\n<p>&nbsp;<\/p>\n<p><span style=\"font-size: 18pt;\"><strong><u>Min Commande<\/u><\/strong><\/span><\/p>\n<p>10pcs \/ mod\u00e8le<br \/>\n20pcs \/ mod\u00e8le pour imprimer le logo<\/p>\n<p>600pcs\/mod\u00e8le pour commande de production<\/p>\n<p><span style=\"font-size: 18pt;\"><strong><u>Services<\/u><\/strong><\/span><\/p>\n<p>Contr\u00f4le de qualit\u00e9: 100% QC<\/p>\n<p>Logo: Personnalis\u00e9 votre marque &amp; amp; Le logo<br \/>\nOEM: Vous concevez, nous fabriquons<br \/>\nODM: Nous concevons et fabriquons, votre marque<\/p>\n<p>Paquet: Sac de opp standard &amp; Paquet personnalis\u00e9<\/p>\n<p>Exp\u00e9dition: Livrez \u00e0 la destination selon le client&#8217; Exigences s<\/p>","protected":false},"excerpt":{"rendered":"<p>Ces lunettes de soleil de sport polaris\u00e9es TR90 sont sp\u00e9cialement con\u00e7ues pour les amateurs de sports de plein air. Il adopte un cadre TR90 l\u00e9ger et des lentilles polaris\u00e9es TAC, offrant une excellente protection UV et une clart\u00e9 visuelle. Convient \u00e0 divers sc\u00e9narios de plein air tels que le v\u00e9lo, la course, l'alpinisme et la p\u00eache, il est unisex avec six couleurs disponibles, combinant mode et fonctionnalit\u00e9.<\/p>","protected":false},"featured_media":4213,"comment_status":"closed","ping_status":"closed","template":"","meta":[],"product_brand":[],"product_cat":[73,72,77,20,55,89,78,56,79,99,67,66,57,84,58],"product_tag":[],"class_list":{"0":"post-4753","1":"product","2":"type-product","3":"status-publish","4":"has-post-thumbnail","6":"product_cat-adult","7":"product_cat-age","8":"product_cat-elderly","9":"product_cat-frame","10":"product_cat-gender","11":"product_cat-injection-frame","12":"product_cat-lens","13":"product_cat-men","14":"product_cat-shape","15":"product_cat-sports","16":"product_cat-sunglasses","17":"product_cat-types","18":"product_cat-unisex","19":"product_cat-uv400","20":"product_cat-women","22":"first","23":"instock","24":"shipping-taxable","25":"purchasable","26":"product-type-simple"},"_links":{"self":[{"href":"https:\/\/www.susoneyewear.com\/fr\/wp-json\/wp\/v2\/product\/4753","targetHints":{"allow":["GET"]}}],"collection":[{"href":"https:\/\/www.susoneyewear.com\/fr\/wp-json\/wp\/v2\/product"}],"about":[{"href":"https:\/\/www.susoneyewear.com\/fr\/wp-json\/wp\/v2\/types\/product"}],"replies":[{"embeddable":true,"href":"https:\/\/www.susoneyewear.com\/fr\/wp-json\/wp\/v2\/comments?post=4753"}],"wp:featuredmedia":[{"embeddable":true,"href":"https:\/\/www.susoneyewear.com\/fr\/wp-json\/wp\/v2\/media\/4213"}],"wp:attachment":[{"href":"https:\/\/www.susoneyewear.com\/fr\/wp-json\/wp\/v2\/media?parent=4753"}],"wp:term":[{"taxonomy":"product_brand","embeddable":true,"href":"https:\/\/www.susoneyewear.com\/fr\/wp-json\/wp\/v2\/product_brand?post=4753"},{"taxonomy":"product_cat","embeddable":true,"href":"https:\/\/www.susoneyewear.com\/fr\/wp-json\/wp\/v2\/product_cat?post=4753"},{"taxonomy":"product_tag","embeddable":true,"href":"https:\/\/www.susoneyewear.com\/fr\/wp-json\/wp\/v2\/product_tag?post=4753"}],"curies":[{"name":"wp","href":"https:\/\/api.w.org\/{rel}","templated":true}]}}