{"id":4188,"date":"2025-10-28T10:42:02","date_gmt":"2025-10-28T02:42:02","guid":{"rendered":"https:\/\/www.susoneyewear.com\/?post_type=product&#038;p=4188"},"modified":"2026-01-14T14:19:26","modified_gmt":"2026-01-14T06:19:26","slug":"unisex-aviator-acetate-sunglasses-with-hd-cr39-uv400-protective-8-colors-lens-size-standard","status":"publish","type":"product","link":"https:\/\/www.susoneyewear.com\/fr\/unisex-aviator-acetate-sunglasses-with-hd-cr39-uv400-protective-8-colors-lens-size-standard\/","title":{"rendered":"Lunettes de soleil unisexe Aviator Acetate avec protection HD CR39 UV400"},"content":{"rendered":"<h3><\/h3>\n<h3><img fetchpriority=\"high\" decoding=\"async\" class=\"wp-image-5118 size-full alignleft\" src=\"https:\/\/www.susoneyewear.com\/wp-content\/uploads\/2025\/10\/RT2034.jpg\" alt=\"lunettes de soleil tortue cadre verre vert\" width=\"800\" height=\"800\" srcset=\"https:\/\/www.susoneyewear.com\/wp-content\/uploads\/2025\/10\/RT2034.jpg 800w, https:\/\/www.susoneyewear.com\/wp-content\/uploads\/2025\/10\/RT2034-300x300.jpg 300w, https:\/\/www.susoneyewear.com\/wp-content\/uploads\/2025\/10\/RT2034-150x150.jpg 150w, https:\/\/www.susoneyewear.com\/wp-content\/uploads\/2025\/10\/RT2034-768x768.jpg 768w, https:\/\/www.susoneyewear.com\/wp-content\/uploads\/2025\/10\/RT2034-600x600.jpg 600w, https:\/\/www.susoneyewear.com\/wp-content\/uploads\/2025\/10\/RT2034-100x100.jpg 100w, https:\/\/www.susoneyewear.com\/wp-content\/uploads\/2025\/10\/RT2034-50x50.jpg 50w\" sizes=\"(max-width: 800px) 100vw, 800px\" \/><\/h3>\n<h3>Mat\u00e9riaux<\/h3>\n<p>Mat\u00e9riel du cadre: Ac\u00e9tate<br \/>\nMat\u00e9riel du temple: Ac\u00e9tate<br \/>\nMat\u00e9riel de la lentille: CR39<br \/>\nType de charni\u00e8re: 2 1 charni\u00e8re m\u00e9tallique<\/p>\n<h3>Mesures<\/h3>\n<p>Largeur du cadre: 55mm<br \/>\nLargeur du pont: 19mm<br \/>\nLongueur du temple: 145mm<\/p>\n<h3>Min Commande<\/h3>\n<p>10pcs \/ mod\u00e8le<br \/>\n20pcs \/ mod\u00e8le pour imprimer le logo<br \/>\n300pcs\/mod\u00e8le pour commande de production<\/p>\n<h3>Services<\/h3>\n<p>Contr\u00f4le de qualit\u00e9: 100% QC<br \/>\nLogo: Personnalisez votre marque et votre logo<br \/>\nOEM: Vous concevez, nous fabriquons<br \/>\nODM: Nous concevons et fabriquons votre marque<br \/>\nPaquet: Standard opp bag &amp; Paquet personnalis\u00e9<br \/>\nExp\u00e9dition: Livrez \u00e0 la destination selon le client&#8217; Exigences s<\/p>\n<p>&nbsp;<\/p>\n<p>&nbsp;<\/p>\n<p>&nbsp;<\/p>\n<p>&nbsp;<\/p>\n<h3><img decoding=\"async\" class=\"alignnone wp-image-4199 size-full\" src=\"https:\/\/www.susoneyewear.com\/wp-content\/uploads\/2025\/10\/Sunglasses-10Sunglasses-acetateRT2034-detail.png\" alt=\"\" width=\"800\" height=\"428\" srcset=\"https:\/\/www.susoneyewear.com\/wp-content\/uploads\/2025\/10\/Sunglasses-10Sunglasses-acetateRT2034-detail.png 800w, https:\/\/www.susoneyewear.com\/wp-content\/uploads\/2025\/10\/Sunglasses-10Sunglasses-acetateRT2034-detail-300x161.png 300w, https:\/\/www.susoneyewear.com\/wp-content\/uploads\/2025\/10\/Sunglasses-10Sunglasses-acetateRT2034-detail-768x411.png 768w, https:\/\/www.susoneyewear.com\/wp-content\/uploads\/2025\/10\/Sunglasses-10Sunglasses-acetateRT2034-detail-600x321.png 600w\" sizes=\"(max-width: 800px) 100vw, 800px\" \/><\/h3>","protected":false},"excerpt":{"rendered":"<p>Mat\u00e9riel du cadre: Ac\u00e9tate<br \/>\nMat\u00e9riel du temple: Ac\u00e9tate<br \/>\nMat\u00e9riel de la lentille: CR39<br \/>\nType de charni\u00e8re: 2 1 charni\u00e8re m\u00e9tallique<\/p>","protected":false},"featured_media":4195,"comment_status":"closed","ping_status":"closed","template":"","meta":[],"product_brand":[],"product_cat":[88,73,72,94,77,20,55,78,56,79,67,66,57,84,58],"product_tag":[],"class_list":{"0":"post-4188","1":"product","2":"type-product","3":"status-publish","4":"has-post-thumbnail","6":"product_cat-acetate-frame","7":"product_cat-adult","8":"product_cat-age","9":"product_cat-aviator","10":"product_cat-elderly","11":"product_cat-frame","12":"product_cat-gender","13":"product_cat-lens","14":"product_cat-men","15":"product_cat-shape","16":"product_cat-sunglasses","17":"product_cat-types","18":"product_cat-unisex","19":"product_cat-uv400","20":"product_cat-women","22":"first","23":"instock","24":"shipping-taxable","25":"purchasable","26":"product-type-simple"},"_links":{"self":[{"href":"https:\/\/www.susoneyewear.com\/fr\/wp-json\/wp\/v2\/product\/4188","targetHints":{"allow":["GET"]}}],"collection":[{"href":"https:\/\/www.susoneyewear.com\/fr\/wp-json\/wp\/v2\/product"}],"about":[{"href":"https:\/\/www.susoneyewear.com\/fr\/wp-json\/wp\/v2\/types\/product"}],"replies":[{"embeddable":true,"href":"https:\/\/www.susoneyewear.com\/fr\/wp-json\/wp\/v2\/comments?post=4188"}],"wp:featuredmedia":[{"embeddable":true,"href":"https:\/\/www.susoneyewear.com\/fr\/wp-json\/wp\/v2\/media\/4195"}],"wp:attachment":[{"href":"https:\/\/www.susoneyewear.com\/fr\/wp-json\/wp\/v2\/media?parent=4188"}],"wp:term":[{"taxonomy":"product_brand","embeddable":true,"href":"https:\/\/www.susoneyewear.com\/fr\/wp-json\/wp\/v2\/product_brand?post=4188"},{"taxonomy":"product_cat","embeddable":true,"href":"https:\/\/www.susoneyewear.com\/fr\/wp-json\/wp\/v2\/product_cat?post=4188"},{"taxonomy":"product_tag","embeddable":true,"href":"https:\/\/www.susoneyewear.com\/fr\/wp-json\/wp\/v2\/product_tag?post=4188"}],"curies":[{"name":"wp","href":"https:\/\/api.w.org\/{rel}","templated":true}]}}