{"id":4176,"date":"2025-12-28T10:25:36","date_gmt":"2025-12-28T02:25:36","guid":{"rendered":"https:\/\/www.susoneyewear.com\/?post_type=product&#038;p=4176"},"modified":"2026-01-14T14:48:48","modified_gmt":"2026-01-14T06:48:48","slug":"cat-eye-acetate-sunglasses-with-tac-polarized-anti-uv400-lens-fashion-trendy-eyewear-for-women","status":"publish","type":"product","link":"https:\/\/www.susoneyewear.com\/fr\/cat-eye-acetate-sunglasses-with-tac-polarized-anti-uv400-lens-fashion-trendy-eyewear-for-women\/","title":{"rendered":"Cat-Eye ac\u00e9tate lunettes de soleil avec TAC polaris\u00e9 anti UV400 lentille mode lunettes tendance pour les femmes"},"content":{"rendered":"<h3><img fetchpriority=\"high\" decoding=\"async\" class=\"wp-image-5122 size-full alignleft\" src=\"https:\/\/www.susoneyewear.com\/wp-content\/uploads\/2025\/12\/23SA021.jpg\" alt=\"lunettes de soleil rose pour femmes\" width=\"800\" height=\"800\" srcset=\"https:\/\/www.susoneyewear.com\/wp-content\/uploads\/2025\/12\/23SA021.jpg 800w, https:\/\/www.susoneyewear.com\/wp-content\/uploads\/2025\/12\/23SA021-300x300.jpg 300w, https:\/\/www.susoneyewear.com\/wp-content\/uploads\/2025\/12\/23SA021-150x150.jpg 150w, https:\/\/www.susoneyewear.com\/wp-content\/uploads\/2025\/12\/23SA021-768x768.jpg 768w, https:\/\/www.susoneyewear.com\/wp-content\/uploads\/2025\/12\/23SA021-600x600.jpg 600w, https:\/\/www.susoneyewear.com\/wp-content\/uploads\/2025\/12\/23SA021-100x100.jpg 100w, https:\/\/www.susoneyewear.com\/wp-content\/uploads\/2025\/12\/23SA021-50x50.jpg 50w\" sizes=\"(max-width: 800px) 100vw, 800px\" \/><\/h3>\n<h3>Mat\u00e9riaux<\/h3>\n<p>Mat\u00e9riel du cadre: Ac\u00e9tate<br \/>\nMat\u00e9riel du temple: Ac\u00e9tate<br \/>\nMat\u00e9riel de la lentille: TAC polaris\u00e9<br \/>\nType de charni\u00e8re: charni\u00e8re en m\u00e9tal<\/p>\n<h3>Mesures<\/h3>\n<p>Largeur du cadre: 54mm<br \/>\nLargeur du pont: 19mm<br \/>\nLongueur du temple: 145mm<\/p>\n<h3>Min Commande<\/h3>\n<p>10pcs \/ mod\u00e8le<br \/>\n20pcs \/ mod\u00e8le pour imprimer le logo<br \/>\n300pcs\/mod\u00e8le pour commande de production<\/p>\n<h3>Services<\/h3>\n<p>Contr\u00f4le de qualit\u00e9: 100% QC<br \/>\nLogo: Personnalis\u00e9 votre marque &amp; amp; Le logo<br \/>\nOEM: Vous concevez, nous fabriquons<br \/>\nODM: Nous concevons et fabriquons, votre marque<br \/>\nPaquet: Sac de opp standard &amp; Paquet personnalis\u00e9<br \/>\nExp\u00e9dition: Livrez \u00e0 la destination selon le client&#8217; Exigences s<\/p>\n<p><img decoding=\"async\" class=\"alignnone wp-image-4185 size-full\" src=\"https:\/\/www.susoneyewear.com\/wp-content\/uploads\/2025\/10\/Sunglasses-acetate23SA021-detail.png\" alt=\"\" width=\"800\" height=\"570\" srcset=\"https:\/\/www.susoneyewear.com\/wp-content\/uploads\/2025\/10\/Sunglasses-acetate23SA021-detail.png 800w, https:\/\/www.susoneyewear.com\/wp-content\/uploads\/2025\/10\/Sunglasses-acetate23SA021-detail-300x214.png 300w, https:\/\/www.susoneyewear.com\/wp-content\/uploads\/2025\/10\/Sunglasses-acetate23SA021-detail-768x547.png 768w, https:\/\/www.susoneyewear.com\/wp-content\/uploads\/2025\/10\/Sunglasses-acetate23SA021-detail-600x428.png 600w\" sizes=\"(max-width: 800px) 100vw, 800px\" \/><\/p>\n<p><img decoding=\"async\" class=\"alignnone wp-image-4186 size-full\" src=\"https:\/\/www.susoneyewear.com\/wp-content\/uploads\/2025\/10\/Sunglasses-acetate23SA021-display-scaled.jpg\" alt=\"\" width=\"805\" height=\"2560\" srcset=\"https:\/\/www.susoneyewear.com\/wp-content\/uploads\/2025\/10\/Sunglasses-acetate23SA021-display-scaled.jpg 805w, https:\/\/www.susoneyewear.com\/wp-content\/uploads\/2025\/10\/Sunglasses-acetate23SA021-display-94x300.jpg 94w, https:\/\/www.susoneyewear.com\/wp-content\/uploads\/2025\/10\/Sunglasses-acetate23SA021-display-322x1024.jpg 322w, https:\/\/www.susoneyewear.com\/wp-content\/uploads\/2025\/10\/Sunglasses-acetate23SA021-display-768x2441.jpg 768w, https:\/\/www.susoneyewear.com\/wp-content\/uploads\/2025\/10\/Sunglasses-acetate23SA021-display-483x1536.jpg 483w, https:\/\/www.susoneyewear.com\/wp-content\/uploads\/2025\/10\/Sunglasses-acetate23SA021-display-644x2048.jpg 644w, https:\/\/www.susoneyewear.com\/wp-content\/uploads\/2025\/10\/Sunglasses-acetate23SA021-display-600x1907.jpg 600w\" sizes=\"(max-width: 805px) 100vw, 805px\" \/><\/p>","protected":false},"excerpt":{"rendered":"<p>Mat\u00e9riel du cadre: Ac\u00e9tate<br \/>\nMat\u00e9riel du temple: Ac\u00e9tate<br \/>\nMat\u00e9riel de la lentille: TAC polaris\u00e9<br \/>\nType de charni\u00e8re: charni\u00e8re en m\u00e9tal<\/p>","protected":false},"featured_media":4180,"comment_status":"closed","ping_status":"closed","template":"","meta":[],"product_brand":[],"product_cat":[88,73,72,95,77,55,79,67,66,84,58],"product_tag":[],"class_list":{"0":"post-4176","1":"product","2":"type-product","3":"status-publish","4":"has-post-thumbnail","6":"product_cat-acetate-frame","7":"product_cat-adult","8":"product_cat-age","9":"product_cat-cat-eye","10":"product_cat-elderly","11":"product_cat-gender","12":"product_cat-shape","13":"product_cat-sunglasses","14":"product_cat-types","15":"product_cat-uv400","16":"product_cat-women","18":"first","19":"instock","20":"shipping-taxable","21":"purchasable","22":"product-type-simple"},"_links":{"self":[{"href":"https:\/\/www.susoneyewear.com\/fr\/wp-json\/wp\/v2\/product\/4176","targetHints":{"allow":["GET"]}}],"collection":[{"href":"https:\/\/www.susoneyewear.com\/fr\/wp-json\/wp\/v2\/product"}],"about":[{"href":"https:\/\/www.susoneyewear.com\/fr\/wp-json\/wp\/v2\/types\/product"}],"replies":[{"embeddable":true,"href":"https:\/\/www.susoneyewear.com\/fr\/wp-json\/wp\/v2\/comments?post=4176"}],"wp:featuredmedia":[{"embeddable":true,"href":"https:\/\/www.susoneyewear.com\/fr\/wp-json\/wp\/v2\/media\/4180"}],"wp:attachment":[{"href":"https:\/\/www.susoneyewear.com\/fr\/wp-json\/wp\/v2\/media?parent=4176"}],"wp:term":[{"taxonomy":"product_brand","embeddable":true,"href":"https:\/\/www.susoneyewear.com\/fr\/wp-json\/wp\/v2\/product_brand?post=4176"},{"taxonomy":"product_cat","embeddable":true,"href":"https:\/\/www.susoneyewear.com\/fr\/wp-json\/wp\/v2\/product_cat?post=4176"},{"taxonomy":"product_tag","embeddable":true,"href":"https:\/\/www.susoneyewear.com\/fr\/wp-json\/wp\/v2\/product_tag?post=4176"}],"curies":[{"name":"wp","href":"https:\/\/api.w.org\/{rel}","templated":true}]}}