{"id":4168,"date":"2025-10-28T10:17:52","date_gmt":"2025-10-28T02:17:52","guid":{"rendered":"https:\/\/www.susoneyewear.com\/?post_type=product&#038;p=4168"},"modified":"2026-01-14T14:43:24","modified_gmt":"2026-01-14T06:43:24","slug":"square-acetate-sunglasses-with-hd-cr39-uv400-protective-lens","status":"publish","type":"product","link":"https:\/\/www.susoneyewear.com\/fr\/square-acetate-sunglasses-with-hd-cr39-uv400-protective-lens\/","title":{"rendered":"Lunettes de soleil \u00e0 ac\u00e9tate carr\u00e9 avec lentille protectrice HD CR39 UV400"},"content":{"rendered":"<h3><img fetchpriority=\"high\" decoding=\"async\" class=\"wp-image-5120 size-full alignleft\" src=\"https:\/\/www.susoneyewear.com\/wp-content\/uploads\/2025\/10\/22SA010.jpg\" alt=\"22SA010 lunettes d&#039;ac\u00e9tate de tortue\" width=\"800\" height=\"800\" srcset=\"https:\/\/www.susoneyewear.com\/wp-content\/uploads\/2025\/10\/22SA010.jpg 800w, https:\/\/www.susoneyewear.com\/wp-content\/uploads\/2025\/10\/22SA010-300x300.jpg 300w, https:\/\/www.susoneyewear.com\/wp-content\/uploads\/2025\/10\/22SA010-150x150.jpg 150w, https:\/\/www.susoneyewear.com\/wp-content\/uploads\/2025\/10\/22SA010-768x768.jpg 768w, https:\/\/www.susoneyewear.com\/wp-content\/uploads\/2025\/10\/22SA010-600x600.jpg 600w, https:\/\/www.susoneyewear.com\/wp-content\/uploads\/2025\/10\/22SA010-100x100.jpg 100w, https:\/\/www.susoneyewear.com\/wp-content\/uploads\/2025\/10\/22SA010-50x50.jpg 50w\" sizes=\"(max-width: 800px) 100vw, 800px\" \/><\/h3>\n<h3>Mat\u00e9riaux<\/h3>\n<p>Mat\u00e9riel du cadre: Ac\u00e9tate<br \/>\nMat\u00e9riel du temple: Ac\u00e9tate<br \/>\nMat\u00e9riel de la lentille: CR39<br \/>\nType de charni\u00e8re: Charni\u00e8re de ressort<\/p>\n<h3>Mesures<\/h3>\n<p>Largeur du cadre: 53mm<br \/>\nLargeur du pont: 20mm<br \/>\nLongueur du temple: 142mm<\/p>\n<h3>Min Commande<\/h3>\n<p>10pcs \/ mod\u00e8le<br \/>\n20pcs \/ mod\u00e8le pour imprimer le logo<br \/>\n300pcs\/mod\u00e8le pour commande de production<\/p>\n<h3>Services<\/h3>\n<p>Contr\u00f4le de qualit\u00e9: 100% QC<br \/>\nLogo: Personnalisez votre marque Le logo<br \/>\nOEM: Vous concevez, nous fabriquons<br \/>\nODM: Nous concevons et fabriquons votre marque<br \/>\nPaquet: Sac de opp standard &amp; Paquet personnalis\u00e9<br \/>\nExp\u00e9dition: Livrez \u00e0 la destination selon le client&#8217; Exigences s<\/p>\n<h3>D\u00e9tail<\/h3>\n<p><img decoding=\"async\" class=\"alignnone wp-image-4173 size-full\" src=\"https:\/\/www.susoneyewear.com\/wp-content\/uploads\/2025\/10\/Sunglasses-acetate22SA010-detail.jpg\" alt=\"\" width=\"1084\" height=\"516\" srcset=\"https:\/\/www.susoneyewear.com\/wp-content\/uploads\/2025\/10\/Sunglasses-acetate22SA010-detail.jpg 1084w, https:\/\/www.susoneyewear.com\/wp-content\/uploads\/2025\/10\/Sunglasses-acetate22SA010-detail-300x143.jpg 300w, https:\/\/www.susoneyewear.com\/wp-content\/uploads\/2025\/10\/Sunglasses-acetate22SA010-detail-1024x487.jpg 1024w, https:\/\/www.susoneyewear.com\/wp-content\/uploads\/2025\/10\/Sunglasses-acetate22SA010-detail-768x366.jpg 768w, https:\/\/www.susoneyewear.com\/wp-content\/uploads\/2025\/10\/Sunglasses-acetate22SA010-detail-600x286.jpg 600w\" sizes=\"(max-width: 1084px) 100vw, 1084px\" \/><img decoding=\"async\" class=\"alignnone wp-image-4175 size-full\" src=\"https:\/\/www.susoneyewear.com\/wp-content\/uploads\/2025\/10\/Sunglasses-acetate22SA010-diaplay-scaled.jpg\" alt=\"\" width=\"740\" height=\"2560\" srcset=\"https:\/\/www.susoneyewear.com\/wp-content\/uploads\/2025\/10\/Sunglasses-acetate22SA010-diaplay-scaled.jpg 740w, https:\/\/www.susoneyewear.com\/wp-content\/uploads\/2025\/10\/Sunglasses-acetate22SA010-diaplay-87x300.jpg 87w, https:\/\/www.susoneyewear.com\/wp-content\/uploads\/2025\/10\/Sunglasses-acetate22SA010-diaplay-296x1024.jpg 296w, https:\/\/www.susoneyewear.com\/wp-content\/uploads\/2025\/10\/Sunglasses-acetate22SA010-diaplay-768x2656.jpg 768w, https:\/\/www.susoneyewear.com\/wp-content\/uploads\/2025\/10\/Sunglasses-acetate22SA010-diaplay-444x1536.jpg 444w, https:\/\/www.susoneyewear.com\/wp-content\/uploads\/2025\/10\/Sunglasses-acetate22SA010-diaplay-592x2048.jpg 592w, https:\/\/www.susoneyewear.com\/wp-content\/uploads\/2025\/10\/Sunglasses-acetate22SA010-diaplay-600x2075.jpg 600w\" sizes=\"(max-width: 740px) 100vw, 740px\" \/><\/p>","protected":false},"excerpt":{"rendered":"<p>Mat\u00e9riel du cadre: Ac\u00e9tate<br \/>\nMat\u00e9riel du temple: Ac\u00e9tate<br \/>\nMat\u00e9riel de la lentille: CR39<br \/>\nType de charni\u00e8re: Charni\u00e8re de ressort<\/p>","protected":false},"featured_media":4170,"comment_status":"closed","ping_status":"closed","template":"","meta":[],"product_brand":[],"product_cat":[88,73,72,77,55,56,97,67,66,57,84,58],"product_tag":[],"class_list":{"0":"post-4168","1":"product","2":"type-product","3":"status-publish","4":"has-post-thumbnail","6":"product_cat-acetate-frame","7":"product_cat-adult","8":"product_cat-age","9":"product_cat-elderly","10":"product_cat-gender","11":"product_cat-men","12":"product_cat-rectangle","13":"product_cat-sunglasses","14":"product_cat-types","15":"product_cat-unisex","16":"product_cat-uv400","17":"product_cat-women","19":"first","20":"instock","21":"shipping-taxable","22":"purchasable","23":"product-type-simple"},"_links":{"self":[{"href":"https:\/\/www.susoneyewear.com\/fr\/wp-json\/wp\/v2\/product\/4168","targetHints":{"allow":["GET"]}}],"collection":[{"href":"https:\/\/www.susoneyewear.com\/fr\/wp-json\/wp\/v2\/product"}],"about":[{"href":"https:\/\/www.susoneyewear.com\/fr\/wp-json\/wp\/v2\/types\/product"}],"replies":[{"embeddable":true,"href":"https:\/\/www.susoneyewear.com\/fr\/wp-json\/wp\/v2\/comments?post=4168"}],"wp:featuredmedia":[{"embeddable":true,"href":"https:\/\/www.susoneyewear.com\/fr\/wp-json\/wp\/v2\/media\/4170"}],"wp:attachment":[{"href":"https:\/\/www.susoneyewear.com\/fr\/wp-json\/wp\/v2\/media?parent=4168"}],"wp:term":[{"taxonomy":"product_brand","embeddable":true,"href":"https:\/\/www.susoneyewear.com\/fr\/wp-json\/wp\/v2\/product_brand?post=4168"},{"taxonomy":"product_cat","embeddable":true,"href":"https:\/\/www.susoneyewear.com\/fr\/wp-json\/wp\/v2\/product_cat?post=4168"},{"taxonomy":"product_tag","embeddable":true,"href":"https:\/\/www.susoneyewear.com\/fr\/wp-json\/wp\/v2\/product_tag?post=4168"}],"curies":[{"name":"wp","href":"https:\/\/api.w.org\/{rel}","templated":true}]}}