{"id":4150,"date":"2026-01-25T10:10:11","date_gmt":"2026-01-25T02:10:11","guid":{"rendered":"https:\/\/www.susoneyewear.com\/?post_type=product&#038;p=4150"},"modified":"2026-01-29T14:29:36","modified_gmt":"2026-01-29T06:29:36","slug":"high-quality-small-frame-trendy-fashion-acetate-sunglasses-with-tac-polarized-anti-uv400-lens","status":"publish","type":"product","link":"https:\/\/www.susoneyewear.com\/fr\/high-quality-small-frame-trendy-fashion-acetate-sunglasses-with-tac-polarized-anti-uv400-lens\/","title":{"rendered":"Lunettes de soleil d'ac\u00e9tate de petit cadre avec lentille anti UV400 polaris\u00e9e"},"content":{"rendered":"<h2><span style=\"font-family: georgia, palatino, serif;\">Points saillants du produit:<\/span><\/h2>\n<ul>\n<li><span style=\"font-family: arial, helvetica, sans-serif;\"><strong><b> Cadre d'ac\u00e9tate respectueux de l'environnement\u00a0<\/b><\/strong><\/span><\/li>\n<li><span style=\"font-family: arial, helvetica, sans-serif;\">Une grande vari\u00e9t\u00e9 de styles <strong><b>couleurs des cadres et des lentilles <\/b><\/strong>sont disponibles.<\/span><\/li>\n<li><span style=\"font-family: arial, helvetica, sans-serif;\">Haute d\u00e9finition <strong><b>Lentilles polaris\u00e9es en nylon <\/b><\/strong>Prot\u00e9gez vos yeux \u00e0 l'ext\u00e9rieur.<\/span><\/li>\n<li><span style=\"font-family: arial, helvetica, sans-serif;\"><strong><b> Images haute r\u00e9solution<\/b><\/strong> sont disponibles pour le marketing<strong><b>.<\/b><\/strong><\/span><\/li>\n<li><span style=\"font-family: arial, helvetica, sans-serif;\"><strong><b> Petit lot <\/b><\/strong>services de prototypage et de personnalisation sont disponibles sur demande<strong><b>.<\/b><\/strong><\/span><\/li>\n<\/ul>\n<h2>Taille standard<\/h2>\n<p>&nbsp;<\/p>\n<p><img fetchpriority=\"high\" decoding=\"async\" class=\"wp-image-5127 size-full alignnone\" src=\"https:\/\/www.susoneyewear.com\/wp-content\/uploads\/2025\/12\/24SA079.jpg\" alt=\"Lunettes de soleil rouges pour femmes \" width=\"800\" height=\"800\" srcset=\"https:\/\/www.susoneyewear.com\/wp-content\/uploads\/2025\/12\/24SA079.jpg 800w, https:\/\/www.susoneyewear.com\/wp-content\/uploads\/2025\/12\/24SA079-300x300.jpg 300w, https:\/\/www.susoneyewear.com\/wp-content\/uploads\/2025\/12\/24SA079-150x150.jpg 150w, https:\/\/www.susoneyewear.com\/wp-content\/uploads\/2025\/12\/24SA079-768x768.jpg 768w, https:\/\/www.susoneyewear.com\/wp-content\/uploads\/2025\/12\/24SA079-600x600.jpg 600w, https:\/\/www.susoneyewear.com\/wp-content\/uploads\/2025\/12\/24SA079-100x100.jpg 100w, https:\/\/www.susoneyewear.com\/wp-content\/uploads\/2025\/12\/24SA079-50x50.jpg 50w\" sizes=\"(max-width: 800px) 100vw, 800px\" \/><\/p>\n<h3>Mat\u00e9riaux<\/h3>\n<p>Mat\u00e9riel du cadre: Ac\u00e9tate<br \/>\nMat\u00e9riel du temple: Ac\u00e9tate<br \/>\nMat\u00e9riel de la lentille: TAC polaris\u00e9<br \/>\nType de charni\u00e8re: charni\u00e8re en m\u00e9tal<\/p>\n<h3>Mesures<\/h3>\n<p>Largeur du cadre: 53mm<br \/>\nLargeur du pont: 17mm<br \/>\nLongueur du temple: 140mm<\/p>\n<h3>Min Commande<\/h3>\n<p>10pcs \/ mod\u00e8le<br \/>\n20pcs \/ mod\u00e8le pour imprimer le logo<br \/>\n300pcs\/mod\u00e8le pour commande de production<\/p>\n<h3>Services<\/h3>\n<p>Contr\u00f4le de qualit\u00e9: 100% QC<br \/>\nLogo: Personnalis\u00e9 votre marque &amp; amp; Le logo<br \/>\nOEM: Vous concevez, nous fabriquons<br \/>\nODM: Nous concevons et fabriquons, votre marque<br \/>\nPaquet: Sac de opp standard &amp; Paquet personnalis\u00e9<br \/>\nExp\u00e9dition: Livrez \u00e0 la destination selon le client&#8217; Exigences s<\/p>\n<h3><img decoding=\"async\" class=\"alignnone wp-image-4165 size-full\" style=\"font-size: 16px;\" src=\"https:\/\/www.susoneyewear.com\/wp-content\/uploads\/2025\/10\/Sunglasses-acetate-24SA079-detail.png\" alt=\"\" width=\"800\" height=\"428\" srcset=\"https:\/\/www.susoneyewear.com\/wp-content\/uploads\/2025\/10\/Sunglasses-acetate-24SA079-detail.png 800w, https:\/\/www.susoneyewear.com\/wp-content\/uploads\/2025\/10\/Sunglasses-acetate-24SA079-detail-300x161.png 300w, https:\/\/www.susoneyewear.com\/wp-content\/uploads\/2025\/10\/Sunglasses-acetate-24SA079-detail-768x411.png 768w, https:\/\/www.susoneyewear.com\/wp-content\/uploads\/2025\/10\/Sunglasses-acetate-24SA079-detail-600x321.png 600w\" sizes=\"(max-width: 800px) 100vw, 800px\" \/><\/h3>\n<h2>Services<\/h2>\n<p>Contr\u00f4le de qualit\u00e9: 100% QC<br \/>\nLogo: Personnalisez votre marque Le logo<\/p>\n<p><img decoding=\"async\" class=\"alignnone wp-image-5383 size-large\" src=\"https:\/\/www.susoneyewear.com\/wp-content\/uploads\/2026\/01\/OEM-ODM-SERVICE-1-1024x512.jpg\" alt=\"OEM &amp; ODM usine de lunettes\" width=\"800\" height=\"400\" srcset=\"\" sizes=\"(max-width: 800px) 100vw, 800px\" data-srcset=\"\" \/><br \/>\nOEM: Vous concevez, nous fabriquons<\/p>\n<p>ODM: Nous concevons et fabriquons votre marque<\/p>\n<p>Paquet: Standard opp bag &amp; Paquet personnalis\u00e9<\/p>\n<p><img loading=\"lazy\" decoding=\"async\" class=\"alignnone wp-image-5385 size-large\" src=\"https:\/\/www.susoneyewear.com\/wp-content\/uploads\/2026\/01\/OEM-ODM-SERVICE-2-1024x1024.jpg\" alt=\"OEM &amp; ODM usine de lunettes\" width=\"800\" height=\"800\" srcset=\"\" sizes=\"(max-width: 800px) 100vw, 800px\" data-srcset=\"\" \/><\/p>\n<p><img loading=\"lazy\" decoding=\"async\" class=\"size-full wp-image-5290 alignnone\" src=\"https:\/\/www.susoneyewear.com\/wp-content\/uploads\/2026\/01\/custom-package.png\" alt=\"Paquet personnalis\u00e9\" width=\"818\" height=\"694\" srcset=\"https:\/\/www.susoneyewear.com\/wp-content\/uploads\/2026\/01\/custom-package.png 818w, https:\/\/www.susoneyewear.com\/wp-content\/uploads\/2026\/01\/custom-package-300x255.png 300w, https:\/\/www.susoneyewear.com\/wp-content\/uploads\/2026\/01\/custom-package-768x652.png 768w, https:\/\/www.susoneyewear.com\/wp-content\/uploads\/2026\/01\/custom-package-600x509.png 600w\" sizes=\"(max-width: 818px) 100vw, 818px\" \/><br \/>\nExp\u00e9dition: Livrez \u00e0 la destination selon le client&#8217; Exigences s<\/p>\n<p><img loading=\"lazy\" decoding=\"async\" class=\"size-full wp-image-5248 alignnone\" src=\"https:\/\/www.susoneyewear.com\/wp-content\/uploads\/2026\/01\/shipping.png\" alt=\"exp\u00e9dition \u00e0 votre destination s\u00e9curit\u00e9\" width=\"904\" height=\"711\" srcset=\"https:\/\/www.susoneyewear.com\/wp-content\/uploads\/2026\/01\/shipping.png 904w, https:\/\/www.susoneyewear.com\/wp-content\/uploads\/2026\/01\/shipping-300x236.png 300w, https:\/\/www.susoneyewear.com\/wp-content\/uploads\/2026\/01\/shipping-768x604.png 768w, https:\/\/www.susoneyewear.com\/wp-content\/uploads\/2026\/01\/shipping-600x472.png 600w\" sizes=\"(max-width: 904px) 100vw, 904px\" \/><\/p>\n<h3><span style=\"font-family: arial, helvetica, sans-serif;\">Force d'usine:<\/span><\/h3>\n<p>1. Nous avons notre propre usine de moules, nous permettant de produire efficacement et rapidement <strong>moules de haute qualit\u00e9<\/strong> des \u00e9chantillons de pr\u00e9-production.<br \/>\n2. Nos lignes de production comprennent<strong> moulage par injection, double moulage par injection, ac\u00e9tate et titane,<\/strong> soutenir la production de lunettes fabriqu\u00e9es \u00e0 partir de diff\u00e9rents mat\u00e9riaux.<br \/>\n3. Nous fournissons des services de conception et de fabrication personnalis\u00e9s pour de nombreuses marques internationales, garantissant <strong>qualit\u00e9 et livraison en temps opportun<\/strong>.<br \/>\n4. Nous avons un syst\u00e8me de gestion de qualit\u00e9 strict et d\u00e9tenons diverses certifications, y compris <strong>CE, FDA, UKCA et BSCI<\/strong>.<br \/>\n5. Que vous soyez un petit ou moyen client ou un grand client exp\u00e9riment\u00e9, nous avons les ressources pour vous fournir <strong>produits et services rentables<\/strong>.<\/p>\n<p>&nbsp;<\/p>\n<p>&nbsp;<\/p>\n<h1><span style=\"color: #020266;\">Contactez-nous pour le nouveau catalogue de produits ou faites votre conception!<\/span><\/h1>","protected":false},"excerpt":{"rendered":"<p>MOQ: 1-300 pi\u00e8ces, selon votre exigence<\/p>\n<p>Services de personnalisation: logo, emballage, couleur et moules.<\/p>\n<p>D\u00e9lai d'\u00e9chantillon: stock pr\u00eat ajouter logo: Environ 7 jours; production: 35 jours<\/p>\n<p>Mat\u00e9riel: Ac\u00e9tate \/ TR90 \/ M\u00e9tal (r\u00e9glable selon les exigences.)<\/p>","protected":false},"featured_media":4153,"comment_status":"closed","ping_status":"closed","template":"","meta":[],"product_brand":[],"product_cat":[88,73,72,77,20,55,78,56,100,97,67,66,57,84,58],"product_tag":[],"class_list":{"0":"post-4150","1":"product","2":"type-product","3":"status-publish","4":"has-post-thumbnail","6":"product_cat-acetate-frame","7":"product_cat-adult","8":"product_cat-age","9":"product_cat-elderly","10":"product_cat-frame","11":"product_cat-gender","12":"product_cat-lens","13":"product_cat-men","14":"product_cat-others-shape","15":"product_cat-rectangle","16":"product_cat-sunglasses","17":"product_cat-types","18":"product_cat-unisex","19":"product_cat-uv400","20":"product_cat-women","22":"first","23":"instock","24":"shipping-taxable","25":"purchasable","26":"product-type-simple"},"_links":{"self":[{"href":"https:\/\/www.susoneyewear.com\/fr\/wp-json\/wp\/v2\/product\/4150","targetHints":{"allow":["GET"]}}],"collection":[{"href":"https:\/\/www.susoneyewear.com\/fr\/wp-json\/wp\/v2\/product"}],"about":[{"href":"https:\/\/www.susoneyewear.com\/fr\/wp-json\/wp\/v2\/types\/product"}],"replies":[{"embeddable":true,"href":"https:\/\/www.susoneyewear.com\/fr\/wp-json\/wp\/v2\/comments?post=4150"}],"wp:featuredmedia":[{"embeddable":true,"href":"https:\/\/www.susoneyewear.com\/fr\/wp-json\/wp\/v2\/media\/4153"}],"wp:attachment":[{"href":"https:\/\/www.susoneyewear.com\/fr\/wp-json\/wp\/v2\/media?parent=4150"}],"wp:term":[{"taxonomy":"product_brand","embeddable":true,"href":"https:\/\/www.susoneyewear.com\/fr\/wp-json\/wp\/v2\/product_brand?post=4150"},{"taxonomy":"product_cat","embeddable":true,"href":"https:\/\/www.susoneyewear.com\/fr\/wp-json\/wp\/v2\/product_cat?post=4150"},{"taxonomy":"product_tag","embeddable":true,"href":"https:\/\/www.susoneyewear.com\/fr\/wp-json\/wp\/v2\/product_tag?post=4150"}],"curies":[{"name":"wp","href":"https:\/\/api.w.org\/{rel}","templated":true}]}}