{"id":4141,"date":"2025-10-28T09:58:26","date_gmt":"2025-10-28T01:58:26","guid":{"rendered":"https:\/\/www.susoneyewear.com\/?post_type=product&#038;p=4141"},"modified":"2026-01-14T15:04:20","modified_gmt":"2026-01-14T07:04:20","slug":"new-trendy-fashion-acetate-sunglasses-with-tac-polarized-anti-uv400-lens-protect","status":"publish","type":"product","link":"https:\/\/www.susoneyewear.com\/fr\/new-trendy-fashion-acetate-sunglasses-with-tac-polarized-anti-uv400-lens-protect\/","title":{"rendered":"Lunettes de soleil papillon mode pour femmes Lunettes de soleil ac\u00e9tate avec lentilles UV400 Protect"},"content":{"rendered":"<p><img fetchpriority=\"high\" decoding=\"async\" class=\"wp-image-5125 size-full\" src=\"https:\/\/www.susoneyewear.com\/wp-content\/uploads\/2025\/10\/23SA030.jpg\" alt=\"lunettes de soleil papillon\" width=\"800\" height=\"800\" srcset=\"https:\/\/www.susoneyewear.com\/wp-content\/uploads\/2025\/10\/23SA030.jpg 800w, https:\/\/www.susoneyewear.com\/wp-content\/uploads\/2025\/10\/23SA030-300x300.jpg 300w, https:\/\/www.susoneyewear.com\/wp-content\/uploads\/2025\/10\/23SA030-150x150.jpg 150w, https:\/\/www.susoneyewear.com\/wp-content\/uploads\/2025\/10\/23SA030-768x768.jpg 768w, https:\/\/www.susoneyewear.com\/wp-content\/uploads\/2025\/10\/23SA030-600x600.jpg 600w, https:\/\/www.susoneyewear.com\/wp-content\/uploads\/2025\/10\/23SA030-100x100.jpg 100w, https:\/\/www.susoneyewear.com\/wp-content\/uploads\/2025\/10\/23SA030-50x50.jpg 50w\" sizes=\"(max-width: 800px) 100vw, 800px\" \/><\/p>\n<h3>Mat\u00e9riaux<\/h3>\n<p>Mat\u00e9riel du cadre: Ac\u00e9tate<br \/>\nMat\u00e9riel du temple: Ac\u00e9tate<br \/>\nMat\u00e9riel de la lentille: TAC polaris\u00e9<br \/>\nType de charni\u00e8re: charni\u00e8re en m\u00e9tal<\/p>\n<h3>Mesures<\/h3>\n<p>Largeur du cadre: 51mm<br \/>\nLargeur du pont: 21mm<br \/>\nLongueur du temple: 145mm<\/p>\n<h3>Min Commande<\/h3>\n<p>10pcs \/ mod\u00e8le<br \/>\n20pcs \/ mod\u00e8le pour imprimer le logo<br \/>\n300pcs\/mod\u00e8le pour commande de production<\/p>\n<h3>Services<\/h3>\n<p>Contr\u00f4le de qualit\u00e9: 100% QC<br \/>\nLogo: Personnalis\u00e9 votre marque &amp; amp; Le logo<br \/>\nOEM: Vous concevez, nous fabriquons<br \/>\nODM: Nous concevons et fabriquons, votre marque<br \/>\nPaquet: Standard opp bag &amp; Paquet personnalis\u00e9<br \/>\nExp\u00e9dition: Livrez \u00e0 la destination selon le client&#8217; Exigences s<\/p>\n<p>&nbsp;<\/p>\n<p>&nbsp;<\/p>\n<p>&nbsp;<\/p>\n<p>&nbsp;<\/p>\n<p>&nbsp;<\/p>\n<p><span style=\"font-size: 18pt;\">Si vous avez besoin d'OEM ou personnalis\u00e9, pls n'h\u00e9sitez pas \u00e0 envoyer livechat ou courriel pour nous contacter parler plus de d\u00e9tails!<\/span><\/p>","protected":false},"excerpt":{"rendered":"<p>Mat\u00e9riel du cadre: Ac\u00e9tate<br \/>\nMat\u00e9riel du temple: Ac\u00e9tate<br \/>\nMat\u00e9riel de la lentille: TAC polaris\u00e9<br \/>\nType de charni\u00e8re: charni\u00e8re en m\u00e9tal<\/p>","protected":false},"featured_media":4148,"comment_status":"closed","ping_status":"closed","template":"","meta":[],"product_brand":[],"product_cat":[88,73,72,95,77,55,78,56,67,66,57,84,58],"product_tag":[],"class_list":{"0":"post-4141","1":"product","2":"type-product","3":"status-publish","4":"has-post-thumbnail","6":"product_cat-acetate-frame","7":"product_cat-adult","8":"product_cat-age","9":"product_cat-cat-eye","10":"product_cat-elderly","11":"product_cat-gender","12":"product_cat-lens","13":"product_cat-men","14":"product_cat-sunglasses","15":"product_cat-types","16":"product_cat-unisex","17":"product_cat-uv400","18":"product_cat-women","20":"first","21":"instock","22":"shipping-taxable","23":"purchasable","24":"product-type-simple"},"_links":{"self":[{"href":"https:\/\/www.susoneyewear.com\/fr\/wp-json\/wp\/v2\/product\/4141","targetHints":{"allow":["GET"]}}],"collection":[{"href":"https:\/\/www.susoneyewear.com\/fr\/wp-json\/wp\/v2\/product"}],"about":[{"href":"https:\/\/www.susoneyewear.com\/fr\/wp-json\/wp\/v2\/types\/product"}],"replies":[{"embeddable":true,"href":"https:\/\/www.susoneyewear.com\/fr\/wp-json\/wp\/v2\/comments?post=4141"}],"wp:featuredmedia":[{"embeddable":true,"href":"https:\/\/www.susoneyewear.com\/fr\/wp-json\/wp\/v2\/media\/4148"}],"wp:attachment":[{"href":"https:\/\/www.susoneyewear.com\/fr\/wp-json\/wp\/v2\/media?parent=4141"}],"wp:term":[{"taxonomy":"product_brand","embeddable":true,"href":"https:\/\/www.susoneyewear.com\/fr\/wp-json\/wp\/v2\/product_brand?post=4141"},{"taxonomy":"product_cat","embeddable":true,"href":"https:\/\/www.susoneyewear.com\/fr\/wp-json\/wp\/v2\/product_cat?post=4141"},{"taxonomy":"product_tag","embeddable":true,"href":"https:\/\/www.susoneyewear.com\/fr\/wp-json\/wp\/v2\/product_tag?post=4141"}],"curies":[{"name":"wp","href":"https:\/\/api.w.org\/{rel}","templated":true}]}}