{"id":4125,"date":"2025-11-27T21:42:53","date_gmt":"2025-11-27T13:42:53","guid":{"rendered":"https:\/\/www.susoneyewear.com\/?post_type=product&#038;p=4125"},"modified":"2026-01-14T15:47:23","modified_gmt":"2026-01-14T07:47:23","slug":"uv400-protective-oval-frame-fashion-pearl-sunglasses-for-women-multiple-colors-available-support-customization-and-wholesale","status":"publish","type":"product","link":"https:\/\/www.susoneyewear.com\/fr\/uv400-protective-oval-frame-fashion-pearl-sunglasses-for-women-multiple-colors-available-support-customization-and-wholesale\/","title":{"rendered":"UV400 Protective Oval Frame mode perle lunettes de soleil pour les femmes"},"content":{"rendered":"<h3><img fetchpriority=\"high\" decoding=\"async\" class=\"alignnone wp-image-4139 size-large\" style=\"font-size: 16px;\" src=\"https:\/\/www.susoneyewear.com\/wp-content\/uploads\/2025\/10\/size-detail-1-1024x364.jpg\" alt=\"\" width=\"800\" height=\"284\" srcset=\"\" sizes=\"(max-width: 800px) 100vw, 800px\" data-srcset=\"\" \/><\/h3>\n<p><img decoding=\"async\" class=\"alignnone wp-image-5131 size-full\" src=\"https:\/\/www.susoneyewear.com\/wp-content\/uploads\/2025\/10\/10813.jpg\" alt=\"Lunettes de soleil ovales\" width=\"800\" height=\"800\" srcset=\"https:\/\/www.susoneyewear.com\/wp-content\/uploads\/2025\/10\/10813.jpg 800w, https:\/\/www.susoneyewear.com\/wp-content\/uploads\/2025\/10\/10813-300x300.jpg 300w, https:\/\/www.susoneyewear.com\/wp-content\/uploads\/2025\/10\/10813-150x150.jpg 150w, https:\/\/www.susoneyewear.com\/wp-content\/uploads\/2025\/10\/10813-768x768.jpg 768w, https:\/\/www.susoneyewear.com\/wp-content\/uploads\/2025\/10\/10813-600x600.jpg 600w, https:\/\/www.susoneyewear.com\/wp-content\/uploads\/2025\/10\/10813-100x100.jpg 100w, https:\/\/www.susoneyewear.com\/wp-content\/uploads\/2025\/10\/10813-50x50.jpg 50w\" sizes=\"(max-width: 800px) 100vw, 800px\" \/><\/p>\n<h3>Mat\u00e9riaux<\/h3>\n<p>Mat\u00e9riel du cadre: PC<br \/>\nMat\u00e9riel du temple: CP<br \/>\nMat\u00e9riel de la lentille: PC<br \/>\nType de charni\u00e8re: charni\u00e8re en m\u00e9tal<\/p>\n<h3>Mesures<\/h3>\n<p>Largeur du cadre: 53mm<br \/>\nLargeur du pont: 19mm<br \/>\nLongueur du temple: 147mm<\/p>\n<h3>Min Commande<\/h3>\n<p>12pcs \/ mod\u00e8le<br \/>\n20pcs \/ mod\u00e8le pour imprimer le logo<br \/>\n600pcs\/mod\u00e8le pour commande de production<\/p>\n<h3>Services<\/h3>\n<p>Contr\u00f4le de qualit\u00e9: 100% QC<br \/>\nLogo: Personnalis\u00e9 votre marque &amp; amp; Le logo<br \/>\nOEM: Vous concevez, nous fabriquons<br \/>\nODM: Nous concevons et fabriquons, votre marque<br \/>\nExp\u00e9dition: Livrez \u00e0 la destination selon le client&#8217; s exigences<\/p>\n<p><img decoding=\"async\" class=\"wp-image-4127 size-full alignleft\" src=\"https:\/\/www.susoneyewear.com\/wp-content\/uploads\/2025\/10\/Sunglasses10813all.jpg\" alt=\"Lunettes de soleil10813\" width=\"800\" height=\"800\" srcset=\"https:\/\/www.susoneyewear.com\/wp-content\/uploads\/2025\/10\/Sunglasses10813all.jpg 800w, https:\/\/www.susoneyewear.com\/wp-content\/uploads\/2025\/10\/Sunglasses10813all-300x300.jpg 300w, https:\/\/www.susoneyewear.com\/wp-content\/uploads\/2025\/10\/Sunglasses10813all-150x150.jpg 150w, https:\/\/www.susoneyewear.com\/wp-content\/uploads\/2025\/10\/Sunglasses10813all-768x768.jpg 768w, https:\/\/www.susoneyewear.com\/wp-content\/uploads\/2025\/10\/Sunglasses10813all-600x600.jpg 600w, https:\/\/www.susoneyewear.com\/wp-content\/uploads\/2025\/10\/Sunglasses10813all-100x100.jpg 100w\" sizes=\"(max-width: 800px) 100vw, 800px\" \/><\/p>","protected":false},"excerpt":{"rendered":"<p>Mat\u00e9riel du cadre: PC<br \/>\nMat\u00e9riel du temple: CP<br \/>\nMat\u00e9riel de la lentille: PC<br \/>\nType de charni\u00e8re: charni\u00e8re en m\u00e9tal<\/p>","protected":false},"featured_media":4138,"comment_status":"closed","ping_status":"closed","template":"","meta":[],"product_brand":[],"product_cat":[73,72,77,55,89,78,56,100,79,67,66,57,84,58],"product_tag":[],"class_list":{"0":"post-4125","1":"product","2":"type-product","3":"status-publish","4":"has-post-thumbnail","6":"product_cat-adult","7":"product_cat-age","8":"product_cat-elderly","9":"product_cat-gender","10":"product_cat-injection-frame","11":"product_cat-lens","12":"product_cat-men","13":"product_cat-others-shape","14":"product_cat-shape","15":"product_cat-sunglasses","16":"product_cat-types","17":"product_cat-unisex","18":"product_cat-uv400","19":"product_cat-women","21":"first","22":"instock","23":"shipping-taxable","24":"purchasable","25":"product-type-simple"},"_links":{"self":[{"href":"https:\/\/www.susoneyewear.com\/fr\/wp-json\/wp\/v2\/product\/4125","targetHints":{"allow":["GET"]}}],"collection":[{"href":"https:\/\/www.susoneyewear.com\/fr\/wp-json\/wp\/v2\/product"}],"about":[{"href":"https:\/\/www.susoneyewear.com\/fr\/wp-json\/wp\/v2\/types\/product"}],"replies":[{"embeddable":true,"href":"https:\/\/www.susoneyewear.com\/fr\/wp-json\/wp\/v2\/comments?post=4125"}],"wp:featuredmedia":[{"embeddable":true,"href":"https:\/\/www.susoneyewear.com\/fr\/wp-json\/wp\/v2\/media\/4138"}],"wp:attachment":[{"href":"https:\/\/www.susoneyewear.com\/fr\/wp-json\/wp\/v2\/media?parent=4125"}],"wp:term":[{"taxonomy":"product_brand","embeddable":true,"href":"https:\/\/www.susoneyewear.com\/fr\/wp-json\/wp\/v2\/product_brand?post=4125"},{"taxonomy":"product_cat","embeddable":true,"href":"https:\/\/www.susoneyewear.com\/fr\/wp-json\/wp\/v2\/product_cat?post=4125"},{"taxonomy":"product_tag","embeddable":true,"href":"https:\/\/www.susoneyewear.com\/fr\/wp-json\/wp\/v2\/product_tag?post=4125"}],"curies":[{"name":"wp","href":"https:\/\/api.w.org\/{rel}","templated":true}]}}