{"id":4054,"date":"2025-10-27T20:59:41","date_gmt":"2025-10-27T12:59:41","guid":{"rendered":"https:\/\/www.susoneyewear.com\/?post_type=product&#038;p=4054"},"modified":"2026-01-15T13:53:51","modified_gmt":"2026-01-15T05:53:51","slug":"new-square-glasses-reading-glasses-for-the-elderly-tr90-reading-glasses-lightweight-anti-blue-light-reading-glasses-for-men","status":"publish","type":"product","link":"https:\/\/www.susoneyewear.com\/fr\/new-square-glasses-reading-glasses-for-the-elderly-tr90-reading-glasses-lightweight-anti-blue-light-reading-glasses-for-men\/","title":{"rendered":"Nouveau carr\u00e9 TR90 l\u00e9ger anti-bleu lunettes de lecture pour hommes et femmes"},"content":{"rendered":"<h3><img fetchpriority=\"high\" decoding=\"async\" class=\"wp-image-5168 alignleft\" src=\"https:\/\/www.susoneyewear.com\/wp-content\/uploads\/2025\/10\/tr9012.jpg\" alt=\"TR90 lunettes de lecture\" width=\"622\" height=\"622\" srcset=\"https:\/\/www.susoneyewear.com\/wp-content\/uploads\/2025\/10\/tr9012.jpg 800w, https:\/\/www.susoneyewear.com\/wp-content\/uploads\/2025\/10\/tr9012-300x300.jpg 300w, https:\/\/www.susoneyewear.com\/wp-content\/uploads\/2025\/10\/tr9012-150x150.jpg 150w, https:\/\/www.susoneyewear.com\/wp-content\/uploads\/2025\/10\/tr9012-768x768.jpg 768w, https:\/\/www.susoneyewear.com\/wp-content\/uploads\/2025\/10\/tr9012-600x600.jpg 600w, https:\/\/www.susoneyewear.com\/wp-content\/uploads\/2025\/10\/tr9012-100x100.jpg 100w, https:\/\/www.susoneyewear.com\/wp-content\/uploads\/2025\/10\/tr9012-50x50.jpg 50w\" sizes=\"(max-width: 622px) 100vw, 622px\" \/><\/h3>\n<h3>Mat\u00e9riaux<\/h3>\n<p>Mat\u00e9riel du cadre: TR90<br \/>\nMat\u00e9riel du temple: TR90<br \/>\nObjectif: CR39 bloquant la lumi\u00e8re bleue<br \/>\nType de charni\u00e8re: TR90<br \/>\nPoids: 16g<\/p>\n<h3>Mesures<\/h3>\n<p>Largeur du cadre: 63 mm<br \/>\nLargeur du pont: 14 mm<br \/>\nLongueur du temple: 146 mm<br \/>\nS\u00e9lecteur de puissance: 1.00;  1.50\uff1b  2.00\uff1b  2.50\uff1b  3.00\uff1b  3.50\uff1b  4.00<\/p>\n<h3>Min Commande<\/h3>\n<p>12pcs \/ mod\u00e8le<br \/>\n20pcs \/ mod\u00e8le pour imprimer le logo<br \/>\n600pcs\/mod\u00e8le pour commande de production<\/p>\n<h3>Services<\/h3>\n<p>Contr\u00f4le de qualit\u00e9: 100% QC<br \/>\nLogo: Personnalisez votre marque Le logo<br \/>\nOEM: Vous concevez, nous fabriquons<br \/>\nODM: Nous concevons et fabriquons votre marque<br \/>\nExp\u00e9dition: Livrez \u00e0 la destination selon le client&#8217; Exigences s<\/p>\n<p>&nbsp;<\/p>\n<p><span class=\"magic-32\"><span class=\"magic-33\"><b class=\"magic-33\">Q1: Qu'est-ce que vous fournissez?<\/b><\/span><br \/>\n<span class=\"magic-33\">A1: Nous sommes un fabricant de lunettes fournissant principalement les lunettes de lecture et les lunettes de soleil de mat\u00e9riel PC, et les lunettes de soleil de mat\u00e9riel ac\u00e9tate de haute qualit\u00e9 et le cadre optique, nous pouvons fournir n'importe quel accessoire selon le client&#8217; Exigence s<\/span><\/p>\n<p><b>Q2: Fournissez-vous des logos personnalis\u00e9s? Qu&#8217; Le MOQ ?<\/b><br \/>\nA2: Oui, nous pouvons personnaliser le logo pour vous, pls envoyer un message ou email chat les d\u00e9tails sur la fa\u00e7on d'ajouter le logo<\/p>\n<p><b>Q3: Pouvez-vous nous envoyer un \u00e9chantillon de logo personnalis\u00e9 \u00e0 v\u00e9rifier?<\/b><br \/>\nA3: Oui, nous soutenons la qualit\u00e9 et les d\u00e9tails de contr\u00f4le d'\u00e9chantillon avant l'ordre de masse<\/p>\n<p><b>Q4: Quel est le d\u00e9lai de livraison pour une commande en vrac?<\/b><br \/>\nA4: stock pr\u00eat ajouter logo: commun 10days;<br \/>\nNouvelle commande de production: Habituellement, nous exp\u00e9dierons dans les 45 jours apr\u00e8s le paiement<\/p>\n<p><b>Q5.how au sujet du paiement?<\/b><br \/>\nA5: 30% pay\u00e9 d'abord, et le solde pay\u00e9 avant l'exp\u00e9dition<\/p>\n<p><b>Q6: Pouvez-vous m'aider \u00e0 exp\u00e9dier directement \u00e0 l'entrep\u00f4t d'Amazon?<br \/>\n<\/b> A6 :<\/span><span class=\"magic-32\">Oui, nous pouvons vous aider \u00e0 coller les \u00e9tiquettes et exp\u00e9di\u00e9 directement \u00e0 l'entrep\u00f4t amazon<\/span><\/p>\n<div><span class=\"magic-32\" data-spm-anchor-id=\"a2700.details-description.0.i1.7197bNmjbNmj0j\"> <b>Q7: Qu'en est-il de l'express.<br \/>\n<\/b> A7: Habituellement, nous pouvons exp\u00e9dier par n'importe quel express que vous demandez, comme FedEx, DHL, UPS, vous recevrez en 5-8days; autres par air et par mer&#8230; selon l'exigence des clients.<\/span><\/div>","protected":false},"excerpt":{"rendered":"<p>Mat\u00e9riel du cadre: TR90<br \/>\nMat\u00e9riel du temple: TR90<br \/>\nObjectif: CR39 bloquant la lumi\u00e8re bleue<br \/>\nType de charni\u00e8re: TR90<\/p>","protected":false},"featured_media":4058,"comment_status":"closed","ping_status":"closed","template":"","meta":[],"product_brand":[],"product_cat":[72,86,77,20,55,89,78,56,82,97,79,66,57,58],"product_tag":[],"class_list":{"0":"post-4054","1":"product","2":"type-product","3":"status-publish","4":"has-post-thumbnail","6":"product_cat-age","7":"product_cat-anti-blue-light","8":"product_cat-elderly","9":"product_cat-frame","10":"product_cat-gender","11":"product_cat-injection-frame","12":"product_cat-lens","13":"product_cat-men","14":"product_cat-reading","15":"product_cat-rectangle","16":"product_cat-shape","17":"product_cat-types","18":"product_cat-unisex","19":"product_cat-women","21":"first","22":"instock","23":"shipping-taxable","24":"purchasable","25":"product-type-simple"},"_links":{"self":[{"href":"https:\/\/www.susoneyewear.com\/fr\/wp-json\/wp\/v2\/product\/4054","targetHints":{"allow":["GET"]}}],"collection":[{"href":"https:\/\/www.susoneyewear.com\/fr\/wp-json\/wp\/v2\/product"}],"about":[{"href":"https:\/\/www.susoneyewear.com\/fr\/wp-json\/wp\/v2\/types\/product"}],"replies":[{"embeddable":true,"href":"https:\/\/www.susoneyewear.com\/fr\/wp-json\/wp\/v2\/comments?post=4054"}],"wp:featuredmedia":[{"embeddable":true,"href":"https:\/\/www.susoneyewear.com\/fr\/wp-json\/wp\/v2\/media\/4058"}],"wp:attachment":[{"href":"https:\/\/www.susoneyewear.com\/fr\/wp-json\/wp\/v2\/media?parent=4054"}],"wp:term":[{"taxonomy":"product_brand","embeddable":true,"href":"https:\/\/www.susoneyewear.com\/fr\/wp-json\/wp\/v2\/product_brand?post=4054"},{"taxonomy":"product_cat","embeddable":true,"href":"https:\/\/www.susoneyewear.com\/fr\/wp-json\/wp\/v2\/product_cat?post=4054"},{"taxonomy":"product_tag","embeddable":true,"href":"https:\/\/www.susoneyewear.com\/fr\/wp-json\/wp\/v2\/product_tag?post=4054"}],"curies":[{"name":"wp","href":"https:\/\/api.w.org\/{rel}","templated":true}]}}